{"id":132522,"date":"2024-03-25T13:48:41","date_gmt":"2024-03-25T11:48:41","guid":{"rendered":"https:\/\/metaltale.com\/produktas\/durvju-pieklauvejs-goat\/"},"modified":"2024-03-25T13:48:41","modified_gmt":"2024-03-25T11:48:41","slug":"durvju-pieklauvejs-goat","status":"publish","type":"product","link":"https:\/\/metaltale.com\/lv\/produkts\/durvju-pieklauvejs-goat\/","title":{"rendered":"Durvju pieklauv\u0113js GOAT"},"content":{"rendered":"<div class=\"prod_data\">\n<p><strong>Modelis:<\/strong> 01.357R.AI.180<br \/>\n<strong>EAN:<\/strong> 5905369918889<br \/>\n<strong>Materi\u0101ls:<\/strong> \u010duguns<br \/>\n<strong>Kop\u0113jais augstums (cm<\/strong> ): 23<br \/>\n<strong>Kop\u0113jais platums (cm<\/strong> ): 10<br \/>\n<strong>Kop\u0113j\u0101 projekcija (cm<\/strong> ): 6<br \/>\n<strong>Kr\u0101sa:<\/strong> br\u016bna<\/p>\n<p>Stil\u012bgais retro stila durvju klauv\u0113jamais meh\u0101nisms ir ekskluz\u012bvs izstr\u0101d\u0101jums, kas izgatavots no augstas kvalit\u0101tes \u010duguna. Durvju pieklauv\u0113js ir lieliska alternat\u012bva tradicion\u0101lajam durvju zvanam.<\/p>\n<p>\u0160eit att\u0113lotais durvju klauv\u0113js neap\u0161aub\u0101mi ir ori\u0123in\u0101ls un funkcion\u0101ls izstr\u0101d\u0101jums. T\u0101 ir izgatavota no \u010duguna, un t\u0101 j\u016bs iepriecin\u0101s ar savu kvalit\u0101ti un prec\u012bzu izgatavo\u0161anu. Viegli uzst\u0101d\u0101ms, t\u0101 \u0113rt\u0101 un tradicion\u0101l\u0101 forma nodro\u0161ina \u0113rtu satv\u0113rienu un \u0113rtu lieto\u0161anu, vienlaikus nodro\u0161inot praktisku lieto\u0161anu.<\/p>\n<\/div>\n","protected":false},"excerpt":{"rendered":"<p>Modelis: 01.357R.AI.180 EAN: 5905369918889 Materi\u0101ls: \u010duguns Kop\u0113jais augstums (cm ): 23 Kop\u0113jais platums (cm ): 10 Kop\u0113j\u0101 projekcija (cm ):<\/p>\n","protected":false},"featured_media":131900,"comment_status":"open","ping_status":"closed","template":"","meta":{"_acf_changed":false,"pmpro_default_level":""},"product_brand":[],"product_cat":[23851,23837],"product_tag":[],"class_list":{"0":"post-132522","1":"product","2":"type-product","3":"status-publish","4":"has-post-thumbnail","6":"product_cat-durvju-klauveji","7":"product_cat-mebeles-piederumi","8":"pmpro-has-access","10":"first","11":"instock","12":"shipping-taxable","13":"purchasable","14":"product-type-simple"},"acf":[],"yoast_head":"<!-- This site is optimized with the Yoast SEO plugin v24.9 - https:\/\/yoast.com\/wordpress\/plugins\/seo\/ -->\n<title>Durvju pieklauv\u0113js GOAT - MetalTale.com<\/title>\n<meta name=\"robots\" content=\"index, follow, max-snippet:-1, max-image-preview:large, max-video-preview:-1\" \/>\n<link rel=\"canonical\" href=\"https:\/\/metaltale.com\/lv\/produkts\/durvju-pieklauvejs-goat\/\" \/>\n<meta property=\"og:locale\" content=\"lv_LV\" \/>\n<meta property=\"og:type\" content=\"article\" \/>\n<meta property=\"og:title\" content=\"Durvju pieklauv\u0113js GOAT - MetalTale.com\" \/>\n<meta property=\"og:description\" content=\"Modelis: 01.357R.AI.180 EAN: 5905369918889 Materi\u0101ls: \u010duguns Kop\u0113jais augstums (cm ): 23 Kop\u0113jais platums (cm ): 10 Kop\u0113j\u0101 projekcija (cm ):\" \/>\n<meta property=\"og:url\" content=\"https:\/\/metaltale.com\/lv\/produkts\/durvju-pieklauvejs-goat\/\" \/>\n<meta property=\"og:site_name\" content=\"MetalTale.com\" \/>\n<meta property=\"og:image\" content=\"https:\/\/metaltale.com\/wp-content\/uploads\/2024\/03\/Duru-belstukas-GOAT.jpg\" \/>\n\t<meta property=\"og:image:width\" content=\"800\" \/>\n\t<meta property=\"og:image:height\" content=\"800\" \/>\n\t<meta property=\"og:image:type\" content=\"image\/jpeg\" \/>\n<meta name=\"twitter:card\" content=\"summary_large_image\" \/>\n<meta name=\"twitter:label1\" content=\"Est. reading time\" \/>\n\t<meta name=\"twitter:data1\" content=\"1 minute\" \/>\n<script type=\"application\/ld+json\" class=\"yoast-schema-graph\">{\"@context\":\"https:\/\/schema.org\",\"@graph\":[{\"@type\":\"WebPage\",\"@id\":\"https:\/\/metaltale.com\/lv\/produkts\/durvju-pieklauvejs-goat\/\",\"url\":\"https:\/\/metaltale.com\/lv\/produkts\/durvju-pieklauvejs-goat\/\",\"name\":\"Durvju pieklauv\u0113js GOAT - MetalTale.com\",\"isPartOf\":{\"@id\":\"https:\/\/metaltale.com\/lv\/#website\"},\"primaryImageOfPage\":{\"@id\":\"https:\/\/metaltale.com\/lv\/produkts\/durvju-pieklauvejs-goat\/#primaryimage\"},\"image\":{\"@id\":\"https:\/\/metaltale.com\/lv\/produkts\/durvju-pieklauvejs-goat\/#primaryimage\"},\"thumbnailUrl\":\"https:\/\/metaltale.com\/wp-content\/uploads\/2024\/03\/Duru-belstukas-GOAT.jpg\",\"datePublished\":\"2024-03-25T11:48:41+00:00\",\"breadcrumb\":{\"@id\":\"https:\/\/metaltale.com\/lv\/produkts\/durvju-pieklauvejs-goat\/#breadcrumb\"},\"inLanguage\":\"lv-LV\",\"potentialAction\":[{\"@type\":\"ReadAction\",\"target\":[\"https:\/\/metaltale.com\/lv\/produkts\/durvju-pieklauvejs-goat\/\"]}]},{\"@type\":\"ImageObject\",\"inLanguage\":\"lv-LV\",\"@id\":\"https:\/\/metaltale.com\/lv\/produkts\/durvju-pieklauvejs-goat\/#primaryimage\",\"url\":\"https:\/\/metaltale.com\/wp-content\/uploads\/2024\/03\/Duru-belstukas-GOAT.jpg\",\"contentUrl\":\"https:\/\/metaltale.com\/wp-content\/uploads\/2024\/03\/Duru-belstukas-GOAT.jpg\",\"width\":800,\"height\":800,\"caption\":\"Durvju pieklauv\u0113js GOAT\"},{\"@type\":\"BreadcrumbList\",\"@id\":\"https:\/\/metaltale.com\/lv\/produkts\/durvju-pieklauvejs-goat\/#breadcrumb\",\"itemListElement\":[{\"@type\":\"ListItem\",\"position\":1,\"name\":\"Home\",\"item\":\"https:\/\/metaltale.com\/lv\/majas\/\"},{\"@type\":\"ListItem\",\"position\":2,\"name\":\"Veikals\",\"item\":\"https:\/\/metaltale.com\/lv\/shop\/\"},{\"@type\":\"ListItem\",\"position\":3,\"name\":\"Durvju pieklauv\u0113js GOAT\"}]},{\"@type\":\"WebSite\",\"@id\":\"https:\/\/metaltale.com\/lv\/#website\",\"url\":\"https:\/\/metaltale.com\/lv\/\",\"name\":\"Metaltale.com\",\"description\":\"\",\"potentialAction\":[{\"@type\":\"SearchAction\",\"target\":{\"@type\":\"EntryPoint\",\"urlTemplate\":\"https:\/\/metaltale.com\/lv\/?s={search_term_string}\"},\"query-input\":{\"@type\":\"PropertyValueSpecification\",\"valueRequired\":true,\"valueName\":\"search_term_string\"}}],\"inLanguage\":\"lv-LV\"}]}<\/script>\n<!-- \/ Yoast SEO plugin. -->","yoast_head_json":{"title":"Durvju pieklauv\u0113js GOAT - MetalTale.com","robots":{"index":"index","follow":"follow","max-snippet":"max-snippet:-1","max-image-preview":"max-image-preview:large","max-video-preview":"max-video-preview:-1"},"canonical":"https:\/\/metaltale.com\/lv\/produkts\/durvju-pieklauvejs-goat\/","og_locale":"lv_LV","og_type":"article","og_title":"Durvju pieklauv\u0113js GOAT - MetalTale.com","og_description":"Modelis: 01.357R.AI.180 EAN: 5905369918889 Materi\u0101ls: \u010duguns Kop\u0113jais augstums (cm ): 23 Kop\u0113jais platums (cm ): 10 Kop\u0113j\u0101 projekcija (cm ):","og_url":"https:\/\/metaltale.com\/lv\/produkts\/durvju-pieklauvejs-goat\/","og_site_name":"MetalTale.com","og_image":[{"width":800,"height":800,"url":"https:\/\/metaltale.com\/wp-content\/uploads\/2024\/03\/Duru-belstukas-GOAT.jpg","type":"image\/jpeg"}],"twitter_card":"summary_large_image","twitter_misc":{"Est. reading time":"1 minute"},"schema":{"@context":"https:\/\/schema.org","@graph":[{"@type":"WebPage","@id":"https:\/\/metaltale.com\/lv\/produkts\/durvju-pieklauvejs-goat\/","url":"https:\/\/metaltale.com\/lv\/produkts\/durvju-pieklauvejs-goat\/","name":"Durvju pieklauv\u0113js GOAT - MetalTale.com","isPartOf":{"@id":"https:\/\/metaltale.com\/lv\/#website"},"primaryImageOfPage":{"@id":"https:\/\/metaltale.com\/lv\/produkts\/durvju-pieklauvejs-goat\/#primaryimage"},"image":{"@id":"https:\/\/metaltale.com\/lv\/produkts\/durvju-pieklauvejs-goat\/#primaryimage"},"thumbnailUrl":"https:\/\/metaltale.com\/wp-content\/uploads\/2024\/03\/Duru-belstukas-GOAT.jpg","datePublished":"2024-03-25T11:48:41+00:00","breadcrumb":{"@id":"https:\/\/metaltale.com\/lv\/produkts\/durvju-pieklauvejs-goat\/#breadcrumb"},"inLanguage":"lv-LV","potentialAction":[{"@type":"ReadAction","target":["https:\/\/metaltale.com\/lv\/produkts\/durvju-pieklauvejs-goat\/"]}]},{"@type":"ImageObject","inLanguage":"lv-LV","@id":"https:\/\/metaltale.com\/lv\/produkts\/durvju-pieklauvejs-goat\/#primaryimage","url":"https:\/\/metaltale.com\/wp-content\/uploads\/2024\/03\/Duru-belstukas-GOAT.jpg","contentUrl":"https:\/\/metaltale.com\/wp-content\/uploads\/2024\/03\/Duru-belstukas-GOAT.jpg","width":800,"height":800,"caption":"Durvju pieklauv\u0113js GOAT"},{"@type":"BreadcrumbList","@id":"https:\/\/metaltale.com\/lv\/produkts\/durvju-pieklauvejs-goat\/#breadcrumb","itemListElement":[{"@type":"ListItem","position":1,"name":"Home","item":"https:\/\/metaltale.com\/lv\/majas\/"},{"@type":"ListItem","position":2,"name":"Veikals","item":"https:\/\/metaltale.com\/lv\/shop\/"},{"@type":"ListItem","position":3,"name":"Durvju pieklauv\u0113js GOAT"}]},{"@type":"WebSite","@id":"https:\/\/metaltale.com\/lv\/#website","url":"https:\/\/metaltale.com\/lv\/","name":"Metaltale.com","description":"","potentialAction":[{"@type":"SearchAction","target":{"@type":"EntryPoint","urlTemplate":"https:\/\/metaltale.com\/lv\/?s={search_term_string}"},"query-input":{"@type":"PropertyValueSpecification","valueRequired":true,"valueName":"search_term_string"}}],"inLanguage":"lv-LV"}]}},"_links":{"self":[{"href":"https:\/\/metaltale.com\/lv\/wp-json\/wp\/v2\/product\/132522","targetHints":{"allow":["GET"]}}],"collection":[{"href":"https:\/\/metaltale.com\/lv\/wp-json\/wp\/v2\/product"}],"about":[{"href":"https:\/\/metaltale.com\/lv\/wp-json\/wp\/v2\/types\/product"}],"replies":[{"embeddable":true,"href":"https:\/\/metaltale.com\/lv\/wp-json\/wp\/v2\/comments?post=132522"}],"version-history":[{"count":0,"href":"https:\/\/metaltale.com\/lv\/wp-json\/wp\/v2\/product\/132522\/revisions"}],"wp:featuredmedia":[{"embeddable":true,"href":"https:\/\/metaltale.com\/lv\/wp-json\/wp\/v2\/media\/131900"}],"wp:attachment":[{"href":"https:\/\/metaltale.com\/lv\/wp-json\/wp\/v2\/media?parent=132522"}],"wp:term":[{"taxonomy":"product_brand","embeddable":true,"href":"https:\/\/metaltale.com\/lv\/wp-json\/wp\/v2\/product_brand?post=132522"},{"taxonomy":"product_cat","embeddable":true,"href":"https:\/\/metaltale.com\/lv\/wp-json\/wp\/v2\/product_cat?post=132522"},{"taxonomy":"product_tag","embeddable":true,"href":"https:\/\/metaltale.com\/lv\/wp-json\/wp\/v2\/product_tag?post=132522"}],"curies":[{"name":"wp","href":"https:\/\/api.w.org\/{rel}","templated":true}]}}