{"id":132576,"date":"2021-08-26T12:26:53","date_gmt":"2021-08-26T10:26:53","guid":{"rendered":"https:\/\/metaltale.com\/velmju-saraksts\/"},"modified":"2024-05-28T20:45:33","modified_gmt":"2024-05-28T18:45:33","slug":"velmju-saraksts","status":"publish","type":"page","link":"https:\/\/metaltale.com\/lv\/velmju-saraksts\/","title":{"rendered":"V\u0113lmju saraksts"},"content":{"rendered":"\t\t\n\t\t\n\t\t<div class=\"\">\n\t\t\t\t\t\t<div class=\"wd-wishlist-content\">\n\t\t\t\t\t\t\t\t\t\t\t\n\t\t<p class=\"wd-empty-wishlist wd-empty-page\">\n\t\t\t\u0160is v\u0113lmju saraksts ir tuk\u0161s.\t\t<\/p>\n\n\t\t\t\t\t<div class=\"wd-empty-page-text\">\n\t\t\t\tJ\u016bsu v\u0113lmju sarakst\u0101 v\u0113l nav neviena produkta. <br> Daudz interesantu produktu atrad\u012bsiet m\u016bsu lap\u0101 \"Veikals\".\t\t\t<\/div>\n\t\t\n\t\t\n\t\t\t\t\t<p class=\"return-to-shop\">\n\t\t\t\t<a class=\"button\" href=\"https:\/\/metaltale.com\/lv\/shop\/\">\n\t\t\t\t\tAtgriezties veikal\u0101\t\t\t\t<\/a>\n\t\t\t<\/p>\n\t\t\t\t\t\t\t\t\t\t\t<\/div>\n\t\t\t\t<\/div>\n\t\t","protected":false},"excerpt":{"rendered":"","protected":false},"author":1,"featured_media":0,"parent":0,"menu_order":0,"comment_status":"closed","ping_status":"closed","template":"","meta":{"_acf_changed":false,"pmpro_default_level":"","footnotes":""},"class_list":["post-132576","page","type-page","status-publish","hentry","pmpro-has-access"],"acf":[],"yoast_head":"<!-- This site is optimized with the Yoast SEO plugin v24.9 - https:\/\/yoast.com\/wordpress\/plugins\/seo\/ -->\n<title>V\u0113lmju saraksts | Metaltale.com<\/title>\n<meta name=\"description\" content=\"V\u0113lmju saraksts Metaltale. Praktiski ar rok\u0101m darin\u0101ti met\u0101la izstr\u0101d\u0101jumi moderniem, grezniem interjeriem\" \/>\n<meta name=\"robots\" content=\"index, follow, max-snippet:-1, max-image-preview:large, max-video-preview:-1\" \/>\n<link rel=\"canonical\" href=\"https:\/\/metaltale.com\/lv\/velmju-saraksts\/\" \/>\n<meta property=\"og:locale\" content=\"lv_LV\" \/>\n<meta property=\"og:type\" content=\"article\" \/>\n<meta property=\"og:title\" content=\"V\u0113lmju saraksts | Metaltale.com\" \/>\n<meta property=\"og:description\" content=\"V\u0113lmju saraksts Metaltale. Praktiski ar rok\u0101m darin\u0101ti met\u0101la izstr\u0101d\u0101jumi moderniem, grezniem interjeriem\" \/>\n<meta property=\"og:url\" content=\"https:\/\/metaltale.com\/lv\/velmju-saraksts\/\" \/>\n<meta property=\"og:site_name\" content=\"MetalTale.com\" \/>\n<meta property=\"article:modified_time\" content=\"2024-05-28T18:45:33+00:00\" \/>\n<meta name=\"twitter:card\" content=\"summary_large_image\" \/>\n<script type=\"application\/ld+json\" class=\"yoast-schema-graph\">{\"@context\":\"https:\/\/schema.org\",\"@graph\":[{\"@type\":\"WebPage\",\"@id\":\"https:\/\/metaltale.com\/lv\/velmju-saraksts\/\",\"url\":\"https:\/\/metaltale.com\/lv\/velmju-saraksts\/\",\"name\":\"V\u0113lmju saraksts | Metaltale.com\",\"isPartOf\":{\"@id\":\"https:\/\/metaltale.com\/lv\/#website\"},\"datePublished\":\"2021-08-26T10:26:53+00:00\",\"dateModified\":\"2024-05-28T18:45:33+00:00\",\"description\":\"V\u0113lmju saraksts Metaltale. Praktiski ar rok\u0101m darin\u0101ti met\u0101la izstr\u0101d\u0101jumi moderniem, grezniem interjeriem\",\"breadcrumb\":{\"@id\":\"https:\/\/metaltale.com\/lv\/velmju-saraksts\/#breadcrumb\"},\"inLanguage\":\"lv-LV\",\"potentialAction\":[{\"@type\":\"ReadAction\",\"target\":[\"https:\/\/metaltale.com\/lv\/velmju-saraksts\/\"]}]},{\"@type\":\"BreadcrumbList\",\"@id\":\"https:\/\/metaltale.com\/lv\/velmju-saraksts\/#breadcrumb\",\"itemListElement\":[{\"@type\":\"ListItem\",\"position\":1,\"name\":\"Home\",\"item\":\"https:\/\/metaltale.com\/lv\/majas\/\"},{\"@type\":\"ListItem\",\"position\":2,\"name\":\"V\u0113lmju saraksts\"}]},{\"@type\":\"WebSite\",\"@id\":\"https:\/\/metaltale.com\/lv\/#website\",\"url\":\"https:\/\/metaltale.com\/lv\/\",\"name\":\"Metaltale.com\",\"description\":\"\",\"potentialAction\":[{\"@type\":\"SearchAction\",\"target\":{\"@type\":\"EntryPoint\",\"urlTemplate\":\"https:\/\/metaltale.com\/lv\/?s={search_term_string}\"},\"query-input\":{\"@type\":\"PropertyValueSpecification\",\"valueRequired\":true,\"valueName\":\"search_term_string\"}}],\"inLanguage\":\"lv-LV\"}]}<\/script>\n<!-- \/ Yoast SEO plugin. -->","yoast_head_json":{"title":"V\u0113lmju saraksts | Metaltale.com","description":"V\u0113lmju saraksts Metaltale. Praktiski ar rok\u0101m darin\u0101ti met\u0101la izstr\u0101d\u0101jumi moderniem, grezniem interjeriem","robots":{"index":"index","follow":"follow","max-snippet":"max-snippet:-1","max-image-preview":"max-image-preview:large","max-video-preview":"max-video-preview:-1"},"canonical":"https:\/\/metaltale.com\/lv\/velmju-saraksts\/","og_locale":"lv_LV","og_type":"article","og_title":"V\u0113lmju saraksts | Metaltale.com","og_description":"V\u0113lmju saraksts Metaltale. Praktiski ar rok\u0101m darin\u0101ti met\u0101la izstr\u0101d\u0101jumi moderniem, grezniem interjeriem","og_url":"https:\/\/metaltale.com\/lv\/velmju-saraksts\/","og_site_name":"MetalTale.com","article_modified_time":"2024-05-28T18:45:33+00:00","twitter_card":"summary_large_image","schema":{"@context":"https:\/\/schema.org","@graph":[{"@type":"WebPage","@id":"https:\/\/metaltale.com\/lv\/velmju-saraksts\/","url":"https:\/\/metaltale.com\/lv\/velmju-saraksts\/","name":"V\u0113lmju saraksts | Metaltale.com","isPartOf":{"@id":"https:\/\/metaltale.com\/lv\/#website"},"datePublished":"2021-08-26T10:26:53+00:00","dateModified":"2024-05-28T18:45:33+00:00","description":"V\u0113lmju saraksts Metaltale. Praktiski ar rok\u0101m darin\u0101ti met\u0101la izstr\u0101d\u0101jumi moderniem, grezniem interjeriem","breadcrumb":{"@id":"https:\/\/metaltale.com\/lv\/velmju-saraksts\/#breadcrumb"},"inLanguage":"lv-LV","potentialAction":[{"@type":"ReadAction","target":["https:\/\/metaltale.com\/lv\/velmju-saraksts\/"]}]},{"@type":"BreadcrumbList","@id":"https:\/\/metaltale.com\/lv\/velmju-saraksts\/#breadcrumb","itemListElement":[{"@type":"ListItem","position":1,"name":"Home","item":"https:\/\/metaltale.com\/lv\/majas\/"},{"@type":"ListItem","position":2,"name":"V\u0113lmju saraksts"}]},{"@type":"WebSite","@id":"https:\/\/metaltale.com\/lv\/#website","url":"https:\/\/metaltale.com\/lv\/","name":"Metaltale.com","description":"","potentialAction":[{"@type":"SearchAction","target":{"@type":"EntryPoint","urlTemplate":"https:\/\/metaltale.com\/lv\/?s={search_term_string}"},"query-input":{"@type":"PropertyValueSpecification","valueRequired":true,"valueName":"search_term_string"}}],"inLanguage":"lv-LV"}]}},"_links":{"self":[{"href":"https:\/\/metaltale.com\/lv\/wp-json\/wp\/v2\/pages\/132576","targetHints":{"allow":["GET"]}}],"collection":[{"href":"https:\/\/metaltale.com\/lv\/wp-json\/wp\/v2\/pages"}],"about":[{"href":"https:\/\/metaltale.com\/lv\/wp-json\/wp\/v2\/types\/page"}],"author":[{"embeddable":true,"href":"https:\/\/metaltale.com\/lv\/wp-json\/wp\/v2\/users\/1"}],"replies":[{"embeddable":true,"href":"https:\/\/metaltale.com\/lv\/wp-json\/wp\/v2\/comments?post=132576"}],"version-history":[{"count":1,"href":"https:\/\/metaltale.com\/lv\/wp-json\/wp\/v2\/pages\/132576\/revisions"}],"predecessor-version":[{"id":132577,"href":"https:\/\/metaltale.com\/lv\/wp-json\/wp\/v2\/pages\/132576\/revisions\/132577"}],"wp:attachment":[{"href":"https:\/\/metaltale.com\/lv\/wp-json\/wp\/v2\/media?parent=132576"}],"curies":[{"name":"wp","href":"https:\/\/api.w.org\/{rel}","templated":true}]}}