{"id":132557,"date":"2021-10-12T15:51:09","date_gmt":"2021-10-12T13:51:09","guid":{"rendered":"https:\/\/metaltale.com\/par-mums\/"},"modified":"2024-05-29T00:01:09","modified_gmt":"2024-05-28T22:01:09","slug":"par-mums","status":"publish","type":"page","link":"https:\/\/metaltale.com\/lv\/par-mums\/","title":{"rendered":"Par mums"},"content":{"rendered":"\t\t<div data-elementor-type=\"wp-page\" data-elementor-id=\"132557\" class=\"elementor elementor-132557 elementor-4400\">\n\t\t\t\t\t\t<section class=\"wd-negative-gap elementor-section elementor-top-section elementor-element elementor-element-9a07050 elementor-reverse-tablet elementor-reverse-mobile elementor-section-boxed elementor-section-height-default elementor-section-height-default\" data-id=\"9a07050\" data-element_type=\"section\">\n\t\t\t\t\t\t<div class=\"elementor-container elementor-column-gap-default\">\n\t\t\t\t\t<div class=\"elementor-column elementor-col-50 elementor-top-column elementor-element elementor-element-4b5630d\" data-id=\"4b5630d\" data-element_type=\"column\">\n\t\t\t<div class=\"elementor-widget-wrap elementor-element-populated\">\n\t\t\t\t\t\t<div class=\"elementor-element elementor-element-7178aac elementor-widget__width-initial elementor-widget elementor-widget-wd_text_block\" data-id=\"7178aac\" data-element_type=\"widget\" data-widget_type=\"wd_text_block.default\">\n\t\t\t\t<div class=\"elementor-widget-container\">\n\t\t\t\t\t\t\t<div class=\"wd-text-block reset-last-child text-left color-title\">\n\t\t\t\n\t\t\tNi\u0161as ekskluzivit\u0101te, ko neatrad\u012bsiet katr\u0101 viesu nam\u0101.\nRustik\u0101ls un senatn\u012bgs interjers sniedz miera un klusuma saj\u016btu, kas parasti ir sastopama laukos.\nTiem, kas v\u0113las saglab\u0101t mazliet pils\u0113tas atmosf\u0113ras, m\u0113s pied\u0101v\u0101jam industri\u0101las interjera deta\u013cas.\nSap\u0146u m\u0101jas no pasak\u0101m ir rokas stiepiena att\u0101lum\u0101.   \n\t\t\t\t\t<\/div>\n\t\t\t\t\t\t<\/div>\n\t\t\t\t<\/div>\n\t\t\t\t\t<\/div>\n\t\t<\/div>\n\t\t\t\t<div class=\"elementor-column elementor-col-50 elementor-top-column elementor-element elementor-element-7ac9ae1\" data-id=\"7ac9ae1\" data-element_type=\"column\">\n\t\t\t<div class=\"elementor-widget-wrap elementor-element-populated\">\n\t\t\t\t\t\t<div class=\"elementor-element elementor-element-59466f7 elementor-widget__width-initial elementor-widget elementor-widget-wd_image_or_svg\" data-id=\"59466f7\" data-element_type=\"widget\" data-widget_type=\"wd_image_or_svg.default\">\n\t\t\t\t<div class=\"elementor-widget-container\">\n\t\t\t\t\t\n\t\t<div class=\"wd-image text-center\">\n\t\t\t\t\t\t\t\t<img fetchpriority=\"high\" decoding=\"async\" width=\"800\" height=\"800\" src=\"https:\/\/metaltale.com\/wp-content\/uploads\/2024\/03\/4aab5faf-d3f3-4fd9-acea-16079d3badd3.jpg\" class=\"attachment-full size-full\" alt=\"\" srcset=\"https:\/\/metaltale.com\/wp-content\/uploads\/2024\/03\/4aab5faf-d3f3-4fd9-acea-16079d3badd3.jpg 800w, https:\/\/metaltale.com\/wp-content\/uploads\/2024\/03\/4aab5faf-d3f3-4fd9-acea-16079d3badd3-300x300.jpg 300w, https:\/\/metaltale.com\/wp-content\/uploads\/2024\/03\/4aab5faf-d3f3-4fd9-acea-16079d3badd3-150x150.jpg 150w, https:\/\/metaltale.com\/wp-content\/uploads\/2024\/03\/4aab5faf-d3f3-4fd9-acea-16079d3badd3-768x768.jpg 768w, https:\/\/metaltale.com\/wp-content\/uploads\/2024\/03\/4aab5faf-d3f3-4fd9-acea-16079d3badd3-430x430.jpg 430w, https:\/\/metaltale.com\/wp-content\/uploads\/2024\/03\/4aab5faf-d3f3-4fd9-acea-16079d3badd3-700x700.jpg 700w\" sizes=\"(max-width: 800px) 100vw, 800px\" \/>\t\t\t\t\t<\/div>\n\n\t\t\t\t\t\t<\/div>\n\t\t\t\t<\/div>\n\t\t\t\t\t<\/div>\n\t\t<\/div>\n\t\t\t\t\t<\/div>\n\t\t<\/section>\n\t\t\t\t<section class=\"wd-negative-gap elementor-section elementor-top-section elementor-element elementor-element-8564158 elementor-reverse-tablet elementor-reverse-mobile elementor-section-boxed elementor-section-height-default elementor-section-height-default\" data-id=\"8564158\" data-element_type=\"section\">\n\t\t\t\t\t\t<div class=\"elementor-container elementor-column-gap-default\">\n\t\t\t\t\t<div class=\"elementor-column elementor-col-50 elementor-top-column elementor-element elementor-element-e63a274\" data-id=\"e63a274\" data-element_type=\"column\">\n\t\t\t<div class=\"elementor-widget-wrap elementor-element-populated\">\n\t\t\t\t\t\t<div class=\"elementor-element elementor-element-e7ae090 elementor-widget__width-initial elementor-widget elementor-widget-wd_image_or_svg\" data-id=\"e7ae090\" data-element_type=\"widget\" data-widget_type=\"wd_image_or_svg.default\">\n\t\t\t\t<div class=\"elementor-widget-container\">\n\t\t\t\t\t\n\t\t<div class=\"wd-image text-center\">\n\t\t\t\t\t\t\t\t<img decoding=\"async\" width=\"756\" height=\"798\" src=\"https:\/\/metaltale.com\/wp-content\/uploads\/2023\/09\/PotPlayerMini64_z8x4hK4wlJ.png\" class=\"attachment-full size-full\" alt=\"\" srcset=\"https:\/\/metaltale.com\/wp-content\/uploads\/2023\/09\/PotPlayerMini64_z8x4hK4wlJ.png 756w, https:\/\/metaltale.com\/wp-content\/uploads\/2023\/09\/PotPlayerMini64_z8x4hK4wlJ-150x158.png 150w, https:\/\/metaltale.com\/wp-content\/uploads\/2023\/09\/PotPlayerMini64_z8x4hK4wlJ-700x739.png 700w, https:\/\/metaltale.com\/wp-content\/uploads\/2023\/09\/PotPlayerMini64_z8x4hK4wlJ-284x300.png 284w\" sizes=\"(max-width: 756px) 100vw, 756px\" \/>\t\t\t\t\t<\/div>\n\n\t\t\t\t\t\t<\/div>\n\t\t\t\t<\/div>\n\t\t\t\t\t<\/div>\n\t\t<\/div>\n\t\t\t\t<div class=\"elementor-column elementor-col-50 elementor-top-column elementor-element elementor-element-7577eae\" data-id=\"7577eae\" data-element_type=\"column\">\n\t\t\t<div class=\"elementor-widget-wrap elementor-element-populated\">\n\t\t\t\t\t\t<div class=\"elementor-element elementor-element-44ebbda elementor-widget__width-initial elementor-widget elementor-widget-wd_text_block\" data-id=\"44ebbda\" data-element_type=\"widget\" data-widget_type=\"wd_text_block.default\">\n\t\t\t\t<div class=\"elementor-widget-container\">\n\t\t\t\t\t\t\t<div class=\"wd-text-block reset-last-child text-left color-title\">\n\t\t\t\n\t\t\t<p>\"Liel\u0101ko dz\u012bves da\u013cu pavad\u012bju laukos, un, kad p\u0101rc\u0113los uz pils\u0113tu, sajutu, ka man tr\u016bkst miera un klusuma dab\u0101. T\u0101p\u0113c es izveidoju uz\u0146\u0113m\u0113jdarb\u012bbu, kas piepild\u012bta ar senatn\u012bgu, lauku stila atp\u016btu. Tas bija vair\u0101k nek\u0101 10 gadu ilgas iepaz\u012b\u0161an\u0101s ar met\u0101lu, t\u0101 apstr\u0101di un materi\u0101la izp\u0113ti rezult\u0101ts. Es ticu, ka ikviens var izveidot savu sap\u0146u m\u0101ju, m\u0101ju, kas sniedz gandar\u012bjumu un sp\u0113c\u012bgu atp\u016btas saj\u016btu p\u0113c darba dienas. Es vienm\u0113r esmu gatavs sniegt padomu vai pied\u0101v\u0101t \u0113rt\u0101ko, piem\u0113rot\u0101ko variantu j\u016bsu miera m\u0101jai.\"    <\/p><p>Andrius<\/p>\n\t\t\t\t\t<\/div>\n\t\t\t\t\t\t<\/div>\n\t\t\t\t<\/div>\n\t\t\t\t\t<\/div>\n\t\t<\/div>\n\t\t\t\t\t<\/div>\n\t\t<\/section>\n\t\t\t\t<\/div>\n\t\t","protected":false},"excerpt":{"rendered":"<p>Ni\u0161as ekskluzivit\u0101te, ko neatrad\u012bsiet katr\u0101 viesu nam\u0101. Rustik\u0101ls un senatn\u012bgs interjers sniedz miera un klusuma saj\u016btu, kas parasti ir sastopama<\/p>\n","protected":false},"author":1,"featured_media":0,"parent":0,"menu_order":0,"comment_status":"closed","ping_status":"closed","template":"","meta":{"_acf_changed":false,"pmpro_default_level":"","footnotes":""},"class_list":["post-132557","page","type-page","status-publish","hentry","pmpro-has-access"],"acf":[],"yoast_head":"<!-- This site is optimized with the Yoast SEO plugin v24.9 - https:\/\/yoast.com\/wordpress\/plugins\/seo\/ -->\n<title>Par mums | Metaltale.com<\/title>\n<meta name=\"description\" content=\"Praktiski ar rok\u0101m darin\u0101ti met\u0101la izstr\u0101d\u0101jumi moderniem, grezniem interjeriem.\" \/>\n<meta name=\"robots\" content=\"index, follow, max-snippet:-1, max-image-preview:large, max-video-preview:-1\" \/>\n<link rel=\"canonical\" href=\"https:\/\/metaltale.com\/lv\/par-mums\/\" \/>\n<meta property=\"og:locale\" content=\"lv_LV\" \/>\n<meta property=\"og:type\" content=\"article\" \/>\n<meta property=\"og:title\" content=\"Par mums | Metaltale.com\" \/>\n<meta property=\"og:description\" content=\"Praktiski ar rok\u0101m darin\u0101ti met\u0101la izstr\u0101d\u0101jumi moderniem, grezniem interjeriem.\" \/>\n<meta property=\"og:url\" content=\"https:\/\/metaltale.com\/lv\/par-mums\/\" \/>\n<meta property=\"og:site_name\" content=\"MetalTale.com\" \/>\n<meta property=\"article:modified_time\" content=\"2024-05-28T22:01:09+00:00\" \/>\n<meta property=\"og:image\" content=\"https:\/\/metaltale.com\/wp-content\/uploads\/2024\/03\/4aab5faf-d3f3-4fd9-acea-16079d3badd3.jpg\" \/>\n<meta name=\"twitter:card\" content=\"summary_large_image\" \/>\n<meta name=\"twitter:label1\" content=\"Est. reading time\" \/>\n\t<meta name=\"twitter:data1\" content=\"2 minutes\" \/>\n<script type=\"application\/ld+json\" class=\"yoast-schema-graph\">{\"@context\":\"https:\/\/schema.org\",\"@graph\":[{\"@type\":\"WebPage\",\"@id\":\"https:\/\/metaltale.com\/lv\/par-mums\/\",\"url\":\"https:\/\/metaltale.com\/lv\/par-mums\/\",\"name\":\"Par mums | Metaltale.com\",\"isPartOf\":{\"@id\":\"https:\/\/metaltale.com\/lv\/#website\"},\"primaryImageOfPage\":{\"@id\":\"https:\/\/metaltale.com\/lv\/par-mums\/#primaryimage\"},\"image\":{\"@id\":\"https:\/\/metaltale.com\/lv\/par-mums\/#primaryimage\"},\"thumbnailUrl\":\"https:\/\/metaltale.com\/wp-content\/uploads\/2024\/03\/4aab5faf-d3f3-4fd9-acea-16079d3badd3.jpg\",\"datePublished\":\"2021-10-12T13:51:09+00:00\",\"dateModified\":\"2024-05-28T22:01:09+00:00\",\"description\":\"Praktiski ar rok\u0101m darin\u0101ti met\u0101la izstr\u0101d\u0101jumi moderniem, grezniem interjeriem.\",\"breadcrumb\":{\"@id\":\"https:\/\/metaltale.com\/lv\/par-mums\/#breadcrumb\"},\"inLanguage\":\"lv-LV\",\"potentialAction\":[{\"@type\":\"ReadAction\",\"target\":[\"https:\/\/metaltale.com\/lv\/par-mums\/\"]}]},{\"@type\":\"ImageObject\",\"inLanguage\":\"lv-LV\",\"@id\":\"https:\/\/metaltale.com\/lv\/par-mums\/#primaryimage\",\"url\":\"https:\/\/metaltale.com\/wp-content\/uploads\/2024\/03\/4aab5faf-d3f3-4fd9-acea-16079d3badd3.jpg\",\"contentUrl\":\"https:\/\/metaltale.com\/wp-content\/uploads\/2024\/03\/4aab5faf-d3f3-4fd9-acea-16079d3badd3.jpg\"},{\"@type\":\"BreadcrumbList\",\"@id\":\"https:\/\/metaltale.com\/lv\/par-mums\/#breadcrumb\",\"itemListElement\":[{\"@type\":\"ListItem\",\"position\":1,\"name\":\"Home\",\"item\":\"https:\/\/metaltale.com\/lv\/majas\/\"},{\"@type\":\"ListItem\",\"position\":2,\"name\":\"Par mums\"}]},{\"@type\":\"WebSite\",\"@id\":\"https:\/\/metaltale.com\/lv\/#website\",\"url\":\"https:\/\/metaltale.com\/lv\/\",\"name\":\"Metaltale.com\",\"description\":\"\",\"potentialAction\":[{\"@type\":\"SearchAction\",\"target\":{\"@type\":\"EntryPoint\",\"urlTemplate\":\"https:\/\/metaltale.com\/lv\/?s={search_term_string}\"},\"query-input\":{\"@type\":\"PropertyValueSpecification\",\"valueRequired\":true,\"valueName\":\"search_term_string\"}}],\"inLanguage\":\"lv-LV\"}]}<\/script>\n<!-- \/ Yoast SEO plugin. -->","yoast_head_json":{"title":"Par mums | Metaltale.com","description":"Praktiski ar rok\u0101m darin\u0101ti met\u0101la izstr\u0101d\u0101jumi moderniem, grezniem interjeriem.","robots":{"index":"index","follow":"follow","max-snippet":"max-snippet:-1","max-image-preview":"max-image-preview:large","max-video-preview":"max-video-preview:-1"},"canonical":"https:\/\/metaltale.com\/lv\/par-mums\/","og_locale":"lv_LV","og_type":"article","og_title":"Par mums | Metaltale.com","og_description":"Praktiski ar rok\u0101m darin\u0101ti met\u0101la izstr\u0101d\u0101jumi moderniem, grezniem interjeriem.","og_url":"https:\/\/metaltale.com\/lv\/par-mums\/","og_site_name":"MetalTale.com","article_modified_time":"2024-05-28T22:01:09+00:00","og_image":[{"url":"https:\/\/metaltale.com\/wp-content\/uploads\/2024\/03\/4aab5faf-d3f3-4fd9-acea-16079d3badd3.jpg","type":"","width":"","height":""}],"twitter_card":"summary_large_image","twitter_misc":{"Est. reading time":"2 minutes"},"schema":{"@context":"https:\/\/schema.org","@graph":[{"@type":"WebPage","@id":"https:\/\/metaltale.com\/lv\/par-mums\/","url":"https:\/\/metaltale.com\/lv\/par-mums\/","name":"Par mums | Metaltale.com","isPartOf":{"@id":"https:\/\/metaltale.com\/lv\/#website"},"primaryImageOfPage":{"@id":"https:\/\/metaltale.com\/lv\/par-mums\/#primaryimage"},"image":{"@id":"https:\/\/metaltale.com\/lv\/par-mums\/#primaryimage"},"thumbnailUrl":"https:\/\/metaltale.com\/wp-content\/uploads\/2024\/03\/4aab5faf-d3f3-4fd9-acea-16079d3badd3.jpg","datePublished":"2021-10-12T13:51:09+00:00","dateModified":"2024-05-28T22:01:09+00:00","description":"Praktiski ar rok\u0101m darin\u0101ti met\u0101la izstr\u0101d\u0101jumi moderniem, grezniem interjeriem.","breadcrumb":{"@id":"https:\/\/metaltale.com\/lv\/par-mums\/#breadcrumb"},"inLanguage":"lv-LV","potentialAction":[{"@type":"ReadAction","target":["https:\/\/metaltale.com\/lv\/par-mums\/"]}]},{"@type":"ImageObject","inLanguage":"lv-LV","@id":"https:\/\/metaltale.com\/lv\/par-mums\/#primaryimage","url":"https:\/\/metaltale.com\/wp-content\/uploads\/2024\/03\/4aab5faf-d3f3-4fd9-acea-16079d3badd3.jpg","contentUrl":"https:\/\/metaltale.com\/wp-content\/uploads\/2024\/03\/4aab5faf-d3f3-4fd9-acea-16079d3badd3.jpg"},{"@type":"BreadcrumbList","@id":"https:\/\/metaltale.com\/lv\/par-mums\/#breadcrumb","itemListElement":[{"@type":"ListItem","position":1,"name":"Home","item":"https:\/\/metaltale.com\/lv\/majas\/"},{"@type":"ListItem","position":2,"name":"Par mums"}]},{"@type":"WebSite","@id":"https:\/\/metaltale.com\/lv\/#website","url":"https:\/\/metaltale.com\/lv\/","name":"Metaltale.com","description":"","potentialAction":[{"@type":"SearchAction","target":{"@type":"EntryPoint","urlTemplate":"https:\/\/metaltale.com\/lv\/?s={search_term_string}"},"query-input":{"@type":"PropertyValueSpecification","valueRequired":true,"valueName":"search_term_string"}}],"inLanguage":"lv-LV"}]}},"_links":{"self":[{"href":"https:\/\/metaltale.com\/lv\/wp-json\/wp\/v2\/pages\/132557","targetHints":{"allow":["GET"]}}],"collection":[{"href":"https:\/\/metaltale.com\/lv\/wp-json\/wp\/v2\/pages"}],"about":[{"href":"https:\/\/metaltale.com\/lv\/wp-json\/wp\/v2\/types\/page"}],"author":[{"embeddable":true,"href":"https:\/\/metaltale.com\/lv\/wp-json\/wp\/v2\/users\/1"}],"replies":[{"embeddable":true,"href":"https:\/\/metaltale.com\/lv\/wp-json\/wp\/v2\/comments?post=132557"}],"version-history":[{"count":1,"href":"https:\/\/metaltale.com\/lv\/wp-json\/wp\/v2\/pages\/132557\/revisions"}],"predecessor-version":[{"id":132558,"href":"https:\/\/metaltale.com\/lv\/wp-json\/wp\/v2\/pages\/132557\/revisions\/132558"}],"wp:attachment":[{"href":"https:\/\/metaltale.com\/lv\/wp-json\/wp\/v2\/media?parent=132557"}],"curies":[{"name":"wp","href":"https:\/\/api.w.org\/{rel}","templated":true}]}}