{"id":132384,"date":"2023-08-29T17:41:41","date_gmt":"2023-08-29T15:41:41","guid":{"rendered":"https:\/\/metaltale.com\/my-account\/"},"modified":"2024-05-29T10:37:56","modified_gmt":"2024-05-29T08:37:56","slug":"my-account","status":"publish","type":"page","link":"https:\/\/metaltale.com\/lv\/my-account\/","title":{"rendered":"Mans konts"},"content":{"rendered":"<div class=\"woocommerce\"><\/div>","protected":false},"excerpt":{"rendered":"","protected":false},"author":1,"featured_media":0,"parent":0,"menu_order":0,"comment_status":"closed","ping_status":"closed","template":"","meta":{"_acf_changed":false,"pmpro_default_level":"","footnotes":""},"class_list":["post-132384","page","type-page","status-publish","hentry","pmpro-has-access"],"acf":[],"yoast_head":"<!-- This site is optimized with the Yoast SEO plugin v24.9 - https:\/\/yoast.com\/wordpress\/plugins\/seo\/ -->\n<title>Mans konts | Metaltale.com<\/title>\n<meta name=\"description\" content=\"J\u016bsu konts Metaltale. Praktiski ar rok\u0101m darin\u0101ti met\u0101la izstr\u0101d\u0101jumi moderniem, grezniem interjeriem.\" \/>\n<meta name=\"robots\" content=\"index, follow, max-snippet:-1, max-image-preview:large, max-video-preview:-1\" \/>\n<link rel=\"canonical\" href=\"https:\/\/metaltale.com\/lv\/my-account\/\" \/>\n<meta property=\"og:locale\" content=\"lv_LV\" \/>\n<meta property=\"og:type\" content=\"article\" \/>\n<meta property=\"og:title\" content=\"Mans konts | Metaltale.com\" \/>\n<meta property=\"og:description\" content=\"J\u016bsu konts Metaltale. Praktiski ar rok\u0101m darin\u0101ti met\u0101la izstr\u0101d\u0101jumi moderniem, grezniem interjeriem.\" \/>\n<meta property=\"og:url\" content=\"https:\/\/metaltale.com\/lv\/my-account\/\" \/>\n<meta property=\"og:site_name\" content=\"MetalTale.com\" \/>\n<meta property=\"article:modified_time\" content=\"2024-05-29T08:37:56+00:00\" \/>\n<meta name=\"twitter:card\" content=\"summary_large_image\" \/>\n<script type=\"application\/ld+json\" class=\"yoast-schema-graph\">{\"@context\":\"https:\/\/schema.org\",\"@graph\":[{\"@type\":\"WebPage\",\"@id\":\"https:\/\/metaltale.com\/lv\/my-account\/\",\"url\":\"https:\/\/metaltale.com\/lv\/my-account\/\",\"name\":\"Mans konts | Metaltale.com\",\"isPartOf\":{\"@id\":\"https:\/\/metaltale.com\/lv\/#website\"},\"datePublished\":\"2023-08-29T15:41:41+00:00\",\"dateModified\":\"2024-05-29T08:37:56+00:00\",\"description\":\"J\u016bsu konts Metaltale. Praktiski ar rok\u0101m darin\u0101ti met\u0101la izstr\u0101d\u0101jumi moderniem, grezniem interjeriem.\",\"breadcrumb\":{\"@id\":\"https:\/\/metaltale.com\/lv\/my-account\/#breadcrumb\"},\"inLanguage\":\"lv-LV\",\"potentialAction\":[{\"@type\":\"ReadAction\",\"target\":[\"https:\/\/metaltale.com\/lv\/my-account\/\"]}]},{\"@type\":\"BreadcrumbList\",\"@id\":\"https:\/\/metaltale.com\/lv\/my-account\/#breadcrumb\",\"itemListElement\":[{\"@type\":\"ListItem\",\"position\":1,\"name\":\"Home\",\"item\":\"https:\/\/metaltale.com\/lv\/majas\/\"},{\"@type\":\"ListItem\",\"position\":2,\"name\":\"Mans konts\"}]},{\"@type\":\"WebSite\",\"@id\":\"https:\/\/metaltale.com\/lv\/#website\",\"url\":\"https:\/\/metaltale.com\/lv\/\",\"name\":\"Metaltale.com\",\"description\":\"\",\"potentialAction\":[{\"@type\":\"SearchAction\",\"target\":{\"@type\":\"EntryPoint\",\"urlTemplate\":\"https:\/\/metaltale.com\/lv\/?s={search_term_string}\"},\"query-input\":{\"@type\":\"PropertyValueSpecification\",\"valueRequired\":true,\"valueName\":\"search_term_string\"}}],\"inLanguage\":\"lv-LV\"}]}<\/script>\n<!-- \/ Yoast SEO plugin. -->","yoast_head_json":{"title":"Mans konts | Metaltale.com","description":"J\u016bsu konts Metaltale. Praktiski ar rok\u0101m darin\u0101ti met\u0101la izstr\u0101d\u0101jumi moderniem, grezniem interjeriem.","robots":{"index":"index","follow":"follow","max-snippet":"max-snippet:-1","max-image-preview":"max-image-preview:large","max-video-preview":"max-video-preview:-1"},"canonical":"https:\/\/metaltale.com\/lv\/my-account\/","og_locale":"lv_LV","og_type":"article","og_title":"Mans konts | Metaltale.com","og_description":"J\u016bsu konts Metaltale. Praktiski ar rok\u0101m darin\u0101ti met\u0101la izstr\u0101d\u0101jumi moderniem, grezniem interjeriem.","og_url":"https:\/\/metaltale.com\/lv\/my-account\/","og_site_name":"MetalTale.com","article_modified_time":"2024-05-29T08:37:56+00:00","twitter_card":"summary_large_image","schema":{"@context":"https:\/\/schema.org","@graph":[{"@type":"WebPage","@id":"https:\/\/metaltale.com\/lv\/my-account\/","url":"https:\/\/metaltale.com\/lv\/my-account\/","name":"Mans konts | Metaltale.com","isPartOf":{"@id":"https:\/\/metaltale.com\/lv\/#website"},"datePublished":"2023-08-29T15:41:41+00:00","dateModified":"2024-05-29T08:37:56+00:00","description":"J\u016bsu konts Metaltale. Praktiski ar rok\u0101m darin\u0101ti met\u0101la izstr\u0101d\u0101jumi moderniem, grezniem interjeriem.","breadcrumb":{"@id":"https:\/\/metaltale.com\/lv\/my-account\/#breadcrumb"},"inLanguage":"lv-LV","potentialAction":[{"@type":"ReadAction","target":["https:\/\/metaltale.com\/lv\/my-account\/"]}]},{"@type":"BreadcrumbList","@id":"https:\/\/metaltale.com\/lv\/my-account\/#breadcrumb","itemListElement":[{"@type":"ListItem","position":1,"name":"Home","item":"https:\/\/metaltale.com\/lv\/majas\/"},{"@type":"ListItem","position":2,"name":"Mans konts"}]},{"@type":"WebSite","@id":"https:\/\/metaltale.com\/lv\/#website","url":"https:\/\/metaltale.com\/lv\/","name":"Metaltale.com","description":"","potentialAction":[{"@type":"SearchAction","target":{"@type":"EntryPoint","urlTemplate":"https:\/\/metaltale.com\/lv\/?s={search_term_string}"},"query-input":{"@type":"PropertyValueSpecification","valueRequired":true,"valueName":"search_term_string"}}],"inLanguage":"lv-LV"}]}},"_links":{"self":[{"href":"https:\/\/metaltale.com\/lv\/wp-json\/wp\/v2\/pages\/132384","targetHints":{"allow":["GET"]}}],"collection":[{"href":"https:\/\/metaltale.com\/lv\/wp-json\/wp\/v2\/pages"}],"about":[{"href":"https:\/\/metaltale.com\/lv\/wp-json\/wp\/v2\/types\/page"}],"author":[{"embeddable":true,"href":"https:\/\/metaltale.com\/lv\/wp-json\/wp\/v2\/users\/1"}],"replies":[{"embeddable":true,"href":"https:\/\/metaltale.com\/lv\/wp-json\/wp\/v2\/comments?post=132384"}],"version-history":[{"count":1,"href":"https:\/\/metaltale.com\/lv\/wp-json\/wp\/v2\/pages\/132384\/revisions"}],"predecessor-version":[{"id":132592,"href":"https:\/\/metaltale.com\/lv\/wp-json\/wp\/v2\/pages\/132384\/revisions\/132592"}],"wp:attachment":[{"href":"https:\/\/metaltale.com\/lv\/wp-json\/wp\/v2\/media?parent=132384"}],"curies":[{"name":"wp","href":"https:\/\/api.w.org\/{rel}","templated":true}]}}