{"id":52919,"date":"2024-01-19T21:01:56","date_gmt":"2024-01-19T19:01:56","guid":{"rendered":"https:\/\/metaltale.com\/?post_type=product&#038;p=52919"},"modified":"2026-02-28T01:15:36","modified_gmt":"2026-02-27T23:15:36","slug":"azuolines-stumdomos-durys-old-nedengta","status":"publish","type":"product","link":"https:\/\/metaltale.com\/et\/produktas\/azuolines-stumdomos-durys-old-nedengta\/","title":{"rendered":"\u0104\u017euolin\u0117s stumdomos durys OLD nedengta"},"content":{"rendered":"<p><strong>Med\u017eiaga<\/strong> \u0104\u017euolo mediena<br \/>\n<strong>Storis (cm)<\/strong> 4<br \/>\n<strong>Bendras auk\u0161tis (cm)<\/strong> 210\/220<br \/>\n<strong>Bendras plotis (cm)<\/strong> 80\/90\/100\/110<br \/>\n<strong>Svoris (kg)<\/strong> 50-54<br \/>\n<strong>Apdaila<\/strong> Nedengta<br \/>\n<strong>PAPILDOMA INFORMACIJA<\/strong> Pateiktas pasi\u016blymas taikomas tik vienai dur\u0173 plok\u0161tei ir neapima stumdomos sistemos ir kit\u0173 pried\u0173.<\/p>\n<hr \/>\n<p data-start=\"157\" data-end=\"321\">Durys OLD pagamintos i\u0161 masyvaus \u0105\u017euolo, i\u0161laikan\u010dio nat\u016brali\u0105 savo strukt\u016br\u0105 \u2013 \u012ftr\u016bkimus, \u0161akas ir gyslotum\u0105. Tai suteikia kiekvienoms durims unikal\u0173 charakter\u012f.<\/p>\n<p data-start=\"323\" data-end=\"342\"><strong data-start=\"323\" data-end=\"339\">Konstrukcija<\/strong>:<\/p>\n<ul data-start=\"343\" data-end=\"531\">\n<li data-start=\"343\" data-end=\"380\">\n<p data-start=\"345\" data-end=\"380\">Vertikalios lentos \u2013 2 cm storio.<\/p>\n<\/li>\n<li data-start=\"381\" data-end=\"433\">\n<p data-start=\"383\" data-end=\"433\">Tvirta r\u0117mo konstrukcija \u2013 i\u0161 4 cm storio lent\u0173.<\/p>\n<\/li>\n<li data-start=\"434\" data-end=\"531\">\n<p data-start=\"436\" data-end=\"531\">I\u0161orin\u0119 pus\u0119 puo\u0161ia dvi \u201eX\u201c formos konstrukcijos, suteikian\u010dios durims i\u0161skirtin\u012f charakter\u012f.<\/p>\n<\/li>\n<\/ul>\n<p data-start=\"533\" data-end=\"547\"><strong data-start=\"533\" data-end=\"544\">Savyb\u0117s<\/strong>:<\/p>\n<ul data-start=\"548\" data-end=\"988\">\n<li data-start=\"548\" data-end=\"621\">\n<p data-start=\"550\" data-end=\"621\">Universalus dizainas leid\u017eia montuoti duris \u012fvairiai (auk\u0161tyn\u2013\u017eemyn).<\/p>\n<\/li>\n<li data-start=\"622\" data-end=\"708\">\n<p data-start=\"624\" data-end=\"708\">Naudojant m\u016bs\u0173 stumdom\u0173 dur\u0173 sistemas, nereikia papildomo frezavimo dur\u0173 apa\u010dioje.<\/p>\n<\/li>\n<li data-start=\"709\" data-end=\"788\">\n<p data-start=\"711\" data-end=\"788\">Rekomenduojama, kad durys b\u016bt\u0173 ~10 cm platesn\u0117s ir 5 cm auk\u0161tesn\u0117s u\u017e ang\u0105.<\/p>\n<\/li>\n<li data-start=\"789\" data-end=\"908\">\n<p data-start=\"791\" data-end=\"908\">Pavir\u0161ius su i\u0161rai\u0161kinga medienos tekst\u016bra, gyslomis ir nat\u016braliais nelygumais, kurie pabr\u0117\u017eia tikr\u0105j\u0105 \u0105\u017euolo j\u0117g\u0105.<\/p>\n<\/li>\n<li data-start=\"909\" data-end=\"988\">\n<p data-start=\"911\" data-end=\"988\">Specialiai sendinta mediena suteikia dar daugiau solidumo ir i\u0161rai\u0161kingumo.<\/p>\n<\/li>\n<\/ul>\n<p data-start=\"990\" data-end=\"1203\"><strong data-start=\"990\" data-end=\"1005\">Charakteris<\/strong>:<br data-start=\"1006\" data-end=\"1009\" \/>Durys OLD skirtos \u017emon\u0117ms, kurie nevengia dr\u0105si\u0173 sprendim\u0173, vertina autenti\u0161k\u0105 dizain\u0105 ir patys kuria stili\u0173. Tai durys, kurios \u012f kiekvien\u0105 erdv\u0119 \u012fne\u0161a tvirtumo, i\u0161skirtinumo ir individualumo.<\/p>\n<p data-start=\"1205\" data-end=\"1436\">Puikiai tinka angoms, kuri\u0173 plotis <strong data-start=\"1262\" data-end=\"1297\">70 cm, 80 cm, 90 cm arba 100 cm<\/strong>.<\/p>\n","protected":false},"excerpt":{"rendered":"<p>Med\u017eiaga \u0104\u017euolo mediena Storis (cm) 4 Bendras auk\u0161tis (cm) 210\/220 Bendras plotis (cm) 80\/90\/100\/110 Svoris (kg) 50-54 Apdaila Nedengta PAPILDOMA<\/p>\n","protected":false},"featured_media":142451,"comment_status":"open","ping_status":"closed","template":"","meta":{"_acf_changed":false,"pmpro_default_level":""},"product_brand":[],"product_cat":[113,150,173],"product_tag":[],"class_list":{"0":"post-52919","1":"product","2":"type-product","3":"status-publish","4":"has-post-thumbnail","6":"product_cat-stumdomos-durys-ir-priedai","7":"product_cat-stumdomos-durys","8":"product_cat-azuolines-stumdomos-durys","9":"pmpro-has-access","11":"first","12":"instock","13":"shipping-taxable","14":"purchasable","15":"product-type-variable"},"acf":[],"yoast_head":"<!-- This site is optimized with the Yoast SEO plugin v24.9 - https:\/\/yoast.com\/wordpress\/plugins\/seo\/ -->\n<title>\u0104\u017euolin\u0117s stumdomos durys OLD nedengta - MetalTale.com<\/title>\n<meta name=\"robots\" content=\"index, follow, max-snippet:-1, max-image-preview:large, max-video-preview:-1\" \/>\n<link rel=\"canonical\" href=\"https:\/\/metaltale.com\/et\/produktas\/azuolines-stumdomos-durys-old-nedengta\/\" \/>\n<meta property=\"og:locale\" content=\"et_EE\" \/>\n<meta property=\"og:type\" content=\"article\" \/>\n<meta property=\"og:title\" content=\"\u0104\u017euolin\u0117s stumdomos durys OLD nedengta - MetalTale.com\" \/>\n<meta property=\"og:description\" content=\"Med\u017eiaga \u0104\u017euolo mediena Storis (cm) 4 Bendras auk\u0161tis (cm) 210\/220 Bendras plotis (cm) 80\/90\/100\/110 Svoris (kg) 50-54 Apdaila Nedengta PAPILDOMA\" \/>\n<meta property=\"og:url\" content=\"https:\/\/metaltale.com\/et\/produktas\/azuolines-stumdomos-durys-old-nedengta\/\" \/>\n<meta property=\"og:site_name\" content=\"MetalTale.com\" \/>\n<meta property=\"article:modified_time\" content=\"2026-02-27T23:15:36+00:00\" \/>\n<meta property=\"og:image\" content=\"http:\/\/metaltale.com\/wp-content\/uploads\/2024\/01\/drzwi-przesuwne-barn-door-5358.jpg\" \/>\n\t<meta property=\"og:image:width\" content=\"2288\" \/>\n\t<meta property=\"og:image:height\" content=\"2288\" \/>\n\t<meta property=\"og:image:type\" content=\"image\/jpeg\" \/>\n<meta name=\"twitter:card\" content=\"summary_large_image\" \/>\n<meta name=\"twitter:label1\" content=\"Est. reading time\" \/>\n\t<meta name=\"twitter:data1\" content=\"2 minutit\" \/>\n<script type=\"application\/ld+json\" class=\"yoast-schema-graph\">{\"@context\":\"https:\/\/schema.org\",\"@graph\":[{\"@type\":\"WebPage\",\"@id\":\"https:\/\/metaltale.com\/et\/produktas\/azuolines-stumdomos-durys-old-nedengta\/\",\"url\":\"https:\/\/metaltale.com\/et\/produktas\/azuolines-stumdomos-durys-old-nedengta\/\",\"name\":\"\u0104\u017euolin\u0117s stumdomos durys OLD nedengta - MetalTale.com\",\"isPartOf\":{\"@id\":\"https:\/\/metaltale.com\/et\/#website\"},\"primaryImageOfPage\":{\"@id\":\"https:\/\/metaltale.com\/et\/produktas\/azuolines-stumdomos-durys-old-nedengta\/#primaryimage\"},\"image\":{\"@id\":\"https:\/\/metaltale.com\/et\/produktas\/azuolines-stumdomos-durys-old-nedengta\/#primaryimage\"},\"thumbnailUrl\":\"https:\/\/metaltale.com\/wp-content\/uploads\/2024\/01\/drzwi-przesuwne-barn-door-5358.jpg\",\"datePublished\":\"2024-01-19T19:01:56+00:00\",\"dateModified\":\"2026-02-27T23:15:36+00:00\",\"breadcrumb\":{\"@id\":\"https:\/\/metaltale.com\/et\/produktas\/azuolines-stumdomos-durys-old-nedengta\/#breadcrumb\"},\"inLanguage\":\"et\",\"potentialAction\":[{\"@type\":\"ReadAction\",\"target\":[\"https:\/\/metaltale.com\/et\/produktas\/azuolines-stumdomos-durys-old-nedengta\/\"]}]},{\"@type\":\"ImageObject\",\"inLanguage\":\"et\",\"@id\":\"https:\/\/metaltale.com\/et\/produktas\/azuolines-stumdomos-durys-old-nedengta\/#primaryimage\",\"url\":\"https:\/\/metaltale.com\/wp-content\/uploads\/2024\/01\/drzwi-przesuwne-barn-door-5358.jpg\",\"contentUrl\":\"https:\/\/metaltale.com\/wp-content\/uploads\/2024\/01\/drzwi-przesuwne-barn-door-5358.jpg\",\"width\":2288,\"height\":2288,\"caption\":\"\u0104\u017euolin\u0117s stumdomos durys OLD nedengta\"},{\"@type\":\"BreadcrumbList\",\"@id\":\"https:\/\/metaltale.com\/et\/produktas\/azuolines-stumdomos-durys-old-nedengta\/#breadcrumb\",\"itemListElement\":[{\"@type\":\"ListItem\",\"position\":1,\"name\":\"Home\",\"item\":\"https:\/\/metaltale.com\/et\/kodu\/\"},{\"@type\":\"ListItem\",\"position\":2,\"name\":\"Kauplus\",\"item\":\"https:\/\/metaltale.com\/et\/shop\/\"},{\"@type\":\"ListItem\",\"position\":3,\"name\":\"\u0104\u017euolin\u0117s stumdomos durys OLD nedengta\"}]},{\"@type\":\"WebSite\",\"@id\":\"https:\/\/metaltale.com\/et\/#website\",\"url\":\"https:\/\/metaltale.com\/et\/\",\"name\":\"Metaltale.com\",\"description\":\"\",\"potentialAction\":[{\"@type\":\"SearchAction\",\"target\":{\"@type\":\"EntryPoint\",\"urlTemplate\":\"https:\/\/metaltale.com\/et\/?s={search_term_string}\"},\"query-input\":{\"@type\":\"PropertyValueSpecification\",\"valueRequired\":true,\"valueName\":\"search_term_string\"}}],\"inLanguage\":\"et\"}]}<\/script>\n<!-- \/ Yoast SEO plugin. -->","yoast_head_json":{"title":"\u0104\u017euolin\u0117s stumdomos durys OLD nedengta - MetalTale.com","robots":{"index":"index","follow":"follow","max-snippet":"max-snippet:-1","max-image-preview":"max-image-preview:large","max-video-preview":"max-video-preview:-1"},"canonical":"https:\/\/metaltale.com\/et\/produktas\/azuolines-stumdomos-durys-old-nedengta\/","og_locale":"et_EE","og_type":"article","og_title":"\u0104\u017euolin\u0117s stumdomos durys OLD nedengta - MetalTale.com","og_description":"Med\u017eiaga \u0104\u017euolo mediena Storis (cm) 4 Bendras auk\u0161tis (cm) 210\/220 Bendras plotis (cm) 80\/90\/100\/110 Svoris (kg) 50-54 Apdaila Nedengta PAPILDOMA","og_url":"https:\/\/metaltale.com\/et\/produktas\/azuolines-stumdomos-durys-old-nedengta\/","og_site_name":"MetalTale.com","article_modified_time":"2026-02-27T23:15:36+00:00","og_image":[{"width":2288,"height":2288,"url":"http:\/\/metaltale.com\/wp-content\/uploads\/2024\/01\/drzwi-przesuwne-barn-door-5358.jpg","type":"image\/jpeg"}],"twitter_card":"summary_large_image","twitter_misc":{"Est. reading time":"2 minutit"},"schema":{"@context":"https:\/\/schema.org","@graph":[{"@type":"WebPage","@id":"https:\/\/metaltale.com\/et\/produktas\/azuolines-stumdomos-durys-old-nedengta\/","url":"https:\/\/metaltale.com\/et\/produktas\/azuolines-stumdomos-durys-old-nedengta\/","name":"\u0104\u017euolin\u0117s stumdomos durys OLD nedengta - MetalTale.com","isPartOf":{"@id":"https:\/\/metaltale.com\/et\/#website"},"primaryImageOfPage":{"@id":"https:\/\/metaltale.com\/et\/produktas\/azuolines-stumdomos-durys-old-nedengta\/#primaryimage"},"image":{"@id":"https:\/\/metaltale.com\/et\/produktas\/azuolines-stumdomos-durys-old-nedengta\/#primaryimage"},"thumbnailUrl":"https:\/\/metaltale.com\/wp-content\/uploads\/2024\/01\/drzwi-przesuwne-barn-door-5358.jpg","datePublished":"2024-01-19T19:01:56+00:00","dateModified":"2026-02-27T23:15:36+00:00","breadcrumb":{"@id":"https:\/\/metaltale.com\/et\/produktas\/azuolines-stumdomos-durys-old-nedengta\/#breadcrumb"},"inLanguage":"et","potentialAction":[{"@type":"ReadAction","target":["https:\/\/metaltale.com\/et\/produktas\/azuolines-stumdomos-durys-old-nedengta\/"]}]},{"@type":"ImageObject","inLanguage":"et","@id":"https:\/\/metaltale.com\/et\/produktas\/azuolines-stumdomos-durys-old-nedengta\/#primaryimage","url":"https:\/\/metaltale.com\/wp-content\/uploads\/2024\/01\/drzwi-przesuwne-barn-door-5358.jpg","contentUrl":"https:\/\/metaltale.com\/wp-content\/uploads\/2024\/01\/drzwi-przesuwne-barn-door-5358.jpg","width":2288,"height":2288,"caption":"\u0104\u017euolin\u0117s stumdomos durys OLD nedengta"},{"@type":"BreadcrumbList","@id":"https:\/\/metaltale.com\/et\/produktas\/azuolines-stumdomos-durys-old-nedengta\/#breadcrumb","itemListElement":[{"@type":"ListItem","position":1,"name":"Home","item":"https:\/\/metaltale.com\/et\/kodu\/"},{"@type":"ListItem","position":2,"name":"Kauplus","item":"https:\/\/metaltale.com\/et\/shop\/"},{"@type":"ListItem","position":3,"name":"\u0104\u017euolin\u0117s stumdomos durys OLD nedengta"}]},{"@type":"WebSite","@id":"https:\/\/metaltale.com\/et\/#website","url":"https:\/\/metaltale.com\/et\/","name":"Metaltale.com","description":"","potentialAction":[{"@type":"SearchAction","target":{"@type":"EntryPoint","urlTemplate":"https:\/\/metaltale.com\/et\/?s={search_term_string}"},"query-input":{"@type":"PropertyValueSpecification","valueRequired":true,"valueName":"search_term_string"}}],"inLanguage":"et"}]}},"_links":{"self":[{"href":"https:\/\/metaltale.com\/et\/wp-json\/wp\/v2\/product\/52919","targetHints":{"allow":["GET"]}}],"collection":[{"href":"https:\/\/metaltale.com\/et\/wp-json\/wp\/v2\/product"}],"about":[{"href":"https:\/\/metaltale.com\/et\/wp-json\/wp\/v2\/types\/product"}],"replies":[{"embeddable":true,"href":"https:\/\/metaltale.com\/et\/wp-json\/wp\/v2\/comments?post=52919"}],"version-history":[{"count":2,"href":"https:\/\/metaltale.com\/et\/wp-json\/wp\/v2\/product\/52919\/revisions"}],"predecessor-version":[{"id":142463,"href":"https:\/\/metaltale.com\/et\/wp-json\/wp\/v2\/product\/52919\/revisions\/142463"}],"wp:featuredmedia":[{"embeddable":true,"href":"https:\/\/metaltale.com\/et\/wp-json\/wp\/v2\/media\/142451"}],"wp:attachment":[{"href":"https:\/\/metaltale.com\/et\/wp-json\/wp\/v2\/media?parent=52919"}],"wp:term":[{"taxonomy":"product_brand","embeddable":true,"href":"https:\/\/metaltale.com\/et\/wp-json\/wp\/v2\/product_brand?post=52919"},{"taxonomy":"product_cat","embeddable":true,"href":"https:\/\/metaltale.com\/et\/wp-json\/wp\/v2\/product_cat?post=52919"},{"taxonomy":"product_tag","embeddable":true,"href":"https:\/\/metaltale.com\/et\/wp-json\/wp\/v2\/product_tag?post=52919"}],"curies":[{"name":"wp","href":"https:\/\/api.w.org\/{rel}","templated":true}]}}