{"id":52887,"date":"2024-01-19T21:01:38","date_gmt":"2024-01-19T19:01:38","guid":{"rendered":"https:\/\/metaltale.com\/?post_type=product&#038;p=52887"},"modified":"2026-01-14T01:09:24","modified_gmt":"2026-01-13T23:09:24","slug":"azuolines-stumdomos-durys-barn-naturali-alyva","status":"publish","type":"product","link":"https:\/\/metaltale.com\/et\/produktas\/azuolines-stumdomos-durys-barn-naturali-alyva\/","title":{"rendered":"\u0104\u017euolin\u0117s stumdomos durys BARN nat\u016brali alyva"},"content":{"rendered":"<p><strong>Med\u017eiaga<\/strong> \u0104\u017euolo mediena<br \/>\n<strong>Storis (cm)<\/strong> 4<br \/>\n<strong>Bendras auk\u0161tis (cm)<\/strong> 210\/220<br \/>\n<strong>Bendras plotis (cm)<\/strong> 80\/90\/100\/110<br \/>\n<strong>Svoris (kg)<\/strong> 50-54<br \/>\n<strong>Apdaila<\/strong> Nar\u016brali alyva<br \/>\n<strong>PAPILDOMA INFORMACIJA<\/strong> Pateiktas pasi\u016blymas taikomas tik vienai dur\u0173 plok\u0161tei ir neapima stumdomos sistemos ir kit\u0173 pried\u0173.<\/p>\n<hr \/>\n<p>Stumdomos durys Barn \u2013 tai pasirinkimas \u017emon\u0117ms, kurie vertina tvirtum\u0105, charakter\u012f ir patys kuria savo stili\u0173.<\/p>\n<p>Durys pagamintos i\u0161 masyvios \u0105\u017euolo medienos. Konstrukcij\u0105 sudaro vertikaliai i\u0161d\u0117stytos 2 cm storio lentos, o r\u0117mas \u2013 i\u0161 4 cm storio \u0105\u017euolo masyvo. I\u0161orin\u0117je pus\u0117je lentos suformuoja X form\u0105 apatin\u0117je dalyje, suteikian\u010di\u0105 durims ry\u0161k\u0173, kaimi\u0161k\u0105 akcent\u0105. Kiekvienas medienos fragmentas kruop\u0161\u010diai atrenkamas, kad sukurt\u0173 harmoning\u0105, tvirt\u0105 ir i\u0161skirtin\u012f vaizd\u0105.<\/p>\n<p>Nat\u016brali medienos strukt\u016bra i\u0161saugo \u0161akas, \u012ftr\u016bkimus bei gilius rieves, suteikdama kiekvienoms durims unikal\u0173 charakter\u012f. Tekst\u016bruotas pavir\u0161ius, ry\u0161kus medienos ra\u0161tas ir specialiai sendinta apdaila sustiprina solidumo, autenti\u0161kumo ir stipryb\u0117s \u012fsp\u016bd\u012f.<\/p>\n<p>Montavimas universalus \u2013 duris galima kabinti bet kuria kryptimi (auk\u0161tyn\u2013\u017eemyn). Rekomenduojame, kad jos b\u016bt\u0173 ~10 cm platesn\u0117s ir ~5 cm auk\u0161tesn\u0117s nei angos matmenys. Naudojant m\u016bs\u0173 stumdom\u0173 dur\u0173 sistemas, modelis Barn nereikalauja frezavimo apatin\u0117je dalyje.<\/p>\n<p>Galimi standartiniai dyd\u017eiai: 70, 80, 90 ir 100 cm plo\u010dio (dur\u0173 angoms).<\/p>\n<p>\u0104\u017euolin\u0117s stumdomos durys Barn puikiai tinka tiems, kurie nori interjerui suteikti charakterio, tvirtumo ir originalumo.<\/p>\n","protected":false},"excerpt":{"rendered":"<p>Med\u017eiaga \u0104\u017euolo mediena Storis (cm) 4 Bendras auk\u0161tis (cm) 210\/220 Bendras plotis (cm) 80\/90\/100\/110 Svoris (kg) 50-54 Apdaila Nar\u016brali alyva<\/p>\n","protected":false},"featured_media":142414,"comment_status":"open","ping_status":"closed","template":"","meta":{"_acf_changed":false,"pmpro_default_level":""},"product_brand":[],"product_cat":[113,150,173],"product_tag":[],"class_list":{"0":"post-52887","1":"product","2":"type-product","3":"status-publish","4":"has-post-thumbnail","6":"product_cat-stumdomos-durys-ir-priedai","7":"product_cat-stumdomos-durys","8":"product_cat-azuolines-stumdomos-durys","9":"pmpro-has-access","11":"first","12":"instock","13":"shipping-taxable","14":"purchasable","15":"product-type-variable"},"acf":[],"yoast_head":"<!-- This site is optimized with the Yoast SEO plugin v24.9 - https:\/\/yoast.com\/wordpress\/plugins\/seo\/ -->\n<title>\u0104\u017euolin\u0117s stumdomos durys BARN nat\u016brali alyva - MetalTale.com<\/title>\n<meta name=\"robots\" content=\"index, follow, max-snippet:-1, max-image-preview:large, max-video-preview:-1\" \/>\n<link rel=\"canonical\" href=\"https:\/\/metaltale.com\/et\/produktas\/azuolines-stumdomos-durys-barn-naturali-alyva\/\" \/>\n<meta property=\"og:locale\" content=\"et_EE\" \/>\n<meta property=\"og:type\" content=\"article\" \/>\n<meta property=\"og:title\" content=\"\u0104\u017euolin\u0117s stumdomos durys BARN nat\u016brali alyva - MetalTale.com\" \/>\n<meta property=\"og:description\" content=\"Med\u017eiaga \u0104\u017euolo mediena Storis (cm) 4 Bendras auk\u0161tis (cm) 210\/220 Bendras plotis (cm) 80\/90\/100\/110 Svoris (kg) 50-54 Apdaila Nar\u016brali alyva\" \/>\n<meta property=\"og:url\" content=\"https:\/\/metaltale.com\/et\/produktas\/azuolines-stumdomos-durys-barn-naturali-alyva\/\" \/>\n<meta property=\"og:site_name\" content=\"MetalTale.com\" \/>\n<meta property=\"article:modified_time\" content=\"2026-01-13T23:09:24+00:00\" \/>\n<meta property=\"og:image\" content=\"http:\/\/metaltale.com\/wp-content\/uploads\/2024\/01\/drzwi-barn-debowe-naturalne-0355.jpg\" \/>\n\t<meta property=\"og:image:width\" content=\"800\" \/>\n\t<meta property=\"og:image:height\" content=\"800\" \/>\n\t<meta property=\"og:image:type\" content=\"image\/jpeg\" \/>\n<meta name=\"twitter:card\" content=\"summary_large_image\" \/>\n<meta name=\"twitter:label1\" content=\"Est. reading time\" \/>\n\t<meta name=\"twitter:data1\" content=\"2 minutit\" \/>\n<script type=\"application\/ld+json\" class=\"yoast-schema-graph\">{\"@context\":\"https:\/\/schema.org\",\"@graph\":[{\"@type\":\"WebPage\",\"@id\":\"https:\/\/metaltale.com\/et\/produktas\/azuolines-stumdomos-durys-barn-naturali-alyva\/\",\"url\":\"https:\/\/metaltale.com\/et\/produktas\/azuolines-stumdomos-durys-barn-naturali-alyva\/\",\"name\":\"\u0104\u017euolin\u0117s stumdomos durys BARN nat\u016brali alyva - MetalTale.com\",\"isPartOf\":{\"@id\":\"https:\/\/metaltale.com\/et\/#website\"},\"primaryImageOfPage\":{\"@id\":\"https:\/\/metaltale.com\/et\/produktas\/azuolines-stumdomos-durys-barn-naturali-alyva\/#primaryimage\"},\"image\":{\"@id\":\"https:\/\/metaltale.com\/et\/produktas\/azuolines-stumdomos-durys-barn-naturali-alyva\/#primaryimage\"},\"thumbnailUrl\":\"https:\/\/metaltale.com\/wp-content\/uploads\/2024\/01\/drzwi-barn-debowe-naturalne-0355.jpg\",\"datePublished\":\"2024-01-19T19:01:38+00:00\",\"dateModified\":\"2026-01-13T23:09:24+00:00\",\"breadcrumb\":{\"@id\":\"https:\/\/metaltale.com\/et\/produktas\/azuolines-stumdomos-durys-barn-naturali-alyva\/#breadcrumb\"},\"inLanguage\":\"et\",\"potentialAction\":[{\"@type\":\"ReadAction\",\"target\":[\"https:\/\/metaltale.com\/et\/produktas\/azuolines-stumdomos-durys-barn-naturali-alyva\/\"]}]},{\"@type\":\"ImageObject\",\"inLanguage\":\"et\",\"@id\":\"https:\/\/metaltale.com\/et\/produktas\/azuolines-stumdomos-durys-barn-naturali-alyva\/#primaryimage\",\"url\":\"https:\/\/metaltale.com\/wp-content\/uploads\/2024\/01\/drzwi-barn-debowe-naturalne-0355.jpg\",\"contentUrl\":\"https:\/\/metaltale.com\/wp-content\/uploads\/2024\/01\/drzwi-barn-debowe-naturalne-0355.jpg\",\"width\":800,\"height\":800,\"caption\":\"\u0104\u017euolin\u0117s stumdomos durys BARN nat\u016brali alyva\"},{\"@type\":\"BreadcrumbList\",\"@id\":\"https:\/\/metaltale.com\/et\/produktas\/azuolines-stumdomos-durys-barn-naturali-alyva\/#breadcrumb\",\"itemListElement\":[{\"@type\":\"ListItem\",\"position\":1,\"name\":\"Home\",\"item\":\"https:\/\/metaltale.com\/et\/kodu\/\"},{\"@type\":\"ListItem\",\"position\":2,\"name\":\"Kauplus\",\"item\":\"https:\/\/metaltale.com\/et\/shop\/\"},{\"@type\":\"ListItem\",\"position\":3,\"name\":\"\u0104\u017euolin\u0117s stumdomos durys BARN nat\u016brali alyva\"}]},{\"@type\":\"WebSite\",\"@id\":\"https:\/\/metaltale.com\/et\/#website\",\"url\":\"https:\/\/metaltale.com\/et\/\",\"name\":\"Metaltale.com\",\"description\":\"\",\"potentialAction\":[{\"@type\":\"SearchAction\",\"target\":{\"@type\":\"EntryPoint\",\"urlTemplate\":\"https:\/\/metaltale.com\/et\/?s={search_term_string}\"},\"query-input\":{\"@type\":\"PropertyValueSpecification\",\"valueRequired\":true,\"valueName\":\"search_term_string\"}}],\"inLanguage\":\"et\"}]}<\/script>\n<!-- \/ Yoast SEO plugin. -->","yoast_head_json":{"title":"\u0104\u017euolin\u0117s stumdomos durys BARN nat\u016brali alyva - MetalTale.com","robots":{"index":"index","follow":"follow","max-snippet":"max-snippet:-1","max-image-preview":"max-image-preview:large","max-video-preview":"max-video-preview:-1"},"canonical":"https:\/\/metaltale.com\/et\/produktas\/azuolines-stumdomos-durys-barn-naturali-alyva\/","og_locale":"et_EE","og_type":"article","og_title":"\u0104\u017euolin\u0117s stumdomos durys BARN nat\u016brali alyva - MetalTale.com","og_description":"Med\u017eiaga \u0104\u017euolo mediena Storis (cm) 4 Bendras auk\u0161tis (cm) 210\/220 Bendras plotis (cm) 80\/90\/100\/110 Svoris (kg) 50-54 Apdaila Nar\u016brali alyva","og_url":"https:\/\/metaltale.com\/et\/produktas\/azuolines-stumdomos-durys-barn-naturali-alyva\/","og_site_name":"MetalTale.com","article_modified_time":"2026-01-13T23:09:24+00:00","og_image":[{"width":800,"height":800,"url":"http:\/\/metaltale.com\/wp-content\/uploads\/2024\/01\/drzwi-barn-debowe-naturalne-0355.jpg","type":"image\/jpeg"}],"twitter_card":"summary_large_image","twitter_misc":{"Est. reading time":"2 minutit"},"schema":{"@context":"https:\/\/schema.org","@graph":[{"@type":"WebPage","@id":"https:\/\/metaltale.com\/et\/produktas\/azuolines-stumdomos-durys-barn-naturali-alyva\/","url":"https:\/\/metaltale.com\/et\/produktas\/azuolines-stumdomos-durys-barn-naturali-alyva\/","name":"\u0104\u017euolin\u0117s stumdomos durys BARN nat\u016brali alyva - MetalTale.com","isPartOf":{"@id":"https:\/\/metaltale.com\/et\/#website"},"primaryImageOfPage":{"@id":"https:\/\/metaltale.com\/et\/produktas\/azuolines-stumdomos-durys-barn-naturali-alyva\/#primaryimage"},"image":{"@id":"https:\/\/metaltale.com\/et\/produktas\/azuolines-stumdomos-durys-barn-naturali-alyva\/#primaryimage"},"thumbnailUrl":"https:\/\/metaltale.com\/wp-content\/uploads\/2024\/01\/drzwi-barn-debowe-naturalne-0355.jpg","datePublished":"2024-01-19T19:01:38+00:00","dateModified":"2026-01-13T23:09:24+00:00","breadcrumb":{"@id":"https:\/\/metaltale.com\/et\/produktas\/azuolines-stumdomos-durys-barn-naturali-alyva\/#breadcrumb"},"inLanguage":"et","potentialAction":[{"@type":"ReadAction","target":["https:\/\/metaltale.com\/et\/produktas\/azuolines-stumdomos-durys-barn-naturali-alyva\/"]}]},{"@type":"ImageObject","inLanguage":"et","@id":"https:\/\/metaltale.com\/et\/produktas\/azuolines-stumdomos-durys-barn-naturali-alyva\/#primaryimage","url":"https:\/\/metaltale.com\/wp-content\/uploads\/2024\/01\/drzwi-barn-debowe-naturalne-0355.jpg","contentUrl":"https:\/\/metaltale.com\/wp-content\/uploads\/2024\/01\/drzwi-barn-debowe-naturalne-0355.jpg","width":800,"height":800,"caption":"\u0104\u017euolin\u0117s stumdomos durys BARN nat\u016brali alyva"},{"@type":"BreadcrumbList","@id":"https:\/\/metaltale.com\/et\/produktas\/azuolines-stumdomos-durys-barn-naturali-alyva\/#breadcrumb","itemListElement":[{"@type":"ListItem","position":1,"name":"Home","item":"https:\/\/metaltale.com\/et\/kodu\/"},{"@type":"ListItem","position":2,"name":"Kauplus","item":"https:\/\/metaltale.com\/et\/shop\/"},{"@type":"ListItem","position":3,"name":"\u0104\u017euolin\u0117s stumdomos durys BARN nat\u016brali alyva"}]},{"@type":"WebSite","@id":"https:\/\/metaltale.com\/et\/#website","url":"https:\/\/metaltale.com\/et\/","name":"Metaltale.com","description":"","potentialAction":[{"@type":"SearchAction","target":{"@type":"EntryPoint","urlTemplate":"https:\/\/metaltale.com\/et\/?s={search_term_string}"},"query-input":{"@type":"PropertyValueSpecification","valueRequired":true,"valueName":"search_term_string"}}],"inLanguage":"et"}]}},"_links":{"self":[{"href":"https:\/\/metaltale.com\/et\/wp-json\/wp\/v2\/product\/52887","targetHints":{"allow":["GET"]}}],"collection":[{"href":"https:\/\/metaltale.com\/et\/wp-json\/wp\/v2\/product"}],"about":[{"href":"https:\/\/metaltale.com\/et\/wp-json\/wp\/v2\/types\/product"}],"replies":[{"embeddable":true,"href":"https:\/\/metaltale.com\/et\/wp-json\/wp\/v2\/comments?post=52887"}],"version-history":[{"count":2,"href":"https:\/\/metaltale.com\/et\/wp-json\/wp\/v2\/product\/52887\/revisions"}],"predecessor-version":[{"id":142426,"href":"https:\/\/metaltale.com\/et\/wp-json\/wp\/v2\/product\/52887\/revisions\/142426"}],"wp:featuredmedia":[{"embeddable":true,"href":"https:\/\/metaltale.com\/et\/wp-json\/wp\/v2\/media\/142414"}],"wp:attachment":[{"href":"https:\/\/metaltale.com\/et\/wp-json\/wp\/v2\/media?parent=52887"}],"wp:term":[{"taxonomy":"product_brand","embeddable":true,"href":"https:\/\/metaltale.com\/et\/wp-json\/wp\/v2\/product_brand?post=52887"},{"taxonomy":"product_cat","embeddable":true,"href":"https:\/\/metaltale.com\/et\/wp-json\/wp\/v2\/product_cat?post=52887"},{"taxonomy":"product_tag","embeddable":true,"href":"https:\/\/metaltale.com\/et\/wp-json\/wp\/v2\/product_tag?post=52887"}],"curies":[{"name":"wp","href":"https:\/\/api.w.org\/{rel}","templated":true}]}}