{"id":52871,"date":"2024-01-19T21:01:25","date_gmt":"2024-01-19T19:01:25","guid":{"rendered":"https:\/\/metaltale.com\/?post_type=product&#038;p=52871"},"modified":"2026-03-26T01:09:44","modified_gmt":"2026-03-25T23:09:44","slug":"stumdomos-medines-durys-flinston-ruda-alyva","status":"publish","type":"product","link":"https:\/\/metaltale.com\/et\/produktas\/stumdomos-medines-durys-flinston-ruda-alyva\/","title":{"rendered":"Stumdomos medin\u0117s durys FLINSTON ruda alyva"},"content":{"rendered":"<p><strong>Med\u017eiaga<\/strong> \u0104\u017euolo mediena<br \/>\n<strong>Storis (cm)<\/strong> 4<br \/>\n<strong>Bendras auk\u0161tis (cm)<\/strong> 210\/220<br \/>\n<strong>Bendras plotis (cm)<\/strong> 80\/90\/100\/110<br \/>\n<strong>Svoris (kg)<\/strong> 50-54<br \/>\n<strong>Apdaila<\/strong> Ruda alyva<br \/>\n<strong>PAPILDOMA INFORMACIJA<\/strong> Pateiktas pasi\u016blymas taikomas tik vienai dur\u0173 plok\u0161tei ir neapima stumdomos sistemos ir kit\u0173 pried\u0173.<\/p>\n<hr \/>\n<p>Stumdomos durys Flinston \u2013 pasi\u016blymas \u017emon\u0117ms, kurie vertina tvirtum\u0105, originalum\u0105 ir patys kuria tendencijas.<\/p>\n<p>Durys pagamintos i\u0161 masyvios \u0105\u017euolo medienos. Konstrukcij\u0105 sudaro vertikaliai i\u0161d\u0117stytos 2 cm storio lentos, o r\u0117mas \u2013 i\u0161 4 cm storio masyvi\u0173 \u0105\u017euolo lent\u0173. Kiekvienas medienos fragmentas atrenkamas individualiai, siekiant i\u0161gauti tvirt\u0105, harmoning\u0105 ir vizualiai \u012fsp\u016bding\u0105 ra\u0161t\u0105. I\u0161or\u0117je lentos sud\u0117liotos taip, kad primint\u0173 str\u0117l\u0117s form\u0105 \u2013 tai suteikia durims i\u0161skirtinio charakterio.<\/p>\n<p>Nat\u016brali mediena i\u0161saugo savo architekt\u016br\u0105 \u2013 matomos \u0161akos, \u012ftr\u016bkimai ir strukt\u016bros nelygumai kiekvienoms durims suteikia unikalumo. Jau\u010diama medienos tekst\u016bra, ry\u0161k\u016bs riev\u0117s ra\u0161tai ir specialiai sendinta apdaila sustiprina dur\u0173 tvirtumo bei nepalau\u017eiamumo \u012fsp\u016bd\u012f.<\/p>\n<p>Montavimas yra universalus \u2013 duris galima kabinti bet kuria kryptimi (auk\u0161tyn-\u017eemyn). Rekomenduojame, kad jos b\u016bt\u0173 ma\u017edaug 10 cm platesn\u0117s ir 5 cm auk\u0161tesn\u0117s u\u017e ang\u0105. Naudojant m\u016bs\u0173 stumdom\u0173 dur\u0173 sistemas, modelis Flinston nereikalauja frezavimo apatin\u0117je dalyje.<\/p>\n<p>Standartiniai dyd\u017eiai:70, 80, 90 ir 100 cm plo\u010dio (dur\u0173 angoms).<\/p>\n<p>Flinston durys \u2013 tai \u0105\u017euolo masyvo galia, kuri interjerui suteikia charakterio, grie\u017etumo ir autenti\u0161kumo.<\/p>\n","protected":false},"excerpt":{"rendered":"<p>Med\u017eiaga \u0104\u017euolo mediena Storis (cm) 4 Bendras auk\u0161tis (cm) 210\/220 Bendras plotis (cm) 80\/90\/100\/110 Svoris (kg) 50-54 Apdaila Ruda alyva<\/p>\n","protected":false},"featured_media":142337,"comment_status":"open","ping_status":"closed","template":"","meta":{"_acf_changed":false,"pmpro_default_level":""},"product_brand":[],"product_cat":[113,150,173],"product_tag":[],"class_list":{"0":"post-52871","1":"product","2":"type-product","3":"status-publish","4":"has-post-thumbnail","6":"product_cat-stumdomos-durys-ir-priedai","7":"product_cat-stumdomos-durys","8":"product_cat-azuolines-stumdomos-durys","9":"pmpro-has-access","11":"first","12":"instock","13":"shipping-taxable","14":"purchasable","15":"product-type-variable"},"acf":[],"yoast_head":"<!-- This site is optimized with the Yoast SEO plugin v24.9 - https:\/\/yoast.com\/wordpress\/plugins\/seo\/ -->\n<title>Stumdomos medin\u0117s durys FLINSTON ruda alyva - MetalTale.com<\/title>\n<meta name=\"robots\" content=\"index, follow, max-snippet:-1, max-image-preview:large, max-video-preview:-1\" \/>\n<link rel=\"canonical\" href=\"https:\/\/metaltale.com\/et\/produktas\/stumdomos-medines-durys-flinston-ruda-alyva\/\" \/>\n<meta property=\"og:locale\" content=\"et_EE\" \/>\n<meta property=\"og:type\" content=\"article\" \/>\n<meta property=\"og:title\" content=\"Stumdomos medin\u0117s durys FLINSTON ruda alyva - MetalTale.com\" \/>\n<meta property=\"og:description\" content=\"Med\u017eiaga \u0104\u017euolo mediena Storis (cm) 4 Bendras auk\u0161tis (cm) 210\/220 Bendras plotis (cm) 80\/90\/100\/110 Svoris (kg) 50-54 Apdaila Ruda alyva\" \/>\n<meta property=\"og:url\" content=\"https:\/\/metaltale.com\/et\/produktas\/stumdomos-medines-durys-flinston-ruda-alyva\/\" \/>\n<meta property=\"og:site_name\" content=\"MetalTale.com\" \/>\n<meta property=\"article:modified_time\" content=\"2026-03-25T23:09:44+00:00\" \/>\n<meta property=\"og:image\" content=\"http:\/\/metaltale.com\/wp-content\/uploads\/2024\/01\/drzwi_finston_braz-4363_1_1.jpg\" \/>\n\t<meta property=\"og:image:width\" content=\"800\" \/>\n\t<meta property=\"og:image:height\" content=\"800\" \/>\n\t<meta property=\"og:image:type\" content=\"image\/jpeg\" \/>\n<meta name=\"twitter:card\" content=\"summary_large_image\" \/>\n<meta name=\"twitter:label1\" content=\"Est. reading time\" \/>\n\t<meta name=\"twitter:data1\" content=\"2 minutit\" \/>\n<script type=\"application\/ld+json\" class=\"yoast-schema-graph\">{\"@context\":\"https:\/\/schema.org\",\"@graph\":[{\"@type\":\"WebPage\",\"@id\":\"https:\/\/metaltale.com\/et\/produktas\/stumdomos-medines-durys-flinston-ruda-alyva\/\",\"url\":\"https:\/\/metaltale.com\/et\/produktas\/stumdomos-medines-durys-flinston-ruda-alyva\/\",\"name\":\"Stumdomos medin\u0117s durys FLINSTON ruda alyva - MetalTale.com\",\"isPartOf\":{\"@id\":\"https:\/\/metaltale.com\/et\/#website\"},\"primaryImageOfPage\":{\"@id\":\"https:\/\/metaltale.com\/et\/produktas\/stumdomos-medines-durys-flinston-ruda-alyva\/#primaryimage\"},\"image\":{\"@id\":\"https:\/\/metaltale.com\/et\/produktas\/stumdomos-medines-durys-flinston-ruda-alyva\/#primaryimage\"},\"thumbnailUrl\":\"https:\/\/metaltale.com\/wp-content\/uploads\/2024\/01\/drzwi_finston_braz-4363_1_1.jpg\",\"datePublished\":\"2024-01-19T19:01:25+00:00\",\"dateModified\":\"2026-03-25T23:09:44+00:00\",\"breadcrumb\":{\"@id\":\"https:\/\/metaltale.com\/et\/produktas\/stumdomos-medines-durys-flinston-ruda-alyva\/#breadcrumb\"},\"inLanguage\":\"et\",\"potentialAction\":[{\"@type\":\"ReadAction\",\"target\":[\"https:\/\/metaltale.com\/et\/produktas\/stumdomos-medines-durys-flinston-ruda-alyva\/\"]}]},{\"@type\":\"ImageObject\",\"inLanguage\":\"et\",\"@id\":\"https:\/\/metaltale.com\/et\/produktas\/stumdomos-medines-durys-flinston-ruda-alyva\/#primaryimage\",\"url\":\"https:\/\/metaltale.com\/wp-content\/uploads\/2024\/01\/drzwi_finston_braz-4363_1_1.jpg\",\"contentUrl\":\"https:\/\/metaltale.com\/wp-content\/uploads\/2024\/01\/drzwi_finston_braz-4363_1_1.jpg\",\"width\":800,\"height\":800,\"caption\":\"Stumdomos medin\u0117s durys FLINSTON ruda alyva\"},{\"@type\":\"BreadcrumbList\",\"@id\":\"https:\/\/metaltale.com\/et\/produktas\/stumdomos-medines-durys-flinston-ruda-alyva\/#breadcrumb\",\"itemListElement\":[{\"@type\":\"ListItem\",\"position\":1,\"name\":\"Home\",\"item\":\"https:\/\/metaltale.com\/et\/kodu\/\"},{\"@type\":\"ListItem\",\"position\":2,\"name\":\"Kauplus\",\"item\":\"https:\/\/metaltale.com\/et\/shop\/\"},{\"@type\":\"ListItem\",\"position\":3,\"name\":\"Stumdomos medin\u0117s durys FLINSTON ruda alyva\"}]},{\"@type\":\"WebSite\",\"@id\":\"https:\/\/metaltale.com\/et\/#website\",\"url\":\"https:\/\/metaltale.com\/et\/\",\"name\":\"Metaltale.com\",\"description\":\"\",\"potentialAction\":[{\"@type\":\"SearchAction\",\"target\":{\"@type\":\"EntryPoint\",\"urlTemplate\":\"https:\/\/metaltale.com\/et\/?s={search_term_string}\"},\"query-input\":{\"@type\":\"PropertyValueSpecification\",\"valueRequired\":true,\"valueName\":\"search_term_string\"}}],\"inLanguage\":\"et\"}]}<\/script>\n<!-- \/ Yoast SEO plugin. -->","yoast_head_json":{"title":"Stumdomos medin\u0117s durys FLINSTON ruda alyva - MetalTale.com","robots":{"index":"index","follow":"follow","max-snippet":"max-snippet:-1","max-image-preview":"max-image-preview:large","max-video-preview":"max-video-preview:-1"},"canonical":"https:\/\/metaltale.com\/et\/produktas\/stumdomos-medines-durys-flinston-ruda-alyva\/","og_locale":"et_EE","og_type":"article","og_title":"Stumdomos medin\u0117s durys FLINSTON ruda alyva - MetalTale.com","og_description":"Med\u017eiaga \u0104\u017euolo mediena Storis (cm) 4 Bendras auk\u0161tis (cm) 210\/220 Bendras plotis (cm) 80\/90\/100\/110 Svoris (kg) 50-54 Apdaila Ruda alyva","og_url":"https:\/\/metaltale.com\/et\/produktas\/stumdomos-medines-durys-flinston-ruda-alyva\/","og_site_name":"MetalTale.com","article_modified_time":"2026-03-25T23:09:44+00:00","og_image":[{"width":800,"height":800,"url":"http:\/\/metaltale.com\/wp-content\/uploads\/2024\/01\/drzwi_finston_braz-4363_1_1.jpg","type":"image\/jpeg"}],"twitter_card":"summary_large_image","twitter_misc":{"Est. reading time":"2 minutit"},"schema":{"@context":"https:\/\/schema.org","@graph":[{"@type":"WebPage","@id":"https:\/\/metaltale.com\/et\/produktas\/stumdomos-medines-durys-flinston-ruda-alyva\/","url":"https:\/\/metaltale.com\/et\/produktas\/stumdomos-medines-durys-flinston-ruda-alyva\/","name":"Stumdomos medin\u0117s durys FLINSTON ruda alyva - MetalTale.com","isPartOf":{"@id":"https:\/\/metaltale.com\/et\/#website"},"primaryImageOfPage":{"@id":"https:\/\/metaltale.com\/et\/produktas\/stumdomos-medines-durys-flinston-ruda-alyva\/#primaryimage"},"image":{"@id":"https:\/\/metaltale.com\/et\/produktas\/stumdomos-medines-durys-flinston-ruda-alyva\/#primaryimage"},"thumbnailUrl":"https:\/\/metaltale.com\/wp-content\/uploads\/2024\/01\/drzwi_finston_braz-4363_1_1.jpg","datePublished":"2024-01-19T19:01:25+00:00","dateModified":"2026-03-25T23:09:44+00:00","breadcrumb":{"@id":"https:\/\/metaltale.com\/et\/produktas\/stumdomos-medines-durys-flinston-ruda-alyva\/#breadcrumb"},"inLanguage":"et","potentialAction":[{"@type":"ReadAction","target":["https:\/\/metaltale.com\/et\/produktas\/stumdomos-medines-durys-flinston-ruda-alyva\/"]}]},{"@type":"ImageObject","inLanguage":"et","@id":"https:\/\/metaltale.com\/et\/produktas\/stumdomos-medines-durys-flinston-ruda-alyva\/#primaryimage","url":"https:\/\/metaltale.com\/wp-content\/uploads\/2024\/01\/drzwi_finston_braz-4363_1_1.jpg","contentUrl":"https:\/\/metaltale.com\/wp-content\/uploads\/2024\/01\/drzwi_finston_braz-4363_1_1.jpg","width":800,"height":800,"caption":"Stumdomos medin\u0117s durys FLINSTON ruda alyva"},{"@type":"BreadcrumbList","@id":"https:\/\/metaltale.com\/et\/produktas\/stumdomos-medines-durys-flinston-ruda-alyva\/#breadcrumb","itemListElement":[{"@type":"ListItem","position":1,"name":"Home","item":"https:\/\/metaltale.com\/et\/kodu\/"},{"@type":"ListItem","position":2,"name":"Kauplus","item":"https:\/\/metaltale.com\/et\/shop\/"},{"@type":"ListItem","position":3,"name":"Stumdomos medin\u0117s durys FLINSTON ruda alyva"}]},{"@type":"WebSite","@id":"https:\/\/metaltale.com\/et\/#website","url":"https:\/\/metaltale.com\/et\/","name":"Metaltale.com","description":"","potentialAction":[{"@type":"SearchAction","target":{"@type":"EntryPoint","urlTemplate":"https:\/\/metaltale.com\/et\/?s={search_term_string}"},"query-input":{"@type":"PropertyValueSpecification","valueRequired":true,"valueName":"search_term_string"}}],"inLanguage":"et"}]}},"_links":{"self":[{"href":"https:\/\/metaltale.com\/et\/wp-json\/wp\/v2\/product\/52871","targetHints":{"allow":["GET"]}}],"collection":[{"href":"https:\/\/metaltale.com\/et\/wp-json\/wp\/v2\/product"}],"about":[{"href":"https:\/\/metaltale.com\/et\/wp-json\/wp\/v2\/types\/product"}],"replies":[{"embeddable":true,"href":"https:\/\/metaltale.com\/et\/wp-json\/wp\/v2\/comments?post=52871"}],"version-history":[{"count":3,"href":"https:\/\/metaltale.com\/et\/wp-json\/wp\/v2\/product\/52871\/revisions"}],"predecessor-version":[{"id":142350,"href":"https:\/\/metaltale.com\/et\/wp-json\/wp\/v2\/product\/52871\/revisions\/142350"}],"wp:featuredmedia":[{"embeddable":true,"href":"https:\/\/metaltale.com\/et\/wp-json\/wp\/v2\/media\/142337"}],"wp:attachment":[{"href":"https:\/\/metaltale.com\/et\/wp-json\/wp\/v2\/media?parent=52871"}],"wp:term":[{"taxonomy":"product_brand","embeddable":true,"href":"https:\/\/metaltale.com\/et\/wp-json\/wp\/v2\/product_brand?post=52871"},{"taxonomy":"product_cat","embeddable":true,"href":"https:\/\/metaltale.com\/et\/wp-json\/wp\/v2\/product_cat?post=52871"},{"taxonomy":"product_tag","embeddable":true,"href":"https:\/\/metaltale.com\/et\/wp-json\/wp\/v2\/product_tag?post=52871"}],"curies":[{"name":"wp","href":"https:\/\/api.w.org\/{rel}","templated":true}]}}