{"id":52088,"date":"2024-01-19T20:50:45","date_gmt":"2024-01-19T18:50:45","guid":{"rendered":"https:\/\/metaltale.com\/?post_type=product&#038;p=52088"},"modified":"2026-01-29T02:01:21","modified_gmt":"2026-01-29T00:01:21","slug":"sieninis-laikiklis-antrosioms-stumdomoms-durims","status":"publish","type":"product","link":"https:\/\/metaltale.com\/et\/produktas\/sieninis-laikiklis-antrosioms-stumdomoms-durims\/","title":{"rendered":"Sieninis laikiklis antrosioms stumdomoms durims"},"content":{"rendered":"<p><strong>Med\u017eiaga<\/strong> Plienas<br \/>\n<strong>Bendras ilgis (cm)<\/strong> 8<br \/>\n<strong>Storis (cm)<\/strong> 0,5<br \/>\n<strong>Bendras auk\u0161tis (cm)<\/strong> 22<br \/>\n<strong>Bendras plotis (cm)<\/strong> 6<br \/>\n<strong>Spalva<\/strong> Juodas<br \/>\n<strong>Vienet\u0173 skai\u010dius rinkinyje<\/strong> 1 vnt.<br \/>\n<strong>Papildoma informacija<\/strong> Produktas neturi montavimo element\u0173<\/p>\n<p>komplekte yra 1 laikiklis, 1 var\u017etas b\u0117geliui ir 2 medsraig\u010diai sienai<\/p>\n<p>200 cm ilgio b\u0117geliui rekomenduojama naudoti 5 laikiklius<\/p>\n<p>naudojant 2 vienv\u0117ri\u0173 dur\u0173 b\u0117gelius ir 5 laikiklius galima sukurti piln\u0105 prasilenkian\u010di\u0173 stumdom\u0173 dur\u0173 sistem\u0105<\/p>\n<hr \/>\n<p>Bypass tipo laikiklis sukurtas tiems, kurie nori sumontuoti stumdomas duris prasilenkian\u010dioje sistemoje \u2013 tai yra du vienas ant kito u\u017eslenkantys dur\u0173 var\u010dios sparnai. Toks sprendimas puikiai tinka siauruose kambariuose, kur n\u0117ra galimyb\u0117s naudoti dviv\u0117ri\u0173 dur\u0173, tradici\u0161kai stumdom\u0173 \u012f \u0161onus (judan\u010di\u0173 viena linija b\u0117geliu). Prasilenkian\u010dios stumdomos durys yra geras pasirinkimas drabu\u017ein\u0117se, sand\u0117liukuose, tamb\u016bruose ir skalbyklose. \u0160i sistema taip pat naudojama ni\u0161\u0173 u\u017edengimui vietoje tradicini\u0173 sienini\u0173 spint\u0173.<\/p>\n","protected":false},"excerpt":{"rendered":"<p>Med\u017eiaga Plienas Bendras ilgis (cm) 8 Storis (cm) 0,5 Bendras auk\u0161tis (cm) 22 Bendras plotis (cm) 6 Spalva Juodas Vienet\u0173<\/p>\n","protected":false},"featured_media":142895,"comment_status":"open","ping_status":"closed","template":"","meta":{"_acf_changed":false,"pmpro_default_level":""},"product_brand":[],"product_cat":[22499,113],"product_tag":[],"class_list":{"0":"post-52088","1":"product","2":"type-product","3":"status-publish","4":"has-post-thumbnail","6":"product_cat-stumdomu-duru-priedai","7":"product_cat-stumdomos-durys-ir-priedai","8":"pmpro-has-access","10":"first","11":"instock","12":"shipping-taxable","13":"purchasable","14":"product-type-simple"},"acf":[],"yoast_head":"<!-- This site is optimized with the Yoast SEO plugin v24.9 - https:\/\/yoast.com\/wordpress\/plugins\/seo\/ -->\n<title>Sieninis laikiklis antrosioms stumdomoms durims - MetalTale.com<\/title>\n<meta name=\"robots\" content=\"index, follow, max-snippet:-1, max-image-preview:large, max-video-preview:-1\" \/>\n<link rel=\"canonical\" href=\"https:\/\/metaltale.com\/et\/produktas\/sieninis-laikiklis-antrosioms-stumdomoms-durims\/\" \/>\n<meta property=\"og:locale\" content=\"et_EE\" \/>\n<meta property=\"og:type\" content=\"article\" \/>\n<meta property=\"og:title\" content=\"Sieninis laikiklis antrosioms stumdomoms durims - MetalTale.com\" \/>\n<meta property=\"og:description\" content=\"Med\u017eiaga Plienas Bendras ilgis (cm) 8 Storis (cm) 0,5 Bendras auk\u0161tis (cm) 22 Bendras plotis (cm) 6 Spalva Juodas Vienet\u0173\" \/>\n<meta property=\"og:url\" content=\"https:\/\/metaltale.com\/et\/produktas\/sieninis-laikiklis-antrosioms-stumdomoms-durims\/\" \/>\n<meta property=\"og:site_name\" content=\"MetalTale.com\" \/>\n<meta property=\"article:modified_time\" content=\"2026-01-29T00:01:21+00:00\" \/>\n<meta property=\"og:image\" content=\"http:\/\/metaltale.com\/wp-content\/uploads\/2024\/01\/nngngn.jpg\" \/>\n\t<meta property=\"og:image:width\" content=\"800\" \/>\n\t<meta property=\"og:image:height\" content=\"800\" \/>\n\t<meta property=\"og:image:type\" content=\"image\/jpeg\" \/>\n<meta name=\"twitter:card\" content=\"summary_large_image\" \/>\n<meta name=\"twitter:label1\" content=\"Est. reading time\" \/>\n\t<meta name=\"twitter:data1\" content=\"1 minut\" \/>\n<script type=\"application\/ld+json\" class=\"yoast-schema-graph\">{\"@context\":\"https:\/\/schema.org\",\"@graph\":[{\"@type\":\"WebPage\",\"@id\":\"https:\/\/metaltale.com\/et\/produktas\/sieninis-laikiklis-antrosioms-stumdomoms-durims\/\",\"url\":\"https:\/\/metaltale.com\/et\/produktas\/sieninis-laikiklis-antrosioms-stumdomoms-durims\/\",\"name\":\"Sieninis laikiklis antrosioms stumdomoms durims - MetalTale.com\",\"isPartOf\":{\"@id\":\"https:\/\/metaltale.com\/et\/#website\"},\"primaryImageOfPage\":{\"@id\":\"https:\/\/metaltale.com\/et\/produktas\/sieninis-laikiklis-antrosioms-stumdomoms-durims\/#primaryimage\"},\"image\":{\"@id\":\"https:\/\/metaltale.com\/et\/produktas\/sieninis-laikiklis-antrosioms-stumdomoms-durims\/#primaryimage\"},\"thumbnailUrl\":\"https:\/\/metaltale.com\/wp-content\/uploads\/2024\/01\/nngngn.jpg\",\"datePublished\":\"2024-01-19T18:50:45+00:00\",\"dateModified\":\"2026-01-29T00:01:21+00:00\",\"breadcrumb\":{\"@id\":\"https:\/\/metaltale.com\/et\/produktas\/sieninis-laikiklis-antrosioms-stumdomoms-durims\/#breadcrumb\"},\"inLanguage\":\"et\",\"potentialAction\":[{\"@type\":\"ReadAction\",\"target\":[\"https:\/\/metaltale.com\/et\/produktas\/sieninis-laikiklis-antrosioms-stumdomoms-durims\/\"]}]},{\"@type\":\"ImageObject\",\"inLanguage\":\"et\",\"@id\":\"https:\/\/metaltale.com\/et\/produktas\/sieninis-laikiklis-antrosioms-stumdomoms-durims\/#primaryimage\",\"url\":\"https:\/\/metaltale.com\/wp-content\/uploads\/2024\/01\/nngngn.jpg\",\"contentUrl\":\"https:\/\/metaltale.com\/wp-content\/uploads\/2024\/01\/nngngn.jpg\",\"width\":800,\"height\":800,\"caption\":\"Sieninis laikiklis antrosioms stumdomoms durims\"},{\"@type\":\"BreadcrumbList\",\"@id\":\"https:\/\/metaltale.com\/et\/produktas\/sieninis-laikiklis-antrosioms-stumdomoms-durims\/#breadcrumb\",\"itemListElement\":[{\"@type\":\"ListItem\",\"position\":1,\"name\":\"Home\",\"item\":\"https:\/\/metaltale.com\/et\/kodu\/\"},{\"@type\":\"ListItem\",\"position\":2,\"name\":\"Kauplus\",\"item\":\"https:\/\/metaltale.com\/et\/shop\/\"},{\"@type\":\"ListItem\",\"position\":3,\"name\":\"Sieninis laikiklis antrosioms stumdomoms durims\"}]},{\"@type\":\"WebSite\",\"@id\":\"https:\/\/metaltale.com\/et\/#website\",\"url\":\"https:\/\/metaltale.com\/et\/\",\"name\":\"Metaltale.com\",\"description\":\"\",\"potentialAction\":[{\"@type\":\"SearchAction\",\"target\":{\"@type\":\"EntryPoint\",\"urlTemplate\":\"https:\/\/metaltale.com\/et\/?s={search_term_string}\"},\"query-input\":{\"@type\":\"PropertyValueSpecification\",\"valueRequired\":true,\"valueName\":\"search_term_string\"}}],\"inLanguage\":\"et\"}]}<\/script>\n<!-- \/ Yoast SEO plugin. -->","yoast_head_json":{"title":"Sieninis laikiklis antrosioms stumdomoms durims - MetalTale.com","robots":{"index":"index","follow":"follow","max-snippet":"max-snippet:-1","max-image-preview":"max-image-preview:large","max-video-preview":"max-video-preview:-1"},"canonical":"https:\/\/metaltale.com\/et\/produktas\/sieninis-laikiklis-antrosioms-stumdomoms-durims\/","og_locale":"et_EE","og_type":"article","og_title":"Sieninis laikiklis antrosioms stumdomoms durims - MetalTale.com","og_description":"Med\u017eiaga Plienas Bendras ilgis (cm) 8 Storis (cm) 0,5 Bendras auk\u0161tis (cm) 22 Bendras plotis (cm) 6 Spalva Juodas Vienet\u0173","og_url":"https:\/\/metaltale.com\/et\/produktas\/sieninis-laikiklis-antrosioms-stumdomoms-durims\/","og_site_name":"MetalTale.com","article_modified_time":"2026-01-29T00:01:21+00:00","og_image":[{"width":800,"height":800,"url":"http:\/\/metaltale.com\/wp-content\/uploads\/2024\/01\/nngngn.jpg","type":"image\/jpeg"}],"twitter_card":"summary_large_image","twitter_misc":{"Est. reading time":"1 minut"},"schema":{"@context":"https:\/\/schema.org","@graph":[{"@type":"WebPage","@id":"https:\/\/metaltale.com\/et\/produktas\/sieninis-laikiklis-antrosioms-stumdomoms-durims\/","url":"https:\/\/metaltale.com\/et\/produktas\/sieninis-laikiklis-antrosioms-stumdomoms-durims\/","name":"Sieninis laikiklis antrosioms stumdomoms durims - MetalTale.com","isPartOf":{"@id":"https:\/\/metaltale.com\/et\/#website"},"primaryImageOfPage":{"@id":"https:\/\/metaltale.com\/et\/produktas\/sieninis-laikiklis-antrosioms-stumdomoms-durims\/#primaryimage"},"image":{"@id":"https:\/\/metaltale.com\/et\/produktas\/sieninis-laikiklis-antrosioms-stumdomoms-durims\/#primaryimage"},"thumbnailUrl":"https:\/\/metaltale.com\/wp-content\/uploads\/2024\/01\/nngngn.jpg","datePublished":"2024-01-19T18:50:45+00:00","dateModified":"2026-01-29T00:01:21+00:00","breadcrumb":{"@id":"https:\/\/metaltale.com\/et\/produktas\/sieninis-laikiklis-antrosioms-stumdomoms-durims\/#breadcrumb"},"inLanguage":"et","potentialAction":[{"@type":"ReadAction","target":["https:\/\/metaltale.com\/et\/produktas\/sieninis-laikiklis-antrosioms-stumdomoms-durims\/"]}]},{"@type":"ImageObject","inLanguage":"et","@id":"https:\/\/metaltale.com\/et\/produktas\/sieninis-laikiklis-antrosioms-stumdomoms-durims\/#primaryimage","url":"https:\/\/metaltale.com\/wp-content\/uploads\/2024\/01\/nngngn.jpg","contentUrl":"https:\/\/metaltale.com\/wp-content\/uploads\/2024\/01\/nngngn.jpg","width":800,"height":800,"caption":"Sieninis laikiklis antrosioms stumdomoms durims"},{"@type":"BreadcrumbList","@id":"https:\/\/metaltale.com\/et\/produktas\/sieninis-laikiklis-antrosioms-stumdomoms-durims\/#breadcrumb","itemListElement":[{"@type":"ListItem","position":1,"name":"Home","item":"https:\/\/metaltale.com\/et\/kodu\/"},{"@type":"ListItem","position":2,"name":"Kauplus","item":"https:\/\/metaltale.com\/et\/shop\/"},{"@type":"ListItem","position":3,"name":"Sieninis laikiklis antrosioms stumdomoms durims"}]},{"@type":"WebSite","@id":"https:\/\/metaltale.com\/et\/#website","url":"https:\/\/metaltale.com\/et\/","name":"Metaltale.com","description":"","potentialAction":[{"@type":"SearchAction","target":{"@type":"EntryPoint","urlTemplate":"https:\/\/metaltale.com\/et\/?s={search_term_string}"},"query-input":{"@type":"PropertyValueSpecification","valueRequired":true,"valueName":"search_term_string"}}],"inLanguage":"et"}]}},"_links":{"self":[{"href":"https:\/\/metaltale.com\/et\/wp-json\/wp\/v2\/product\/52088","targetHints":{"allow":["GET"]}}],"collection":[{"href":"https:\/\/metaltale.com\/et\/wp-json\/wp\/v2\/product"}],"about":[{"href":"https:\/\/metaltale.com\/et\/wp-json\/wp\/v2\/types\/product"}],"replies":[{"embeddable":true,"href":"https:\/\/metaltale.com\/et\/wp-json\/wp\/v2\/comments?post=52088"}],"version-history":[{"count":2,"href":"https:\/\/metaltale.com\/et\/wp-json\/wp\/v2\/product\/52088\/revisions"}],"predecessor-version":[{"id":142900,"href":"https:\/\/metaltale.com\/et\/wp-json\/wp\/v2\/product\/52088\/revisions\/142900"}],"wp:featuredmedia":[{"embeddable":true,"href":"https:\/\/metaltale.com\/et\/wp-json\/wp\/v2\/media\/142895"}],"wp:attachment":[{"href":"https:\/\/metaltale.com\/et\/wp-json\/wp\/v2\/media?parent=52088"}],"wp:term":[{"taxonomy":"product_brand","embeddable":true,"href":"https:\/\/metaltale.com\/et\/wp-json\/wp\/v2\/product_brand?post=52088"},{"taxonomy":"product_cat","embeddable":true,"href":"https:\/\/metaltale.com\/et\/wp-json\/wp\/v2\/product_cat?post=52088"},{"taxonomy":"product_tag","embeddable":true,"href":"https:\/\/metaltale.com\/et\/wp-json\/wp\/v2\/product_tag?post=52088"}],"curies":[{"name":"wp","href":"https:\/\/api.w.org\/{rel}","templated":true}]}}