{"id":52062,"date":"2024-01-19T20:50:29","date_gmt":"2024-01-19T18:50:29","guid":{"rendered":"https:\/\/metaltale.com\/?post_type=product&#038;p=52062"},"modified":"2026-01-01T02:00:26","modified_gmt":"2026-01-01T00:00:26","slug":"stumdomu-duru-sistema-stiklinems-durims-old-glass-black","status":"publish","type":"product","link":"https:\/\/metaltale.com\/et\/produktas\/stumdomu-duru-sistema-stiklinems-durims-old-glass-black\/","title":{"rendered":"Stumdom\u0173 dur\u0173 sistema stiklin\u0117ms durims OLD GLASS BLACK"},"content":{"rendered":"<p><strong>Med\u017eiaga<\/strong>\u00a0Metalas<br \/>\n<strong>Bendras ilgis [cm]<\/strong>\u00a0200<br \/>\n<strong>Montavimas<\/strong>\u00a0Prie sienos<br \/>\n<strong>Spalva<\/strong>\u00a0Juoda<br \/>\n<strong>Stiklo storis (cm)\u00a0<\/strong> 0,4\u20131<\/p>\n<p><strong>Rinkin\u012f sudaro:<\/strong><\/p>\n<ul>\n<li>metalin\u0117 b\u0117gel\u0117 200 cm (2 x 100 cm)<\/li>\n<li>dekoratyviniai guoliuoti ratukai (2 vnt.)<\/li>\n<li>tarpin\u0117s (5 vnt.)<\/li>\n<li>horizontal\u016bs ribotuvai (2 vnt.) ir vertikal\u016bs ribotuvai (2 vnt.)<\/li>\n<li>grind\u0173 vedlys (1 vnt.)<\/li>\n<li>montavimo komplektas: var\u017etai, savisriegiai ir pover\u017el\u0117s<\/li>\n<\/ul>\n<p><strong>Produkto savyb\u0117s:<\/strong><\/p>\n<p>pasi\u016blymas apima vienv\u0117ri\u0173 stumdom\u0173 dur\u0173 sistem\u0105, montuojam\u0105 prie sienos<\/p>\n<p>modelis skirtas stumdomoms stiklin\u0117ms durims arba durims i\u0161 stiklo pakaital\u0173 (polikarbonatas, plexiglas ir pan.)<\/p>\n<p>atlikti dinaminiai testai patvirtino auk\u0161\u010diausi\u0105 kokyb\u0119 ir saugum\u0105<\/p>\n<p>komplekte yra apatinis vedlys, montuojamas prie grind\u0173<\/p>\n<p>horizontal\u016bs ribotuvai b\u0117gelio galuose, apatinis vedlys ir vertikal\u016bs ribotuvai po b\u0117geliu stabilizuoja duris ir apsaugo nuo nukritimo nuo b\u0117gelio<\/p>\n<p>penki montavimo ta\u0161kai garantuoja stabilum\u0105, saugum\u0105 ir ilgaam\u017ei\u0161kum\u0105<\/p>\n<p>komplekte yra var\u017etai, leid\u017eiantys montuoti tiek medin\u0117se konstrukcijose, tiek m\u016briniuose sienose<\/p>\n<p>sistema pasi\u017eymi itin paprastu ir intuityviu montavimu<\/p>\n<p>kruop\u0161ti siunt\u0173 kontrol\u0117 ir auk\u0161\u010diausios kokyb\u0117s pakavimas garantuoja klient\u0173 pasitenkinim\u0105<\/p>\n<p><strong>Apie produkt\u0105:<\/strong><\/p>\n<p>Stiklin\u0117s durys \u2013 \u012fsp\u016bdingas nam\u0173 ir but\u0173 interjero elementas, nepriklausomai nuo stiliaus. Jos suteikia kiekvienam interjerui ai\u0161k\u0173 elegancijos akcent\u0105. \u201eGlass\u201c serijos b\u0117geliai puikiai pabr\u0117\u017eia toki\u0173 dur\u0173 gracij\u0105. Tikslus gaminimas, atid\u017eiai pri\u017ei\u016brint kiekvien\u0105 detal\u0119, garantuoja saug\u0173 ir patog\u0173 naudojim\u0105. Produktai pasi\u017eymi itin tylia ir lengva eiga. \u201eGlass\u201c stumdom\u0173 dur\u0173 sistemos \u2013 tai visi\u0161ko pasitenkinimo garantija. Tai prakti\u0161k\u0173 ir esteti\u0161k\u0173 sprendim\u0173 pasi\u016blymas net patiems reikliausiems.<\/p>\n","protected":false},"excerpt":{"rendered":"<p>Med\u017eiaga\u00a0Metalas Bendras ilgis [cm]\u00a0200 Montavimas\u00a0Prie sienos Spalva\u00a0Juoda Stiklo storis (cm)\u00a0 0,4\u20131 Rinkin\u012f sudaro: metalin\u0117 b\u0117gel\u0117 200 cm (2 x 100<\/p>\n","protected":false},"featured_media":141811,"comment_status":"open","ping_status":"closed","template":"","meta":{"_acf_changed":false,"pmpro_default_level":""},"product_brand":[],"product_cat":[113,219],"product_tag":[],"class_list":{"0":"post-52062","1":"product","2":"type-product","3":"status-publish","4":"has-post-thumbnail","6":"product_cat-stumdomos-durys-ir-priedai","7":"product_cat-stumdomu-duru-sistemos","8":"pmpro-has-access","10":"first","11":"instock","12":"shipping-taxable","13":"purchasable","14":"product-type-simple"},"acf":[],"yoast_head":"<!-- This site is optimized with the Yoast SEO plugin v24.9 - https:\/\/yoast.com\/wordpress\/plugins\/seo\/ -->\n<title>Stumdom\u0173 dur\u0173 sistema stiklin\u0117ms durims OLD GLASS BLACK - MetalTale.com<\/title>\n<meta name=\"robots\" content=\"index, follow, max-snippet:-1, max-image-preview:large, max-video-preview:-1\" \/>\n<link rel=\"canonical\" href=\"https:\/\/metaltale.com\/et\/produktas\/stumdomu-duru-sistema-stiklinems-durims-old-glass-black\/\" \/>\n<meta property=\"og:locale\" content=\"et_EE\" \/>\n<meta property=\"og:type\" content=\"article\" \/>\n<meta property=\"og:title\" content=\"Stumdom\u0173 dur\u0173 sistema stiklin\u0117ms durims OLD GLASS BLACK - MetalTale.com\" \/>\n<meta property=\"og:description\" content=\"Med\u017eiaga\u00a0Metalas Bendras ilgis [cm]\u00a0200 Montavimas\u00a0Prie sienos Spalva\u00a0Juoda Stiklo storis (cm)\u00a0 0,4\u20131 Rinkin\u012f sudaro: metalin\u0117 b\u0117gel\u0117 200 cm (2 x 100\" \/>\n<meta property=\"og:url\" content=\"https:\/\/metaltale.com\/et\/produktas\/stumdomu-duru-sistema-stiklinems-durims-old-glass-black\/\" \/>\n<meta property=\"og:site_name\" content=\"MetalTale.com\" \/>\n<meta property=\"article:modified_time\" content=\"2026-01-01T00:00:26+00:00\" \/>\n<meta property=\"og:image\" content=\"http:\/\/metaltale.com\/wp-content\/uploads\/2024\/01\/prowadnica-do-szkla-765.jpg\" \/>\n\t<meta property=\"og:image:width\" content=\"800\" \/>\n\t<meta property=\"og:image:height\" content=\"800\" \/>\n\t<meta property=\"og:image:type\" content=\"image\/jpeg\" \/>\n<meta name=\"twitter:card\" content=\"summary_large_image\" \/>\n<meta name=\"twitter:label1\" content=\"Est. reading time\" \/>\n\t<meta name=\"twitter:data1\" content=\"2 minutit\" \/>\n<script type=\"application\/ld+json\" class=\"yoast-schema-graph\">{\"@context\":\"https:\/\/schema.org\",\"@graph\":[{\"@type\":\"WebPage\",\"@id\":\"https:\/\/metaltale.com\/et\/produktas\/stumdomu-duru-sistema-stiklinems-durims-old-glass-black\/\",\"url\":\"https:\/\/metaltale.com\/et\/produktas\/stumdomu-duru-sistema-stiklinems-durims-old-glass-black\/\",\"name\":\"Stumdom\u0173 dur\u0173 sistema stiklin\u0117ms durims OLD GLASS BLACK - MetalTale.com\",\"isPartOf\":{\"@id\":\"https:\/\/metaltale.com\/et\/#website\"},\"primaryImageOfPage\":{\"@id\":\"https:\/\/metaltale.com\/et\/produktas\/stumdomu-duru-sistema-stiklinems-durims-old-glass-black\/#primaryimage\"},\"image\":{\"@id\":\"https:\/\/metaltale.com\/et\/produktas\/stumdomu-duru-sistema-stiklinems-durims-old-glass-black\/#primaryimage\"},\"thumbnailUrl\":\"https:\/\/metaltale.com\/wp-content\/uploads\/2024\/01\/prowadnica-do-szkla-765.jpg\",\"datePublished\":\"2024-01-19T18:50:29+00:00\",\"dateModified\":\"2026-01-01T00:00:26+00:00\",\"breadcrumb\":{\"@id\":\"https:\/\/metaltale.com\/et\/produktas\/stumdomu-duru-sistema-stiklinems-durims-old-glass-black\/#breadcrumb\"},\"inLanguage\":\"et\",\"potentialAction\":[{\"@type\":\"ReadAction\",\"target\":[\"https:\/\/metaltale.com\/et\/produktas\/stumdomu-duru-sistema-stiklinems-durims-old-glass-black\/\"]}]},{\"@type\":\"ImageObject\",\"inLanguage\":\"et\",\"@id\":\"https:\/\/metaltale.com\/et\/produktas\/stumdomu-duru-sistema-stiklinems-durims-old-glass-black\/#primaryimage\",\"url\":\"https:\/\/metaltale.com\/wp-content\/uploads\/2024\/01\/prowadnica-do-szkla-765.jpg\",\"contentUrl\":\"https:\/\/metaltale.com\/wp-content\/uploads\/2024\/01\/prowadnica-do-szkla-765.jpg\",\"width\":800,\"height\":800,\"caption\":\"Stumdom\u0173 dur\u0173 sistema stiklin\u0117ms durims OLD GLASS BLACK\"},{\"@type\":\"BreadcrumbList\",\"@id\":\"https:\/\/metaltale.com\/et\/produktas\/stumdomu-duru-sistema-stiklinems-durims-old-glass-black\/#breadcrumb\",\"itemListElement\":[{\"@type\":\"ListItem\",\"position\":1,\"name\":\"Home\",\"item\":\"https:\/\/metaltale.com\/et\/kodu\/\"},{\"@type\":\"ListItem\",\"position\":2,\"name\":\"Kauplus\",\"item\":\"https:\/\/metaltale.com\/et\/shop\/\"},{\"@type\":\"ListItem\",\"position\":3,\"name\":\"Stumdom\u0173 dur\u0173 sistema stiklin\u0117ms durims OLD GLASS BLACK\"}]},{\"@type\":\"WebSite\",\"@id\":\"https:\/\/metaltale.com\/et\/#website\",\"url\":\"https:\/\/metaltale.com\/et\/\",\"name\":\"Metaltale.com\",\"description\":\"\",\"potentialAction\":[{\"@type\":\"SearchAction\",\"target\":{\"@type\":\"EntryPoint\",\"urlTemplate\":\"https:\/\/metaltale.com\/et\/?s={search_term_string}\"},\"query-input\":{\"@type\":\"PropertyValueSpecification\",\"valueRequired\":true,\"valueName\":\"search_term_string\"}}],\"inLanguage\":\"et\"}]}<\/script>\n<!-- \/ Yoast SEO plugin. -->","yoast_head_json":{"title":"Stumdom\u0173 dur\u0173 sistema stiklin\u0117ms durims OLD GLASS BLACK - MetalTale.com","robots":{"index":"index","follow":"follow","max-snippet":"max-snippet:-1","max-image-preview":"max-image-preview:large","max-video-preview":"max-video-preview:-1"},"canonical":"https:\/\/metaltale.com\/et\/produktas\/stumdomu-duru-sistema-stiklinems-durims-old-glass-black\/","og_locale":"et_EE","og_type":"article","og_title":"Stumdom\u0173 dur\u0173 sistema stiklin\u0117ms durims OLD GLASS BLACK - MetalTale.com","og_description":"Med\u017eiaga\u00a0Metalas Bendras ilgis [cm]\u00a0200 Montavimas\u00a0Prie sienos Spalva\u00a0Juoda Stiklo storis (cm)\u00a0 0,4\u20131 Rinkin\u012f sudaro: metalin\u0117 b\u0117gel\u0117 200 cm (2 x 100","og_url":"https:\/\/metaltale.com\/et\/produktas\/stumdomu-duru-sistema-stiklinems-durims-old-glass-black\/","og_site_name":"MetalTale.com","article_modified_time":"2026-01-01T00:00:26+00:00","og_image":[{"width":800,"height":800,"url":"http:\/\/metaltale.com\/wp-content\/uploads\/2024\/01\/prowadnica-do-szkla-765.jpg","type":"image\/jpeg"}],"twitter_card":"summary_large_image","twitter_misc":{"Est. reading time":"2 minutit"},"schema":{"@context":"https:\/\/schema.org","@graph":[{"@type":"WebPage","@id":"https:\/\/metaltale.com\/et\/produktas\/stumdomu-duru-sistema-stiklinems-durims-old-glass-black\/","url":"https:\/\/metaltale.com\/et\/produktas\/stumdomu-duru-sistema-stiklinems-durims-old-glass-black\/","name":"Stumdom\u0173 dur\u0173 sistema stiklin\u0117ms durims OLD GLASS BLACK - MetalTale.com","isPartOf":{"@id":"https:\/\/metaltale.com\/et\/#website"},"primaryImageOfPage":{"@id":"https:\/\/metaltale.com\/et\/produktas\/stumdomu-duru-sistema-stiklinems-durims-old-glass-black\/#primaryimage"},"image":{"@id":"https:\/\/metaltale.com\/et\/produktas\/stumdomu-duru-sistema-stiklinems-durims-old-glass-black\/#primaryimage"},"thumbnailUrl":"https:\/\/metaltale.com\/wp-content\/uploads\/2024\/01\/prowadnica-do-szkla-765.jpg","datePublished":"2024-01-19T18:50:29+00:00","dateModified":"2026-01-01T00:00:26+00:00","breadcrumb":{"@id":"https:\/\/metaltale.com\/et\/produktas\/stumdomu-duru-sistema-stiklinems-durims-old-glass-black\/#breadcrumb"},"inLanguage":"et","potentialAction":[{"@type":"ReadAction","target":["https:\/\/metaltale.com\/et\/produktas\/stumdomu-duru-sistema-stiklinems-durims-old-glass-black\/"]}]},{"@type":"ImageObject","inLanguage":"et","@id":"https:\/\/metaltale.com\/et\/produktas\/stumdomu-duru-sistema-stiklinems-durims-old-glass-black\/#primaryimage","url":"https:\/\/metaltale.com\/wp-content\/uploads\/2024\/01\/prowadnica-do-szkla-765.jpg","contentUrl":"https:\/\/metaltale.com\/wp-content\/uploads\/2024\/01\/prowadnica-do-szkla-765.jpg","width":800,"height":800,"caption":"Stumdom\u0173 dur\u0173 sistema stiklin\u0117ms durims OLD GLASS BLACK"},{"@type":"BreadcrumbList","@id":"https:\/\/metaltale.com\/et\/produktas\/stumdomu-duru-sistema-stiklinems-durims-old-glass-black\/#breadcrumb","itemListElement":[{"@type":"ListItem","position":1,"name":"Home","item":"https:\/\/metaltale.com\/et\/kodu\/"},{"@type":"ListItem","position":2,"name":"Kauplus","item":"https:\/\/metaltale.com\/et\/shop\/"},{"@type":"ListItem","position":3,"name":"Stumdom\u0173 dur\u0173 sistema stiklin\u0117ms durims OLD GLASS BLACK"}]},{"@type":"WebSite","@id":"https:\/\/metaltale.com\/et\/#website","url":"https:\/\/metaltale.com\/et\/","name":"Metaltale.com","description":"","potentialAction":[{"@type":"SearchAction","target":{"@type":"EntryPoint","urlTemplate":"https:\/\/metaltale.com\/et\/?s={search_term_string}"},"query-input":{"@type":"PropertyValueSpecification","valueRequired":true,"valueName":"search_term_string"}}],"inLanguage":"et"}]}},"_links":{"self":[{"href":"https:\/\/metaltale.com\/et\/wp-json\/wp\/v2\/product\/52062","targetHints":{"allow":["GET"]}}],"collection":[{"href":"https:\/\/metaltale.com\/et\/wp-json\/wp\/v2\/product"}],"about":[{"href":"https:\/\/metaltale.com\/et\/wp-json\/wp\/v2\/types\/product"}],"replies":[{"embeddable":true,"href":"https:\/\/metaltale.com\/et\/wp-json\/wp\/v2\/comments?post=52062"}],"version-history":[{"count":3,"href":"https:\/\/metaltale.com\/et\/wp-json\/wp\/v2\/product\/52062\/revisions"}],"predecessor-version":[{"id":141816,"href":"https:\/\/metaltale.com\/et\/wp-json\/wp\/v2\/product\/52062\/revisions\/141816"}],"wp:featuredmedia":[{"embeddable":true,"href":"https:\/\/metaltale.com\/et\/wp-json\/wp\/v2\/media\/141811"}],"wp:attachment":[{"href":"https:\/\/metaltale.com\/et\/wp-json\/wp\/v2\/media?parent=52062"}],"wp:term":[{"taxonomy":"product_brand","embeddable":true,"href":"https:\/\/metaltale.com\/et\/wp-json\/wp\/v2\/product_brand?post=52062"},{"taxonomy":"product_cat","embeddable":true,"href":"https:\/\/metaltale.com\/et\/wp-json\/wp\/v2\/product_cat?post=52062"},{"taxonomy":"product_tag","embeddable":true,"href":"https:\/\/metaltale.com\/et\/wp-json\/wp\/v2\/product_tag?post=52062"}],"curies":[{"name":"wp","href":"https:\/\/api.w.org\/{rel}","templated":true}]}}