{"id":52056,"date":"2024-01-19T20:50:08","date_gmt":"2024-01-19T18:50:08","guid":{"rendered":"https:\/\/metaltale.com\/?post_type=product&#038;p=52056"},"modified":"2026-04-08T00:01:12","modified_gmt":"2026-04-07T22:01:12","slug":"stumdomu-duru-sistema-roller-black","status":"publish","type":"product","link":"https:\/\/metaltale.com\/et\/produktas\/stumdomu-duru-sistema-roller-black\/","title":{"rendered":"Stumdom\u0173 dur\u0173 sistema ROLLER BLACK"},"content":{"rendered":"<p><strong>Med\u017eiaga<\/strong> Metalas<br \/>\n<strong>Bendras ilgis [cm]<\/strong>\u00a0200<br \/>\n<strong>Montavimas<\/strong>\u00a0Prie sienos<br \/>\n<strong>Spalva<\/strong> Juoda<\/p>\n<p><strong>Rinkin\u012f sudaro:<\/strong><\/p>\n<ul>\n<li>metalin\u0117 b\u0117gel\u0117 200 cm (2 x 100 cm)<\/li>\n<li>dekoratyviniai guoliuoti ratukai (2 vnt.)<\/li>\n<li>tarpin\u0117s (5 vnt.)<\/li>\n<li>horizontal\u016bs ribotuvai (2 vnt.) ir vertikal\u016bs ribotuvai (2 vnt.)<\/li>\n<li>grind\u0173 vedlys (1 vnt.)<\/li>\n<li>montavimo komplektas: var\u017etai, savisriegiai ir pover\u017el\u0117s<\/li>\n<\/ul>\n<p><strong>Produkto savyb\u0117s:<\/strong><\/p>\n<p>pasi\u016blymas apima vienv\u0117ri\u0173 stumdom\u0173 dur\u0173 sistem\u0105, montuojam\u0105 prie sienos<\/p>\n<p>modelis skirtas stumdomoms medin\u0117ms, plok\u0161t\u0117s ar metaliniame r\u0117me esan\u010dioms durims, kuri\u0173 svoris nevir\u0161ija 110 kg, storis \u2013 30\u201345 mm<\/p>\n<p>atlikti dinamini\u0173 apkrov\u0173 (110 kg) testai patvirtino auk\u0161\u010diausi\u0105 kokyb\u0119 ir saugum\u0105<\/p>\n<p>guoliuotas ratukas u\u017etikrina lengv\u0105 ir tyl\u0173 stumdym\u0105<\/p>\n<p>horizontal\u016bs ribotuvai b\u0117gelio galuose, apatinis vedlys ir vertikal\u016bs ribotuvai po b\u0117geliu stabilizuoja duris ir apsaugo nuo nukritimo nuo b\u0117gelio<\/p>\n<p>komplekte yra apatinis vedlys, montuojamas prie grind\u0173, tinka durims su frezu arba be jo<\/p>\n<p>penki montavimo ta\u0161kai garantuoja stabilum\u0105, saugum\u0105 ir ilgaam\u017ei\u0161kum\u0105<\/p>\n<p>komplekte yra var\u017etai, leid\u017eiantys montuoti tiek medin\u0117se konstrukcijose, tiek m\u016briniuose sienose<\/p>\n<p>sistema pasi\u017eymi itin paprastu ir intuityviu montavimu<\/p>\n<p>kruop\u0161ti siunt\u0173 kontrol\u0117 ir auk\u0161\u010diausios kokyb\u0117s pakavimas garantuoja klient\u0173 pasitenkinim\u0105<\/p>\n<p><strong>Apie produkt\u0105:<\/strong><\/p>\n<p>Tamsios spalvos simbolizuoja elegancij\u0105, tod\u0117l juodi b\u0117geliai puikiai dera biur\u0173 kabinetuose, nam\u0173 svetain\u0117se ar stilinguose miegamuosiuose. Stumdom\u0173j\u0173 dur\u0173 sistemos \u2013 modernus sprendimas, derinamas su tradiciniu ir stilingu interjero dizainu, sukuriant ideali\u0105 harmonij\u0105. \u0160ios b\u0117gel\u0117s tinka ne tik industrial ir loft stiliaus entuziastams, bet ir modernaus dizaino m\u0117g\u0117jams. Produktas jungia stabilum\u0105 ir tvirtum\u0105 su paprasta ir patikrinta konstrukcija. Stumdom\u0173j\u0173 dur\u0173 b\u0117geliai \u2013 tai prakti\u0161ko sprendimo ir esteti\u0161ko dizaino derinys.<\/p>\n","protected":false},"excerpt":{"rendered":"<p>Med\u017eiaga Metalas Bendras ilgis [cm]\u00a0200 Montavimas\u00a0Prie sienos Spalva Juoda Rinkin\u012f sudaro: metalin\u0117 b\u0117gel\u0117 200 cm (2 x 100 cm) dekoratyviniai<\/p>\n","protected":false},"featured_media":141737,"comment_status":"open","ping_status":"closed","template":"","meta":{"_acf_changed":false,"pmpro_default_level":""},"product_brand":[],"product_cat":[113,219],"product_tag":[],"class_list":{"0":"post-52056","1":"product","2":"type-product","3":"status-publish","4":"has-post-thumbnail","6":"product_cat-stumdomos-durys-ir-priedai","7":"product_cat-stumdomu-duru-sistemos","8":"pmpro-has-access","10":"first","11":"instock","12":"shipping-taxable","13":"purchasable","14":"product-type-simple"},"acf":[],"yoast_head":"<!-- This site is optimized with the Yoast SEO plugin v24.9 - https:\/\/yoast.com\/wordpress\/plugins\/seo\/ -->\n<title>Stumdom\u0173 dur\u0173 sistema ROLLER BLACK - MetalTale.com<\/title>\n<meta name=\"robots\" content=\"index, follow, max-snippet:-1, max-image-preview:large, max-video-preview:-1\" \/>\n<link rel=\"canonical\" href=\"https:\/\/metaltale.com\/et\/produktas\/stumdomu-duru-sistema-roller-black\/\" \/>\n<meta property=\"og:locale\" content=\"et_EE\" \/>\n<meta property=\"og:type\" content=\"article\" \/>\n<meta property=\"og:title\" content=\"Stumdom\u0173 dur\u0173 sistema ROLLER BLACK - MetalTale.com\" \/>\n<meta property=\"og:description\" content=\"Med\u017eiaga Metalas Bendras ilgis [cm]\u00a0200 Montavimas\u00a0Prie sienos Spalva Juoda Rinkin\u012f sudaro: metalin\u0117 b\u0117gel\u0117 200 cm (2 x 100 cm) dekoratyviniai\" \/>\n<meta property=\"og:url\" content=\"https:\/\/metaltale.com\/et\/produktas\/stumdomu-duru-sistema-roller-black\/\" \/>\n<meta property=\"og:site_name\" content=\"MetalTale.com\" \/>\n<meta property=\"article:modified_time\" content=\"2026-04-07T22:01:12+00:00\" \/>\n<meta property=\"og:image\" content=\"http:\/\/metaltale.com\/wp-content\/uploads\/2024\/01\/prowadnica-czarna-do-drzwi-przesuwnych.jpg\" \/>\n\t<meta property=\"og:image:width\" content=\"800\" \/>\n\t<meta property=\"og:image:height\" content=\"800\" \/>\n\t<meta property=\"og:image:type\" content=\"image\/jpeg\" \/>\n<meta name=\"twitter:card\" content=\"summary_large_image\" \/>\n<meta name=\"twitter:label1\" content=\"Est. reading time\" \/>\n\t<meta name=\"twitter:data1\" content=\"2 minutit\" \/>\n<script type=\"application\/ld+json\" class=\"yoast-schema-graph\">{\"@context\":\"https:\/\/schema.org\",\"@graph\":[{\"@type\":\"WebPage\",\"@id\":\"https:\/\/metaltale.com\/et\/produktas\/stumdomu-duru-sistema-roller-black\/\",\"url\":\"https:\/\/metaltale.com\/et\/produktas\/stumdomu-duru-sistema-roller-black\/\",\"name\":\"Stumdom\u0173 dur\u0173 sistema ROLLER BLACK - MetalTale.com\",\"isPartOf\":{\"@id\":\"https:\/\/metaltale.com\/et\/#website\"},\"primaryImageOfPage\":{\"@id\":\"https:\/\/metaltale.com\/et\/produktas\/stumdomu-duru-sistema-roller-black\/#primaryimage\"},\"image\":{\"@id\":\"https:\/\/metaltale.com\/et\/produktas\/stumdomu-duru-sistema-roller-black\/#primaryimage\"},\"thumbnailUrl\":\"https:\/\/metaltale.com\/wp-content\/uploads\/2024\/01\/prowadnica-czarna-do-drzwi-przesuwnych.jpg\",\"datePublished\":\"2024-01-19T18:50:08+00:00\",\"dateModified\":\"2026-04-07T22:01:12+00:00\",\"breadcrumb\":{\"@id\":\"https:\/\/metaltale.com\/et\/produktas\/stumdomu-duru-sistema-roller-black\/#breadcrumb\"},\"inLanguage\":\"et\",\"potentialAction\":[{\"@type\":\"ReadAction\",\"target\":[\"https:\/\/metaltale.com\/et\/produktas\/stumdomu-duru-sistema-roller-black\/\"]}]},{\"@type\":\"ImageObject\",\"inLanguage\":\"et\",\"@id\":\"https:\/\/metaltale.com\/et\/produktas\/stumdomu-duru-sistema-roller-black\/#primaryimage\",\"url\":\"https:\/\/metaltale.com\/wp-content\/uploads\/2024\/01\/prowadnica-czarna-do-drzwi-przesuwnych.jpg\",\"contentUrl\":\"https:\/\/metaltale.com\/wp-content\/uploads\/2024\/01\/prowadnica-czarna-do-drzwi-przesuwnych.jpg\",\"width\":800,\"height\":800,\"caption\":\"Stumdom\u0173 dur\u0173 sistema ROLLER BLACK\"},{\"@type\":\"BreadcrumbList\",\"@id\":\"https:\/\/metaltale.com\/et\/produktas\/stumdomu-duru-sistema-roller-black\/#breadcrumb\",\"itemListElement\":[{\"@type\":\"ListItem\",\"position\":1,\"name\":\"Home\",\"item\":\"https:\/\/metaltale.com\/et\/kodu\/\"},{\"@type\":\"ListItem\",\"position\":2,\"name\":\"Kauplus\",\"item\":\"https:\/\/metaltale.com\/et\/shop\/\"},{\"@type\":\"ListItem\",\"position\":3,\"name\":\"Stumdom\u0173 dur\u0173 sistema ROLLER BLACK\"}]},{\"@type\":\"WebSite\",\"@id\":\"https:\/\/metaltale.com\/et\/#website\",\"url\":\"https:\/\/metaltale.com\/et\/\",\"name\":\"Metaltale.com\",\"description\":\"\",\"potentialAction\":[{\"@type\":\"SearchAction\",\"target\":{\"@type\":\"EntryPoint\",\"urlTemplate\":\"https:\/\/metaltale.com\/et\/?s={search_term_string}\"},\"query-input\":{\"@type\":\"PropertyValueSpecification\",\"valueRequired\":true,\"valueName\":\"search_term_string\"}}],\"inLanguage\":\"et\"}]}<\/script>\n<!-- \/ Yoast SEO plugin. -->","yoast_head_json":{"title":"Stumdom\u0173 dur\u0173 sistema ROLLER BLACK - MetalTale.com","robots":{"index":"index","follow":"follow","max-snippet":"max-snippet:-1","max-image-preview":"max-image-preview:large","max-video-preview":"max-video-preview:-1"},"canonical":"https:\/\/metaltale.com\/et\/produktas\/stumdomu-duru-sistema-roller-black\/","og_locale":"et_EE","og_type":"article","og_title":"Stumdom\u0173 dur\u0173 sistema ROLLER BLACK - MetalTale.com","og_description":"Med\u017eiaga Metalas Bendras ilgis [cm]\u00a0200 Montavimas\u00a0Prie sienos Spalva Juoda Rinkin\u012f sudaro: metalin\u0117 b\u0117gel\u0117 200 cm (2 x 100 cm) dekoratyviniai","og_url":"https:\/\/metaltale.com\/et\/produktas\/stumdomu-duru-sistema-roller-black\/","og_site_name":"MetalTale.com","article_modified_time":"2026-04-07T22:01:12+00:00","og_image":[{"width":800,"height":800,"url":"http:\/\/metaltale.com\/wp-content\/uploads\/2024\/01\/prowadnica-czarna-do-drzwi-przesuwnych.jpg","type":"image\/jpeg"}],"twitter_card":"summary_large_image","twitter_misc":{"Est. reading time":"2 minutit"},"schema":{"@context":"https:\/\/schema.org","@graph":[{"@type":"WebPage","@id":"https:\/\/metaltale.com\/et\/produktas\/stumdomu-duru-sistema-roller-black\/","url":"https:\/\/metaltale.com\/et\/produktas\/stumdomu-duru-sistema-roller-black\/","name":"Stumdom\u0173 dur\u0173 sistema ROLLER BLACK - MetalTale.com","isPartOf":{"@id":"https:\/\/metaltale.com\/et\/#website"},"primaryImageOfPage":{"@id":"https:\/\/metaltale.com\/et\/produktas\/stumdomu-duru-sistema-roller-black\/#primaryimage"},"image":{"@id":"https:\/\/metaltale.com\/et\/produktas\/stumdomu-duru-sistema-roller-black\/#primaryimage"},"thumbnailUrl":"https:\/\/metaltale.com\/wp-content\/uploads\/2024\/01\/prowadnica-czarna-do-drzwi-przesuwnych.jpg","datePublished":"2024-01-19T18:50:08+00:00","dateModified":"2026-04-07T22:01:12+00:00","breadcrumb":{"@id":"https:\/\/metaltale.com\/et\/produktas\/stumdomu-duru-sistema-roller-black\/#breadcrumb"},"inLanguage":"et","potentialAction":[{"@type":"ReadAction","target":["https:\/\/metaltale.com\/et\/produktas\/stumdomu-duru-sistema-roller-black\/"]}]},{"@type":"ImageObject","inLanguage":"et","@id":"https:\/\/metaltale.com\/et\/produktas\/stumdomu-duru-sistema-roller-black\/#primaryimage","url":"https:\/\/metaltale.com\/wp-content\/uploads\/2024\/01\/prowadnica-czarna-do-drzwi-przesuwnych.jpg","contentUrl":"https:\/\/metaltale.com\/wp-content\/uploads\/2024\/01\/prowadnica-czarna-do-drzwi-przesuwnych.jpg","width":800,"height":800,"caption":"Stumdom\u0173 dur\u0173 sistema ROLLER BLACK"},{"@type":"BreadcrumbList","@id":"https:\/\/metaltale.com\/et\/produktas\/stumdomu-duru-sistema-roller-black\/#breadcrumb","itemListElement":[{"@type":"ListItem","position":1,"name":"Home","item":"https:\/\/metaltale.com\/et\/kodu\/"},{"@type":"ListItem","position":2,"name":"Kauplus","item":"https:\/\/metaltale.com\/et\/shop\/"},{"@type":"ListItem","position":3,"name":"Stumdom\u0173 dur\u0173 sistema ROLLER BLACK"}]},{"@type":"WebSite","@id":"https:\/\/metaltale.com\/et\/#website","url":"https:\/\/metaltale.com\/et\/","name":"Metaltale.com","description":"","potentialAction":[{"@type":"SearchAction","target":{"@type":"EntryPoint","urlTemplate":"https:\/\/metaltale.com\/et\/?s={search_term_string}"},"query-input":{"@type":"PropertyValueSpecification","valueRequired":true,"valueName":"search_term_string"}}],"inLanguage":"et"}]}},"_links":{"self":[{"href":"https:\/\/metaltale.com\/et\/wp-json\/wp\/v2\/product\/52056","targetHints":{"allow":["GET"]}}],"collection":[{"href":"https:\/\/metaltale.com\/et\/wp-json\/wp\/v2\/product"}],"about":[{"href":"https:\/\/metaltale.com\/et\/wp-json\/wp\/v2\/types\/product"}],"replies":[{"embeddable":true,"href":"https:\/\/metaltale.com\/et\/wp-json\/wp\/v2\/comments?post=52056"}],"version-history":[{"count":2,"href":"https:\/\/metaltale.com\/et\/wp-json\/wp\/v2\/product\/52056\/revisions"}],"predecessor-version":[{"id":141741,"href":"https:\/\/metaltale.com\/et\/wp-json\/wp\/v2\/product\/52056\/revisions\/141741"}],"wp:featuredmedia":[{"embeddable":true,"href":"https:\/\/metaltale.com\/et\/wp-json\/wp\/v2\/media\/141737"}],"wp:attachment":[{"href":"https:\/\/metaltale.com\/et\/wp-json\/wp\/v2\/media?parent=52056"}],"wp:term":[{"taxonomy":"product_brand","embeddable":true,"href":"https:\/\/metaltale.com\/et\/wp-json\/wp\/v2\/product_brand?post=52056"},{"taxonomy":"product_cat","embeddable":true,"href":"https:\/\/metaltale.com\/et\/wp-json\/wp\/v2\/product_cat?post=52056"},{"taxonomy":"product_tag","embeddable":true,"href":"https:\/\/metaltale.com\/et\/wp-json\/wp\/v2\/product_tag?post=52056"}],"curies":[{"name":"wp","href":"https:\/\/api.w.org\/{rel}","templated":true}]}}