{"id":51715,"date":"2024-01-17T00:01:08","date_gmt":"2024-01-16T22:01:08","guid":{"rendered":"http:\/\/metaltale.com\/?post_type=product&#038;p=51715"},"modified":"2025-11-18T00:19:58","modified_gmt":"2025-11-17T22:19:58","slug":"metalines-stumdomosios-durys-industrial","status":"publish","type":"product","link":"https:\/\/metaltale.com\/et\/produktas\/metalines-stumdomosios-durys-industrial\/","title":{"rendered":"Metalin\u0117s stumdomosios durys INDUSTRIAL"},"content":{"rendered":"<div class=\"prod_data\">\n<p><strong>Med\u017eiaga<\/strong> Plienas, medis<br \/>\n<strong>Storis (cm)<\/strong> 2.5<br \/>\n<strong>Bendras auk\u0161tis (cm)<\/strong> 210<br \/>\n<strong>Bendras plotis (cm)<\/strong> 100<br \/>\n<strong>Svoris (kg)<\/strong> 40<br \/>\n<strong>Spalva<\/strong> Plienas<br \/>\n<strong>PAPILDOMA INFORMACIJA<\/strong> Pateiktas pasi\u016blymas taikomas tik vienai dur\u0173 plok\u0161tei ir neapima stumdomos sistemos ir kit\u0173 pried\u0173.<\/p>\n<hr \/>\n<p>Pramon\u0117s durys &#8211; tai pasi\u016blymas dr\u0105siems \u017emon\u0117ms, vertinantiems originalum\u0105 ir savitum\u0105.<\/p>\n<p>Pagrindinis stumdom\u0173j\u0173 dur\u0173 &#8220;Industrial&#8221; motyvas &#8211; lygus taisyklingo atspalvio skardos lak\u0161tas. Knied\u0117s, kuriomis sujungtas skardos lak\u0161tas, s\u0105moningai atidengtos, kad b\u016bt\u0173 pabr\u0117\u017etas pramoninis dur\u0173 pob\u016bdis. Stumdom\u0173j\u0173 dur\u0173 \u0161iurk\u0161tum\u0105 pabr\u0117\u017eia matomose vietose esantys \u012fbr\u0117\u017eimai ir suvirinimo si\u016bl\u0117s. Skardos lak\u0161tas, sudarantis vir\u0161utin\u012f dur\u0173 sluoksn\u012f, yra tinkamai nu\u0161lifuotas ir apsaugotas nuo su\u017ealojim\u0173. Skardos lak\u0161to kra\u0161tai \u0161velniai u\u017eapvalinti, kad b\u016bt\u0173 u\u017etikrintas saugumas ir patogus naudojimas.<\/p>\n<p>Pramonini\u0173 dur\u0173 konstrukcij\u0105 sudaro plieninis r\u0117mas, pagamintas i\u0161 u\u017edar\u0173 20&#215;20 mm profili\u0173. Paprasta ir tvirta rankena puikiai papildo \u0161\u012f solid\u0173 gamin\u012f, o metalin\u0117s dur\u0173 dalys yra satinuotos ir nelakuotos.<br \/>\n\u0160alto valcavimo lak\u0161tas buvo pritvirtintas prie pu\u0161ies medienos, kuri matoma kitoje pus\u0117je.<br \/>\nTaip pat si\u016blome stumdomas duris &#8220;Industrial Duo&#8221; su i\u0161 abiej\u0173 pusi\u0173 pritvirtinta skarda.<\/p>\n<p>Industrial stumdomosios durys tik i\u0161 pa\u017ei\u016bros pasi\u017eymi paprastumu, ta\u010diau \u012frengtos interjere jos suteiks jam lofto, industrinio stiliaus \u012fsp\u016bd\u012f.<\/p>\n<p>Dugno kreipian\u010di\u0105sias, tinkamas INDUSTRIAL stumdomosioms durims, rasite toliau esan\u010diame susijusi\u0173 gamini\u0173 skyriuje.<\/p>\n<hr \/>\n<p>*Pakabinamos stumdom\u0173j\u0173 dur\u0173 sistemos (&#8220;Vintage&#8221;, &#8220;Kolo On Hanger&#8221;) netur\u0117t\u0173 b\u016bti naudojamos su &#8220;Industrial&#8221; durimis.<br \/>\n*Pateiktame pasi\u016blyme nurodytos tik durys, \u012f j\u012f ne\u012ftraukta stumdomoji sistema ir kiti priedai.<\/p>\n<hr \/>\n<\/div>\n","protected":false},"excerpt":{"rendered":"<p>Med\u017eiaga Plienas, medis Storis (cm) 2.5 Bendras auk\u0161tis (cm) 210 Bendras plotis (cm) 100 Svoris (kg) 40 Spalva Plienas PAPILDOMA<\/p>\n","protected":false},"featured_media":51716,"comment_status":"open","ping_status":"closed","template":"","meta":{"_acf_changed":false,"pmpro_default_level":""},"product_brand":[],"product_cat":[113,150,177],"product_tag":[],"class_list":{"0":"post-51715","1":"product","2":"type-product","3":"status-publish","4":"has-post-thumbnail","6":"product_cat-stumdomos-durys-ir-priedai","7":"product_cat-stumdomos-durys","8":"product_cat-metalines-stumdomos-durys","9":"pmpro-has-access","11":"first","12":"instock","13":"shipping-taxable","14":"purchasable","15":"product-type-simple"},"acf":[],"yoast_head":"<!-- This site is optimized with the Yoast SEO plugin v24.9 - https:\/\/yoast.com\/wordpress\/plugins\/seo\/ -->\n<title>Metalin\u0117s stumdomosios durys INDUSTRIAL - MetalTale.com<\/title>\n<meta name=\"robots\" content=\"index, follow, max-snippet:-1, max-image-preview:large, max-video-preview:-1\" \/>\n<link rel=\"canonical\" href=\"https:\/\/metaltale.com\/et\/produktas\/metalines-stumdomosios-durys-industrial\/\" \/>\n<meta property=\"og:locale\" content=\"et_EE\" \/>\n<meta property=\"og:type\" content=\"article\" \/>\n<meta property=\"og:title\" content=\"Metalin\u0117s stumdomosios durys INDUSTRIAL - MetalTale.com\" \/>\n<meta property=\"og:description\" content=\"Med\u017eiaga Plienas, medis Storis (cm) 2.5 Bendras auk\u0161tis (cm) 210 Bendras plotis (cm) 100 Svoris (kg) 40 Spalva Plienas PAPILDOMA\" \/>\n<meta property=\"og:url\" content=\"https:\/\/metaltale.com\/et\/produktas\/metalines-stumdomosios-durys-industrial\/\" \/>\n<meta property=\"og:site_name\" content=\"MetalTale.com\" \/>\n<meta property=\"article:modified_time\" content=\"2025-11-17T22:19:58+00:00\" \/>\n<meta property=\"og:image\" content=\"http:\/\/metaltale.com\/wp-content\/uploads\/2024\/01\/Pramoninx117s-metalinx117s-stumdomosios-durys.jpg\" \/>\n\t<meta property=\"og:image:width\" content=\"800\" \/>\n\t<meta property=\"og:image:height\" content=\"800\" \/>\n\t<meta property=\"og:image:type\" content=\"image\/jpeg\" \/>\n<meta name=\"twitter:card\" content=\"summary_large_image\" \/>\n<meta name=\"twitter:label1\" content=\"Est. reading time\" \/>\n\t<meta name=\"twitter:data1\" content=\"2 minutit\" \/>\n<script type=\"application\/ld+json\" class=\"yoast-schema-graph\">{\"@context\":\"https:\/\/schema.org\",\"@graph\":[{\"@type\":\"WebPage\",\"@id\":\"https:\/\/metaltale.com\/et\/produktas\/metalines-stumdomosios-durys-industrial\/\",\"url\":\"https:\/\/metaltale.com\/et\/produktas\/metalines-stumdomosios-durys-industrial\/\",\"name\":\"Metalin\u0117s stumdomosios durys INDUSTRIAL - MetalTale.com\",\"isPartOf\":{\"@id\":\"https:\/\/metaltale.com\/et\/#website\"},\"primaryImageOfPage\":{\"@id\":\"https:\/\/metaltale.com\/et\/produktas\/metalines-stumdomosios-durys-industrial\/#primaryimage\"},\"image\":{\"@id\":\"https:\/\/metaltale.com\/et\/produktas\/metalines-stumdomosios-durys-industrial\/#primaryimage\"},\"thumbnailUrl\":\"https:\/\/metaltale.com\/wp-content\/uploads\/2024\/01\/Pramoninx117s-metalinx117s-stumdomosios-durys.jpg\",\"datePublished\":\"2024-01-16T22:01:08+00:00\",\"dateModified\":\"2025-11-17T22:19:58+00:00\",\"breadcrumb\":{\"@id\":\"https:\/\/metaltale.com\/et\/produktas\/metalines-stumdomosios-durys-industrial\/#breadcrumb\"},\"inLanguage\":\"et\",\"potentialAction\":[{\"@type\":\"ReadAction\",\"target\":[\"https:\/\/metaltale.com\/et\/produktas\/metalines-stumdomosios-durys-industrial\/\"]}]},{\"@type\":\"ImageObject\",\"inLanguage\":\"et\",\"@id\":\"https:\/\/metaltale.com\/et\/produktas\/metalines-stumdomosios-durys-industrial\/#primaryimage\",\"url\":\"https:\/\/metaltale.com\/wp-content\/uploads\/2024\/01\/Pramoninx117s-metalinx117s-stumdomosios-durys.jpg\",\"contentUrl\":\"https:\/\/metaltale.com\/wp-content\/uploads\/2024\/01\/Pramoninx117s-metalinx117s-stumdomosios-durys.jpg\",\"width\":800,\"height\":800,\"caption\":\"Metalin\u0117s stumdomosios durys INDUSTRIAL\"},{\"@type\":\"BreadcrumbList\",\"@id\":\"https:\/\/metaltale.com\/et\/produktas\/metalines-stumdomosios-durys-industrial\/#breadcrumb\",\"itemListElement\":[{\"@type\":\"ListItem\",\"position\":1,\"name\":\"Home\",\"item\":\"https:\/\/metaltale.com\/et\/kodu\/\"},{\"@type\":\"ListItem\",\"position\":2,\"name\":\"Kauplus\",\"item\":\"https:\/\/metaltale.com\/et\/shop\/\"},{\"@type\":\"ListItem\",\"position\":3,\"name\":\"Metalin\u0117s stumdomosios durys INDUSTRIAL\"}]},{\"@type\":\"WebSite\",\"@id\":\"https:\/\/metaltale.com\/et\/#website\",\"url\":\"https:\/\/metaltale.com\/et\/\",\"name\":\"Metaltale.com\",\"description\":\"\",\"potentialAction\":[{\"@type\":\"SearchAction\",\"target\":{\"@type\":\"EntryPoint\",\"urlTemplate\":\"https:\/\/metaltale.com\/et\/?s={search_term_string}\"},\"query-input\":{\"@type\":\"PropertyValueSpecification\",\"valueRequired\":true,\"valueName\":\"search_term_string\"}}],\"inLanguage\":\"et\"}]}<\/script>\n<!-- \/ Yoast SEO plugin. -->","yoast_head_json":{"title":"Metalin\u0117s stumdomosios durys INDUSTRIAL - MetalTale.com","robots":{"index":"index","follow":"follow","max-snippet":"max-snippet:-1","max-image-preview":"max-image-preview:large","max-video-preview":"max-video-preview:-1"},"canonical":"https:\/\/metaltale.com\/et\/produktas\/metalines-stumdomosios-durys-industrial\/","og_locale":"et_EE","og_type":"article","og_title":"Metalin\u0117s stumdomosios durys INDUSTRIAL - MetalTale.com","og_description":"Med\u017eiaga Plienas, medis Storis (cm) 2.5 Bendras auk\u0161tis (cm) 210 Bendras plotis (cm) 100 Svoris (kg) 40 Spalva Plienas PAPILDOMA","og_url":"https:\/\/metaltale.com\/et\/produktas\/metalines-stumdomosios-durys-industrial\/","og_site_name":"MetalTale.com","article_modified_time":"2025-11-17T22:19:58+00:00","og_image":[{"width":800,"height":800,"url":"http:\/\/metaltale.com\/wp-content\/uploads\/2024\/01\/Pramoninx117s-metalinx117s-stumdomosios-durys.jpg","type":"image\/jpeg"}],"twitter_card":"summary_large_image","twitter_misc":{"Est. reading time":"2 minutit"},"schema":{"@context":"https:\/\/schema.org","@graph":[{"@type":"WebPage","@id":"https:\/\/metaltale.com\/et\/produktas\/metalines-stumdomosios-durys-industrial\/","url":"https:\/\/metaltale.com\/et\/produktas\/metalines-stumdomosios-durys-industrial\/","name":"Metalin\u0117s stumdomosios durys INDUSTRIAL - MetalTale.com","isPartOf":{"@id":"https:\/\/metaltale.com\/et\/#website"},"primaryImageOfPage":{"@id":"https:\/\/metaltale.com\/et\/produktas\/metalines-stumdomosios-durys-industrial\/#primaryimage"},"image":{"@id":"https:\/\/metaltale.com\/et\/produktas\/metalines-stumdomosios-durys-industrial\/#primaryimage"},"thumbnailUrl":"https:\/\/metaltale.com\/wp-content\/uploads\/2024\/01\/Pramoninx117s-metalinx117s-stumdomosios-durys.jpg","datePublished":"2024-01-16T22:01:08+00:00","dateModified":"2025-11-17T22:19:58+00:00","breadcrumb":{"@id":"https:\/\/metaltale.com\/et\/produktas\/metalines-stumdomosios-durys-industrial\/#breadcrumb"},"inLanguage":"et","potentialAction":[{"@type":"ReadAction","target":["https:\/\/metaltale.com\/et\/produktas\/metalines-stumdomosios-durys-industrial\/"]}]},{"@type":"ImageObject","inLanguage":"et","@id":"https:\/\/metaltale.com\/et\/produktas\/metalines-stumdomosios-durys-industrial\/#primaryimage","url":"https:\/\/metaltale.com\/wp-content\/uploads\/2024\/01\/Pramoninx117s-metalinx117s-stumdomosios-durys.jpg","contentUrl":"https:\/\/metaltale.com\/wp-content\/uploads\/2024\/01\/Pramoninx117s-metalinx117s-stumdomosios-durys.jpg","width":800,"height":800,"caption":"Metalin\u0117s stumdomosios durys INDUSTRIAL"},{"@type":"BreadcrumbList","@id":"https:\/\/metaltale.com\/et\/produktas\/metalines-stumdomosios-durys-industrial\/#breadcrumb","itemListElement":[{"@type":"ListItem","position":1,"name":"Home","item":"https:\/\/metaltale.com\/et\/kodu\/"},{"@type":"ListItem","position":2,"name":"Kauplus","item":"https:\/\/metaltale.com\/et\/shop\/"},{"@type":"ListItem","position":3,"name":"Metalin\u0117s stumdomosios durys INDUSTRIAL"}]},{"@type":"WebSite","@id":"https:\/\/metaltale.com\/et\/#website","url":"https:\/\/metaltale.com\/et\/","name":"Metaltale.com","description":"","potentialAction":[{"@type":"SearchAction","target":{"@type":"EntryPoint","urlTemplate":"https:\/\/metaltale.com\/et\/?s={search_term_string}"},"query-input":{"@type":"PropertyValueSpecification","valueRequired":true,"valueName":"search_term_string"}}],"inLanguage":"et"}]}},"_links":{"self":[{"href":"https:\/\/metaltale.com\/et\/wp-json\/wp\/v2\/product\/51715","targetHints":{"allow":["GET"]}}],"collection":[{"href":"https:\/\/metaltale.com\/et\/wp-json\/wp\/v2\/product"}],"about":[{"href":"https:\/\/metaltale.com\/et\/wp-json\/wp\/v2\/types\/product"}],"replies":[{"embeddable":true,"href":"https:\/\/metaltale.com\/et\/wp-json\/wp\/v2\/comments?post=51715"}],"version-history":[{"count":3,"href":"https:\/\/metaltale.com\/et\/wp-json\/wp\/v2\/product\/51715\/revisions"}],"predecessor-version":[{"id":142638,"href":"https:\/\/metaltale.com\/et\/wp-json\/wp\/v2\/product\/51715\/revisions\/142638"}],"wp:featuredmedia":[{"embeddable":true,"href":"https:\/\/metaltale.com\/et\/wp-json\/wp\/v2\/media\/51716"}],"wp:attachment":[{"href":"https:\/\/metaltale.com\/et\/wp-json\/wp\/v2\/media?parent=51715"}],"wp:term":[{"taxonomy":"product_brand","embeddable":true,"href":"https:\/\/metaltale.com\/et\/wp-json\/wp\/v2\/product_brand?post=51715"},{"taxonomy":"product_cat","embeddable":true,"href":"https:\/\/metaltale.com\/et\/wp-json\/wp\/v2\/product_cat?post=51715"},{"taxonomy":"product_tag","embeddable":true,"href":"https:\/\/metaltale.com\/et\/wp-json\/wp\/v2\/product_tag?post=51715"}],"curies":[{"name":"wp","href":"https:\/\/api.w.org\/{rel}","templated":true}]}}