{"id":50886,"date":"2024-02-13T14:27:45","date_gmt":"2024-02-13T12:27:45","guid":{"rendered":"http:\/\/metaltale.com\/?post_type=product&#038;p=50886"},"modified":"2025-11-18T00:33:45","modified_gmt":"2025-11-17T22:33:45","slug":"azuolines-stumdomos-durys-szewron-line-nedengtos","status":"publish","type":"product","link":"https:\/\/metaltale.com\/et\/produktas\/azuolines-stumdomos-durys-szewron-line-nedengtos\/","title":{"rendered":"\u0104\u017euolin\u0117s stumdomos durys SZEWRON LINE nedengtos"},"content":{"rendered":"<div class=\"prod_data\"><strong>Med\u017eiaga<\/strong> \u0104\u017euolo mediena<br \/>\n<strong>Storis (cm)<\/strong> 4<br \/>\n<strong>Bendras auk\u0161tis (cm)<\/strong> 210<br \/>\n<strong>Bendras plotis (cm)<\/strong> 100<br \/>\n<strong>Apdaila<\/strong> Neapdorotas<br \/>\n<strong>Pavir\u0161iaus tipas<\/strong> Lyg\u016bs<br \/>\n<strong>PAPILDOMA INFORMACIJA<\/strong> Pateiktas pasi\u016blymas taikomas tik vienai dur\u0173 plok\u0161tei ir neapima stumdomos sistemos ir kit\u0173 pried\u0173.<\/p>\n<p>Durys pagamintos i\u0161 masyvaus \u0105\u017euolo medienos.<\/p>\n<p>R\u0117mas i\u0161 4 cm storio lent\u0173 ir sta\u010diu kampu sukry\u017eiuoti \u012fstri\u017eai sudaro tvirt\u0105 bei stabili\u0105 konstrukcij\u0105.<\/p>\n<p>Mediena i\u0161laiko savo nat\u016brali\u0105 architekt\u016br\u0105 \u2013 \u012ftr\u016bkimus ir \u0161akas, kurie suteikia kiekvienoms durims unikal\u0173 charakter\u012f.<\/p>\n<p>Universali konstrukcija leid\u017eia duris montuoti \u012fvairiai (auk\u0161tyn\u2013\u017eemyn).<\/p>\n<p>Rekomenduojame, kad durys b\u016bt\u0173 ma\u017edaug 10 cm platesn\u0117s ir 5 cm auk\u0161tesn\u0117s u\u017e ang\u0105.<\/p>\n<p>Naudojant m\u016bs\u0173 stumdom\u0173 dur\u0173 sistemas, Szewron Line modelio durims nereikia frezuoti apatin\u0117s dalies dur\u0173 var\u010dioje.<\/p>\n<p>Stumdomos \u0105\u017euolin\u0117s durys Szewron Line yra elegancijos kvintesencija. Medinis r\u0117mas ir subtil\u016bs \u012fstri\u017eai suteikia masyvioms medin\u0117ms durims geometrin\u0117s simetrijos, kartu u\u017etikrina tvirt\u0105 konstrukcijos pagrind\u0105 bei stabilumo ir patvarumo garantij\u0105. Tarpus u\u017epildan\u010dios \u0105\u017euolin\u0117s lentel\u0117s sukuria klasikin\u012f eglut\u0117s ra\u0161t\u0105, pirmiausia asocijuojam\u0105 su senamies\u010di\u0173 nam\u0173 parketais.<\/p>\n<p>Subtiliai pabr\u0117\u017eta medienos tekst\u016bra ir kruop\u0161\u010diai atrinkta \u017ealiava leid\u017eia vadinti Szewron Line dur\u0173 var\u010di\u0105 tikru staliaus meistri\u0161kumo pavyzd\u017eiu.<\/p>\n<p>Si\u016blomas stumdom\u0173 medini\u0173 dur\u0173 modelis prieinamas alyvuotoje arba nat\u016bralioje (neapdorotoje) versijoje \u2013 savaranki\u0161kai impregnuoti. Tokia galimyb\u0117 leid\u017eia idealiai priderinti dur\u0173 spalv\u0105 prie interjero.<\/p>\n<p>Visiems pa\u017e\u012fstamas eglut\u0117s ra\u0161tas yra nesenstantis ir puikiai tinka tiek retro, tiek moderniame interjere, liudydamas apie jo universalum\u0105. Nat\u016bralus \u0105\u017euolo medienos \u0161iltumas taip pat gali tapti \u012fdomiu kontrastu pramoniniame lofto interjere.<\/p>\n<p>\u0104\u017euolin\u0117s medin\u0117s durys Szewron Line ypa\u010d \u012fsp\u016bdingai atrodo kaip dviv\u0117r\u0117s stumdomos durys, tod\u0117l yra sukurtos erdvioms patalpoms. Tokiu b\u016bdu atskirta drabu\u017ein\u0117 ar valgomasis atrodo itin solid\u017eiai, kartu b\u016bdamos prakti\u0161ka \u012frenginio dalis ir i\u0161skirtin\u0117 dekoracija.<\/p>\n<\/div>\n","protected":false},"excerpt":{"rendered":"<p>Med\u017eiaga \u0104\u017euolo mediena Storis (cm) 4 Bendras auk\u0161tis (cm) 210 Bendras plotis (cm) 100 Apdaila Neapdorotas Pavir\u0161iaus tipas Lyg\u016bs PAPILDOMA<\/p>\n","protected":false},"featured_media":142674,"comment_status":"open","ping_status":"closed","template":"","meta":{"_acf_changed":false,"pmpro_default_level":""},"product_brand":[],"product_cat":[113,150,173],"product_tag":[],"class_list":{"0":"post-50886","1":"product","2":"type-product","3":"status-publish","4":"has-post-thumbnail","6":"product_cat-stumdomos-durys-ir-priedai","7":"product_cat-stumdomos-durys","8":"product_cat-azuolines-stumdomos-durys","9":"pmpro-has-access","11":"first","12":"instock","13":"shipping-taxable","14":"purchasable","15":"product-type-simple"},"acf":[],"yoast_head":"<!-- This site is optimized with the Yoast SEO plugin v24.9 - https:\/\/yoast.com\/wordpress\/plugins\/seo\/ -->\n<title>\u0104\u017euolin\u0117s stumdomos durys SZEWRON LINE nedengtos - MetalTale.com<\/title>\n<meta name=\"robots\" content=\"index, follow, max-snippet:-1, max-image-preview:large, max-video-preview:-1\" \/>\n<link rel=\"canonical\" href=\"https:\/\/metaltale.com\/et\/produktas\/azuolines-stumdomos-durys-szewron-line-nedengtos\/\" \/>\n<meta property=\"og:locale\" content=\"et_EE\" \/>\n<meta property=\"og:type\" content=\"article\" \/>\n<meta property=\"og:title\" content=\"\u0104\u017euolin\u0117s stumdomos durys SZEWRON LINE nedengtos - MetalTale.com\" \/>\n<meta property=\"og:description\" content=\"Med\u017eiaga \u0104\u017euolo mediena Storis (cm) 4 Bendras auk\u0161tis (cm) 210 Bendras plotis (cm) 100 Apdaila Neapdorotas Pavir\u0161iaus tipas Lyg\u016bs PAPILDOMA\" \/>\n<meta property=\"og:url\" content=\"https:\/\/metaltale.com\/et\/produktas\/azuolines-stumdomos-durys-szewron-line-nedengtos\/\" \/>\n<meta property=\"og:site_name\" content=\"MetalTale.com\" \/>\n<meta property=\"article:modified_time\" content=\"2025-11-17T22:33:45+00:00\" \/>\n<meta property=\"og:image\" content=\"http:\/\/metaltale.com\/wp-content\/uploads\/2024\/02\/drzwi-szewron-line-surowy.jpg\" \/>\n\t<meta property=\"og:image:width\" content=\"800\" \/>\n\t<meta property=\"og:image:height\" content=\"800\" \/>\n\t<meta property=\"og:image:type\" content=\"image\/jpeg\" \/>\n<meta name=\"twitter:card\" content=\"summary_large_image\" \/>\n<meta name=\"twitter:label1\" content=\"Est. reading time\" \/>\n\t<meta name=\"twitter:data1\" content=\"2 minutit\" \/>\n<script type=\"application\/ld+json\" class=\"yoast-schema-graph\">{\"@context\":\"https:\/\/schema.org\",\"@graph\":[{\"@type\":\"WebPage\",\"@id\":\"https:\/\/metaltale.com\/et\/produktas\/azuolines-stumdomos-durys-szewron-line-nedengtos\/\",\"url\":\"https:\/\/metaltale.com\/et\/produktas\/azuolines-stumdomos-durys-szewron-line-nedengtos\/\",\"name\":\"\u0104\u017euolin\u0117s stumdomos durys SZEWRON LINE nedengtos - MetalTale.com\",\"isPartOf\":{\"@id\":\"https:\/\/metaltale.com\/et\/#website\"},\"primaryImageOfPage\":{\"@id\":\"https:\/\/metaltale.com\/et\/produktas\/azuolines-stumdomos-durys-szewron-line-nedengtos\/#primaryimage\"},\"image\":{\"@id\":\"https:\/\/metaltale.com\/et\/produktas\/azuolines-stumdomos-durys-szewron-line-nedengtos\/#primaryimage\"},\"thumbnailUrl\":\"https:\/\/metaltale.com\/wp-content\/uploads\/2024\/02\/drzwi-szewron-line-surowy.jpg\",\"datePublished\":\"2024-02-13T12:27:45+00:00\",\"dateModified\":\"2025-11-17T22:33:45+00:00\",\"breadcrumb\":{\"@id\":\"https:\/\/metaltale.com\/et\/produktas\/azuolines-stumdomos-durys-szewron-line-nedengtos\/#breadcrumb\"},\"inLanguage\":\"et\",\"potentialAction\":[{\"@type\":\"ReadAction\",\"target\":[\"https:\/\/metaltale.com\/et\/produktas\/azuolines-stumdomos-durys-szewron-line-nedengtos\/\"]}]},{\"@type\":\"ImageObject\",\"inLanguage\":\"et\",\"@id\":\"https:\/\/metaltale.com\/et\/produktas\/azuolines-stumdomos-durys-szewron-line-nedengtos\/#primaryimage\",\"url\":\"https:\/\/metaltale.com\/wp-content\/uploads\/2024\/02\/drzwi-szewron-line-surowy.jpg\",\"contentUrl\":\"https:\/\/metaltale.com\/wp-content\/uploads\/2024\/02\/drzwi-szewron-line-surowy.jpg\",\"width\":800,\"height\":800,\"caption\":\"\u0104\u017euolin\u0117s stumdomos durys SZEWRON LINE nedengtos\"},{\"@type\":\"BreadcrumbList\",\"@id\":\"https:\/\/metaltale.com\/et\/produktas\/azuolines-stumdomos-durys-szewron-line-nedengtos\/#breadcrumb\",\"itemListElement\":[{\"@type\":\"ListItem\",\"position\":1,\"name\":\"Home\",\"item\":\"https:\/\/metaltale.com\/et\/kodu\/\"},{\"@type\":\"ListItem\",\"position\":2,\"name\":\"Kauplus\",\"item\":\"https:\/\/metaltale.com\/et\/shop\/\"},{\"@type\":\"ListItem\",\"position\":3,\"name\":\"\u0104\u017euolin\u0117s stumdomos durys SZEWRON LINE nedengtos\"}]},{\"@type\":\"WebSite\",\"@id\":\"https:\/\/metaltale.com\/et\/#website\",\"url\":\"https:\/\/metaltale.com\/et\/\",\"name\":\"Metaltale.com\",\"description\":\"\",\"potentialAction\":[{\"@type\":\"SearchAction\",\"target\":{\"@type\":\"EntryPoint\",\"urlTemplate\":\"https:\/\/metaltale.com\/et\/?s={search_term_string}\"},\"query-input\":{\"@type\":\"PropertyValueSpecification\",\"valueRequired\":true,\"valueName\":\"search_term_string\"}}],\"inLanguage\":\"et\"}]}<\/script>\n<!-- \/ Yoast SEO plugin. -->","yoast_head_json":{"title":"\u0104\u017euolin\u0117s stumdomos durys SZEWRON LINE nedengtos - MetalTale.com","robots":{"index":"index","follow":"follow","max-snippet":"max-snippet:-1","max-image-preview":"max-image-preview:large","max-video-preview":"max-video-preview:-1"},"canonical":"https:\/\/metaltale.com\/et\/produktas\/azuolines-stumdomos-durys-szewron-line-nedengtos\/","og_locale":"et_EE","og_type":"article","og_title":"\u0104\u017euolin\u0117s stumdomos durys SZEWRON LINE nedengtos - MetalTale.com","og_description":"Med\u017eiaga \u0104\u017euolo mediena Storis (cm) 4 Bendras auk\u0161tis (cm) 210 Bendras plotis (cm) 100 Apdaila Neapdorotas Pavir\u0161iaus tipas Lyg\u016bs PAPILDOMA","og_url":"https:\/\/metaltale.com\/et\/produktas\/azuolines-stumdomos-durys-szewron-line-nedengtos\/","og_site_name":"MetalTale.com","article_modified_time":"2025-11-17T22:33:45+00:00","og_image":[{"width":800,"height":800,"url":"http:\/\/metaltale.com\/wp-content\/uploads\/2024\/02\/drzwi-szewron-line-surowy.jpg","type":"image\/jpeg"}],"twitter_card":"summary_large_image","twitter_misc":{"Est. reading time":"2 minutit"},"schema":{"@context":"https:\/\/schema.org","@graph":[{"@type":"WebPage","@id":"https:\/\/metaltale.com\/et\/produktas\/azuolines-stumdomos-durys-szewron-line-nedengtos\/","url":"https:\/\/metaltale.com\/et\/produktas\/azuolines-stumdomos-durys-szewron-line-nedengtos\/","name":"\u0104\u017euolin\u0117s stumdomos durys SZEWRON LINE nedengtos - MetalTale.com","isPartOf":{"@id":"https:\/\/metaltale.com\/et\/#website"},"primaryImageOfPage":{"@id":"https:\/\/metaltale.com\/et\/produktas\/azuolines-stumdomos-durys-szewron-line-nedengtos\/#primaryimage"},"image":{"@id":"https:\/\/metaltale.com\/et\/produktas\/azuolines-stumdomos-durys-szewron-line-nedengtos\/#primaryimage"},"thumbnailUrl":"https:\/\/metaltale.com\/wp-content\/uploads\/2024\/02\/drzwi-szewron-line-surowy.jpg","datePublished":"2024-02-13T12:27:45+00:00","dateModified":"2025-11-17T22:33:45+00:00","breadcrumb":{"@id":"https:\/\/metaltale.com\/et\/produktas\/azuolines-stumdomos-durys-szewron-line-nedengtos\/#breadcrumb"},"inLanguage":"et","potentialAction":[{"@type":"ReadAction","target":["https:\/\/metaltale.com\/et\/produktas\/azuolines-stumdomos-durys-szewron-line-nedengtos\/"]}]},{"@type":"ImageObject","inLanguage":"et","@id":"https:\/\/metaltale.com\/et\/produktas\/azuolines-stumdomos-durys-szewron-line-nedengtos\/#primaryimage","url":"https:\/\/metaltale.com\/wp-content\/uploads\/2024\/02\/drzwi-szewron-line-surowy.jpg","contentUrl":"https:\/\/metaltale.com\/wp-content\/uploads\/2024\/02\/drzwi-szewron-line-surowy.jpg","width":800,"height":800,"caption":"\u0104\u017euolin\u0117s stumdomos durys SZEWRON LINE nedengtos"},{"@type":"BreadcrumbList","@id":"https:\/\/metaltale.com\/et\/produktas\/azuolines-stumdomos-durys-szewron-line-nedengtos\/#breadcrumb","itemListElement":[{"@type":"ListItem","position":1,"name":"Home","item":"https:\/\/metaltale.com\/et\/kodu\/"},{"@type":"ListItem","position":2,"name":"Kauplus","item":"https:\/\/metaltale.com\/et\/shop\/"},{"@type":"ListItem","position":3,"name":"\u0104\u017euolin\u0117s stumdomos durys SZEWRON LINE nedengtos"}]},{"@type":"WebSite","@id":"https:\/\/metaltale.com\/et\/#website","url":"https:\/\/metaltale.com\/et\/","name":"Metaltale.com","description":"","potentialAction":[{"@type":"SearchAction","target":{"@type":"EntryPoint","urlTemplate":"https:\/\/metaltale.com\/et\/?s={search_term_string}"},"query-input":{"@type":"PropertyValueSpecification","valueRequired":true,"valueName":"search_term_string"}}],"inLanguage":"et"}]}},"_links":{"self":[{"href":"https:\/\/metaltale.com\/et\/wp-json\/wp\/v2\/product\/50886","targetHints":{"allow":["GET"]}}],"collection":[{"href":"https:\/\/metaltale.com\/et\/wp-json\/wp\/v2\/product"}],"about":[{"href":"https:\/\/metaltale.com\/et\/wp-json\/wp\/v2\/types\/product"}],"replies":[{"embeddable":true,"href":"https:\/\/metaltale.com\/et\/wp-json\/wp\/v2\/comments?post=50886"}],"version-history":[{"count":3,"href":"https:\/\/metaltale.com\/et\/wp-json\/wp\/v2\/product\/50886\/revisions"}],"predecessor-version":[{"id":142678,"href":"https:\/\/metaltale.com\/et\/wp-json\/wp\/v2\/product\/50886\/revisions\/142678"}],"wp:featuredmedia":[{"embeddable":true,"href":"https:\/\/metaltale.com\/et\/wp-json\/wp\/v2\/media\/142674"}],"wp:attachment":[{"href":"https:\/\/metaltale.com\/et\/wp-json\/wp\/v2\/media?parent=50886"}],"wp:term":[{"taxonomy":"product_brand","embeddable":true,"href":"https:\/\/metaltale.com\/et\/wp-json\/wp\/v2\/product_brand?post=50886"},{"taxonomy":"product_cat","embeddable":true,"href":"https:\/\/metaltale.com\/et\/wp-json\/wp\/v2\/product_cat?post=50886"},{"taxonomy":"product_tag","embeddable":true,"href":"https:\/\/metaltale.com\/et\/wp-json\/wp\/v2\/product_tag?post=50886"}],"curies":[{"name":"wp","href":"https:\/\/api.w.org\/{rel}","templated":true}]}}