{"id":44014,"date":"2024-02-13T15:31:50","date_gmt":"2024-02-13T13:31:50","guid":{"rendered":"http:\/\/metaltale.com\/produktas\/led-metaline-dekoratyvine-lentele-zeppelin-us-tour\/"},"modified":"2024-11-16T02:09:08","modified_gmt":"2024-11-16T00:09:08","slug":"led-metaline-dekoratyvine-lentele-zeppelin-us-tour","status":"publish","type":"product","link":"https:\/\/metaltale.com\/et\/produktas\/led-metaline-dekoratyvine-lentele-zeppelin-us-tour\/","title":{"rendered":"LED metalin\u0117 dekoratyvin\u0117 lentel\u0117 ZEPPELIN US TOUR"},"content":{"rendered":"<div class=\"prod_data\"><strong>Modelis<\/strong> IN.40384 <br \/><strong>EAN.<\/strong> 5907772079850 <br \/><strong>Orientacijos<\/strong> Vertikalus <br \/><strong>Kambarys<\/strong> Baras, kavin\u0117, restoranas <br \/><strong>Motyvas<\/strong> Muzika <br \/><strong>Med\u017eiaga<\/strong> Plienas <br \/><strong>Plotis (cm)<\/strong> 20 <br \/><strong>Auk\u0161tis (cm)<\/strong> 30 <br \/><strong>Formos<\/strong> Sta\u010diakampio formos <\/p>\n<p>Sta\u010diakampio formos dekoratyvin\u0117 lentel\u0117. Plakatas padengtas itin abrazyviniais da\u017eais ir papildomai turi u\u017eapvalintus kampus, kad j\u012f b\u016bt\u0173 galima saugiai naudoti. Metalinis plakatas turi s\u0105moning\u0173 sen\u0117jimo po\u017eymi\u0173 &#8211; korozijos ir dilimo p\u0117dsak\u0173, kurie suteikia sieninei dekoracijai unikalumo. Retro stili\u0173 dar labiau pabr\u0117\u017eia fonas, kuris atrodo susid\u0117v\u0117j\u0119s d\u0117l b\u0117gan\u010dio laiko.<\/p>\n<p>Ant lentel\u0117s pavaizduotas grup\u0117s LED-ZEPPELIN koncerto plakatas.<\/p>\n<p>Lentel\u0117 tinka tiek retro, tiek vinta\u017einiam interjerui ir bus originali kavini\u0173, restoran\u0173 ar u\u017eeig\u0173 puo\u0161mena.<br \/>Metalinis plakatas taip pat yra puiki dovan\u0173 id\u0117ja, ypa\u010d roko muzikos m\u0117g\u0117jams.<\/p>\n<\/div>\n","protected":false},"excerpt":{"rendered":"<p>Modelis IN.40384 EAN. 5907772079850 Orientacijos Vertikalus Kambarys Baras, kavin\u0117, restoranas Motyvas Muzika Med\u017eiaga Plienas Plotis (cm) 20 Auk\u0161tis (cm) 30<\/p>\n","protected":false},"featured_media":44015,"comment_status":"open","ping_status":"closed","template":"","meta":{"_acf_changed":false,"pmpro_default_level":""},"product_brand":[],"product_cat":[75],"product_tag":[],"class_list":{"0":"post-44014","1":"product","2":"type-product","3":"status-publish","4":"has-post-thumbnail","6":"product_cat-dekoracijos","7":"pmpro-has-access","9":"first","10":"outofstock","11":"shipping-taxable","12":"purchasable","13":"product-type-simple"},"acf":[],"yoast_head":"<!-- This site is optimized with the Yoast SEO plugin v24.9 - https:\/\/yoast.com\/wordpress\/plugins\/seo\/ -->\n<title>LED metalin\u0117 dekoratyvin\u0117 lentel\u0117 ZEPPELIN US TOUR - MetalTale.com<\/title>\n<meta name=\"robots\" content=\"index, follow, max-snippet:-1, max-image-preview:large, max-video-preview:-1\" \/>\n<link rel=\"canonical\" href=\"https:\/\/metaltale.com\/et\/produktas\/led-metaline-dekoratyvine-lentele-zeppelin-us-tour\/\" \/>\n<meta property=\"og:locale\" content=\"et_EE\" \/>\n<meta property=\"og:type\" content=\"article\" \/>\n<meta property=\"og:title\" content=\"LED metalin\u0117 dekoratyvin\u0117 lentel\u0117 ZEPPELIN US TOUR - MetalTale.com\" \/>\n<meta property=\"og:description\" content=\"Modelis IN.40384 EAN. 5907772079850 Orientacijos Vertikalus Kambarys Baras, kavin\u0117, restoranas Motyvas Muzika Med\u017eiaga Plienas Plotis (cm) 20 Auk\u0161tis (cm) 30\" \/>\n<meta property=\"og:url\" content=\"https:\/\/metaltale.com\/et\/produktas\/led-metaline-dekoratyvine-lentele-zeppelin-us-tour\/\" \/>\n<meta property=\"og:site_name\" content=\"MetalTale.com\" \/>\n<meta property=\"article:modified_time\" content=\"2024-11-16T00:09:08+00:00\" \/>\n<meta property=\"og:image\" content=\"http:\/\/metaltale.com\/wp-content\/uploads\/2023\/11\/LED-metalinx117-dekoratyvinx117-lentelx117-ZEPPELIN-US-TOUR.jpg\" \/>\n\t<meta property=\"og:image:width\" content=\"800\" \/>\n\t<meta property=\"og:image:height\" content=\"800\" \/>\n\t<meta property=\"og:image:type\" content=\"image\/jpeg\" \/>\n<meta name=\"twitter:card\" content=\"summary_large_image\" \/>\n<meta name=\"twitter:label1\" content=\"Est. reading time\" \/>\n\t<meta name=\"twitter:data1\" content=\"1 minut\" \/>\n<script type=\"application\/ld+json\" class=\"yoast-schema-graph\">{\"@context\":\"https:\/\/schema.org\",\"@graph\":[{\"@type\":\"WebPage\",\"@id\":\"https:\/\/metaltale.com\/et\/produktas\/led-metaline-dekoratyvine-lentele-zeppelin-us-tour\/\",\"url\":\"https:\/\/metaltale.com\/et\/produktas\/led-metaline-dekoratyvine-lentele-zeppelin-us-tour\/\",\"name\":\"LED metalin\u0117 dekoratyvin\u0117 lentel\u0117 ZEPPELIN US TOUR - MetalTale.com\",\"isPartOf\":{\"@id\":\"https:\/\/metaltale.com\/et\/#website\"},\"primaryImageOfPage\":{\"@id\":\"https:\/\/metaltale.com\/et\/produktas\/led-metaline-dekoratyvine-lentele-zeppelin-us-tour\/#primaryimage\"},\"image\":{\"@id\":\"https:\/\/metaltale.com\/et\/produktas\/led-metaline-dekoratyvine-lentele-zeppelin-us-tour\/#primaryimage\"},\"thumbnailUrl\":\"https:\/\/metaltale.com\/wp-content\/uploads\/2023\/11\/LED-metalinx117-dekoratyvinx117-lentelx117-ZEPPELIN-US-TOUR.jpg\",\"datePublished\":\"2024-02-13T13:31:50+00:00\",\"dateModified\":\"2024-11-16T00:09:08+00:00\",\"breadcrumb\":{\"@id\":\"https:\/\/metaltale.com\/et\/produktas\/led-metaline-dekoratyvine-lentele-zeppelin-us-tour\/#breadcrumb\"},\"inLanguage\":\"et\",\"potentialAction\":[{\"@type\":\"ReadAction\",\"target\":[\"https:\/\/metaltale.com\/et\/produktas\/led-metaline-dekoratyvine-lentele-zeppelin-us-tour\/\"]}]},{\"@type\":\"ImageObject\",\"inLanguage\":\"et\",\"@id\":\"https:\/\/metaltale.com\/et\/produktas\/led-metaline-dekoratyvine-lentele-zeppelin-us-tour\/#primaryimage\",\"url\":\"https:\/\/metaltale.com\/wp-content\/uploads\/2023\/11\/LED-metalinx117-dekoratyvinx117-lentelx117-ZEPPELIN-US-TOUR.jpg\",\"contentUrl\":\"https:\/\/metaltale.com\/wp-content\/uploads\/2023\/11\/LED-metalinx117-dekoratyvinx117-lentelx117-ZEPPELIN-US-TOUR.jpg\",\"width\":800,\"height\":800},{\"@type\":\"BreadcrumbList\",\"@id\":\"https:\/\/metaltale.com\/et\/produktas\/led-metaline-dekoratyvine-lentele-zeppelin-us-tour\/#breadcrumb\",\"itemListElement\":[{\"@type\":\"ListItem\",\"position\":1,\"name\":\"Home\",\"item\":\"https:\/\/metaltale.com\/et\/kodu\/\"},{\"@type\":\"ListItem\",\"position\":2,\"name\":\"Kauplus\",\"item\":\"https:\/\/metaltale.com\/et\/shop\/\"},{\"@type\":\"ListItem\",\"position\":3,\"name\":\"LED metalin\u0117 dekoratyvin\u0117 lentel\u0117 ZEPPELIN US TOUR\"}]},{\"@type\":\"WebSite\",\"@id\":\"https:\/\/metaltale.com\/et\/#website\",\"url\":\"https:\/\/metaltale.com\/et\/\",\"name\":\"Metaltale.com\",\"description\":\"\",\"potentialAction\":[{\"@type\":\"SearchAction\",\"target\":{\"@type\":\"EntryPoint\",\"urlTemplate\":\"https:\/\/metaltale.com\/et\/?s={search_term_string}\"},\"query-input\":{\"@type\":\"PropertyValueSpecification\",\"valueRequired\":true,\"valueName\":\"search_term_string\"}}],\"inLanguage\":\"et\"}]}<\/script>\n<!-- \/ Yoast SEO plugin. -->","yoast_head_json":{"title":"LED metalin\u0117 dekoratyvin\u0117 lentel\u0117 ZEPPELIN US TOUR - MetalTale.com","robots":{"index":"index","follow":"follow","max-snippet":"max-snippet:-1","max-image-preview":"max-image-preview:large","max-video-preview":"max-video-preview:-1"},"canonical":"https:\/\/metaltale.com\/et\/produktas\/led-metaline-dekoratyvine-lentele-zeppelin-us-tour\/","og_locale":"et_EE","og_type":"article","og_title":"LED metalin\u0117 dekoratyvin\u0117 lentel\u0117 ZEPPELIN US TOUR - MetalTale.com","og_description":"Modelis IN.40384 EAN. 5907772079850 Orientacijos Vertikalus Kambarys Baras, kavin\u0117, restoranas Motyvas Muzika Med\u017eiaga Plienas Plotis (cm) 20 Auk\u0161tis (cm) 30","og_url":"https:\/\/metaltale.com\/et\/produktas\/led-metaline-dekoratyvine-lentele-zeppelin-us-tour\/","og_site_name":"MetalTale.com","article_modified_time":"2024-11-16T00:09:08+00:00","og_image":[{"width":800,"height":800,"url":"http:\/\/metaltale.com\/wp-content\/uploads\/2023\/11\/LED-metalinx117-dekoratyvinx117-lentelx117-ZEPPELIN-US-TOUR.jpg","type":"image\/jpeg"}],"twitter_card":"summary_large_image","twitter_misc":{"Est. reading time":"1 minut"},"schema":{"@context":"https:\/\/schema.org","@graph":[{"@type":"WebPage","@id":"https:\/\/metaltale.com\/et\/produktas\/led-metaline-dekoratyvine-lentele-zeppelin-us-tour\/","url":"https:\/\/metaltale.com\/et\/produktas\/led-metaline-dekoratyvine-lentele-zeppelin-us-tour\/","name":"LED metalin\u0117 dekoratyvin\u0117 lentel\u0117 ZEPPELIN US TOUR - MetalTale.com","isPartOf":{"@id":"https:\/\/metaltale.com\/et\/#website"},"primaryImageOfPage":{"@id":"https:\/\/metaltale.com\/et\/produktas\/led-metaline-dekoratyvine-lentele-zeppelin-us-tour\/#primaryimage"},"image":{"@id":"https:\/\/metaltale.com\/et\/produktas\/led-metaline-dekoratyvine-lentele-zeppelin-us-tour\/#primaryimage"},"thumbnailUrl":"https:\/\/metaltale.com\/wp-content\/uploads\/2023\/11\/LED-metalinx117-dekoratyvinx117-lentelx117-ZEPPELIN-US-TOUR.jpg","datePublished":"2024-02-13T13:31:50+00:00","dateModified":"2024-11-16T00:09:08+00:00","breadcrumb":{"@id":"https:\/\/metaltale.com\/et\/produktas\/led-metaline-dekoratyvine-lentele-zeppelin-us-tour\/#breadcrumb"},"inLanguage":"et","potentialAction":[{"@type":"ReadAction","target":["https:\/\/metaltale.com\/et\/produktas\/led-metaline-dekoratyvine-lentele-zeppelin-us-tour\/"]}]},{"@type":"ImageObject","inLanguage":"et","@id":"https:\/\/metaltale.com\/et\/produktas\/led-metaline-dekoratyvine-lentele-zeppelin-us-tour\/#primaryimage","url":"https:\/\/metaltale.com\/wp-content\/uploads\/2023\/11\/LED-metalinx117-dekoratyvinx117-lentelx117-ZEPPELIN-US-TOUR.jpg","contentUrl":"https:\/\/metaltale.com\/wp-content\/uploads\/2023\/11\/LED-metalinx117-dekoratyvinx117-lentelx117-ZEPPELIN-US-TOUR.jpg","width":800,"height":800},{"@type":"BreadcrumbList","@id":"https:\/\/metaltale.com\/et\/produktas\/led-metaline-dekoratyvine-lentele-zeppelin-us-tour\/#breadcrumb","itemListElement":[{"@type":"ListItem","position":1,"name":"Home","item":"https:\/\/metaltale.com\/et\/kodu\/"},{"@type":"ListItem","position":2,"name":"Kauplus","item":"https:\/\/metaltale.com\/et\/shop\/"},{"@type":"ListItem","position":3,"name":"LED metalin\u0117 dekoratyvin\u0117 lentel\u0117 ZEPPELIN US TOUR"}]},{"@type":"WebSite","@id":"https:\/\/metaltale.com\/et\/#website","url":"https:\/\/metaltale.com\/et\/","name":"Metaltale.com","description":"","potentialAction":[{"@type":"SearchAction","target":{"@type":"EntryPoint","urlTemplate":"https:\/\/metaltale.com\/et\/?s={search_term_string}"},"query-input":{"@type":"PropertyValueSpecification","valueRequired":true,"valueName":"search_term_string"}}],"inLanguage":"et"}]}},"_links":{"self":[{"href":"https:\/\/metaltale.com\/et\/wp-json\/wp\/v2\/product\/44014","targetHints":{"allow":["GET"]}}],"collection":[{"href":"https:\/\/metaltale.com\/et\/wp-json\/wp\/v2\/product"}],"about":[{"href":"https:\/\/metaltale.com\/et\/wp-json\/wp\/v2\/types\/product"}],"replies":[{"embeddable":true,"href":"https:\/\/metaltale.com\/et\/wp-json\/wp\/v2\/comments?post=44014"}],"version-history":[{"count":1,"href":"https:\/\/metaltale.com\/et\/wp-json\/wp\/v2\/product\/44014\/revisions"}],"predecessor-version":[{"id":46809,"href":"https:\/\/metaltale.com\/et\/wp-json\/wp\/v2\/product\/44014\/revisions\/46809"}],"wp:featuredmedia":[{"embeddable":true,"href":"https:\/\/metaltale.com\/et\/wp-json\/wp\/v2\/media\/44015"}],"wp:attachment":[{"href":"https:\/\/metaltale.com\/et\/wp-json\/wp\/v2\/media?parent=44014"}],"wp:term":[{"taxonomy":"product_brand","embeddable":true,"href":"https:\/\/metaltale.com\/et\/wp-json\/wp\/v2\/product_brand?post=44014"},{"taxonomy":"product_cat","embeddable":true,"href":"https:\/\/metaltale.com\/et\/wp-json\/wp\/v2\/product_cat?post=44014"},{"taxonomy":"product_tag","embeddable":true,"href":"https:\/\/metaltale.com\/et\/wp-json\/wp\/v2\/product_tag?post=44014"}],"curies":[{"name":"wp","href":"https:\/\/api.w.org\/{rel}","templated":true}]}}