{"id":140800,"date":"2024-01-19T21:11:00","date_gmt":"2024-01-19T19:11:00","guid":{"rendered":"https:\/\/metaltale.com\/produktas\/tammeplaat-herringbone-lux-90x160-cm-naturaalne-oli\/"},"modified":"2024-01-19T21:11:00","modified_gmt":"2024-01-19T19:11:00","slug":"tammeplaat-herringbone-lux-90x160-cm-naturaalne-oli","status":"publish","type":"product","link":"https:\/\/metaltale.com\/et\/toode\/tammeplaat-herringbone-lux-90x160-cm-naturaalne-oli\/","title":{"rendered":"Tammeplaat HERRINGBONE LUX 90X160 cm, naturaalne \u00f5li"},"content":{"rendered":"<p><strong>Mudel<\/strong> JOD.O-OL<br \/>\n<strong>Materjal<\/strong> Tamm<br \/>\n<strong>Materjali paksus (cm)<\/strong> 4<br \/>\nV\u00e4rv Puit &#8211; naturaalne \u00f5li<br \/>\nViimistlemine \u00f5liriidega<br \/>\nKogus komplekti kohta 1 tk.<\/p>\n<p>&#8211; Tammepuust t\u00f6\u00f6tasapind, vormitud (k\u00f5ik servad l\u00f5igatud t\u00e4isnurga all)<br \/>\n&#8211; impregneerimine loodusliku \u00f5liga t\u00f6\u00f6pinna kaitsmiseks<br \/>\n&#8211; tugev konstruktsioon, mida toetab tugev tammepuust raam<br \/>\n&#8211; kahe sentimeetri paksustest laudadest liimitud kaltsukamustritega tislerilauale<br \/>\n&#8211; t\u00f6\u00f6pinna alumisel k\u00fcljel on 2 cm paksune tisleriplaat<br \/>\n&#8211; Puidu looduslik arhitektuur s\u00e4ilib &#8211; v\u00e4rvimuutused, praod, oksad ja oksal\u00fcngad.<\/p>\n<p>S\u00f6\u00f6gilaud &#8211; kodu s\u00fcda ja iga pereliikme igap\u00e4evane kaaslane &#8211; peab olema hoolikalt valitud. Tippkvaliteet on sama oluline kui m\u00f6\u00f6bli suurus, kuju ja stiil. Kui turg ei paku teie unistuste puidust lauda, valige Herringbone Lux tammepuust lauaplaat ja mis tahes pakutavad terasjalad. See loob unikaalse m\u00f6\u00f6bli, millel on isiklik v\u00e4limus. Klassikalise mustriga massiivne ja t\u00e4ismassiivne tammepuust t\u00f6\u00f6tasapind n\u00e4eb v\u00e4lja ajatu ja sobib h\u00f5lpsasti mis tahes keskkonda &#8211; retrok\u00f6\u00f6ki, t\u00f6\u00f6stuslikku s\u00f6\u00f6gituppa, moodsasse kontorisse. Tammeplaadile liimitud tammeplaadid on kaetud puitkarkassiga, mis tagab vastupidavuse. \u00d5liga immutamine kaitseb t\u00f6\u00f6pinda ja toob esile hoolikalt valitud tooraine looduslikud omadused, nagu madalad praod, oksad ja v\u00e4rvimuutused. Retroh\u00f5nguline kalaseljamustri elegantsus kiirgab soojust, luues samal ajal hubase atmosf\u00e4\u00e4ri, mis soodustab vestlust ja s\u00f6\u00f6gitegemist.<\/p>\n","protected":false},"excerpt":{"rendered":"<p>Mudel JOD.O-OL Materjal Tamm Materjali paksus (cm) 4 V\u00e4rv Puit &#8211; naturaalne \u00f5li Viimistlemine \u00f5liriidega Kogus komplekti kohta 1 tk.<\/p>\n","protected":false},"featured_media":128615,"comment_status":"open","ping_status":"closed","template":"","meta":{"_acf_changed":false,"pmpro_default_level":""},"product_brand":[],"product_cat":[24212,24139],"product_tag":[],"class_list":{"0":"post-140800","1":"product","2":"type-product","3":"status-publish","4":"has-post-thumbnail","6":"product_cat-puidust-lauaplaadid-laudadele-ja-kohvilaudadele","7":"product_cat-puidust-tootasapinnad","8":"pmpro-has-access","10":"first","11":"instock","12":"shipping-taxable","13":"purchasable","14":"product-type-simple"},"acf":[],"yoast_head":"<!-- This site is optimized with the Yoast SEO plugin v24.9 - https:\/\/yoast.com\/wordpress\/plugins\/seo\/ -->\n<title>Tammeplaat HERRINGBONE LUX 90X160 cm, naturaalne \u00f5li - MetalTale.com<\/title>\n<meta name=\"robots\" content=\"index, follow, max-snippet:-1, max-image-preview:large, max-video-preview:-1\" \/>\n<link rel=\"canonical\" href=\"https:\/\/metaltale.com\/et\/toode\/tammeplaat-herringbone-lux-90x160-cm-naturaalne-oli\/\" \/>\n<meta property=\"og:locale\" content=\"et_EE\" \/>\n<meta property=\"og:type\" content=\"article\" \/>\n<meta property=\"og:title\" content=\"Tammeplaat HERRINGBONE LUX 90X160 cm, naturaalne \u00f5li - MetalTale.com\" \/>\n<meta property=\"og:description\" content=\"Mudel JOD.O-OL Materjal Tamm Materjali paksus (cm) 4 V\u00e4rv Puit &#8211; naturaalne \u00f5li Viimistlemine \u00f5liriidega Kogus komplekti kohta 1 tk.\" \/>\n<meta property=\"og:url\" content=\"https:\/\/metaltale.com\/et\/toode\/tammeplaat-herringbone-lux-90x160-cm-naturaalne-oli\/\" \/>\n<meta property=\"og:site_name\" content=\"MetalTale.com\" \/>\n<meta property=\"og:image\" content=\"https:\/\/metaltale.com\/wp-content\/uploads\/2024\/01\/JOD.O-OL-90X160.jpg\" \/>\n\t<meta property=\"og:image:width\" content=\"800\" \/>\n\t<meta property=\"og:image:height\" content=\"800\" \/>\n\t<meta property=\"og:image:type\" content=\"image\/jpeg\" \/>\n<meta name=\"twitter:card\" content=\"summary_large_image\" \/>\n<meta name=\"twitter:label1\" content=\"Est. reading time\" \/>\n\t<meta name=\"twitter:data1\" content=\"1 minut\" \/>\n<script type=\"application\/ld+json\" class=\"yoast-schema-graph\">{\"@context\":\"https:\/\/schema.org\",\"@graph\":[{\"@type\":\"WebPage\",\"@id\":\"https:\/\/metaltale.com\/et\/toode\/tammeplaat-herringbone-lux-90x160-cm-naturaalne-oli\/\",\"url\":\"https:\/\/metaltale.com\/et\/toode\/tammeplaat-herringbone-lux-90x160-cm-naturaalne-oli\/\",\"name\":\"Tammeplaat HERRINGBONE LUX 90X160 cm, naturaalne \u00f5li - MetalTale.com\",\"isPartOf\":{\"@id\":\"https:\/\/metaltale.com\/et\/#website\"},\"primaryImageOfPage\":{\"@id\":\"https:\/\/metaltale.com\/et\/toode\/tammeplaat-herringbone-lux-90x160-cm-naturaalne-oli\/#primaryimage\"},\"image\":{\"@id\":\"https:\/\/metaltale.com\/et\/toode\/tammeplaat-herringbone-lux-90x160-cm-naturaalne-oli\/#primaryimage\"},\"thumbnailUrl\":\"https:\/\/metaltale.com\/wp-content\/uploads\/2024\/01\/JOD.O-OL-90X160.jpg\",\"datePublished\":\"2024-01-19T19:11:00+00:00\",\"breadcrumb\":{\"@id\":\"https:\/\/metaltale.com\/et\/toode\/tammeplaat-herringbone-lux-90x160-cm-naturaalne-oli\/#breadcrumb\"},\"inLanguage\":\"et\",\"potentialAction\":[{\"@type\":\"ReadAction\",\"target\":[\"https:\/\/metaltale.com\/et\/toode\/tammeplaat-herringbone-lux-90x160-cm-naturaalne-oli\/\"]}]},{\"@type\":\"ImageObject\",\"inLanguage\":\"et\",\"@id\":\"https:\/\/metaltale.com\/et\/toode\/tammeplaat-herringbone-lux-90x160-cm-naturaalne-oli\/#primaryimage\",\"url\":\"https:\/\/metaltale.com\/wp-content\/uploads\/2024\/01\/JOD.O-OL-90X160.jpg\",\"contentUrl\":\"https:\/\/metaltale.com\/wp-content\/uploads\/2024\/01\/JOD.O-OL-90X160.jpg\",\"width\":800,\"height\":800},{\"@type\":\"BreadcrumbList\",\"@id\":\"https:\/\/metaltale.com\/et\/toode\/tammeplaat-herringbone-lux-90x160-cm-naturaalne-oli\/#breadcrumb\",\"itemListElement\":[{\"@type\":\"ListItem\",\"position\":1,\"name\":\"Home\",\"item\":\"https:\/\/metaltale.com\/et\/kodu\/\"},{\"@type\":\"ListItem\",\"position\":2,\"name\":\"Kauplus\",\"item\":\"https:\/\/metaltale.com\/et\/shop\/\"},{\"@type\":\"ListItem\",\"position\":3,\"name\":\"Tammeplaat HERRINGBONE LUX 90X160 cm, naturaalne \u00f5li\"}]},{\"@type\":\"WebSite\",\"@id\":\"https:\/\/metaltale.com\/et\/#website\",\"url\":\"https:\/\/metaltale.com\/et\/\",\"name\":\"Metaltale.com\",\"description\":\"\",\"potentialAction\":[{\"@type\":\"SearchAction\",\"target\":{\"@type\":\"EntryPoint\",\"urlTemplate\":\"https:\/\/metaltale.com\/et\/?s={search_term_string}\"},\"query-input\":{\"@type\":\"PropertyValueSpecification\",\"valueRequired\":true,\"valueName\":\"search_term_string\"}}],\"inLanguage\":\"et\"}]}<\/script>\n<!-- \/ Yoast SEO plugin. -->","yoast_head_json":{"title":"Tammeplaat HERRINGBONE LUX 90X160 cm, naturaalne \u00f5li - MetalTale.com","robots":{"index":"index","follow":"follow","max-snippet":"max-snippet:-1","max-image-preview":"max-image-preview:large","max-video-preview":"max-video-preview:-1"},"canonical":"https:\/\/metaltale.com\/et\/toode\/tammeplaat-herringbone-lux-90x160-cm-naturaalne-oli\/","og_locale":"et_EE","og_type":"article","og_title":"Tammeplaat HERRINGBONE LUX 90X160 cm, naturaalne \u00f5li - MetalTale.com","og_description":"Mudel JOD.O-OL Materjal Tamm Materjali paksus (cm) 4 V\u00e4rv Puit &#8211; naturaalne \u00f5li Viimistlemine \u00f5liriidega Kogus komplekti kohta 1 tk.","og_url":"https:\/\/metaltale.com\/et\/toode\/tammeplaat-herringbone-lux-90x160-cm-naturaalne-oli\/","og_site_name":"MetalTale.com","og_image":[{"width":800,"height":800,"url":"https:\/\/metaltale.com\/wp-content\/uploads\/2024\/01\/JOD.O-OL-90X160.jpg","type":"image\/jpeg"}],"twitter_card":"summary_large_image","twitter_misc":{"Est. reading time":"1 minut"},"schema":{"@context":"https:\/\/schema.org","@graph":[{"@type":"WebPage","@id":"https:\/\/metaltale.com\/et\/toode\/tammeplaat-herringbone-lux-90x160-cm-naturaalne-oli\/","url":"https:\/\/metaltale.com\/et\/toode\/tammeplaat-herringbone-lux-90x160-cm-naturaalne-oli\/","name":"Tammeplaat HERRINGBONE LUX 90X160 cm, naturaalne \u00f5li - MetalTale.com","isPartOf":{"@id":"https:\/\/metaltale.com\/et\/#website"},"primaryImageOfPage":{"@id":"https:\/\/metaltale.com\/et\/toode\/tammeplaat-herringbone-lux-90x160-cm-naturaalne-oli\/#primaryimage"},"image":{"@id":"https:\/\/metaltale.com\/et\/toode\/tammeplaat-herringbone-lux-90x160-cm-naturaalne-oli\/#primaryimage"},"thumbnailUrl":"https:\/\/metaltale.com\/wp-content\/uploads\/2024\/01\/JOD.O-OL-90X160.jpg","datePublished":"2024-01-19T19:11:00+00:00","breadcrumb":{"@id":"https:\/\/metaltale.com\/et\/toode\/tammeplaat-herringbone-lux-90x160-cm-naturaalne-oli\/#breadcrumb"},"inLanguage":"et","potentialAction":[{"@type":"ReadAction","target":["https:\/\/metaltale.com\/et\/toode\/tammeplaat-herringbone-lux-90x160-cm-naturaalne-oli\/"]}]},{"@type":"ImageObject","inLanguage":"et","@id":"https:\/\/metaltale.com\/et\/toode\/tammeplaat-herringbone-lux-90x160-cm-naturaalne-oli\/#primaryimage","url":"https:\/\/metaltale.com\/wp-content\/uploads\/2024\/01\/JOD.O-OL-90X160.jpg","contentUrl":"https:\/\/metaltale.com\/wp-content\/uploads\/2024\/01\/JOD.O-OL-90X160.jpg","width":800,"height":800},{"@type":"BreadcrumbList","@id":"https:\/\/metaltale.com\/et\/toode\/tammeplaat-herringbone-lux-90x160-cm-naturaalne-oli\/#breadcrumb","itemListElement":[{"@type":"ListItem","position":1,"name":"Home","item":"https:\/\/metaltale.com\/et\/kodu\/"},{"@type":"ListItem","position":2,"name":"Kauplus","item":"https:\/\/metaltale.com\/et\/shop\/"},{"@type":"ListItem","position":3,"name":"Tammeplaat HERRINGBONE LUX 90X160 cm, naturaalne \u00f5li"}]},{"@type":"WebSite","@id":"https:\/\/metaltale.com\/et\/#website","url":"https:\/\/metaltale.com\/et\/","name":"Metaltale.com","description":"","potentialAction":[{"@type":"SearchAction","target":{"@type":"EntryPoint","urlTemplate":"https:\/\/metaltale.com\/et\/?s={search_term_string}"},"query-input":{"@type":"PropertyValueSpecification","valueRequired":true,"valueName":"search_term_string"}}],"inLanguage":"et"}]}},"_links":{"self":[{"href":"https:\/\/metaltale.com\/et\/wp-json\/wp\/v2\/product\/140800","targetHints":{"allow":["GET"]}}],"collection":[{"href":"https:\/\/metaltale.com\/et\/wp-json\/wp\/v2\/product"}],"about":[{"href":"https:\/\/metaltale.com\/et\/wp-json\/wp\/v2\/types\/product"}],"replies":[{"embeddable":true,"href":"https:\/\/metaltale.com\/et\/wp-json\/wp\/v2\/comments?post=140800"}],"version-history":[{"count":0,"href":"https:\/\/metaltale.com\/et\/wp-json\/wp\/v2\/product\/140800\/revisions"}],"wp:featuredmedia":[{"embeddable":true,"href":"https:\/\/metaltale.com\/et\/wp-json\/wp\/v2\/media\/128615"}],"wp:attachment":[{"href":"https:\/\/metaltale.com\/et\/wp-json\/wp\/v2\/media?parent=140800"}],"wp:term":[{"taxonomy":"product_brand","embeddable":true,"href":"https:\/\/metaltale.com\/et\/wp-json\/wp\/v2\/product_brand?post=140800"},{"taxonomy":"product_cat","embeddable":true,"href":"https:\/\/metaltale.com\/et\/wp-json\/wp\/v2\/product_cat?post=140800"},{"taxonomy":"product_tag","embeddable":true,"href":"https:\/\/metaltale.com\/et\/wp-json\/wp\/v2\/product_tag?post=140800"}],"curies":[{"name":"wp","href":"https:\/\/api.w.org\/{rel}","templated":true}]}}