{"id":140797,"date":"2024-01-19T21:08:48","date_gmt":"2024-01-19T19:08:48","guid":{"rendered":"https:\/\/metaltale.com\/produktas\/tammeplaat-solid-90x160-cm-naturaalne-oli\/"},"modified":"2024-01-19T21:08:48","modified_gmt":"2024-01-19T19:08:48","slug":"tammeplaat-solid-90x160-cm-naturaalne-oli","status":"publish","type":"product","link":"https:\/\/metaltale.com\/et\/toode\/tammeplaat-solid-90x160-cm-naturaalne-oli\/","title":{"rendered":"Tammeplaat SOLID 90&#215;160 cm, naturaalne \u00f5li"},"content":{"rendered":"<p><strong>Mudel<\/strong> SOL-OL<br \/>\n<strong>Materjal<\/strong> Tamm<br \/>\n<strong>Materjali paksus (cm<\/strong> ) 4,8<br \/>\nV\u00e4rv Puit &#8211; naturaalne \u00f5li<br \/>\nViimistlemine \u00f5liriidega<br \/>\nKogus komplekti kohta 1 tk.<\/p>\n<p>&#8211; vormitud tammepuust t\u00f6\u00f6pind (k\u00f5ik servad on l\u00f5igatud t\u00e4isnurga all)<br \/>\n&#8211; t\u00f6\u00f6pind on kaitstud loodusliku \u00f5liga<br \/>\n&#8211; \u00fcmardatud servad elegantsi saavutamiseks<br \/>\n&#8211; spoon v\u00f5imaldab valida materjali vastavalt terasuurusele<br \/>\n&#8211; puidu loomuliku struktuuri s\u00e4ilitamine &#8211; v\u00e4rvimuutused, praod, oksad<br \/>\n&#8211; ei ole pragusid kogu t\u00f6\u00f6pinna paksuses v\u00f5i vuukides, sabades<br \/>\n&#8211; Kittidega t\u00e4idetud l\u00fcngad<br \/>\n&#8211; pakkumine kehtib ainult lauaplaadile ja ei sisalda m\u00f6\u00f6bli jalgu.<\/p>\n<p>Miks SOLID? Tegemist on massiivse tammepuust t\u00f6\u00f6tasapinnaga, mis paistab silma oma paksuse poolest. Rahulikku iseloomu omav liimitud t\u00f6\u00f6tasapind, mille madalad v\u00e4ljal\u00f5iked on t\u00e4idetud kittidega. Ideaalne mudel disainer s\u00f6\u00f6gilaua loomiseks. T\u00f6\u00f6pinna elegantsust n\u00e4itavad \u00fcmarad servad. T\u00e4iuslik viimistlus on v\u00f5imalik muu hulgas t\u00e4nu tootmisprotsessis kasutatavale tehnoloogiale: pakutav t\u00f6\u00f6pind on asfalteeritud mudel, mis v\u00f5imaldab valida materjali tera. Nelja sirge servaga t\u00f6\u00f6tasapind on klassika, mis sobib ideaalselt paljudesse stiilidesse, alates retro- ja vintage-stiilidest kuni rustikaalsete, loft- ja industriaalstiilideni. Kavandatava t\u00f6\u00f6tasapinna ainulaadsust m\u00f5jutab ka kitsamate laudade liimimine (16 v\u00f5i 18 cm, s\u00f5ltuvalt t\u00f6\u00f6tasapinna laiusest). Looduslik \u00f5liga immutatud puidust t\u00f6\u00f6tasapind omandab sooja, \u00f5lgkatusega v\u00e4rvuse. See tammepuu kaitse vorm toob esile unikaalse puidun\u00e4rvi, j\u00e4ttes n\u00e4htavaks v\u00f5i m\u00e4rgatavaks katte.<\/p>\n","protected":false},"excerpt":{"rendered":"<p>Mudel SOL-OL Materjal Tamm Materjali paksus (cm ) 4,8 V\u00e4rv Puit &#8211; naturaalne \u00f5li Viimistlemine \u00f5liriidega Kogus komplekti kohta 1<\/p>\n","protected":false},"featured_media":132150,"comment_status":"open","ping_status":"closed","template":"","meta":{"_acf_changed":false,"pmpro_default_level":""},"product_brand":[],"product_cat":[24212,24139],"product_tag":[],"class_list":{"0":"post-140797","1":"product","2":"type-product","3":"status-publish","4":"has-post-thumbnail","6":"product_cat-puidust-lauaplaadid-laudadele-ja-kohvilaudadele","7":"product_cat-puidust-tootasapinnad","8":"pmpro-has-access","10":"first","11":"instock","12":"shipping-taxable","13":"purchasable","14":"product-type-simple"},"acf":[],"yoast_head":"<!-- This site is optimized with the Yoast SEO plugin v24.9 - https:\/\/yoast.com\/wordpress\/plugins\/seo\/ -->\n<title>Tammeplaat SOLID 90x160 cm, naturaalne \u00f5li - MetalTale.com<\/title>\n<meta name=\"robots\" content=\"index, follow, max-snippet:-1, max-image-preview:large, max-video-preview:-1\" \/>\n<link rel=\"canonical\" href=\"https:\/\/metaltale.com\/et\/toode\/tammeplaat-solid-90x160-cm-naturaalne-oli\/\" \/>\n<meta property=\"og:locale\" content=\"et_EE\" \/>\n<meta property=\"og:type\" content=\"article\" \/>\n<meta property=\"og:title\" content=\"Tammeplaat SOLID 90x160 cm, naturaalne \u00f5li - MetalTale.com\" \/>\n<meta property=\"og:description\" content=\"Mudel SOL-OL Materjal Tamm Materjali paksus (cm ) 4,8 V\u00e4rv Puit &#8211; naturaalne \u00f5li Viimistlemine \u00f5liriidega Kogus komplekti kohta 1\" \/>\n<meta property=\"og:url\" content=\"https:\/\/metaltale.com\/et\/toode\/tammeplaat-solid-90x160-cm-naturaalne-oli\/\" \/>\n<meta property=\"og:site_name\" content=\"MetalTale.com\" \/>\n<meta property=\"og:image\" content=\"https:\/\/metaltale.com\/wp-content\/uploads\/2024\/01\/Azuolinis-stalvirsis-SOLID-90x160-cm-naturali-alyva.png\" \/>\n\t<meta property=\"og:image:width\" content=\"800\" \/>\n\t<meta property=\"og:image:height\" content=\"800\" \/>\n\t<meta property=\"og:image:type\" content=\"image\/png\" \/>\n<meta name=\"twitter:card\" content=\"summary_large_image\" \/>\n<meta name=\"twitter:label1\" content=\"Est. reading time\" \/>\n\t<meta name=\"twitter:data1\" content=\"1 minut\" \/>\n<script type=\"application\/ld+json\" class=\"yoast-schema-graph\">{\"@context\":\"https:\/\/schema.org\",\"@graph\":[{\"@type\":\"WebPage\",\"@id\":\"https:\/\/metaltale.com\/et\/toode\/tammeplaat-solid-90x160-cm-naturaalne-oli\/\",\"url\":\"https:\/\/metaltale.com\/et\/toode\/tammeplaat-solid-90x160-cm-naturaalne-oli\/\",\"name\":\"Tammeplaat SOLID 90x160 cm, naturaalne \u00f5li - MetalTale.com\",\"isPartOf\":{\"@id\":\"https:\/\/metaltale.com\/et\/#website\"},\"primaryImageOfPage\":{\"@id\":\"https:\/\/metaltale.com\/et\/toode\/tammeplaat-solid-90x160-cm-naturaalne-oli\/#primaryimage\"},\"image\":{\"@id\":\"https:\/\/metaltale.com\/et\/toode\/tammeplaat-solid-90x160-cm-naturaalne-oli\/#primaryimage\"},\"thumbnailUrl\":\"https:\/\/metaltale.com\/wp-content\/uploads\/2024\/01\/Azuolinis-stalvirsis-SOLID-90x160-cm-naturali-alyva.png\",\"datePublished\":\"2024-01-19T19:08:48+00:00\",\"breadcrumb\":{\"@id\":\"https:\/\/metaltale.com\/et\/toode\/tammeplaat-solid-90x160-cm-naturaalne-oli\/#breadcrumb\"},\"inLanguage\":\"et\",\"potentialAction\":[{\"@type\":\"ReadAction\",\"target\":[\"https:\/\/metaltale.com\/et\/toode\/tammeplaat-solid-90x160-cm-naturaalne-oli\/\"]}]},{\"@type\":\"ImageObject\",\"inLanguage\":\"et\",\"@id\":\"https:\/\/metaltale.com\/et\/toode\/tammeplaat-solid-90x160-cm-naturaalne-oli\/#primaryimage\",\"url\":\"https:\/\/metaltale.com\/wp-content\/uploads\/2024\/01\/Azuolinis-stalvirsis-SOLID-90x160-cm-naturali-alyva.png\",\"contentUrl\":\"https:\/\/metaltale.com\/wp-content\/uploads\/2024\/01\/Azuolinis-stalvirsis-SOLID-90x160-cm-naturali-alyva.png\",\"width\":800,\"height\":800,\"caption\":\"Tammeplaat SOLID 90x160 cm, naturaalne \u00f5li\"},{\"@type\":\"BreadcrumbList\",\"@id\":\"https:\/\/metaltale.com\/et\/toode\/tammeplaat-solid-90x160-cm-naturaalne-oli\/#breadcrumb\",\"itemListElement\":[{\"@type\":\"ListItem\",\"position\":1,\"name\":\"Home\",\"item\":\"https:\/\/metaltale.com\/et\/kodu\/\"},{\"@type\":\"ListItem\",\"position\":2,\"name\":\"Kauplus\",\"item\":\"https:\/\/metaltale.com\/et\/shop\/\"},{\"@type\":\"ListItem\",\"position\":3,\"name\":\"Tammeplaat SOLID 90&#215;160 cm, naturaalne \u00f5li\"}]},{\"@type\":\"WebSite\",\"@id\":\"https:\/\/metaltale.com\/et\/#website\",\"url\":\"https:\/\/metaltale.com\/et\/\",\"name\":\"Metaltale.com\",\"description\":\"\",\"potentialAction\":[{\"@type\":\"SearchAction\",\"target\":{\"@type\":\"EntryPoint\",\"urlTemplate\":\"https:\/\/metaltale.com\/et\/?s={search_term_string}\"},\"query-input\":{\"@type\":\"PropertyValueSpecification\",\"valueRequired\":true,\"valueName\":\"search_term_string\"}}],\"inLanguage\":\"et\"}]}<\/script>\n<!-- \/ Yoast SEO plugin. -->","yoast_head_json":{"title":"Tammeplaat SOLID 90x160 cm, naturaalne \u00f5li - MetalTale.com","robots":{"index":"index","follow":"follow","max-snippet":"max-snippet:-1","max-image-preview":"max-image-preview:large","max-video-preview":"max-video-preview:-1"},"canonical":"https:\/\/metaltale.com\/et\/toode\/tammeplaat-solid-90x160-cm-naturaalne-oli\/","og_locale":"et_EE","og_type":"article","og_title":"Tammeplaat SOLID 90x160 cm, naturaalne \u00f5li - MetalTale.com","og_description":"Mudel SOL-OL Materjal Tamm Materjali paksus (cm ) 4,8 V\u00e4rv Puit &#8211; naturaalne \u00f5li Viimistlemine \u00f5liriidega Kogus komplekti kohta 1","og_url":"https:\/\/metaltale.com\/et\/toode\/tammeplaat-solid-90x160-cm-naturaalne-oli\/","og_site_name":"MetalTale.com","og_image":[{"width":800,"height":800,"url":"https:\/\/metaltale.com\/wp-content\/uploads\/2024\/01\/Azuolinis-stalvirsis-SOLID-90x160-cm-naturali-alyva.png","type":"image\/png"}],"twitter_card":"summary_large_image","twitter_misc":{"Est. reading time":"1 minut"},"schema":{"@context":"https:\/\/schema.org","@graph":[{"@type":"WebPage","@id":"https:\/\/metaltale.com\/et\/toode\/tammeplaat-solid-90x160-cm-naturaalne-oli\/","url":"https:\/\/metaltale.com\/et\/toode\/tammeplaat-solid-90x160-cm-naturaalne-oli\/","name":"Tammeplaat SOLID 90x160 cm, naturaalne \u00f5li - MetalTale.com","isPartOf":{"@id":"https:\/\/metaltale.com\/et\/#website"},"primaryImageOfPage":{"@id":"https:\/\/metaltale.com\/et\/toode\/tammeplaat-solid-90x160-cm-naturaalne-oli\/#primaryimage"},"image":{"@id":"https:\/\/metaltale.com\/et\/toode\/tammeplaat-solid-90x160-cm-naturaalne-oli\/#primaryimage"},"thumbnailUrl":"https:\/\/metaltale.com\/wp-content\/uploads\/2024\/01\/Azuolinis-stalvirsis-SOLID-90x160-cm-naturali-alyva.png","datePublished":"2024-01-19T19:08:48+00:00","breadcrumb":{"@id":"https:\/\/metaltale.com\/et\/toode\/tammeplaat-solid-90x160-cm-naturaalne-oli\/#breadcrumb"},"inLanguage":"et","potentialAction":[{"@type":"ReadAction","target":["https:\/\/metaltale.com\/et\/toode\/tammeplaat-solid-90x160-cm-naturaalne-oli\/"]}]},{"@type":"ImageObject","inLanguage":"et","@id":"https:\/\/metaltale.com\/et\/toode\/tammeplaat-solid-90x160-cm-naturaalne-oli\/#primaryimage","url":"https:\/\/metaltale.com\/wp-content\/uploads\/2024\/01\/Azuolinis-stalvirsis-SOLID-90x160-cm-naturali-alyva.png","contentUrl":"https:\/\/metaltale.com\/wp-content\/uploads\/2024\/01\/Azuolinis-stalvirsis-SOLID-90x160-cm-naturali-alyva.png","width":800,"height":800,"caption":"Tammeplaat SOLID 90x160 cm, naturaalne \u00f5li"},{"@type":"BreadcrumbList","@id":"https:\/\/metaltale.com\/et\/toode\/tammeplaat-solid-90x160-cm-naturaalne-oli\/#breadcrumb","itemListElement":[{"@type":"ListItem","position":1,"name":"Home","item":"https:\/\/metaltale.com\/et\/kodu\/"},{"@type":"ListItem","position":2,"name":"Kauplus","item":"https:\/\/metaltale.com\/et\/shop\/"},{"@type":"ListItem","position":3,"name":"Tammeplaat SOLID 90&#215;160 cm, naturaalne \u00f5li"}]},{"@type":"WebSite","@id":"https:\/\/metaltale.com\/et\/#website","url":"https:\/\/metaltale.com\/et\/","name":"Metaltale.com","description":"","potentialAction":[{"@type":"SearchAction","target":{"@type":"EntryPoint","urlTemplate":"https:\/\/metaltale.com\/et\/?s={search_term_string}"},"query-input":{"@type":"PropertyValueSpecification","valueRequired":true,"valueName":"search_term_string"}}],"inLanguage":"et"}]}},"_links":{"self":[{"href":"https:\/\/metaltale.com\/et\/wp-json\/wp\/v2\/product\/140797","targetHints":{"allow":["GET"]}}],"collection":[{"href":"https:\/\/metaltale.com\/et\/wp-json\/wp\/v2\/product"}],"about":[{"href":"https:\/\/metaltale.com\/et\/wp-json\/wp\/v2\/types\/product"}],"replies":[{"embeddable":true,"href":"https:\/\/metaltale.com\/et\/wp-json\/wp\/v2\/comments?post=140797"}],"version-history":[{"count":0,"href":"https:\/\/metaltale.com\/et\/wp-json\/wp\/v2\/product\/140797\/revisions"}],"wp:featuredmedia":[{"embeddable":true,"href":"https:\/\/metaltale.com\/et\/wp-json\/wp\/v2\/media\/132150"}],"wp:attachment":[{"href":"https:\/\/metaltale.com\/et\/wp-json\/wp\/v2\/media?parent=140797"}],"wp:term":[{"taxonomy":"product_brand","embeddable":true,"href":"https:\/\/metaltale.com\/et\/wp-json\/wp\/v2\/product_brand?post=140797"},{"taxonomy":"product_cat","embeddable":true,"href":"https:\/\/metaltale.com\/et\/wp-json\/wp\/v2\/product_cat?post=140797"},{"taxonomy":"product_tag","embeddable":true,"href":"https:\/\/metaltale.com\/et\/wp-json\/wp\/v2\/product_tag?post=140797"}],"curies":[{"name":"wp","href":"https:\/\/api.w.org\/{rel}","templated":true}]}}