{"id":140796,"date":"2024-01-19T20:56:05","date_gmt":"2024-01-19T18:56:05","guid":{"rendered":"https:\/\/metaltale.com\/produktas\/tammest-lauaplaat-romanteka-1-80x160-cm-naturaalne-oli\/"},"modified":"2024-01-19T20:56:05","modified_gmt":"2024-01-19T18:56:05","slug":"tammest-lauaplaat-romanteka-1-80x160-cm-naturaalne-oli","status":"publish","type":"product","link":"https:\/\/metaltale.com\/et\/toode\/tammest-lauaplaat-romanteka-1-80x160-cm-naturaalne-oli\/","title":{"rendered":"Tammest lauaplaat ROMANTEKA 1; 80&#215;160 cm, naturaalne \u00f5li"},"content":{"rendered":"<p><strong>Mudel<\/strong> SE.BLT.SE-PRGR<br \/>\n<strong>Materjal<\/strong> Tamm<br \/>\n<strong>Materjali paksus (cm<\/strong> ) 3,8<br \/>\nV\u00e4rv Puit &#8211; naturaalne \u00f5li<br \/>\nViimistlemine \u00f5liriidega<br \/>\nKogus komplekti kohta 1 tk.<\/p>\n<p>&#8211; kitsas tammepuust lauaplaat kahe ebakorrap\u00e4rase servaga (\u00e4\u00e4ristatud piki tera)<br \/>\n&#8211; T\u00f6\u00f6pind on kaitstud loodusliku \u00f5liga<br \/>\n&#8211; Minimaalne laius on k\u00f5ige kitsam laius vaadatuna<br \/>\n&#8211; Maksimaalne laius on t\u00f6\u00f6pinna \u00e4\u00e4rmiste punktide vaheline kaugus.<br \/>\n&#8211; Hoolikas valik v\u00f5imaldab kasutada sarnast v\u00e4rvi ja v\u00e4hem valget materjali.<br \/>\n&#8211; S\u00e4ilinud looduslik puiduarhitektuur &#8211; v\u00e4rvimuutused, madalad praod, oksad<\/p>\n<p>ROMANTEKA tammepuidust t\u00f6\u00f6tasapind on sild rahulikku loodusliku puidu ja julge Rustwoodi vahel. Toote iseloomulikuks tunnuseks on ebakorrap\u00e4rased servad, mis peegeldavad t\u00f5elist loodust\u00f6\u00f6d. T\u00f6\u00f6laud on valmistatud hoolikalt valitud 40 mm paksusest puidust. Tugevat tammepuust lauaplaati saab kombineerida meie pakutavate jalgadega, et luua laudu, kohvilaudu ja kirjutuslaudu. K\u00e4sitsi valmistatud m\u00f6\u00f6bel tagab ainulaadsuse. &#8220;DIY-projektid annavad teile vabaduse valida aluse ja stiili, milles hoida kuju. Looduslik \u00f5li on suurep\u00e4rane immutamismeetod, mis kaitseb tammepuitu, tungides selle struktuuri ja andes talle samal ajal peene v\u00e4rvi.<\/p>\n","protected":false},"excerpt":{"rendered":"<p>Mudel SE.BLT.SE-PRGR Materjal Tamm Materjali paksus (cm ) 3,8 V\u00e4rv Puit &#8211; naturaalne \u00f5li Viimistlemine \u00f5liriidega Kogus komplekti kohta 1<\/p>\n","protected":false},"featured_media":132081,"comment_status":"open","ping_status":"closed","template":"","meta":{"_acf_changed":false,"pmpro_default_level":""},"product_brand":[],"product_cat":[24212,24139],"product_tag":[],"class_list":{"0":"post-140796","1":"product","2":"type-product","3":"status-publish","4":"has-post-thumbnail","6":"product_cat-puidust-lauaplaadid-laudadele-ja-kohvilaudadele","7":"product_cat-puidust-tootasapinnad","8":"pmpro-has-access","10":"first","11":"outofstock","12":"shipping-taxable","13":"purchasable","14":"product-type-simple"},"acf":[],"yoast_head":"<!-- This site is optimized with the Yoast SEO plugin v24.9 - https:\/\/yoast.com\/wordpress\/plugins\/seo\/ -->\n<title>Tammest lauaplaat ROMANTEKA 1; 80x160 cm, naturaalne \u00f5li - MetalTale.com<\/title>\n<meta name=\"robots\" content=\"index, follow, max-snippet:-1, max-image-preview:large, max-video-preview:-1\" \/>\n<link rel=\"canonical\" href=\"https:\/\/metaltale.com\/et\/toode\/tammest-lauaplaat-romanteka-1-80x160-cm-naturaalne-oli\/\" \/>\n<meta property=\"og:locale\" content=\"et_EE\" \/>\n<meta property=\"og:type\" content=\"article\" \/>\n<meta property=\"og:title\" content=\"Tammest lauaplaat ROMANTEKA 1; 80x160 cm, naturaalne \u00f5li - MetalTale.com\" \/>\n<meta property=\"og:description\" content=\"Mudel SE.BLT.SE-PRGR Materjal Tamm Materjali paksus (cm ) 3,8 V\u00e4rv Puit &#8211; naturaalne \u00f5li Viimistlemine \u00f5liriidega Kogus komplekti kohta 1\" \/>\n<meta property=\"og:url\" content=\"https:\/\/metaltale.com\/et\/toode\/tammest-lauaplaat-romanteka-1-80x160-cm-naturaalne-oli\/\" \/>\n<meta property=\"og:site_name\" content=\"MetalTale.com\" \/>\n<meta property=\"og:image\" content=\"https:\/\/metaltale.com\/wp-content\/uploads\/2024\/01\/Azuolinis-stalvirsis-ROMANTEKA-1-80x160-naturali-alyva.jpg\" \/>\n\t<meta property=\"og:image:width\" content=\"800\" \/>\n\t<meta property=\"og:image:height\" content=\"800\" \/>\n\t<meta property=\"og:image:type\" content=\"image\/jpeg\" \/>\n<meta name=\"twitter:card\" content=\"summary_large_image\" \/>\n<meta name=\"twitter:label1\" content=\"Est. reading time\" \/>\n\t<meta name=\"twitter:data1\" content=\"1 minut\" \/>\n<script type=\"application\/ld+json\" class=\"yoast-schema-graph\">{\"@context\":\"https:\/\/schema.org\",\"@graph\":[{\"@type\":\"WebPage\",\"@id\":\"https:\/\/metaltale.com\/et\/toode\/tammest-lauaplaat-romanteka-1-80x160-cm-naturaalne-oli\/\",\"url\":\"https:\/\/metaltale.com\/et\/toode\/tammest-lauaplaat-romanteka-1-80x160-cm-naturaalne-oli\/\",\"name\":\"Tammest lauaplaat ROMANTEKA 1; 80x160 cm, naturaalne \u00f5li - MetalTale.com\",\"isPartOf\":{\"@id\":\"https:\/\/metaltale.com\/et\/#website\"},\"primaryImageOfPage\":{\"@id\":\"https:\/\/metaltale.com\/et\/toode\/tammest-lauaplaat-romanteka-1-80x160-cm-naturaalne-oli\/#primaryimage\"},\"image\":{\"@id\":\"https:\/\/metaltale.com\/et\/toode\/tammest-lauaplaat-romanteka-1-80x160-cm-naturaalne-oli\/#primaryimage\"},\"thumbnailUrl\":\"https:\/\/metaltale.com\/wp-content\/uploads\/2024\/01\/Azuolinis-stalvirsis-ROMANTEKA-1-80x160-naturali-alyva.jpg\",\"datePublished\":\"2024-01-19T18:56:05+00:00\",\"breadcrumb\":{\"@id\":\"https:\/\/metaltale.com\/et\/toode\/tammest-lauaplaat-romanteka-1-80x160-cm-naturaalne-oli\/#breadcrumb\"},\"inLanguage\":\"et\",\"potentialAction\":[{\"@type\":\"ReadAction\",\"target\":[\"https:\/\/metaltale.com\/et\/toode\/tammest-lauaplaat-romanteka-1-80x160-cm-naturaalne-oli\/\"]}]},{\"@type\":\"ImageObject\",\"inLanguage\":\"et\",\"@id\":\"https:\/\/metaltale.com\/et\/toode\/tammest-lauaplaat-romanteka-1-80x160-cm-naturaalne-oli\/#primaryimage\",\"url\":\"https:\/\/metaltale.com\/wp-content\/uploads\/2024\/01\/Azuolinis-stalvirsis-ROMANTEKA-1-80x160-naturali-alyva.jpg\",\"contentUrl\":\"https:\/\/metaltale.com\/wp-content\/uploads\/2024\/01\/Azuolinis-stalvirsis-ROMANTEKA-1-80x160-naturali-alyva.jpg\",\"width\":800,\"height\":800,\"caption\":\"Tammest lauaplaat ROMANTEKA 1; 80x160 naturaalne \u00f5li\"},{\"@type\":\"BreadcrumbList\",\"@id\":\"https:\/\/metaltale.com\/et\/toode\/tammest-lauaplaat-romanteka-1-80x160-cm-naturaalne-oli\/#breadcrumb\",\"itemListElement\":[{\"@type\":\"ListItem\",\"position\":1,\"name\":\"Home\",\"item\":\"https:\/\/metaltale.com\/et\/kodu\/\"},{\"@type\":\"ListItem\",\"position\":2,\"name\":\"Kauplus\",\"item\":\"https:\/\/metaltale.com\/et\/shop\/\"},{\"@type\":\"ListItem\",\"position\":3,\"name\":\"Tammest lauaplaat ROMANTEKA 1; 80&#215;160 cm, naturaalne \u00f5li\"}]},{\"@type\":\"WebSite\",\"@id\":\"https:\/\/metaltale.com\/et\/#website\",\"url\":\"https:\/\/metaltale.com\/et\/\",\"name\":\"Metaltale.com\",\"description\":\"\",\"potentialAction\":[{\"@type\":\"SearchAction\",\"target\":{\"@type\":\"EntryPoint\",\"urlTemplate\":\"https:\/\/metaltale.com\/et\/?s={search_term_string}\"},\"query-input\":{\"@type\":\"PropertyValueSpecification\",\"valueRequired\":true,\"valueName\":\"search_term_string\"}}],\"inLanguage\":\"et\"}]}<\/script>\n<!-- \/ Yoast SEO plugin. -->","yoast_head_json":{"title":"Tammest lauaplaat ROMANTEKA 1; 80x160 cm, naturaalne \u00f5li - MetalTale.com","robots":{"index":"index","follow":"follow","max-snippet":"max-snippet:-1","max-image-preview":"max-image-preview:large","max-video-preview":"max-video-preview:-1"},"canonical":"https:\/\/metaltale.com\/et\/toode\/tammest-lauaplaat-romanteka-1-80x160-cm-naturaalne-oli\/","og_locale":"et_EE","og_type":"article","og_title":"Tammest lauaplaat ROMANTEKA 1; 80x160 cm, naturaalne \u00f5li - MetalTale.com","og_description":"Mudel SE.BLT.SE-PRGR Materjal Tamm Materjali paksus (cm ) 3,8 V\u00e4rv Puit &#8211; naturaalne \u00f5li Viimistlemine \u00f5liriidega Kogus komplekti kohta 1","og_url":"https:\/\/metaltale.com\/et\/toode\/tammest-lauaplaat-romanteka-1-80x160-cm-naturaalne-oli\/","og_site_name":"MetalTale.com","og_image":[{"width":800,"height":800,"url":"https:\/\/metaltale.com\/wp-content\/uploads\/2024\/01\/Azuolinis-stalvirsis-ROMANTEKA-1-80x160-naturali-alyva.jpg","type":"image\/jpeg"}],"twitter_card":"summary_large_image","twitter_misc":{"Est. reading time":"1 minut"},"schema":{"@context":"https:\/\/schema.org","@graph":[{"@type":"WebPage","@id":"https:\/\/metaltale.com\/et\/toode\/tammest-lauaplaat-romanteka-1-80x160-cm-naturaalne-oli\/","url":"https:\/\/metaltale.com\/et\/toode\/tammest-lauaplaat-romanteka-1-80x160-cm-naturaalne-oli\/","name":"Tammest lauaplaat ROMANTEKA 1; 80x160 cm, naturaalne \u00f5li - MetalTale.com","isPartOf":{"@id":"https:\/\/metaltale.com\/et\/#website"},"primaryImageOfPage":{"@id":"https:\/\/metaltale.com\/et\/toode\/tammest-lauaplaat-romanteka-1-80x160-cm-naturaalne-oli\/#primaryimage"},"image":{"@id":"https:\/\/metaltale.com\/et\/toode\/tammest-lauaplaat-romanteka-1-80x160-cm-naturaalne-oli\/#primaryimage"},"thumbnailUrl":"https:\/\/metaltale.com\/wp-content\/uploads\/2024\/01\/Azuolinis-stalvirsis-ROMANTEKA-1-80x160-naturali-alyva.jpg","datePublished":"2024-01-19T18:56:05+00:00","breadcrumb":{"@id":"https:\/\/metaltale.com\/et\/toode\/tammest-lauaplaat-romanteka-1-80x160-cm-naturaalne-oli\/#breadcrumb"},"inLanguage":"et","potentialAction":[{"@type":"ReadAction","target":["https:\/\/metaltale.com\/et\/toode\/tammest-lauaplaat-romanteka-1-80x160-cm-naturaalne-oli\/"]}]},{"@type":"ImageObject","inLanguage":"et","@id":"https:\/\/metaltale.com\/et\/toode\/tammest-lauaplaat-romanteka-1-80x160-cm-naturaalne-oli\/#primaryimage","url":"https:\/\/metaltale.com\/wp-content\/uploads\/2024\/01\/Azuolinis-stalvirsis-ROMANTEKA-1-80x160-naturali-alyva.jpg","contentUrl":"https:\/\/metaltale.com\/wp-content\/uploads\/2024\/01\/Azuolinis-stalvirsis-ROMANTEKA-1-80x160-naturali-alyva.jpg","width":800,"height":800,"caption":"Tammest lauaplaat ROMANTEKA 1; 80x160 naturaalne \u00f5li"},{"@type":"BreadcrumbList","@id":"https:\/\/metaltale.com\/et\/toode\/tammest-lauaplaat-romanteka-1-80x160-cm-naturaalne-oli\/#breadcrumb","itemListElement":[{"@type":"ListItem","position":1,"name":"Home","item":"https:\/\/metaltale.com\/et\/kodu\/"},{"@type":"ListItem","position":2,"name":"Kauplus","item":"https:\/\/metaltale.com\/et\/shop\/"},{"@type":"ListItem","position":3,"name":"Tammest lauaplaat ROMANTEKA 1; 80&#215;160 cm, naturaalne \u00f5li"}]},{"@type":"WebSite","@id":"https:\/\/metaltale.com\/et\/#website","url":"https:\/\/metaltale.com\/et\/","name":"Metaltale.com","description":"","potentialAction":[{"@type":"SearchAction","target":{"@type":"EntryPoint","urlTemplate":"https:\/\/metaltale.com\/et\/?s={search_term_string}"},"query-input":{"@type":"PropertyValueSpecification","valueRequired":true,"valueName":"search_term_string"}}],"inLanguage":"et"}]}},"_links":{"self":[{"href":"https:\/\/metaltale.com\/et\/wp-json\/wp\/v2\/product\/140796","targetHints":{"allow":["GET"]}}],"collection":[{"href":"https:\/\/metaltale.com\/et\/wp-json\/wp\/v2\/product"}],"about":[{"href":"https:\/\/metaltale.com\/et\/wp-json\/wp\/v2\/types\/product"}],"replies":[{"embeddable":true,"href":"https:\/\/metaltale.com\/et\/wp-json\/wp\/v2\/comments?post=140796"}],"version-history":[{"count":0,"href":"https:\/\/metaltale.com\/et\/wp-json\/wp\/v2\/product\/140796\/revisions"}],"wp:featuredmedia":[{"embeddable":true,"href":"https:\/\/metaltale.com\/et\/wp-json\/wp\/v2\/media\/132081"}],"wp:attachment":[{"href":"https:\/\/metaltale.com\/et\/wp-json\/wp\/v2\/media?parent=140796"}],"wp:term":[{"taxonomy":"product_brand","embeddable":true,"href":"https:\/\/metaltale.com\/et\/wp-json\/wp\/v2\/product_brand?post=140796"},{"taxonomy":"product_cat","embeddable":true,"href":"https:\/\/metaltale.com\/et\/wp-json\/wp\/v2\/product_cat?post=140796"},{"taxonomy":"product_tag","embeddable":true,"href":"https:\/\/metaltale.com\/et\/wp-json\/wp\/v2\/product_tag?post=140796"}],"curies":[{"name":"wp","href":"https:\/\/api.w.org\/{rel}","templated":true}]}}