{"id":140791,"date":"2024-01-19T20:58:19","date_gmt":"2024-01-19T18:58:19","guid":{"rendered":"https:\/\/metaltale.com\/produktas\/tammeplaat-rotunda-60-cm-naturaalne-oli\/"},"modified":"2024-01-19T20:58:19","modified_gmt":"2024-01-19T18:58:19","slug":"tammeplaat-rotunda-60-cm-naturaalne-oli","status":"publish","type":"product","link":"https:\/\/metaltale.com\/et\/toode\/tammeplaat-rotunda-60-cm-naturaalne-oli\/","title":{"rendered":"Tammeplaat ROTUNDA 60 cm, naturaalne \u00f5li"},"content":{"rendered":"<p><strong>Mudel<\/strong> RTA-OL<br \/>\n<strong>Materjal<\/strong> Tamm<br \/>\n<strong>Materjali paksus (cm)<\/strong> 4<br \/>\nV\u00e4rv Puit &#8211; naturaalne \u00f5li<br \/>\nViimistlemine \u00f5liriidega<br \/>\nKogus komplekti kohta 1 tk.<\/p>\n<p>&#8211; \u00fcmmargune lauaplaat on valmistatud t\u00e4ispuidust tammepuust<br \/>\n&#8211; t\u00f6\u00f6pind on kaitstud loodusliku \u00f5liga<br \/>\n&#8211; kerged s\u00f5lmed, madalad praod<br \/>\n&#8211; Hoolikas valik v\u00f5imaldab kasutada sarnast v\u00e4rvi ja v\u00e4hem valget materjali.<br \/>\n&#8211; S\u00e4ilinud looduslik puiduarhitektuur &#8211; v\u00e4rvimuutused, suhteliselt madalad praod, oksad.<br \/>\n&#8211; t\u00f6\u00f6pinna kogu paksuses v\u00f5i nn. vuukides ei ole pragusid.<br \/>\n&#8211; pakkumine kehtib ainult lauaplaadile ja ei sisalda m\u00f6\u00f6bli jalgu.<\/p>\n<p>Puidust s\u00f6\u00f6gilaud, eriti v\u00e4ikestes ruumides, ei pea olema ristk\u00fclikukujuline. \u00dcmmargune tammeplaat loob klassikalise laua, mis sobib suurep\u00e4raselt k\u00f6\u00f6ki v\u00f5i&#8230; elutubades &#8211; kohvilaudana. ROTUNDA on \u00f5rna iseloomuga, kergete muhkude ja peente pragudega. Immutamine loodusliku \u00f5liga toob \u00f5rnalt esile unikaalse tammepuu ilu. See on mitmek\u00fclgne v\u00e4rv, mis sobib suurep\u00e4raselt paljudesse interj\u00f6\u00f6ridesse, alates s\u00f6\u00f6gitubadest kuni elutubadeni, alates Provence&#8217;ist kuni t\u00f6\u00f6stusliku ja minimalistliku v\u00e4rvitoonini. \u00dcmmargune puidust laud on klassikaline ja ajatu ese, mis omandab t\u00e4iesti uue m\u00f5\u00f5tme, kui puidust lauaplaat kombineeritakse terasjalaga.<\/p>\n","protected":false},"excerpt":{"rendered":"<p>Mudel RTA-OL Materjal Tamm Materjali paksus (cm) 4 V\u00e4rv Puit &#8211; naturaalne \u00f5li Viimistlemine \u00f5liriidega Kogus komplekti kohta 1 tk.<\/p>\n","protected":false},"featured_media":132109,"comment_status":"open","ping_status":"closed","template":"","meta":{"_acf_changed":false,"pmpro_default_level":""},"product_brand":[],"product_cat":[24212,24139],"product_tag":[],"class_list":{"0":"post-140791","1":"product","2":"type-product","3":"status-publish","4":"has-post-thumbnail","6":"product_cat-puidust-lauaplaadid-laudadele-ja-kohvilaudadele","7":"product_cat-puidust-tootasapinnad","8":"pmpro-has-access","10":"first","11":"outofstock","12":"shipping-taxable","13":"purchasable","14":"product-type-simple"},"acf":[],"yoast_head":"<!-- This site is optimized with the Yoast SEO plugin v24.9 - https:\/\/yoast.com\/wordpress\/plugins\/seo\/ -->\n<title>Tammeplaat ROTUNDA 60 cm, naturaalne \u00f5li - MetalTale.com<\/title>\n<meta name=\"robots\" content=\"index, follow, max-snippet:-1, max-image-preview:large, max-video-preview:-1\" \/>\n<link rel=\"canonical\" href=\"https:\/\/metaltale.com\/et\/toode\/tammeplaat-rotunda-60-cm-naturaalne-oli\/\" \/>\n<meta property=\"og:locale\" content=\"et_EE\" \/>\n<meta property=\"og:type\" content=\"article\" \/>\n<meta property=\"og:title\" content=\"Tammeplaat ROTUNDA 60 cm, naturaalne \u00f5li - MetalTale.com\" \/>\n<meta property=\"og:description\" content=\"Mudel RTA-OL Materjal Tamm Materjali paksus (cm) 4 V\u00e4rv Puit &#8211; naturaalne \u00f5li Viimistlemine \u00f5liriidega Kogus komplekti kohta 1 tk.\" \/>\n<meta property=\"og:url\" content=\"https:\/\/metaltale.com\/et\/toode\/tammeplaat-rotunda-60-cm-naturaalne-oli\/\" \/>\n<meta property=\"og:site_name\" content=\"MetalTale.com\" \/>\n<meta property=\"og:image\" content=\"https:\/\/metaltale.com\/wp-content\/uploads\/2024\/01\/Azuolinis-stalvirsis-ROTUNDA-60-cm-naturali-alyva.jpg\" \/>\n\t<meta property=\"og:image:width\" content=\"800\" \/>\n\t<meta property=\"og:image:height\" content=\"800\" \/>\n\t<meta property=\"og:image:type\" content=\"image\/jpeg\" \/>\n<meta name=\"twitter:card\" content=\"summary_large_image\" \/>\n<meta name=\"twitter:label1\" content=\"Est. reading time\" \/>\n\t<meta name=\"twitter:data1\" content=\"1 minut\" \/>\n<script type=\"application\/ld+json\" class=\"yoast-schema-graph\">{\"@context\":\"https:\/\/schema.org\",\"@graph\":[{\"@type\":\"WebPage\",\"@id\":\"https:\/\/metaltale.com\/et\/toode\/tammeplaat-rotunda-60-cm-naturaalne-oli\/\",\"url\":\"https:\/\/metaltale.com\/et\/toode\/tammeplaat-rotunda-60-cm-naturaalne-oli\/\",\"name\":\"Tammeplaat ROTUNDA 60 cm, naturaalne \u00f5li - MetalTale.com\",\"isPartOf\":{\"@id\":\"https:\/\/metaltale.com\/et\/#website\"},\"primaryImageOfPage\":{\"@id\":\"https:\/\/metaltale.com\/et\/toode\/tammeplaat-rotunda-60-cm-naturaalne-oli\/#primaryimage\"},\"image\":{\"@id\":\"https:\/\/metaltale.com\/et\/toode\/tammeplaat-rotunda-60-cm-naturaalne-oli\/#primaryimage\"},\"thumbnailUrl\":\"https:\/\/metaltale.com\/wp-content\/uploads\/2024\/01\/Azuolinis-stalvirsis-ROTUNDA-60-cm-naturali-alyva.jpg\",\"datePublished\":\"2024-01-19T18:58:19+00:00\",\"breadcrumb\":{\"@id\":\"https:\/\/metaltale.com\/et\/toode\/tammeplaat-rotunda-60-cm-naturaalne-oli\/#breadcrumb\"},\"inLanguage\":\"et\",\"potentialAction\":[{\"@type\":\"ReadAction\",\"target\":[\"https:\/\/metaltale.com\/et\/toode\/tammeplaat-rotunda-60-cm-naturaalne-oli\/\"]}]},{\"@type\":\"ImageObject\",\"inLanguage\":\"et\",\"@id\":\"https:\/\/metaltale.com\/et\/toode\/tammeplaat-rotunda-60-cm-naturaalne-oli\/#primaryimage\",\"url\":\"https:\/\/metaltale.com\/wp-content\/uploads\/2024\/01\/Azuolinis-stalvirsis-ROTUNDA-60-cm-naturali-alyva.jpg\",\"contentUrl\":\"https:\/\/metaltale.com\/wp-content\/uploads\/2024\/01\/Azuolinis-stalvirsis-ROTUNDA-60-cm-naturali-alyva.jpg\",\"width\":800,\"height\":800,\"caption\":\"Tammeplaat ROTUNDA 60 cm, naturaalne \u00f5li\"},{\"@type\":\"BreadcrumbList\",\"@id\":\"https:\/\/metaltale.com\/et\/toode\/tammeplaat-rotunda-60-cm-naturaalne-oli\/#breadcrumb\",\"itemListElement\":[{\"@type\":\"ListItem\",\"position\":1,\"name\":\"Home\",\"item\":\"https:\/\/metaltale.com\/et\/kodu\/\"},{\"@type\":\"ListItem\",\"position\":2,\"name\":\"Kauplus\",\"item\":\"https:\/\/metaltale.com\/et\/shop\/\"},{\"@type\":\"ListItem\",\"position\":3,\"name\":\"Tammeplaat ROTUNDA 60 cm, naturaalne \u00f5li\"}]},{\"@type\":\"WebSite\",\"@id\":\"https:\/\/metaltale.com\/et\/#website\",\"url\":\"https:\/\/metaltale.com\/et\/\",\"name\":\"Metaltale.com\",\"description\":\"\",\"potentialAction\":[{\"@type\":\"SearchAction\",\"target\":{\"@type\":\"EntryPoint\",\"urlTemplate\":\"https:\/\/metaltale.com\/et\/?s={search_term_string}\"},\"query-input\":{\"@type\":\"PropertyValueSpecification\",\"valueRequired\":true,\"valueName\":\"search_term_string\"}}],\"inLanguage\":\"et\"}]}<\/script>\n<!-- \/ Yoast SEO plugin. -->","yoast_head_json":{"title":"Tammeplaat ROTUNDA 60 cm, naturaalne \u00f5li - MetalTale.com","robots":{"index":"index","follow":"follow","max-snippet":"max-snippet:-1","max-image-preview":"max-image-preview:large","max-video-preview":"max-video-preview:-1"},"canonical":"https:\/\/metaltale.com\/et\/toode\/tammeplaat-rotunda-60-cm-naturaalne-oli\/","og_locale":"et_EE","og_type":"article","og_title":"Tammeplaat ROTUNDA 60 cm, naturaalne \u00f5li - MetalTale.com","og_description":"Mudel RTA-OL Materjal Tamm Materjali paksus (cm) 4 V\u00e4rv Puit &#8211; naturaalne \u00f5li Viimistlemine \u00f5liriidega Kogus komplekti kohta 1 tk.","og_url":"https:\/\/metaltale.com\/et\/toode\/tammeplaat-rotunda-60-cm-naturaalne-oli\/","og_site_name":"MetalTale.com","og_image":[{"width":800,"height":800,"url":"https:\/\/metaltale.com\/wp-content\/uploads\/2024\/01\/Azuolinis-stalvirsis-ROTUNDA-60-cm-naturali-alyva.jpg","type":"image\/jpeg"}],"twitter_card":"summary_large_image","twitter_misc":{"Est. reading time":"1 minut"},"schema":{"@context":"https:\/\/schema.org","@graph":[{"@type":"WebPage","@id":"https:\/\/metaltale.com\/et\/toode\/tammeplaat-rotunda-60-cm-naturaalne-oli\/","url":"https:\/\/metaltale.com\/et\/toode\/tammeplaat-rotunda-60-cm-naturaalne-oli\/","name":"Tammeplaat ROTUNDA 60 cm, naturaalne \u00f5li - MetalTale.com","isPartOf":{"@id":"https:\/\/metaltale.com\/et\/#website"},"primaryImageOfPage":{"@id":"https:\/\/metaltale.com\/et\/toode\/tammeplaat-rotunda-60-cm-naturaalne-oli\/#primaryimage"},"image":{"@id":"https:\/\/metaltale.com\/et\/toode\/tammeplaat-rotunda-60-cm-naturaalne-oli\/#primaryimage"},"thumbnailUrl":"https:\/\/metaltale.com\/wp-content\/uploads\/2024\/01\/Azuolinis-stalvirsis-ROTUNDA-60-cm-naturali-alyva.jpg","datePublished":"2024-01-19T18:58:19+00:00","breadcrumb":{"@id":"https:\/\/metaltale.com\/et\/toode\/tammeplaat-rotunda-60-cm-naturaalne-oli\/#breadcrumb"},"inLanguage":"et","potentialAction":[{"@type":"ReadAction","target":["https:\/\/metaltale.com\/et\/toode\/tammeplaat-rotunda-60-cm-naturaalne-oli\/"]}]},{"@type":"ImageObject","inLanguage":"et","@id":"https:\/\/metaltale.com\/et\/toode\/tammeplaat-rotunda-60-cm-naturaalne-oli\/#primaryimage","url":"https:\/\/metaltale.com\/wp-content\/uploads\/2024\/01\/Azuolinis-stalvirsis-ROTUNDA-60-cm-naturali-alyva.jpg","contentUrl":"https:\/\/metaltale.com\/wp-content\/uploads\/2024\/01\/Azuolinis-stalvirsis-ROTUNDA-60-cm-naturali-alyva.jpg","width":800,"height":800,"caption":"Tammeplaat ROTUNDA 60 cm, naturaalne \u00f5li"},{"@type":"BreadcrumbList","@id":"https:\/\/metaltale.com\/et\/toode\/tammeplaat-rotunda-60-cm-naturaalne-oli\/#breadcrumb","itemListElement":[{"@type":"ListItem","position":1,"name":"Home","item":"https:\/\/metaltale.com\/et\/kodu\/"},{"@type":"ListItem","position":2,"name":"Kauplus","item":"https:\/\/metaltale.com\/et\/shop\/"},{"@type":"ListItem","position":3,"name":"Tammeplaat ROTUNDA 60 cm, naturaalne \u00f5li"}]},{"@type":"WebSite","@id":"https:\/\/metaltale.com\/et\/#website","url":"https:\/\/metaltale.com\/et\/","name":"Metaltale.com","description":"","potentialAction":[{"@type":"SearchAction","target":{"@type":"EntryPoint","urlTemplate":"https:\/\/metaltale.com\/et\/?s={search_term_string}"},"query-input":{"@type":"PropertyValueSpecification","valueRequired":true,"valueName":"search_term_string"}}],"inLanguage":"et"}]}},"_links":{"self":[{"href":"https:\/\/metaltale.com\/et\/wp-json\/wp\/v2\/product\/140791","targetHints":{"allow":["GET"]}}],"collection":[{"href":"https:\/\/metaltale.com\/et\/wp-json\/wp\/v2\/product"}],"about":[{"href":"https:\/\/metaltale.com\/et\/wp-json\/wp\/v2\/types\/product"}],"replies":[{"embeddable":true,"href":"https:\/\/metaltale.com\/et\/wp-json\/wp\/v2\/comments?post=140791"}],"version-history":[{"count":0,"href":"https:\/\/metaltale.com\/et\/wp-json\/wp\/v2\/product\/140791\/revisions"}],"wp:featuredmedia":[{"embeddable":true,"href":"https:\/\/metaltale.com\/et\/wp-json\/wp\/v2\/media\/132109"}],"wp:attachment":[{"href":"https:\/\/metaltale.com\/et\/wp-json\/wp\/v2\/media?parent=140791"}],"wp:term":[{"taxonomy":"product_brand","embeddable":true,"href":"https:\/\/metaltale.com\/et\/wp-json\/wp\/v2\/product_brand?post=140791"},{"taxonomy":"product_cat","embeddable":true,"href":"https:\/\/metaltale.com\/et\/wp-json\/wp\/v2\/product_cat?post=140791"},{"taxonomy":"product_tag","embeddable":true,"href":"https:\/\/metaltale.com\/et\/wp-json\/wp\/v2\/product_tag?post=140791"}],"curies":[{"name":"wp","href":"https:\/\/api.w.org\/{rel}","templated":true}]}}