{"id":140784,"date":"2024-01-17T00:04:35","date_gmt":"2024-01-16T22:04:35","guid":{"rendered":"https:\/\/metaltale.com\/produktas\/uksed-forest-2x-100x210-tootlemata\/"},"modified":"2024-01-17T00:04:35","modified_gmt":"2024-01-16T22:04:35","slug":"uksed-forest-2x-100x210-tootlemata","status":"publish","type":"product","link":"https:\/\/metaltale.com\/et\/toode\/uksed-forest-2x-100x210-tootlemata\/","title":{"rendered":"Uksed FOREST-2X 100&#215;210 T\u00f6\u00f6tlemata"},"content":{"rendered":"<div class=\"prod_data\"><strong>Materjal<\/strong> m\u00e4nnipuit  <br \/>Paksus (cm) 4 <br \/>\u00dcldine k\u00f5rgus (cm) 210 <br \/>\u00dcldlaius (cm) 100 <br \/><strong>Kaal (kg)<\/strong> 35  <br \/>Pinna t\u00fc\u00fcp Silea <br \/>LISATEAVE Pakkumine kehtib ainult \u00fche ukselaua kohta ja ei sisalda libisevuss\u00fcsteemi ega muid lisaseadmeid. <br \/><strong>Mudel<\/strong> FOR.2X-100X210-WYPRZ  <br \/>Viimistlemine t\u00f6\u00f6tlemata <\/p>\n<hr>\n<p>2X puidust l\u00fckanduks on pakkumine neile, kes hindavad lihtsust erilises v\u00e4ljaandes.<\/p>\n<p>L\u00fckanduks 2X on valmistatud m\u00e4nnipuidust ja konstrueeritud vertikaalselt paigutatud \u00fchetaolistest plankudest. Ukse v\u00e4lisk\u00fclg koosneb plankudest, mis moodustavad raamis kaks X-i. Kogu see on t\u00e4pne ja otsustav kujundus, mis r\u00f5\u00f5mustab iga kasutajat. Ukse sile pind, millel on tajutav puidun\u00e4rv, lisab iseloomu ja tugevust, samas kui laudadel n\u00e4htavad r\u00f5ngad ja oksad r\u00f5hutavad puidu loomulikku tekstuuri.<\/p>\n<p>2X m\u00e4nnist l\u00fckanduks annab teie siseruumile ainulaadse ja originaalse iseloomu, on praktiline, lihtne paigaldada ja dekoratiivse funktsiooniga. Nende tugev konstruktsioon tagab, et neid saab kasutada aastaid.<\/p>\n<p>2X liuguks sobib igasse interj\u00f6\u00f6ri, alates modernsest kuni traditsioonilise rustikaalse, t\u00f6\u00f6stusliku v\u00f5i loft-stiilini.<\/p>\n<p>Ukse standardm\u00f5\u00f5t on 100 cm x 210 cm, 4 cm paksune ja t\u00f6\u00f6tlemata.<br \/>T\u00e4nu 2X liugukse mitmek\u00fclgsusele sobib see ideaalselt 70 cm, 80 cm ja 90 cm pikkuste uste jaoks.<\/p>\n<hr>\n<p><strong>*M\u00fc\u00fcgiks olev toode, uks on volditud, pildid n\u00e4itavad tegelikku seisukorda.<\/strong><br \/>**Pakkumine kehtib ainult uste kohta ja ei sisalda libisevust ega muid lisaseadmeid.<\/p>\n<hr>\n<\/div>\n","protected":false},"excerpt":{"rendered":"<p>Materjal m\u00e4nnipuit Paksus (cm) 4 \u00dcldine k\u00f5rgus (cm) 210 \u00dcldlaius (cm) 100 Kaal (kg) 35 Pinna t\u00fc\u00fcp Silea LISATEAVE Pakkumine<\/p>\n","protected":false},"featured_media":95652,"comment_status":"open","ping_status":"closed","template":"","meta":{"_acf_changed":false,"pmpro_default_level":""},"product_brand":[],"product_cat":[24158],"product_tag":[],"class_list":{"0":"post-140784","1":"product","2":"type-product","3":"status-publish","4":"has-post-thumbnail","6":"product_cat-mannist-lukanduksed","7":"pmpro-has-access","9":"first","10":"outofstock","11":"shipping-taxable","12":"purchasable","13":"product-type-simple"},"acf":[],"yoast_head":"<!-- This site is optimized with the Yoast SEO plugin v24.9 - https:\/\/yoast.com\/wordpress\/plugins\/seo\/ -->\n<title>Uksed FOREST-2X 100x210 T\u00f6\u00f6tlemata - MetalTale.com<\/title>\n<meta name=\"robots\" content=\"index, follow, max-snippet:-1, max-image-preview:large, max-video-preview:-1\" \/>\n<link rel=\"canonical\" href=\"https:\/\/metaltale.com\/et\/toode\/uksed-forest-2x-100x210-tootlemata\/\" \/>\n<meta property=\"og:locale\" content=\"et_EE\" \/>\n<meta property=\"og:type\" content=\"article\" \/>\n<meta property=\"og:title\" content=\"Uksed FOREST-2X 100x210 T\u00f6\u00f6tlemata - MetalTale.com\" \/>\n<meta property=\"og:description\" content=\"Materjal m\u00e4nnipuit Paksus (cm) 4 \u00dcldine k\u00f5rgus (cm) 210 \u00dcldlaius (cm) 100 Kaal (kg) 35 Pinna t\u00fc\u00fcp Silea LISATEAVE Pakkumine\" \/>\n<meta property=\"og:url\" content=\"https:\/\/metaltale.com\/et\/toode\/uksed-forest-2x-100x210-tootlemata\/\" \/>\n<meta property=\"og:site_name\" content=\"MetalTale.com\" \/>\n<meta name=\"twitter:card\" content=\"summary_large_image\" \/>\n<meta name=\"twitter:label1\" content=\"Est. reading time\" \/>\n\t<meta name=\"twitter:data1\" content=\"1 minut\" \/>\n<script type=\"application\/ld+json\" class=\"yoast-schema-graph\">{\"@context\":\"https:\/\/schema.org\",\"@graph\":[{\"@type\":\"WebPage\",\"@id\":\"https:\/\/metaltale.com\/et\/toode\/uksed-forest-2x-100x210-tootlemata\/\",\"url\":\"https:\/\/metaltale.com\/et\/toode\/uksed-forest-2x-100x210-tootlemata\/\",\"name\":\"Uksed FOREST-2X 100x210 T\u00f6\u00f6tlemata - MetalTale.com\",\"isPartOf\":{\"@id\":\"https:\/\/metaltale.com\/et\/#website\"},\"primaryImageOfPage\":{\"@id\":\"https:\/\/metaltale.com\/et\/toode\/uksed-forest-2x-100x210-tootlemata\/#primaryimage\"},\"image\":{\"@id\":\"https:\/\/metaltale.com\/et\/toode\/uksed-forest-2x-100x210-tootlemata\/#primaryimage\"},\"thumbnailUrl\":\"https:\/\/metaltale.com\/wp-content\/uploads\/2023\/10\/Durys-FOREST-2X-100x210-Neapdorotas.jpg\",\"datePublished\":\"2024-01-16T22:04:35+00:00\",\"breadcrumb\":{\"@id\":\"https:\/\/metaltale.com\/et\/toode\/uksed-forest-2x-100x210-tootlemata\/#breadcrumb\"},\"inLanguage\":\"et\",\"potentialAction\":[{\"@type\":\"ReadAction\",\"target\":[\"https:\/\/metaltale.com\/et\/toode\/uksed-forest-2x-100x210-tootlemata\/\"]}]},{\"@type\":\"ImageObject\",\"inLanguage\":\"et\",\"@id\":\"https:\/\/metaltale.com\/et\/toode\/uksed-forest-2x-100x210-tootlemata\/#primaryimage\",\"url\":\"https:\/\/metaltale.com\/wp-content\/uploads\/2023\/10\/Durys-FOREST-2X-100x210-Neapdorotas.jpg\",\"contentUrl\":\"https:\/\/metaltale.com\/wp-content\/uploads\/2023\/10\/Durys-FOREST-2X-100x210-Neapdorotas.jpg\",\"width\":800,\"height\":800},{\"@type\":\"BreadcrumbList\",\"@id\":\"https:\/\/metaltale.com\/et\/toode\/uksed-forest-2x-100x210-tootlemata\/#breadcrumb\",\"itemListElement\":[{\"@type\":\"ListItem\",\"position\":1,\"name\":\"Home\",\"item\":\"https:\/\/metaltale.com\/et\/kodu\/\"},{\"@type\":\"ListItem\",\"position\":2,\"name\":\"Kauplus\",\"item\":\"https:\/\/metaltale.com\/et\/shop\/\"},{\"@type\":\"ListItem\",\"position\":3,\"name\":\"Uksed FOREST-2X 100&#215;210 T\u00f6\u00f6tlemata\"}]},{\"@type\":\"WebSite\",\"@id\":\"https:\/\/metaltale.com\/et\/#website\",\"url\":\"https:\/\/metaltale.com\/et\/\",\"name\":\"Metaltale.com\",\"description\":\"\",\"potentialAction\":[{\"@type\":\"SearchAction\",\"target\":{\"@type\":\"EntryPoint\",\"urlTemplate\":\"https:\/\/metaltale.com\/et\/?s={search_term_string}\"},\"query-input\":{\"@type\":\"PropertyValueSpecification\",\"valueRequired\":true,\"valueName\":\"search_term_string\"}}],\"inLanguage\":\"et\"}]}<\/script>\n<!-- \/ Yoast SEO plugin. -->","yoast_head_json":{"title":"Uksed FOREST-2X 100x210 T\u00f6\u00f6tlemata - MetalTale.com","robots":{"index":"index","follow":"follow","max-snippet":"max-snippet:-1","max-image-preview":"max-image-preview:large","max-video-preview":"max-video-preview:-1"},"canonical":"https:\/\/metaltale.com\/et\/toode\/uksed-forest-2x-100x210-tootlemata\/","og_locale":"et_EE","og_type":"article","og_title":"Uksed FOREST-2X 100x210 T\u00f6\u00f6tlemata - MetalTale.com","og_description":"Materjal m\u00e4nnipuit Paksus (cm) 4 \u00dcldine k\u00f5rgus (cm) 210 \u00dcldlaius (cm) 100 Kaal (kg) 35 Pinna t\u00fc\u00fcp Silea LISATEAVE Pakkumine","og_url":"https:\/\/metaltale.com\/et\/toode\/uksed-forest-2x-100x210-tootlemata\/","og_site_name":"MetalTale.com","twitter_card":"summary_large_image","twitter_misc":{"Est. reading time":"1 minut"},"schema":{"@context":"https:\/\/schema.org","@graph":[{"@type":"WebPage","@id":"https:\/\/metaltale.com\/et\/toode\/uksed-forest-2x-100x210-tootlemata\/","url":"https:\/\/metaltale.com\/et\/toode\/uksed-forest-2x-100x210-tootlemata\/","name":"Uksed FOREST-2X 100x210 T\u00f6\u00f6tlemata - MetalTale.com","isPartOf":{"@id":"https:\/\/metaltale.com\/et\/#website"},"primaryImageOfPage":{"@id":"https:\/\/metaltale.com\/et\/toode\/uksed-forest-2x-100x210-tootlemata\/#primaryimage"},"image":{"@id":"https:\/\/metaltale.com\/et\/toode\/uksed-forest-2x-100x210-tootlemata\/#primaryimage"},"thumbnailUrl":"https:\/\/metaltale.com\/wp-content\/uploads\/2023\/10\/Durys-FOREST-2X-100x210-Neapdorotas.jpg","datePublished":"2024-01-16T22:04:35+00:00","breadcrumb":{"@id":"https:\/\/metaltale.com\/et\/toode\/uksed-forest-2x-100x210-tootlemata\/#breadcrumb"},"inLanguage":"et","potentialAction":[{"@type":"ReadAction","target":["https:\/\/metaltale.com\/et\/toode\/uksed-forest-2x-100x210-tootlemata\/"]}]},{"@type":"ImageObject","inLanguage":"et","@id":"https:\/\/metaltale.com\/et\/toode\/uksed-forest-2x-100x210-tootlemata\/#primaryimage","url":"https:\/\/metaltale.com\/wp-content\/uploads\/2023\/10\/Durys-FOREST-2X-100x210-Neapdorotas.jpg","contentUrl":"https:\/\/metaltale.com\/wp-content\/uploads\/2023\/10\/Durys-FOREST-2X-100x210-Neapdorotas.jpg","width":800,"height":800},{"@type":"BreadcrumbList","@id":"https:\/\/metaltale.com\/et\/toode\/uksed-forest-2x-100x210-tootlemata\/#breadcrumb","itemListElement":[{"@type":"ListItem","position":1,"name":"Home","item":"https:\/\/metaltale.com\/et\/kodu\/"},{"@type":"ListItem","position":2,"name":"Kauplus","item":"https:\/\/metaltale.com\/et\/shop\/"},{"@type":"ListItem","position":3,"name":"Uksed FOREST-2X 100&#215;210 T\u00f6\u00f6tlemata"}]},{"@type":"WebSite","@id":"https:\/\/metaltale.com\/et\/#website","url":"https:\/\/metaltale.com\/et\/","name":"Metaltale.com","description":"","potentialAction":[{"@type":"SearchAction","target":{"@type":"EntryPoint","urlTemplate":"https:\/\/metaltale.com\/et\/?s={search_term_string}"},"query-input":{"@type":"PropertyValueSpecification","valueRequired":true,"valueName":"search_term_string"}}],"inLanguage":"et"}]}},"_links":{"self":[{"href":"https:\/\/metaltale.com\/et\/wp-json\/wp\/v2\/product\/140784","targetHints":{"allow":["GET"]}}],"collection":[{"href":"https:\/\/metaltale.com\/et\/wp-json\/wp\/v2\/product"}],"about":[{"href":"https:\/\/metaltale.com\/et\/wp-json\/wp\/v2\/types\/product"}],"replies":[{"embeddable":true,"href":"https:\/\/metaltale.com\/et\/wp-json\/wp\/v2\/comments?post=140784"}],"version-history":[{"count":0,"href":"https:\/\/metaltale.com\/et\/wp-json\/wp\/v2\/product\/140784\/revisions"}],"wp:featuredmedia":[{"embeddable":true,"href":"https:\/\/metaltale.com\/et\/wp-json\/wp\/v2\/media\/95652"}],"wp:attachment":[{"href":"https:\/\/metaltale.com\/et\/wp-json\/wp\/v2\/media?parent=140784"}],"wp:term":[{"taxonomy":"product_brand","embeddable":true,"href":"https:\/\/metaltale.com\/et\/wp-json\/wp\/v2\/product_brand?post=140784"},{"taxonomy":"product_cat","embeddable":true,"href":"https:\/\/metaltale.com\/et\/wp-json\/wp\/v2\/product_cat?post=140784"},{"taxonomy":"product_tag","embeddable":true,"href":"https:\/\/metaltale.com\/et\/wp-json\/wp\/v2\/product_tag?post=140784"}],"curies":[{"name":"wp","href":"https:\/\/api.w.org\/{rel}","templated":true}]}}