{"id":140778,"date":"2024-01-17T00:04:07","date_gmt":"2024-01-16T22:04:07","guid":{"rendered":"https:\/\/metaltale.com\/produktas\/uks-horizon-100x210-raw\/"},"modified":"2024-01-17T00:04:07","modified_gmt":"2024-01-16T22:04:07","slug":"uks-horizon-100x210-raw","status":"publish","type":"product","link":"https:\/\/metaltale.com\/et\/toode\/uks-horizon-100x210-raw\/","title":{"rendered":"Uks HORIZON 100X210 RAW"},"content":{"rendered":"<div class=\"prod_data\"><strong>Mudel<\/strong> HOR-100&#215;210.PRGR  <br \/><strong>Materjal<\/strong> Tammepuit  <br \/>Paksus (cm) 4 <br \/>\u00dcldine k\u00f5rgus (cm) 210 <br \/>\u00dcldlaius (cm) 100 <br \/><strong>V\u00e4rv<\/strong> Puit &#8211; \u00f5lipruun, Puit &#8211; naturaalne \u00f5li, Puit &#8211; t\u00f6\u00f6tlemata  <br \/><strong>Viimistlus<\/strong> T\u00f6\u00f6tlemata \/ \u00f5litatud  <br \/><strong>LISATEAVE<\/strong> Pakkumine kehtib ainult uste kohta ja ei sisalda l\u00fckandusteid ega muid lisaseadmeid.  <\/p>\n<p>valmistatud k\u00f5rgeima kvaliteediga tammepuidust, mis tagab v\u00e4ga pika kasutusea<\/p>\n<p>Uste v\u00e4rvivalikud v\u00f5imaldavad valida toote mis tahes t\u00fc\u00fcpi interj\u00f6\u00f6rile, olenemata stiilist.<\/p>\n<p>T\u00f6\u00f6tlemata versioon v\u00f5imaldab kliendil v\u00e4rvida ukse enda valitud v\u00e4rviga.<\/p>\n<p>Puit on loodusliku arhitektuuriga, mille pragud ja oksad annavad uksele ainulaadse iseloomu.<\/p>\n<hr>\n<p>&#8220;Horisondi uksed on valmistatud t\u00e4iesti \u00fchesugustest puidust plankudest. Kasutades naturaalset toorainet, milleks on tammepuit, v\u00f5ime t\u00e4heldada ukse pinnal s\u00f5lmi ja pragusid, mis on puidu loomulik omadus ja muudab iga t\u00fcki ainulaadseks ja eriliseks. N\u00e4idatud uksed sobivad igasse interj\u00f6\u00f6ri, alates modernsest kuni traditsioonilise, rustikaalse ja industriaalse interj\u00f6\u00f6rini. T\u00e4iendavaks eeliseks on v\u00f5imalus valida t\u00f6\u00f6tlemata uksed, mis annab meile v\u00f5imaluse v\u00e4rvida need v\u00e4rviga, mis meid huvitab ja sobib meie sisekujundusega. &#8220;Horizon uksed on mitmek\u00fclgne toode, mis sobib igasse interj\u00f6\u00f6ri, olenemata stiilist.<\/p>\n<\/div>\n","protected":false},"excerpt":{"rendered":"<p>Mudel HOR-100&#215;210.PRGR Materjal Tammepuit Paksus (cm) 4 \u00dcldine k\u00f5rgus (cm) 210 \u00dcldlaius (cm) 100 V\u00e4rv Puit &#8211; \u00f5lipruun, Puit &#8211;<\/p>\n","protected":false},"featured_media":113833,"comment_status":"open","ping_status":"closed","template":"","meta":{"_acf_changed":false,"pmpro_default_level":""},"product_brand":[],"product_cat":[24140],"product_tag":[],"class_list":{"0":"post-140778","1":"product","2":"type-product","3":"status-publish","4":"has-post-thumbnail","6":"product_cat-liuguksesusteemid","7":"pmpro-has-access","9":"first","10":"instock","11":"shipping-taxable","12":"purchasable","13":"product-type-simple"},"acf":[],"yoast_head":"<!-- This site is optimized with the Yoast SEO plugin v24.9 - https:\/\/yoast.com\/wordpress\/plugins\/seo\/ -->\n<title>Uks HORIZON 100X210 RAW - MetalTale.com<\/title>\n<meta name=\"robots\" content=\"index, follow, max-snippet:-1, max-image-preview:large, max-video-preview:-1\" \/>\n<link rel=\"canonical\" href=\"https:\/\/metaltale.com\/et\/toode\/uks-horizon-100x210-raw\/\" \/>\n<meta property=\"og:locale\" content=\"et_EE\" \/>\n<meta property=\"og:type\" content=\"article\" \/>\n<meta property=\"og:title\" content=\"Uks HORIZON 100X210 RAW - MetalTale.com\" \/>\n<meta property=\"og:description\" content=\"Mudel HOR-100&#215;210.PRGR Materjal Tammepuit Paksus (cm) 4 \u00dcldine k\u00f5rgus (cm) 210 \u00dcldlaius (cm) 100 V\u00e4rv Puit &#8211; \u00f5lipruun, Puit &#8211;\" \/>\n<meta property=\"og:url\" content=\"https:\/\/metaltale.com\/et\/toode\/uks-horizon-100x210-raw\/\" \/>\n<meta property=\"og:site_name\" content=\"MetalTale.com\" \/>\n<meta name=\"twitter:card\" content=\"summary_large_image\" \/>\n<meta name=\"twitter:label1\" content=\"Est. reading time\" \/>\n\t<meta name=\"twitter:data1\" content=\"1 minut\" \/>\n<script type=\"application\/ld+json\" class=\"yoast-schema-graph\">{\"@context\":\"https:\/\/schema.org\",\"@graph\":[{\"@type\":\"WebPage\",\"@id\":\"https:\/\/metaltale.com\/et\/toode\/uks-horizon-100x210-raw\/\",\"url\":\"https:\/\/metaltale.com\/et\/toode\/uks-horizon-100x210-raw\/\",\"name\":\"Uks HORIZON 100X210 RAW - MetalTale.com\",\"isPartOf\":{\"@id\":\"https:\/\/metaltale.com\/et\/#website\"},\"primaryImageOfPage\":{\"@id\":\"https:\/\/metaltale.com\/et\/toode\/uks-horizon-100x210-raw\/#primaryimage\"},\"image\":{\"@id\":\"https:\/\/metaltale.com\/et\/toode\/uks-horizon-100x210-raw\/#primaryimage\"},\"thumbnailUrl\":\"https:\/\/metaltale.com\/wp-content\/uploads\/2023\/11\/Durys-HORIZON-100X210-RAW.jpg\",\"datePublished\":\"2024-01-16T22:04:07+00:00\",\"breadcrumb\":{\"@id\":\"https:\/\/metaltale.com\/et\/toode\/uks-horizon-100x210-raw\/#breadcrumb\"},\"inLanguage\":\"et\",\"potentialAction\":[{\"@type\":\"ReadAction\",\"target\":[\"https:\/\/metaltale.com\/et\/toode\/uks-horizon-100x210-raw\/\"]}]},{\"@type\":\"ImageObject\",\"inLanguage\":\"et\",\"@id\":\"https:\/\/metaltale.com\/et\/toode\/uks-horizon-100x210-raw\/#primaryimage\",\"url\":\"https:\/\/metaltale.com\/wp-content\/uploads\/2023\/11\/Durys-HORIZON-100X210-RAW.jpg\",\"contentUrl\":\"https:\/\/metaltale.com\/wp-content\/uploads\/2023\/11\/Durys-HORIZON-100X210-RAW.jpg\",\"width\":800,\"height\":800},{\"@type\":\"BreadcrumbList\",\"@id\":\"https:\/\/metaltale.com\/et\/toode\/uks-horizon-100x210-raw\/#breadcrumb\",\"itemListElement\":[{\"@type\":\"ListItem\",\"position\":1,\"name\":\"Home\",\"item\":\"https:\/\/metaltale.com\/et\/kodu\/\"},{\"@type\":\"ListItem\",\"position\":2,\"name\":\"Kauplus\",\"item\":\"https:\/\/metaltale.com\/et\/shop\/\"},{\"@type\":\"ListItem\",\"position\":3,\"name\":\"Uks HORIZON 100X210 RAW\"}]},{\"@type\":\"WebSite\",\"@id\":\"https:\/\/metaltale.com\/et\/#website\",\"url\":\"https:\/\/metaltale.com\/et\/\",\"name\":\"Metaltale.com\",\"description\":\"\",\"potentialAction\":[{\"@type\":\"SearchAction\",\"target\":{\"@type\":\"EntryPoint\",\"urlTemplate\":\"https:\/\/metaltale.com\/et\/?s={search_term_string}\"},\"query-input\":{\"@type\":\"PropertyValueSpecification\",\"valueRequired\":true,\"valueName\":\"search_term_string\"}}],\"inLanguage\":\"et\"}]}<\/script>\n<!-- \/ Yoast SEO plugin. -->","yoast_head_json":{"title":"Uks HORIZON 100X210 RAW - MetalTale.com","robots":{"index":"index","follow":"follow","max-snippet":"max-snippet:-1","max-image-preview":"max-image-preview:large","max-video-preview":"max-video-preview:-1"},"canonical":"https:\/\/metaltale.com\/et\/toode\/uks-horizon-100x210-raw\/","og_locale":"et_EE","og_type":"article","og_title":"Uks HORIZON 100X210 RAW - MetalTale.com","og_description":"Mudel HOR-100&#215;210.PRGR Materjal Tammepuit Paksus (cm) 4 \u00dcldine k\u00f5rgus (cm) 210 \u00dcldlaius (cm) 100 V\u00e4rv Puit &#8211; \u00f5lipruun, Puit &#8211;","og_url":"https:\/\/metaltale.com\/et\/toode\/uks-horizon-100x210-raw\/","og_site_name":"MetalTale.com","twitter_card":"summary_large_image","twitter_misc":{"Est. reading time":"1 minut"},"schema":{"@context":"https:\/\/schema.org","@graph":[{"@type":"WebPage","@id":"https:\/\/metaltale.com\/et\/toode\/uks-horizon-100x210-raw\/","url":"https:\/\/metaltale.com\/et\/toode\/uks-horizon-100x210-raw\/","name":"Uks HORIZON 100X210 RAW - MetalTale.com","isPartOf":{"@id":"https:\/\/metaltale.com\/et\/#website"},"primaryImageOfPage":{"@id":"https:\/\/metaltale.com\/et\/toode\/uks-horizon-100x210-raw\/#primaryimage"},"image":{"@id":"https:\/\/metaltale.com\/et\/toode\/uks-horizon-100x210-raw\/#primaryimage"},"thumbnailUrl":"https:\/\/metaltale.com\/wp-content\/uploads\/2023\/11\/Durys-HORIZON-100X210-RAW.jpg","datePublished":"2024-01-16T22:04:07+00:00","breadcrumb":{"@id":"https:\/\/metaltale.com\/et\/toode\/uks-horizon-100x210-raw\/#breadcrumb"},"inLanguage":"et","potentialAction":[{"@type":"ReadAction","target":["https:\/\/metaltale.com\/et\/toode\/uks-horizon-100x210-raw\/"]}]},{"@type":"ImageObject","inLanguage":"et","@id":"https:\/\/metaltale.com\/et\/toode\/uks-horizon-100x210-raw\/#primaryimage","url":"https:\/\/metaltale.com\/wp-content\/uploads\/2023\/11\/Durys-HORIZON-100X210-RAW.jpg","contentUrl":"https:\/\/metaltale.com\/wp-content\/uploads\/2023\/11\/Durys-HORIZON-100X210-RAW.jpg","width":800,"height":800},{"@type":"BreadcrumbList","@id":"https:\/\/metaltale.com\/et\/toode\/uks-horizon-100x210-raw\/#breadcrumb","itemListElement":[{"@type":"ListItem","position":1,"name":"Home","item":"https:\/\/metaltale.com\/et\/kodu\/"},{"@type":"ListItem","position":2,"name":"Kauplus","item":"https:\/\/metaltale.com\/et\/shop\/"},{"@type":"ListItem","position":3,"name":"Uks HORIZON 100X210 RAW"}]},{"@type":"WebSite","@id":"https:\/\/metaltale.com\/et\/#website","url":"https:\/\/metaltale.com\/et\/","name":"Metaltale.com","description":"","potentialAction":[{"@type":"SearchAction","target":{"@type":"EntryPoint","urlTemplate":"https:\/\/metaltale.com\/et\/?s={search_term_string}"},"query-input":{"@type":"PropertyValueSpecification","valueRequired":true,"valueName":"search_term_string"}}],"inLanguage":"et"}]}},"_links":{"self":[{"href":"https:\/\/metaltale.com\/et\/wp-json\/wp\/v2\/product\/140778","targetHints":{"allow":["GET"]}}],"collection":[{"href":"https:\/\/metaltale.com\/et\/wp-json\/wp\/v2\/product"}],"about":[{"href":"https:\/\/metaltale.com\/et\/wp-json\/wp\/v2\/types\/product"}],"replies":[{"embeddable":true,"href":"https:\/\/metaltale.com\/et\/wp-json\/wp\/v2\/comments?post=140778"}],"version-history":[{"count":0,"href":"https:\/\/metaltale.com\/et\/wp-json\/wp\/v2\/product\/140778\/revisions"}],"wp:featuredmedia":[{"embeddable":true,"href":"https:\/\/metaltale.com\/et\/wp-json\/wp\/v2\/media\/113833"}],"wp:attachment":[{"href":"https:\/\/metaltale.com\/et\/wp-json\/wp\/v2\/media?parent=140778"}],"wp:term":[{"taxonomy":"product_brand","embeddable":true,"href":"https:\/\/metaltale.com\/et\/wp-json\/wp\/v2\/product_brand?post=140778"},{"taxonomy":"product_cat","embeddable":true,"href":"https:\/\/metaltale.com\/et\/wp-json\/wp\/v2\/product_cat?post=140778"},{"taxonomy":"product_tag","embeddable":true,"href":"https:\/\/metaltale.com\/et\/wp-json\/wp\/v2\/product_tag?post=140778"}],"curies":[{"name":"wp","href":"https:\/\/api.w.org\/{rel}","templated":true}]}}