{"id":140775,"date":"2024-01-16T10:04:16","date_gmt":"2024-01-16T08:04:16","guid":{"rendered":"https:\/\/metaltale.com\/produktas\/tammepuidust-liuguksed-szpros-2\/"},"modified":"2024-01-16T10:04:16","modified_gmt":"2024-01-16T08:04:16","slug":"tammepuidust-liuguksed-szpros-2","status":"publish","type":"product","link":"https:\/\/metaltale.com\/et\/toode\/tammepuidust-liuguksed-szpros-2\/","title":{"rendered":"Tammepuidust liuguksed SZPROS"},"content":{"rendered":"<div class=\"prod_data\">Mudel SZS <br \/>Materjal Tammepuit, teras, klaas <br \/>Paksus (cm ) 3.2 <br \/>\u00dcldine k\u00f5rgus (cm) 210 <br \/>\u00dcldlaius (cm) 100 <br \/><strong>Klaasi t\u00fc\u00fcp<\/strong> Karastatud klaas  <br \/><strong>Viimistlus<\/strong> \u00d5litatud, t\u00f6\u00f6tlemata  <br \/>LISATEAVE Pakkumine kehtib ainult \u00fche ukselaua kohta ja ei sisalda libisevuss\u00fcsteemi ega muid lisaseadmeid. <\/p>\n<hr>\n<p>&#8211; puidust, terasest ja klaasist l\u00fckanduksed<br \/>&#8211; Liimitud tammeraam (tavaliselt kahest laudast) tagab aknaraami stabiilsuse.<br \/>&#8211; metallv\u00f5re on dekoratiivne element ja toetab \u00fchtlasi klaaspaneele.<br \/>&#8211; kaks karastatud klaasi\u00fchikut, mille liitekoht on kaetud horisontaalse muntin-liistuga<br \/>&#8211; tooraine iseloomust tingitud kerged praod ja oksad tammepuust korpuses.<br \/>&#8211; ukse konstruktsioon v\u00f5imaldab kasutada peaaegu k\u00f5iki liugukses\u00fcsteeme<br \/>&#8211; mudel ilma alumise profiilita<br \/>&#8211; pakkumine kehtib ainult ukselehe kohta ja ei h\u00f5lma libisevuss\u00fcsteemi ega muid lisaseadmeid.<br \/>&#8211; Meie poolt pakutavale mudelile vastavad alumised juhendid leiate allj\u00e4rgnevast jaotisest &#8220;Seotud tooted&#8221;.<\/p>\n<hr>\n<p>Kuidas muuta klassikaline interj\u00f6\u00f6r, \u00fchendades modernsuse, loft ja klassika? Vastus on Szpros &#8211; tammepuidust liuguks, mille puitraam on valmistatud liimitud plankudest, mida \u00fcmbritseb karastatud klaas ja&#8230; Spros. Vastupidav ja usaldusv\u00e4\u00e4rne konstruktsioon tagab t\u00f5rgeteta kasutamise aastak\u00fcmneteks, samas kui karastatud klaas on turvalisuse s\u00fcnon\u00fc\u00fcm. Stiilne puidu, klaasi ja metalli kombinatsioon on ajatu iseloomuga. Loft interj\u00f6\u00f6rile annab soojust looduslik toormaterjal &#8211; tammepuit. Kaasaegne kujundus on saanud klassikalise elegantsi. Turvalised ja tagasihoidlikud ruumid &#8211; veidi modernsust ja peent t\u00f6\u00f6stuslikku h\u00f5ngu. Looduslikule puidule iseloomulikud madalad praod ja oksad on tammepuidust toodete eelis. Klaasist l\u00fckanduksed ei pruugi sobida vannituppa, kuid kindlasti on need suurep\u00e4rane v\u00f5imalus eraldada s\u00f6\u00f6gituba k\u00f6\u00f6gist v\u00f5i disainerkapp magamistoast. Mudel esitatakse erakordselt h\u00e4sti<\/p>\n<hr>\n<p>**Pakkumine kehtib ainult uste kohta ja ei sisalda libisevust ega muid lisaseadmeid.<\/p>\n<\/div>\n","protected":false},"excerpt":{"rendered":"<p>Mudel SZS Materjal Tammepuit, teras, klaas Paksus (cm ) 3.2 \u00dcldine k\u00f5rgus (cm) 210 \u00dcldlaius (cm) 100 Klaasi t\u00fc\u00fcp Karastatud<\/p>\n","protected":false},"featured_media":142707,"comment_status":"open","ping_status":"closed","template":"","meta":{"_acf_changed":false,"pmpro_default_level":""},"product_brand":[],"product_cat":[24146,24145,24140,24155],"product_tag":[],"class_list":{"0":"post-140775","1":"product","2":"type-product","3":"status-publish","4":"has-post-thumbnail","6":"product_cat-klaasist-lukanduksed","7":"product_cat-liuguksed-et","8":"product_cat-liuguksesusteemid","9":"product_cat-tammepuust-lukanduksed","10":"pmpro-has-access","12":"first","13":"instock","14":"shipping-taxable","15":"purchasable","16":"product-type-variable"},"acf":[],"yoast_head":"<!-- This site is optimized with the Yoast SEO plugin v24.9 - https:\/\/yoast.com\/wordpress\/plugins\/seo\/ -->\n<title>Tammepuidust liuguksed SZPROS - MetalTale.com<\/title>\n<meta name=\"robots\" content=\"index, follow, max-snippet:-1, max-image-preview:large, max-video-preview:-1\" \/>\n<link rel=\"canonical\" href=\"https:\/\/metaltale.com\/et\/toode\/tammepuidust-liuguksed-szpros-2\/\" \/>\n<meta property=\"og:locale\" content=\"et_EE\" \/>\n<meta property=\"og:type\" content=\"article\" \/>\n<meta property=\"og:title\" content=\"Tammepuidust liuguksed SZPROS - MetalTale.com\" \/>\n<meta property=\"og:description\" content=\"Mudel SZS Materjal Tammepuit, teras, klaas Paksus (cm ) 3.2 \u00dcldine k\u00f5rgus (cm) 210 \u00dcldlaius (cm) 100 Klaasi t\u00fc\u00fcp Karastatud\" \/>\n<meta property=\"og:url\" content=\"https:\/\/metaltale.com\/et\/toode\/tammepuidust-liuguksed-szpros-2\/\" \/>\n<meta property=\"og:site_name\" content=\"MetalTale.com\" \/>\n<meta property=\"og:image\" content=\"http:\/\/metaltale.com\/wp-content\/uploads\/2024\/01\/drzwi-przesuwne-drewniane-4536.jpg\" \/>\n\t<meta property=\"og:image:width\" content=\"800\" \/>\n\t<meta property=\"og:image:height\" content=\"800\" \/>\n\t<meta property=\"og:image:type\" content=\"image\/jpeg\" \/>\n<meta name=\"twitter:card\" content=\"summary_large_image\" \/>\n<meta name=\"twitter:label1\" content=\"Est. reading time\" \/>\n\t<meta name=\"twitter:data1\" content=\"1 minut\" \/>\n<script type=\"application\/ld+json\" class=\"yoast-schema-graph\">{\"@context\":\"https:\/\/schema.org\",\"@graph\":[{\"@type\":\"WebPage\",\"@id\":\"https:\/\/metaltale.com\/et\/toode\/tammepuidust-liuguksed-szpros-2\/\",\"url\":\"https:\/\/metaltale.com\/et\/toode\/tammepuidust-liuguksed-szpros-2\/\",\"name\":\"Tammepuidust liuguksed SZPROS - MetalTale.com\",\"isPartOf\":{\"@id\":\"https:\/\/metaltale.com\/et\/#website\"},\"primaryImageOfPage\":{\"@id\":\"https:\/\/metaltale.com\/et\/toode\/tammepuidust-liuguksed-szpros-2\/#primaryimage\"},\"image\":{\"@id\":\"https:\/\/metaltale.com\/et\/toode\/tammepuidust-liuguksed-szpros-2\/#primaryimage\"},\"thumbnailUrl\":\"https:\/\/metaltale.com\/wp-content\/uploads\/2024\/01\/drzwi-przesuwne-drewniane-4536.jpg\",\"datePublished\":\"2024-01-16T08:04:16+00:00\",\"breadcrumb\":{\"@id\":\"https:\/\/metaltale.com\/et\/toode\/tammepuidust-liuguksed-szpros-2\/#breadcrumb\"},\"inLanguage\":\"et\",\"potentialAction\":[{\"@type\":\"ReadAction\",\"target\":[\"https:\/\/metaltale.com\/et\/toode\/tammepuidust-liuguksed-szpros-2\/\"]}]},{\"@type\":\"ImageObject\",\"inLanguage\":\"et\",\"@id\":\"https:\/\/metaltale.com\/et\/toode\/tammepuidust-liuguksed-szpros-2\/#primaryimage\",\"url\":\"https:\/\/metaltale.com\/wp-content\/uploads\/2024\/01\/drzwi-przesuwne-drewniane-4536.jpg\",\"contentUrl\":\"https:\/\/metaltale.com\/wp-content\/uploads\/2024\/01\/drzwi-przesuwne-drewniane-4536.jpg\",\"width\":800,\"height\":800,\"caption\":\"\u0104\u017euolin\u0119s stiklin\u0117s stumdomos durys SZPROS nedengtos\"},{\"@type\":\"BreadcrumbList\",\"@id\":\"https:\/\/metaltale.com\/et\/toode\/tammepuidust-liuguksed-szpros-2\/#breadcrumb\",\"itemListElement\":[{\"@type\":\"ListItem\",\"position\":1,\"name\":\"Home\",\"item\":\"https:\/\/metaltale.com\/et\/kodu\/\"},{\"@type\":\"ListItem\",\"position\":2,\"name\":\"Kauplus\",\"item\":\"https:\/\/metaltale.com\/et\/shop\/\"},{\"@type\":\"ListItem\",\"position\":3,\"name\":\"Tammepuidust liuguksed SZPROS\"}]},{\"@type\":\"WebSite\",\"@id\":\"https:\/\/metaltale.com\/et\/#website\",\"url\":\"https:\/\/metaltale.com\/et\/\",\"name\":\"Metaltale.com\",\"description\":\"\",\"potentialAction\":[{\"@type\":\"SearchAction\",\"target\":{\"@type\":\"EntryPoint\",\"urlTemplate\":\"https:\/\/metaltale.com\/et\/?s={search_term_string}\"},\"query-input\":{\"@type\":\"PropertyValueSpecification\",\"valueRequired\":true,\"valueName\":\"search_term_string\"}}],\"inLanguage\":\"et\"}]}<\/script>\n<!-- \/ Yoast SEO plugin. -->","yoast_head_json":{"title":"Tammepuidust liuguksed SZPROS - MetalTale.com","robots":{"index":"index","follow":"follow","max-snippet":"max-snippet:-1","max-image-preview":"max-image-preview:large","max-video-preview":"max-video-preview:-1"},"canonical":"https:\/\/metaltale.com\/et\/toode\/tammepuidust-liuguksed-szpros-2\/","og_locale":"et_EE","og_type":"article","og_title":"Tammepuidust liuguksed SZPROS - MetalTale.com","og_description":"Mudel SZS Materjal Tammepuit, teras, klaas Paksus (cm ) 3.2 \u00dcldine k\u00f5rgus (cm) 210 \u00dcldlaius (cm) 100 Klaasi t\u00fc\u00fcp Karastatud","og_url":"https:\/\/metaltale.com\/et\/toode\/tammepuidust-liuguksed-szpros-2\/","og_site_name":"MetalTale.com","og_image":[{"width":800,"height":800,"url":"http:\/\/metaltale.com\/wp-content\/uploads\/2024\/01\/drzwi-przesuwne-drewniane-4536.jpg","type":"image\/jpeg"}],"twitter_card":"summary_large_image","twitter_misc":{"Est. reading time":"1 minut"},"schema":{"@context":"https:\/\/schema.org","@graph":[{"@type":"WebPage","@id":"https:\/\/metaltale.com\/et\/toode\/tammepuidust-liuguksed-szpros-2\/","url":"https:\/\/metaltale.com\/et\/toode\/tammepuidust-liuguksed-szpros-2\/","name":"Tammepuidust liuguksed SZPROS - MetalTale.com","isPartOf":{"@id":"https:\/\/metaltale.com\/et\/#website"},"primaryImageOfPage":{"@id":"https:\/\/metaltale.com\/et\/toode\/tammepuidust-liuguksed-szpros-2\/#primaryimage"},"image":{"@id":"https:\/\/metaltale.com\/et\/toode\/tammepuidust-liuguksed-szpros-2\/#primaryimage"},"thumbnailUrl":"https:\/\/metaltale.com\/wp-content\/uploads\/2024\/01\/drzwi-przesuwne-drewniane-4536.jpg","datePublished":"2024-01-16T08:04:16+00:00","breadcrumb":{"@id":"https:\/\/metaltale.com\/et\/toode\/tammepuidust-liuguksed-szpros-2\/#breadcrumb"},"inLanguage":"et","potentialAction":[{"@type":"ReadAction","target":["https:\/\/metaltale.com\/et\/toode\/tammepuidust-liuguksed-szpros-2\/"]}]},{"@type":"ImageObject","inLanguage":"et","@id":"https:\/\/metaltale.com\/et\/toode\/tammepuidust-liuguksed-szpros-2\/#primaryimage","url":"https:\/\/metaltale.com\/wp-content\/uploads\/2024\/01\/drzwi-przesuwne-drewniane-4536.jpg","contentUrl":"https:\/\/metaltale.com\/wp-content\/uploads\/2024\/01\/drzwi-przesuwne-drewniane-4536.jpg","width":800,"height":800,"caption":"\u0104\u017euolin\u0119s stiklin\u0117s stumdomos durys SZPROS nedengtos"},{"@type":"BreadcrumbList","@id":"https:\/\/metaltale.com\/et\/toode\/tammepuidust-liuguksed-szpros-2\/#breadcrumb","itemListElement":[{"@type":"ListItem","position":1,"name":"Home","item":"https:\/\/metaltale.com\/et\/kodu\/"},{"@type":"ListItem","position":2,"name":"Kauplus","item":"https:\/\/metaltale.com\/et\/shop\/"},{"@type":"ListItem","position":3,"name":"Tammepuidust liuguksed SZPROS"}]},{"@type":"WebSite","@id":"https:\/\/metaltale.com\/et\/#website","url":"https:\/\/metaltale.com\/et\/","name":"Metaltale.com","description":"","potentialAction":[{"@type":"SearchAction","target":{"@type":"EntryPoint","urlTemplate":"https:\/\/metaltale.com\/et\/?s={search_term_string}"},"query-input":{"@type":"PropertyValueSpecification","valueRequired":true,"valueName":"search_term_string"}}],"inLanguage":"et"}]}},"_links":{"self":[{"href":"https:\/\/metaltale.com\/et\/wp-json\/wp\/v2\/product\/140775","targetHints":{"allow":["GET"]}}],"collection":[{"href":"https:\/\/metaltale.com\/et\/wp-json\/wp\/v2\/product"}],"about":[{"href":"https:\/\/metaltale.com\/et\/wp-json\/wp\/v2\/types\/product"}],"replies":[{"embeddable":true,"href":"https:\/\/metaltale.com\/et\/wp-json\/wp\/v2\/comments?post=140775"}],"version-history":[{"count":0,"href":"https:\/\/metaltale.com\/et\/wp-json\/wp\/v2\/product\/140775\/revisions"}],"wp:featuredmedia":[{"embeddable":true,"href":"https:\/\/metaltale.com\/et\/wp-json\/wp\/v2\/media\/142707"}],"wp:attachment":[{"href":"https:\/\/metaltale.com\/et\/wp-json\/wp\/v2\/media?parent=140775"}],"wp:term":[{"taxonomy":"product_brand","embeddable":true,"href":"https:\/\/metaltale.com\/et\/wp-json\/wp\/v2\/product_brand?post=140775"},{"taxonomy":"product_cat","embeddable":true,"href":"https:\/\/metaltale.com\/et\/wp-json\/wp\/v2\/product_cat?post=140775"},{"taxonomy":"product_tag","embeddable":true,"href":"https:\/\/metaltale.com\/et\/wp-json\/wp\/v2\/product_tag?post=140775"}],"curies":[{"name":"wp","href":"https:\/\/api.w.org\/{rel}","templated":true}]}}