{"id":140774,"date":"2024-01-12T21:12:52","date_gmt":"2024-01-12T19:12:52","guid":{"rendered":"https:\/\/metaltale.com\/produktas\/must-dartford-1-porandakoogi-kraan-dartford-1\/"},"modified":"2024-01-12T21:12:52","modified_gmt":"2024-01-12T19:12:52","slug":"must-dartford-1-porandakoogi-kraan-dartford-1","status":"publish","type":"product","link":"https:\/\/metaltale.com\/et\/toode\/must-dartford-1-porandakoogi-kraan-dartford-1\/","title":{"rendered":"Must DARTFORD 1 p\u00f5randak\u00f6\u00f6gi kraan DARTFORD 1"},"content":{"rendered":"<div class=\"prod_data\"><strong>Mudel<\/strong> WX.XT.248.BLA.1  <br \/><strong>Kogumisanumad<\/strong>  <br \/><strong>EAN.<\/strong>  5905369900082  <br \/><strong>V\u00e4ljalaskeava pikkus (cm<\/strong> ) 21  <br \/>Materjal Messing <br \/>Paigaldusava l\u00e4bim\u00f5\u00f5t 3,2 <br \/>\u00dcldine k\u00f5rgus (cm) 30 <br \/>Perlator (\u00f5hutaja) Jah <br \/>P\u00f6\u00f6rlev v\u00e4ljalaskeava Jah <br \/><strong>V\u00e4rv<\/strong> Must  <br \/><strong>Viimistlus<\/strong> Matte  <br \/>Lisateave Voolik M8x3\/8&#8243; kraani pikkuseks 50cm <\/p>\n<p>&#8211; messingist seisev segisti<br \/>&#8211; P\u00f6\u00f6rlev nina<br \/>&#8211; keraamiline pea &#8211; element, mis tagab vee n\u00f5uetekohase jaotumise <br \/>&#8211; \u00d5hutaja &#8211; vee tarbimise v\u00e4hendamiseks<br \/>&#8211; K\u00f5ik paigaldamiseks vajalikud komponendid (voolikud, lauakruvi, kruvitihendid) kuuluvad komplekti.<br \/>&#8211; lihtne hooldus &#8211; soe vesi ja PH neutraalne seep<br \/>&#8211; vt. muud mudelid Tubes kollektsioonis<\/p>\n<hr>\n<p>Klassikaline must v\u00e4rvus ja lihtsa disaini t\u00f5ttu on see mitmek\u00fclgne ja turvaline lahendus paljude erinevate kujunduste jaoks. Toores, peaaegu h\u00fcdrauliline k\u00f6\u00f6gisegisti on ideaalne v\u00f5imalus r\u00f5hutada t\u00f6\u00f6stusliku interj\u00f6\u00f6ri t\u00f6\u00f6stuslikku iseloomu, andes samas moodsale interj\u00f6\u00f6rile loft-tunnet. Eriti kui seda \u00fcmbritsevad \u00f5iged k\u00f6\u00f6gitarvikud, v\u00f5ib see saada futuristliku v\u00e4limuse. K\u00f6\u00f6gikraanid peaksid olema eelk\u00f5ige praktilised &#8211; kraani valikul on olulised omadused k\u00f5rge, p\u00f6\u00f6rlev kraanikaus ja vastupidavus. Keraamilise peaga messingist segisti vastab kindlasti ka k\u00f5ige k\u00f5rgematele ootustele.<\/p>\n<hr>\n<\/div>\n","protected":false},"excerpt":{"rendered":"<p>Mudel WX.XT.248.BLA.1 Kogumisanumad EAN. 5905369900082 V\u00e4ljalaskeava pikkus (cm ) 21 Materjal Messing Paigaldusava l\u00e4bim\u00f5\u00f5t 3,2 \u00dcldine k\u00f5rgus (cm) 30 Perlator<\/p>\n","protected":false},"featured_media":97125,"comment_status":"open","ping_status":"closed","template":"","meta":{"_acf_changed":false,"pmpro_default_level":""},"product_brand":[],"product_cat":[24179],"product_tag":[],"class_list":{"0":"post-140774","1":"product","2":"type-product","3":"status-publish","4":"has-post-thumbnail","6":"product_cat-vabalt-seisvad-koogisegistid","7":"pmpro-has-access","9":"first","10":"instock","11":"shipping-taxable","12":"purchasable","13":"product-type-simple"},"acf":[],"yoast_head":"<!-- This site is optimized with the Yoast SEO plugin v24.9 - https:\/\/yoast.com\/wordpress\/plugins\/seo\/ -->\n<title>Must DARTFORD 1 p\u00f5randak\u00f6\u00f6gi kraan DARTFORD 1 - MetalTale.com<\/title>\n<meta name=\"robots\" content=\"index, follow, max-snippet:-1, max-image-preview:large, max-video-preview:-1\" \/>\n<link rel=\"canonical\" href=\"https:\/\/metaltale.com\/et\/toode\/must-dartford-1-porandakoogi-kraan-dartford-1\/\" \/>\n<meta property=\"og:locale\" content=\"et_EE\" \/>\n<meta property=\"og:type\" content=\"article\" \/>\n<meta property=\"og:title\" content=\"Must DARTFORD 1 p\u00f5randak\u00f6\u00f6gi kraan DARTFORD 1 - MetalTale.com\" \/>\n<meta property=\"og:description\" content=\"Mudel WX.XT.248.BLA.1 Kogumisanumad EAN. 5905369900082 V\u00e4ljalaskeava pikkus (cm ) 21 Materjal Messing Paigaldusava l\u00e4bim\u00f5\u00f5t 3,2 \u00dcldine k\u00f5rgus (cm) 30 Perlator\" \/>\n<meta property=\"og:url\" content=\"https:\/\/metaltale.com\/et\/toode\/must-dartford-1-porandakoogi-kraan-dartford-1\/\" \/>\n<meta property=\"og:site_name\" content=\"MetalTale.com\" \/>\n<meta name=\"twitter:card\" content=\"summary_large_image\" \/>\n<meta name=\"twitter:label1\" content=\"Est. reading time\" \/>\n\t<meta name=\"twitter:data1\" content=\"1 minut\" \/>\n<script type=\"application\/ld+json\" class=\"yoast-schema-graph\">{\"@context\":\"https:\/\/schema.org\",\"@graph\":[{\"@type\":\"WebPage\",\"@id\":\"https:\/\/metaltale.com\/et\/toode\/must-dartford-1-porandakoogi-kraan-dartford-1\/\",\"url\":\"https:\/\/metaltale.com\/et\/toode\/must-dartford-1-porandakoogi-kraan-dartford-1\/\",\"name\":\"Must DARTFORD 1 p\u00f5randak\u00f6\u00f6gi kraan DARTFORD 1 - MetalTale.com\",\"isPartOf\":{\"@id\":\"https:\/\/metaltale.com\/et\/#website\"},\"primaryImageOfPage\":{\"@id\":\"https:\/\/metaltale.com\/et\/toode\/must-dartford-1-porandakoogi-kraan-dartford-1\/#primaryimage\"},\"image\":{\"@id\":\"https:\/\/metaltale.com\/et\/toode\/must-dartford-1-porandakoogi-kraan-dartford-1\/#primaryimage\"},\"thumbnailUrl\":\"https:\/\/metaltale.com\/wp-content\/uploads\/2023\/11\/Laisvai-pastatomi-virtuviniai-maix161ytuvai.jpg\",\"datePublished\":\"2024-01-12T19:12:52+00:00\",\"breadcrumb\":{\"@id\":\"https:\/\/metaltale.com\/et\/toode\/must-dartford-1-porandakoogi-kraan-dartford-1\/#breadcrumb\"},\"inLanguage\":\"et\",\"potentialAction\":[{\"@type\":\"ReadAction\",\"target\":[\"https:\/\/metaltale.com\/et\/toode\/must-dartford-1-porandakoogi-kraan-dartford-1\/\"]}]},{\"@type\":\"ImageObject\",\"inLanguage\":\"et\",\"@id\":\"https:\/\/metaltale.com\/et\/toode\/must-dartford-1-porandakoogi-kraan-dartford-1\/#primaryimage\",\"url\":\"https:\/\/metaltale.com\/wp-content\/uploads\/2023\/11\/Laisvai-pastatomi-virtuviniai-maix161ytuvai.jpg\",\"contentUrl\":\"https:\/\/metaltale.com\/wp-content\/uploads\/2023\/11\/Laisvai-pastatomi-virtuviniai-maix161ytuvai.jpg\",\"width\":800,\"height\":800},{\"@type\":\"BreadcrumbList\",\"@id\":\"https:\/\/metaltale.com\/et\/toode\/must-dartford-1-porandakoogi-kraan-dartford-1\/#breadcrumb\",\"itemListElement\":[{\"@type\":\"ListItem\",\"position\":1,\"name\":\"Home\",\"item\":\"https:\/\/metaltale.com\/et\/kodu\/\"},{\"@type\":\"ListItem\",\"position\":2,\"name\":\"Kauplus\",\"item\":\"https:\/\/metaltale.com\/et\/shop\/\"},{\"@type\":\"ListItem\",\"position\":3,\"name\":\"Must DARTFORD 1 p\u00f5randak\u00f6\u00f6gi kraan DARTFORD 1\"}]},{\"@type\":\"WebSite\",\"@id\":\"https:\/\/metaltale.com\/et\/#website\",\"url\":\"https:\/\/metaltale.com\/et\/\",\"name\":\"Metaltale.com\",\"description\":\"\",\"potentialAction\":[{\"@type\":\"SearchAction\",\"target\":{\"@type\":\"EntryPoint\",\"urlTemplate\":\"https:\/\/metaltale.com\/et\/?s={search_term_string}\"},\"query-input\":{\"@type\":\"PropertyValueSpecification\",\"valueRequired\":true,\"valueName\":\"search_term_string\"}}],\"inLanguage\":\"et\"}]}<\/script>\n<!-- \/ Yoast SEO plugin. -->","yoast_head_json":{"title":"Must DARTFORD 1 p\u00f5randak\u00f6\u00f6gi kraan DARTFORD 1 - MetalTale.com","robots":{"index":"index","follow":"follow","max-snippet":"max-snippet:-1","max-image-preview":"max-image-preview:large","max-video-preview":"max-video-preview:-1"},"canonical":"https:\/\/metaltale.com\/et\/toode\/must-dartford-1-porandakoogi-kraan-dartford-1\/","og_locale":"et_EE","og_type":"article","og_title":"Must DARTFORD 1 p\u00f5randak\u00f6\u00f6gi kraan DARTFORD 1 - MetalTale.com","og_description":"Mudel WX.XT.248.BLA.1 Kogumisanumad EAN. 5905369900082 V\u00e4ljalaskeava pikkus (cm ) 21 Materjal Messing Paigaldusava l\u00e4bim\u00f5\u00f5t 3,2 \u00dcldine k\u00f5rgus (cm) 30 Perlator","og_url":"https:\/\/metaltale.com\/et\/toode\/must-dartford-1-porandakoogi-kraan-dartford-1\/","og_site_name":"MetalTale.com","twitter_card":"summary_large_image","twitter_misc":{"Est. reading time":"1 minut"},"schema":{"@context":"https:\/\/schema.org","@graph":[{"@type":"WebPage","@id":"https:\/\/metaltale.com\/et\/toode\/must-dartford-1-porandakoogi-kraan-dartford-1\/","url":"https:\/\/metaltale.com\/et\/toode\/must-dartford-1-porandakoogi-kraan-dartford-1\/","name":"Must DARTFORD 1 p\u00f5randak\u00f6\u00f6gi kraan DARTFORD 1 - MetalTale.com","isPartOf":{"@id":"https:\/\/metaltale.com\/et\/#website"},"primaryImageOfPage":{"@id":"https:\/\/metaltale.com\/et\/toode\/must-dartford-1-porandakoogi-kraan-dartford-1\/#primaryimage"},"image":{"@id":"https:\/\/metaltale.com\/et\/toode\/must-dartford-1-porandakoogi-kraan-dartford-1\/#primaryimage"},"thumbnailUrl":"https:\/\/metaltale.com\/wp-content\/uploads\/2023\/11\/Laisvai-pastatomi-virtuviniai-maix161ytuvai.jpg","datePublished":"2024-01-12T19:12:52+00:00","breadcrumb":{"@id":"https:\/\/metaltale.com\/et\/toode\/must-dartford-1-porandakoogi-kraan-dartford-1\/#breadcrumb"},"inLanguage":"et","potentialAction":[{"@type":"ReadAction","target":["https:\/\/metaltale.com\/et\/toode\/must-dartford-1-porandakoogi-kraan-dartford-1\/"]}]},{"@type":"ImageObject","inLanguage":"et","@id":"https:\/\/metaltale.com\/et\/toode\/must-dartford-1-porandakoogi-kraan-dartford-1\/#primaryimage","url":"https:\/\/metaltale.com\/wp-content\/uploads\/2023\/11\/Laisvai-pastatomi-virtuviniai-maix161ytuvai.jpg","contentUrl":"https:\/\/metaltale.com\/wp-content\/uploads\/2023\/11\/Laisvai-pastatomi-virtuviniai-maix161ytuvai.jpg","width":800,"height":800},{"@type":"BreadcrumbList","@id":"https:\/\/metaltale.com\/et\/toode\/must-dartford-1-porandakoogi-kraan-dartford-1\/#breadcrumb","itemListElement":[{"@type":"ListItem","position":1,"name":"Home","item":"https:\/\/metaltale.com\/et\/kodu\/"},{"@type":"ListItem","position":2,"name":"Kauplus","item":"https:\/\/metaltale.com\/et\/shop\/"},{"@type":"ListItem","position":3,"name":"Must DARTFORD 1 p\u00f5randak\u00f6\u00f6gi kraan DARTFORD 1"}]},{"@type":"WebSite","@id":"https:\/\/metaltale.com\/et\/#website","url":"https:\/\/metaltale.com\/et\/","name":"Metaltale.com","description":"","potentialAction":[{"@type":"SearchAction","target":{"@type":"EntryPoint","urlTemplate":"https:\/\/metaltale.com\/et\/?s={search_term_string}"},"query-input":{"@type":"PropertyValueSpecification","valueRequired":true,"valueName":"search_term_string"}}],"inLanguage":"et"}]}},"_links":{"self":[{"href":"https:\/\/metaltale.com\/et\/wp-json\/wp\/v2\/product\/140774","targetHints":{"allow":["GET"]}}],"collection":[{"href":"https:\/\/metaltale.com\/et\/wp-json\/wp\/v2\/product"}],"about":[{"href":"https:\/\/metaltale.com\/et\/wp-json\/wp\/v2\/types\/product"}],"replies":[{"embeddable":true,"href":"https:\/\/metaltale.com\/et\/wp-json\/wp\/v2\/comments?post=140774"}],"version-history":[{"count":0,"href":"https:\/\/metaltale.com\/et\/wp-json\/wp\/v2\/product\/140774\/revisions"}],"wp:featuredmedia":[{"embeddable":true,"href":"https:\/\/metaltale.com\/et\/wp-json\/wp\/v2\/media\/97125"}],"wp:attachment":[{"href":"https:\/\/metaltale.com\/et\/wp-json\/wp\/v2\/media?parent=140774"}],"wp:term":[{"taxonomy":"product_brand","embeddable":true,"href":"https:\/\/metaltale.com\/et\/wp-json\/wp\/v2\/product_brand?post=140774"},{"taxonomy":"product_cat","embeddable":true,"href":"https:\/\/metaltale.com\/et\/wp-json\/wp\/v2\/product_cat?post=140774"},{"taxonomy":"product_tag","embeddable":true,"href":"https:\/\/metaltale.com\/et\/wp-json\/wp\/v2\/product_tag?post=140774"}],"curies":[{"name":"wp","href":"https:\/\/api.w.org\/{rel}","templated":true}]}}