{"id":140762,"date":"2024-01-12T21:12:18","date_gmt":"2024-01-12T19:12:18","guid":{"rendered":"https:\/\/metaltale.com\/produktas\/rodukapp-teraspuu-3\/"},"modified":"2024-01-12T21:12:18","modified_gmt":"2024-01-12T19:12:18","slug":"rodukapp-teraspuu-3","status":"publish","type":"product","link":"https:\/\/metaltale.com\/et\/toode\/rodukapp-teraspuu-3\/","title":{"rendered":"R\u00f5dukapp TERASPUU 3"},"content":{"rendered":"<div class=\"prod_data\">\n<p><strong>Mudel<\/strong> ZA.SW.S3<br \/>\nSteel Wood <strong>kollektsioon<\/strong><br \/>\n<strong>EAN.<\/strong>  5905369915680<br \/>\n<strong>Materjal<\/strong> m\u00e4nnipuit, teras<br \/>\n<strong>\u00dcldine k\u00f5rgus (cm)<\/strong> 195<br \/>\n<strong>\u00dcldine laius (cm)<\/strong> 150<br \/>\n<strong>S\u00fcgavus (cm)<\/strong> 60<br \/>\n<strong>Trimmi<\/strong> laiguline<br \/>\n<strong>Tarne t\u00fc\u00fcp<\/strong> T\u00e4ielikult kokkupandud toode<\/p>\n<p>&#8211; selle valmistamisel kasutatud m\u00e4nnipuit, mis on kaitstud vesipeitsiga.<br \/>\n&#8211; Stabiilne struktuur, mis koosneb kahest kinnisest profiilist, mille ristl\u00f5ige on 2&#215;2 cm.<br \/>\n&#8211; teraselemendid impregneeriti l\u00e4bipaistva kihiga<br \/>\n&#8211; kasutusmugavus on tagatud nn vaikselt sulguvate hingedega uste paigaldamisega.<br \/>\n&#8211; sahtlid on varustatud vaiksete ja \u00f5rnade kuullaagritega juhikutega<br \/>\n&#8211; k\u00e4sitsi lihvitud m\u00e4nnielemendid s\u00e4ilitavad puidu loodusliku struktuuri<br \/>\n&#8211; ohutuse ja esteetika tagavad lihvitud keevituspunktid<br \/>\n&#8211; Riidekapil on kolm kasulikku sisustust, mille m\u00f5\u00f5tmed on j\u00e4rgmised: k\u00f5rgus 181 cm laius 46 cm s\u00fcgavus 60 cm<br \/>\n&#8211; kapi parempoolse k\u00fclje modulaarne iseloom v\u00f5imaldab teil kohandada sisustust vastavalt oma individuaalsetele vajadustele<\/p>\n<hr>\n<p>STEEL WOOD m\u00f6\u00f6bel on puidu ja metalli enneolematu kombinatsioon. Nende kahe toormaterjali kombinatsioon v\u00f5imaldab kollektsioonil tervikuna murda tavap\u00e4raseid m\u00f6\u00f6blistiile uuenduslikul viisil. STEEL WOODi disain \u00fchendab endas kaasaegsed lahendused, nagu vaikne uksesulgemine v\u00f5i kuullaagritega juhikud, ning t\u00e4iskorpuse loft-kujunduse. Seda kategooriat iseloomustab ruumikus ja funktsionaalsus. \u00d5ige osa v\u00f5imaldab luua mis tahes interj\u00f6\u00f6ri. Selle segmendi riiuleid saab paigaldada kuuel erineval k\u00f5rgusel. Paremal asuv riidekapp v\u00f5imaldab kasutada \u00fchte v\u00f5i kahte riidehoidjat. J\u00e4rjepidevuse s\u00e4ilitamiseks on m\u00f6\u00f6bel varustatud stiilselt valitud metallist k\u00e4epidemetega. STEEL WOOD kollektsiooni loftid ei ole m\u00f5eldud mitte ainult loftide armastajatele, vaid ka neile, kes soovivad sobituda kaasaegse kodu, korteri v\u00f5i kontori interj\u00f6\u00f6riga.<\/p>\n<hr>\n<\/div>\n","protected":false},"excerpt":{"rendered":"<p>Mudel ZA.SW.S3 Steel Wood kollektsioon EAN. 5905369915680 Materjal m\u00e4nnipuit, teras \u00dcldine k\u00f5rgus (cm) 195 \u00dcldine laius (cm) 150 S\u00fcgavus (cm)<\/p>\n","protected":false},"featured_media":119645,"comment_status":"open","ping_status":"closed","template":"","meta":{"_acf_changed":false,"pmpro_default_level":""},"product_brand":[],"product_cat":[24199,24138],"product_tag":[],"class_list":{"0":"post-140762","1":"product","2":"type-product","3":"status-publish","4":"has-post-thumbnail","6":"product_cat-kapid","7":"product_cat-toostusmoobel","8":"pmpro-has-access","10":"first","11":"instock","12":"shipping-taxable","13":"purchasable","14":"product-type-simple"},"acf":[],"yoast_head":"<!-- This site is optimized with the Yoast SEO plugin v24.9 - https:\/\/yoast.com\/wordpress\/plugins\/seo\/ -->\n<title>R\u00f5dukapp TERASPUU 3 - MetalTale.com<\/title>\n<meta name=\"robots\" content=\"index, follow, max-snippet:-1, max-image-preview:large, max-video-preview:-1\" \/>\n<link rel=\"canonical\" href=\"https:\/\/metaltale.com\/et\/toode\/rodukapp-teraspuu-3\/\" \/>\n<meta property=\"og:locale\" content=\"et_EE\" \/>\n<meta property=\"og:type\" content=\"article\" \/>\n<meta property=\"og:title\" content=\"R\u00f5dukapp TERASPUU 3 - MetalTale.com\" \/>\n<meta property=\"og:description\" content=\"Mudel ZA.SW.S3 Steel Wood kollektsioon EAN. 5905369915680 Materjal m\u00e4nnipuit, teras \u00dcldine k\u00f5rgus (cm) 195 \u00dcldine laius (cm) 150 S\u00fcgavus (cm)\" \/>\n<meta property=\"og:url\" content=\"https:\/\/metaltale.com\/et\/toode\/rodukapp-teraspuu-3\/\" \/>\n<meta property=\"og:site_name\" content=\"MetalTale.com\" \/>\n<meta name=\"twitter:card\" content=\"summary_large_image\" \/>\n<meta name=\"twitter:label1\" content=\"Est. reading time\" \/>\n\t<meta name=\"twitter:data1\" content=\"1 minut\" \/>\n<script type=\"application\/ld+json\" class=\"yoast-schema-graph\">{\"@context\":\"https:\/\/schema.org\",\"@graph\":[{\"@type\":\"WebPage\",\"@id\":\"https:\/\/metaltale.com\/et\/toode\/rodukapp-teraspuu-3\/\",\"url\":\"https:\/\/metaltale.com\/et\/toode\/rodukapp-teraspuu-3\/\",\"name\":\"R\u00f5dukapp TERASPUU 3 - MetalTale.com\",\"isPartOf\":{\"@id\":\"https:\/\/metaltale.com\/et\/#website\"},\"primaryImageOfPage\":{\"@id\":\"https:\/\/metaltale.com\/et\/toode\/rodukapp-teraspuu-3\/#primaryimage\"},\"image\":{\"@id\":\"https:\/\/metaltale.com\/et\/toode\/rodukapp-teraspuu-3\/#primaryimage\"},\"thumbnailUrl\":\"https:\/\/metaltale.com\/wp-content\/uploads\/2023\/12\/loft-spinta.jpg\",\"datePublished\":\"2024-01-12T19:12:18+00:00\",\"breadcrumb\":{\"@id\":\"https:\/\/metaltale.com\/et\/toode\/rodukapp-teraspuu-3\/#breadcrumb\"},\"inLanguage\":\"et\",\"potentialAction\":[{\"@type\":\"ReadAction\",\"target\":[\"https:\/\/metaltale.com\/et\/toode\/rodukapp-teraspuu-3\/\"]}]},{\"@type\":\"ImageObject\",\"inLanguage\":\"et\",\"@id\":\"https:\/\/metaltale.com\/et\/toode\/rodukapp-teraspuu-3\/#primaryimage\",\"url\":\"https:\/\/metaltale.com\/wp-content\/uploads\/2023\/12\/loft-spinta.jpg\",\"contentUrl\":\"https:\/\/metaltale.com\/wp-content\/uploads\/2023\/12\/loft-spinta.jpg\",\"width\":800,\"height\":800,\"caption\":\"p\u00f6\u00f6ningukapp\"},{\"@type\":\"BreadcrumbList\",\"@id\":\"https:\/\/metaltale.com\/et\/toode\/rodukapp-teraspuu-3\/#breadcrumb\",\"itemListElement\":[{\"@type\":\"ListItem\",\"position\":1,\"name\":\"Home\",\"item\":\"https:\/\/metaltale.com\/et\/kodu\/\"},{\"@type\":\"ListItem\",\"position\":2,\"name\":\"Kauplus\",\"item\":\"https:\/\/metaltale.com\/et\/shop\/\"},{\"@type\":\"ListItem\",\"position\":3,\"name\":\"R\u00f5dukapp TERASPUU 3\"}]},{\"@type\":\"WebSite\",\"@id\":\"https:\/\/metaltale.com\/et\/#website\",\"url\":\"https:\/\/metaltale.com\/et\/\",\"name\":\"Metaltale.com\",\"description\":\"\",\"potentialAction\":[{\"@type\":\"SearchAction\",\"target\":{\"@type\":\"EntryPoint\",\"urlTemplate\":\"https:\/\/metaltale.com\/et\/?s={search_term_string}\"},\"query-input\":{\"@type\":\"PropertyValueSpecification\",\"valueRequired\":true,\"valueName\":\"search_term_string\"}}],\"inLanguage\":\"et\"}]}<\/script>\n<!-- \/ Yoast SEO plugin. -->","yoast_head_json":{"title":"R\u00f5dukapp TERASPUU 3 - MetalTale.com","robots":{"index":"index","follow":"follow","max-snippet":"max-snippet:-1","max-image-preview":"max-image-preview:large","max-video-preview":"max-video-preview:-1"},"canonical":"https:\/\/metaltale.com\/et\/toode\/rodukapp-teraspuu-3\/","og_locale":"et_EE","og_type":"article","og_title":"R\u00f5dukapp TERASPUU 3 - MetalTale.com","og_description":"Mudel ZA.SW.S3 Steel Wood kollektsioon EAN. 5905369915680 Materjal m\u00e4nnipuit, teras \u00dcldine k\u00f5rgus (cm) 195 \u00dcldine laius (cm) 150 S\u00fcgavus (cm)","og_url":"https:\/\/metaltale.com\/et\/toode\/rodukapp-teraspuu-3\/","og_site_name":"MetalTale.com","twitter_card":"summary_large_image","twitter_misc":{"Est. reading time":"1 minut"},"schema":{"@context":"https:\/\/schema.org","@graph":[{"@type":"WebPage","@id":"https:\/\/metaltale.com\/et\/toode\/rodukapp-teraspuu-3\/","url":"https:\/\/metaltale.com\/et\/toode\/rodukapp-teraspuu-3\/","name":"R\u00f5dukapp TERASPUU 3 - MetalTale.com","isPartOf":{"@id":"https:\/\/metaltale.com\/et\/#website"},"primaryImageOfPage":{"@id":"https:\/\/metaltale.com\/et\/toode\/rodukapp-teraspuu-3\/#primaryimage"},"image":{"@id":"https:\/\/metaltale.com\/et\/toode\/rodukapp-teraspuu-3\/#primaryimage"},"thumbnailUrl":"https:\/\/metaltale.com\/wp-content\/uploads\/2023\/12\/loft-spinta.jpg","datePublished":"2024-01-12T19:12:18+00:00","breadcrumb":{"@id":"https:\/\/metaltale.com\/et\/toode\/rodukapp-teraspuu-3\/#breadcrumb"},"inLanguage":"et","potentialAction":[{"@type":"ReadAction","target":["https:\/\/metaltale.com\/et\/toode\/rodukapp-teraspuu-3\/"]}]},{"@type":"ImageObject","inLanguage":"et","@id":"https:\/\/metaltale.com\/et\/toode\/rodukapp-teraspuu-3\/#primaryimage","url":"https:\/\/metaltale.com\/wp-content\/uploads\/2023\/12\/loft-spinta.jpg","contentUrl":"https:\/\/metaltale.com\/wp-content\/uploads\/2023\/12\/loft-spinta.jpg","width":800,"height":800,"caption":"p\u00f6\u00f6ningukapp"},{"@type":"BreadcrumbList","@id":"https:\/\/metaltale.com\/et\/toode\/rodukapp-teraspuu-3\/#breadcrumb","itemListElement":[{"@type":"ListItem","position":1,"name":"Home","item":"https:\/\/metaltale.com\/et\/kodu\/"},{"@type":"ListItem","position":2,"name":"Kauplus","item":"https:\/\/metaltale.com\/et\/shop\/"},{"@type":"ListItem","position":3,"name":"R\u00f5dukapp TERASPUU 3"}]},{"@type":"WebSite","@id":"https:\/\/metaltale.com\/et\/#website","url":"https:\/\/metaltale.com\/et\/","name":"Metaltale.com","description":"","potentialAction":[{"@type":"SearchAction","target":{"@type":"EntryPoint","urlTemplate":"https:\/\/metaltale.com\/et\/?s={search_term_string}"},"query-input":{"@type":"PropertyValueSpecification","valueRequired":true,"valueName":"search_term_string"}}],"inLanguage":"et"}]}},"_links":{"self":[{"href":"https:\/\/metaltale.com\/et\/wp-json\/wp\/v2\/product\/140762","targetHints":{"allow":["GET"]}}],"collection":[{"href":"https:\/\/metaltale.com\/et\/wp-json\/wp\/v2\/product"}],"about":[{"href":"https:\/\/metaltale.com\/et\/wp-json\/wp\/v2\/types\/product"}],"replies":[{"embeddable":true,"href":"https:\/\/metaltale.com\/et\/wp-json\/wp\/v2\/comments?post=140762"}],"version-history":[{"count":0,"href":"https:\/\/metaltale.com\/et\/wp-json\/wp\/v2\/product\/140762\/revisions"}],"wp:featuredmedia":[{"embeddable":true,"href":"https:\/\/metaltale.com\/et\/wp-json\/wp\/v2\/media\/119645"}],"wp:attachment":[{"href":"https:\/\/metaltale.com\/et\/wp-json\/wp\/v2\/media?parent=140762"}],"wp:term":[{"taxonomy":"product_brand","embeddable":true,"href":"https:\/\/metaltale.com\/et\/wp-json\/wp\/v2\/product_brand?post=140762"},{"taxonomy":"product_cat","embeddable":true,"href":"https:\/\/metaltale.com\/et\/wp-json\/wp\/v2\/product_cat?post=140762"},{"taxonomy":"product_tag","embeddable":true,"href":"https:\/\/metaltale.com\/et\/wp-json\/wp\/v2\/product_tag?post=140762"}],"curies":[{"name":"wp","href":"https:\/\/api.w.org\/{rel}","templated":true}]}}