{"id":140759,"date":"2024-01-12T21:10:24","date_gmt":"2024-01-12T19:10:24","guid":{"rendered":"https:\/\/metaltale.com\/produktas\/baaritool-western-edition-must\/"},"modified":"2024-01-12T21:10:24","modified_gmt":"2024-01-12T19:10:24","slug":"baaritool-western-edition-must","status":"publish","type":"product","link":"https:\/\/metaltale.com\/et\/toode\/baaritool-western-edition-must\/","title":{"rendered":"Baaritool WESTERN EDITION, must"},"content":{"rendered":"<div class=\"prod_data\">\n<p><strong>Mudel<\/strong> ZA. T1. WE-PRGR<br \/>\n<strong>Materjal<\/strong> m\u00e4nnipuit, teras<br \/>\n<strong>\u00dcldk\u00f5rgus (cm)<\/strong> 65-90<br \/>\n<strong>\u00dcldine laius (cm)<\/strong> 40<br \/>\n<strong>V\u00e4rv<\/strong> Must<br \/>\nKogus komplekti kohta 1 tk.<\/p>\n<p>Istme k\u00f5rguse reguleerimine (paigaldatud keermestatud terasvardale)<\/p>\n<p>&#8220;Hoker&#8221; on valmistatud terasest, mis tagab toote stabiilsuse ja vastupidavuse.<\/p>\n<p>iste on valmistatud m\u00e4nnipuidust<\/p>\n<hr>\n<p>&#8220;Hoker Industrial Western Edition&#8221; on 10 cm pikem versioon Hoker Industrialist. Iste on reguleeritav kuni 30 cm ja maksimaalselt 95 cm. T\u00e4nu oma massiivsele konstruktsioonile s\u00e4ilitab tool stabiilsuse s\u00f5ltumata vastuv\u00f5etud k\u00f5rgusest. Kavandatav toode tarnitakse t\u00f6\u00f6tlemata terasest (grafiitv\u00e4rvi), millel on keevituskohtades kriimustused. 30 cm l\u00e4bim\u00f5\u00f5duga iste tagab mugavuse. Valmistatud mustaks v\u00e4rvitud m\u00e4nnipuidust, millel on palju kriimustusi, mis r\u00f5hutavad Hoker&#8217;i t\u00f6\u00f6stuslikku iseloomu. T\u00e4nu arvukatele katsetele paigutati jalatugi optimaalsele k\u00f5rgusele umbes 29 cm k\u00f5rgusele maapinnast.<\/p>\n<\/div>\n","protected":false},"excerpt":{"rendered":"<p>Mudel ZA. T1. WE-PRGR Materjal m\u00e4nnipuit, teras \u00dcldk\u00f5rgus (cm) 65-90 \u00dcldine laius (cm) 40 V\u00e4rv Must Kogus komplekti kohta 1<\/p>\n","protected":false},"featured_media":100170,"comment_status":"open","ping_status":"closed","template":"","meta":{"_acf_changed":false,"pmpro_default_level":""},"product_brand":[],"product_cat":[24196,24138],"product_tag":[],"class_list":{"0":"post-140759","1":"product","2":"type-product","3":"status-publish","4":"has-post-thumbnail","6":"product_cat-baaritoolid","7":"product_cat-toostusmoobel","8":"pmpro-has-access","10":"first","11":"instock","12":"shipping-taxable","13":"purchasable","14":"product-type-simple"},"acf":[],"yoast_head":"<!-- This site is optimized with the Yoast SEO plugin v24.9 - https:\/\/yoast.com\/wordpress\/plugins\/seo\/ -->\n<title>Baaritool WESTERN EDITION, must - MetalTale.com<\/title>\n<meta name=\"robots\" content=\"index, follow, max-snippet:-1, max-image-preview:large, max-video-preview:-1\" \/>\n<link rel=\"canonical\" href=\"https:\/\/metaltale.com\/et\/toode\/baaritool-western-edition-must\/\" \/>\n<meta property=\"og:locale\" content=\"et_EE\" \/>\n<meta property=\"og:type\" content=\"article\" \/>\n<meta property=\"og:title\" content=\"Baaritool WESTERN EDITION, must - MetalTale.com\" \/>\n<meta property=\"og:description\" content=\"Mudel ZA. T1. WE-PRGR Materjal m\u00e4nnipuit, teras \u00dcldk\u00f5rgus (cm) 65-90 \u00dcldine laius (cm) 40 V\u00e4rv Must Kogus komplekti kohta 1\" \/>\n<meta property=\"og:url\" content=\"https:\/\/metaltale.com\/et\/toode\/baaritool-western-edition-must\/\" \/>\n<meta property=\"og:site_name\" content=\"MetalTale.com\" \/>\n<meta name=\"twitter:card\" content=\"summary_large_image\" \/>\n<meta name=\"twitter:label1\" content=\"Est. reading time\" \/>\n\t<meta name=\"twitter:data1\" content=\"1 minut\" \/>\n<script type=\"application\/ld+json\" class=\"yoast-schema-graph\">{\"@context\":\"https:\/\/schema.org\",\"@graph\":[{\"@type\":\"WebPage\",\"@id\":\"https:\/\/metaltale.com\/et\/toode\/baaritool-western-edition-must\/\",\"url\":\"https:\/\/metaltale.com\/et\/toode\/baaritool-western-edition-must\/\",\"name\":\"Baaritool WESTERN EDITION, must - MetalTale.com\",\"isPartOf\":{\"@id\":\"https:\/\/metaltale.com\/et\/#website\"},\"primaryImageOfPage\":{\"@id\":\"https:\/\/metaltale.com\/et\/toode\/baaritool-western-edition-must\/#primaryimage\"},\"image\":{\"@id\":\"https:\/\/metaltale.com\/et\/toode\/baaritool-western-edition-must\/#primaryimage\"},\"thumbnailUrl\":\"https:\/\/metaltale.com\/wp-content\/uploads\/2023\/11\/Hoker-WESTERN-EDITION-STALOWY.jpg\",\"datePublished\":\"2024-01-12T19:10:24+00:00\",\"breadcrumb\":{\"@id\":\"https:\/\/metaltale.com\/et\/toode\/baaritool-western-edition-must\/#breadcrumb\"},\"inLanguage\":\"et\",\"potentialAction\":[{\"@type\":\"ReadAction\",\"target\":[\"https:\/\/metaltale.com\/et\/toode\/baaritool-western-edition-must\/\"]}]},{\"@type\":\"ImageObject\",\"inLanguage\":\"et\",\"@id\":\"https:\/\/metaltale.com\/et\/toode\/baaritool-western-edition-must\/#primaryimage\",\"url\":\"https:\/\/metaltale.com\/wp-content\/uploads\/2023\/11\/Hoker-WESTERN-EDITION-STALOWY.jpg\",\"contentUrl\":\"https:\/\/metaltale.com\/wp-content\/uploads\/2023\/11\/Hoker-WESTERN-EDITION-STALOWY.jpg\",\"width\":800,\"height\":800,\"caption\":\"baaritooli\"},{\"@type\":\"BreadcrumbList\",\"@id\":\"https:\/\/metaltale.com\/et\/toode\/baaritool-western-edition-must\/#breadcrumb\",\"itemListElement\":[{\"@type\":\"ListItem\",\"position\":1,\"name\":\"Home\",\"item\":\"https:\/\/metaltale.com\/et\/kodu\/\"},{\"@type\":\"ListItem\",\"position\":2,\"name\":\"Kauplus\",\"item\":\"https:\/\/metaltale.com\/et\/shop\/\"},{\"@type\":\"ListItem\",\"position\":3,\"name\":\"Baaritool WESTERN EDITION, must\"}]},{\"@type\":\"WebSite\",\"@id\":\"https:\/\/metaltale.com\/et\/#website\",\"url\":\"https:\/\/metaltale.com\/et\/\",\"name\":\"Metaltale.com\",\"description\":\"\",\"potentialAction\":[{\"@type\":\"SearchAction\",\"target\":{\"@type\":\"EntryPoint\",\"urlTemplate\":\"https:\/\/metaltale.com\/et\/?s={search_term_string}\"},\"query-input\":{\"@type\":\"PropertyValueSpecification\",\"valueRequired\":true,\"valueName\":\"search_term_string\"}}],\"inLanguage\":\"et\"}]}<\/script>\n<!-- \/ Yoast SEO plugin. -->","yoast_head_json":{"title":"Baaritool WESTERN EDITION, must - MetalTale.com","robots":{"index":"index","follow":"follow","max-snippet":"max-snippet:-1","max-image-preview":"max-image-preview:large","max-video-preview":"max-video-preview:-1"},"canonical":"https:\/\/metaltale.com\/et\/toode\/baaritool-western-edition-must\/","og_locale":"et_EE","og_type":"article","og_title":"Baaritool WESTERN EDITION, must - MetalTale.com","og_description":"Mudel ZA. T1. WE-PRGR Materjal m\u00e4nnipuit, teras \u00dcldk\u00f5rgus (cm) 65-90 \u00dcldine laius (cm) 40 V\u00e4rv Must Kogus komplekti kohta 1","og_url":"https:\/\/metaltale.com\/et\/toode\/baaritool-western-edition-must\/","og_site_name":"MetalTale.com","twitter_card":"summary_large_image","twitter_misc":{"Est. reading time":"1 minut"},"schema":{"@context":"https:\/\/schema.org","@graph":[{"@type":"WebPage","@id":"https:\/\/metaltale.com\/et\/toode\/baaritool-western-edition-must\/","url":"https:\/\/metaltale.com\/et\/toode\/baaritool-western-edition-must\/","name":"Baaritool WESTERN EDITION, must - MetalTale.com","isPartOf":{"@id":"https:\/\/metaltale.com\/et\/#website"},"primaryImageOfPage":{"@id":"https:\/\/metaltale.com\/et\/toode\/baaritool-western-edition-must\/#primaryimage"},"image":{"@id":"https:\/\/metaltale.com\/et\/toode\/baaritool-western-edition-must\/#primaryimage"},"thumbnailUrl":"https:\/\/metaltale.com\/wp-content\/uploads\/2023\/11\/Hoker-WESTERN-EDITION-STALOWY.jpg","datePublished":"2024-01-12T19:10:24+00:00","breadcrumb":{"@id":"https:\/\/metaltale.com\/et\/toode\/baaritool-western-edition-must\/#breadcrumb"},"inLanguage":"et","potentialAction":[{"@type":"ReadAction","target":["https:\/\/metaltale.com\/et\/toode\/baaritool-western-edition-must\/"]}]},{"@type":"ImageObject","inLanguage":"et","@id":"https:\/\/metaltale.com\/et\/toode\/baaritool-western-edition-must\/#primaryimage","url":"https:\/\/metaltale.com\/wp-content\/uploads\/2023\/11\/Hoker-WESTERN-EDITION-STALOWY.jpg","contentUrl":"https:\/\/metaltale.com\/wp-content\/uploads\/2023\/11\/Hoker-WESTERN-EDITION-STALOWY.jpg","width":800,"height":800,"caption":"baaritooli"},{"@type":"BreadcrumbList","@id":"https:\/\/metaltale.com\/et\/toode\/baaritool-western-edition-must\/#breadcrumb","itemListElement":[{"@type":"ListItem","position":1,"name":"Home","item":"https:\/\/metaltale.com\/et\/kodu\/"},{"@type":"ListItem","position":2,"name":"Kauplus","item":"https:\/\/metaltale.com\/et\/shop\/"},{"@type":"ListItem","position":3,"name":"Baaritool WESTERN EDITION, must"}]},{"@type":"WebSite","@id":"https:\/\/metaltale.com\/et\/#website","url":"https:\/\/metaltale.com\/et\/","name":"Metaltale.com","description":"","potentialAction":[{"@type":"SearchAction","target":{"@type":"EntryPoint","urlTemplate":"https:\/\/metaltale.com\/et\/?s={search_term_string}"},"query-input":{"@type":"PropertyValueSpecification","valueRequired":true,"valueName":"search_term_string"}}],"inLanguage":"et"}]}},"_links":{"self":[{"href":"https:\/\/metaltale.com\/et\/wp-json\/wp\/v2\/product\/140759","targetHints":{"allow":["GET"]}}],"collection":[{"href":"https:\/\/metaltale.com\/et\/wp-json\/wp\/v2\/product"}],"about":[{"href":"https:\/\/metaltale.com\/et\/wp-json\/wp\/v2\/types\/product"}],"replies":[{"embeddable":true,"href":"https:\/\/metaltale.com\/et\/wp-json\/wp\/v2\/comments?post=140759"}],"version-history":[{"count":0,"href":"https:\/\/metaltale.com\/et\/wp-json\/wp\/v2\/product\/140759\/revisions"}],"wp:featuredmedia":[{"embeddable":true,"href":"https:\/\/metaltale.com\/et\/wp-json\/wp\/v2\/media\/100170"}],"wp:attachment":[{"href":"https:\/\/metaltale.com\/et\/wp-json\/wp\/v2\/media?parent=140759"}],"wp:term":[{"taxonomy":"product_brand","embeddable":true,"href":"https:\/\/metaltale.com\/et\/wp-json\/wp\/v2\/product_brand?post=140759"},{"taxonomy":"product_cat","embeddable":true,"href":"https:\/\/metaltale.com\/et\/wp-json\/wp\/v2\/product_cat?post=140759"},{"taxonomy":"product_tag","embeddable":true,"href":"https:\/\/metaltale.com\/et\/wp-json\/wp\/v2\/product_tag?post=140759"}],"curies":[{"name":"wp","href":"https:\/\/api.w.org\/{rel}","templated":true}]}}