{"id":140727,"date":"2024-01-12T21:04:55","date_gmt":"2024-01-12T19:04:55","guid":{"rendered":"https:\/\/metaltale.com\/produktas\/dekoratiivne-nael-domulate-stud-15-x-15-mm\/"},"modified":"2024-01-12T21:04:55","modified_gmt":"2024-01-12T19:04:55","slug":"dekoratiivne-nael-domulate-stud-15-x-15-mm","status":"publish","type":"product","link":"https:\/\/metaltale.com\/et\/toode\/dekoratiivne-nael-domulate-stud-15-x-15-mm\/","title":{"rendered":"Dekoratiivne nael DOMULATE Stud 15 x 15 mm"},"content":{"rendered":"<div class=\"prod_data\">\n<p><strong>Mudel<\/strong> 30.643.AI.15<br \/>\n<strong>EAN.<\/strong>  5905369917349<br \/>\nMaterjal Ketus<br \/>\n<strong>\u00dcldine k\u00f5rgus (cm)<\/strong> 3,5<br \/>\n<strong>\u00dcldl\u00e4bim\u00f5\u00f5t (cm)<\/strong> 1,5<br \/>\n<strong>V\u00e4rv<\/strong> teras<\/p>\n<p>Rustikaalne interj\u00f6\u00f6r ei teki mitte ainult h\u00e4sti valitud m\u00f6\u00f6bli, vaid ka n\u00e4iliselt v\u00e4ikeste ja pisikeste lisade abil, mis harmooniliseks tervikuks kombineerituna r\u00f5hutavad valmiva ruumi ainulaadset atmosf\u00e4\u00e4ri. Me teame, kui oluline on meie klientide jaoks s\u00e4ilitada ja rikastada oma tubade maal\u00e4hedast atmosf\u00e4\u00e4ri stiilsete m\u00f6\u00f6blitarvikutega.<\/p>\n<p>Siin n\u00e4idatud <strong>dekoratiivne nagi<\/strong> on m\u00f5eldud rustikaalse stiili suurimatele austajatele. Ruudukujulise plaaniga kere meenutab p\u00fcramiidi ja v\u00f5imaldab lihtsat kokkupanekut.<\/p>\n<\/div>\n","protected":false},"excerpt":{"rendered":"<p>Mudel 30.643.AI.15 EAN. 5905369917349 Materjal Ketus \u00dcldine k\u00f5rgus (cm) 3,5 \u00dcldl\u00e4bim\u00f5\u00f5t (cm) 1,5 V\u00e4rv teras Rustikaalne interj\u00f6\u00f6r ei teki mitte<\/p>\n","protected":false},"featured_media":69120,"comment_status":"open","ping_status":"closed","template":"","meta":{"_acf_changed":false,"pmpro_default_level":""},"product_brand":[],"product_cat":[24142,23836],"product_tag":[],"class_list":{"0":"post-140727","1":"product","2":"type-product","3":"status-publish","4":"has-post-thumbnail","6":"product_cat-kuuned-ja-naelad","7":"product_cat-moobli-tarvikud","8":"pmpro-has-access","10":"first","11":"instock","12":"shipping-taxable","13":"purchasable","14":"product-type-simple"},"acf":[],"yoast_head":"<!-- This site is optimized with the Yoast SEO plugin v24.9 - https:\/\/yoast.com\/wordpress\/plugins\/seo\/ -->\n<title>Dekoratiivne nael DOMULATE Stud 15 x 15 mm - MetalTale.com<\/title>\n<meta name=\"robots\" content=\"index, follow, max-snippet:-1, max-image-preview:large, max-video-preview:-1\" \/>\n<link rel=\"canonical\" href=\"https:\/\/metaltale.com\/et\/toode\/dekoratiivne-nael-domulate-stud-15-x-15-mm\/\" \/>\n<meta property=\"og:locale\" content=\"et_EE\" \/>\n<meta property=\"og:type\" content=\"article\" \/>\n<meta property=\"og:title\" content=\"Dekoratiivne nael DOMULATE Stud 15 x 15 mm - MetalTale.com\" \/>\n<meta property=\"og:description\" content=\"Mudel 30.643.AI.15 EAN. 5905369917349 Materjal Ketus \u00dcldine k\u00f5rgus (cm) 3,5 \u00dcldl\u00e4bim\u00f5\u00f5t (cm) 1,5 V\u00e4rv teras Rustikaalne interj\u00f6\u00f6r ei teki mitte\" \/>\n<meta property=\"og:url\" content=\"https:\/\/metaltale.com\/et\/toode\/dekoratiivne-nael-domulate-stud-15-x-15-mm\/\" \/>\n<meta property=\"og:site_name\" content=\"MetalTale.com\" \/>\n<meta property=\"og:image\" content=\"https:\/\/metaltale.com\/wp-content\/uploads\/2023\/09\/Kupolinis-vinis-STUD-15X15mm-plienas.jpg\" \/>\n\t<meta property=\"og:image:width\" content=\"800\" \/>\n\t<meta property=\"og:image:height\" content=\"800\" \/>\n\t<meta property=\"og:image:type\" content=\"image\/jpeg\" \/>\n<meta name=\"twitter:card\" content=\"summary_large_image\" \/>\n<script type=\"application\/ld+json\" class=\"yoast-schema-graph\">{\"@context\":\"https:\/\/schema.org\",\"@graph\":[{\"@type\":\"WebPage\",\"@id\":\"https:\/\/metaltale.com\/et\/toode\/dekoratiivne-nael-domulate-stud-15-x-15-mm\/\",\"url\":\"https:\/\/metaltale.com\/et\/toode\/dekoratiivne-nael-domulate-stud-15-x-15-mm\/\",\"name\":\"Dekoratiivne nael DOMULATE Stud 15 x 15 mm - MetalTale.com\",\"isPartOf\":{\"@id\":\"https:\/\/metaltale.com\/et\/#website\"},\"primaryImageOfPage\":{\"@id\":\"https:\/\/metaltale.com\/et\/toode\/dekoratiivne-nael-domulate-stud-15-x-15-mm\/#primaryimage\"},\"image\":{\"@id\":\"https:\/\/metaltale.com\/et\/toode\/dekoratiivne-nael-domulate-stud-15-x-15-mm\/#primaryimage\"},\"thumbnailUrl\":\"https:\/\/metaltale.com\/wp-content\/uploads\/2023\/09\/Kupolinis-vinis-STUD-15X15mm-plienas.jpg\",\"datePublished\":\"2024-01-12T19:04:55+00:00\",\"breadcrumb\":{\"@id\":\"https:\/\/metaltale.com\/et\/toode\/dekoratiivne-nael-domulate-stud-15-x-15-mm\/#breadcrumb\"},\"inLanguage\":\"et\",\"potentialAction\":[{\"@type\":\"ReadAction\",\"target\":[\"https:\/\/metaltale.com\/et\/toode\/dekoratiivne-nael-domulate-stud-15-x-15-mm\/\"]}]},{\"@type\":\"ImageObject\",\"inLanguage\":\"et\",\"@id\":\"https:\/\/metaltale.com\/et\/toode\/dekoratiivne-nael-domulate-stud-15-x-15-mm\/#primaryimage\",\"url\":\"https:\/\/metaltale.com\/wp-content\/uploads\/2023\/09\/Kupolinis-vinis-STUD-15X15mm-plienas.jpg\",\"contentUrl\":\"https:\/\/metaltale.com\/wp-content\/uploads\/2023\/09\/Kupolinis-vinis-STUD-15X15mm-plienas.jpg\",\"width\":800,\"height\":800,\"caption\":\"Dekoratiivne nael DOMULATE Stud 15 x 15 mm\"},{\"@type\":\"BreadcrumbList\",\"@id\":\"https:\/\/metaltale.com\/et\/toode\/dekoratiivne-nael-domulate-stud-15-x-15-mm\/#breadcrumb\",\"itemListElement\":[{\"@type\":\"ListItem\",\"position\":1,\"name\":\"Home\",\"item\":\"https:\/\/metaltale.com\/et\/kodu\/\"},{\"@type\":\"ListItem\",\"position\":2,\"name\":\"Kauplus\",\"item\":\"https:\/\/metaltale.com\/et\/shop\/\"},{\"@type\":\"ListItem\",\"position\":3,\"name\":\"Dekoratiivne nael DOMULATE Stud 15 x 15 mm\"}]},{\"@type\":\"WebSite\",\"@id\":\"https:\/\/metaltale.com\/et\/#website\",\"url\":\"https:\/\/metaltale.com\/et\/\",\"name\":\"Metaltale.com\",\"description\":\"\",\"potentialAction\":[{\"@type\":\"SearchAction\",\"target\":{\"@type\":\"EntryPoint\",\"urlTemplate\":\"https:\/\/metaltale.com\/et\/?s={search_term_string}\"},\"query-input\":{\"@type\":\"PropertyValueSpecification\",\"valueRequired\":true,\"valueName\":\"search_term_string\"}}],\"inLanguage\":\"et\"}]}<\/script>\n<!-- \/ Yoast SEO plugin. -->","yoast_head_json":{"title":"Dekoratiivne nael DOMULATE Stud 15 x 15 mm - MetalTale.com","robots":{"index":"index","follow":"follow","max-snippet":"max-snippet:-1","max-image-preview":"max-image-preview:large","max-video-preview":"max-video-preview:-1"},"canonical":"https:\/\/metaltale.com\/et\/toode\/dekoratiivne-nael-domulate-stud-15-x-15-mm\/","og_locale":"et_EE","og_type":"article","og_title":"Dekoratiivne nael DOMULATE Stud 15 x 15 mm - MetalTale.com","og_description":"Mudel 30.643.AI.15 EAN. 5905369917349 Materjal Ketus \u00dcldine k\u00f5rgus (cm) 3,5 \u00dcldl\u00e4bim\u00f5\u00f5t (cm) 1,5 V\u00e4rv teras Rustikaalne interj\u00f6\u00f6r ei teki mitte","og_url":"https:\/\/metaltale.com\/et\/toode\/dekoratiivne-nael-domulate-stud-15-x-15-mm\/","og_site_name":"MetalTale.com","og_image":[{"width":800,"height":800,"url":"https:\/\/metaltale.com\/wp-content\/uploads\/2023\/09\/Kupolinis-vinis-STUD-15X15mm-plienas.jpg","type":"image\/jpeg"}],"twitter_card":"summary_large_image","schema":{"@context":"https:\/\/schema.org","@graph":[{"@type":"WebPage","@id":"https:\/\/metaltale.com\/et\/toode\/dekoratiivne-nael-domulate-stud-15-x-15-mm\/","url":"https:\/\/metaltale.com\/et\/toode\/dekoratiivne-nael-domulate-stud-15-x-15-mm\/","name":"Dekoratiivne nael DOMULATE Stud 15 x 15 mm - MetalTale.com","isPartOf":{"@id":"https:\/\/metaltale.com\/et\/#website"},"primaryImageOfPage":{"@id":"https:\/\/metaltale.com\/et\/toode\/dekoratiivne-nael-domulate-stud-15-x-15-mm\/#primaryimage"},"image":{"@id":"https:\/\/metaltale.com\/et\/toode\/dekoratiivne-nael-domulate-stud-15-x-15-mm\/#primaryimage"},"thumbnailUrl":"https:\/\/metaltale.com\/wp-content\/uploads\/2023\/09\/Kupolinis-vinis-STUD-15X15mm-plienas.jpg","datePublished":"2024-01-12T19:04:55+00:00","breadcrumb":{"@id":"https:\/\/metaltale.com\/et\/toode\/dekoratiivne-nael-domulate-stud-15-x-15-mm\/#breadcrumb"},"inLanguage":"et","potentialAction":[{"@type":"ReadAction","target":["https:\/\/metaltale.com\/et\/toode\/dekoratiivne-nael-domulate-stud-15-x-15-mm\/"]}]},{"@type":"ImageObject","inLanguage":"et","@id":"https:\/\/metaltale.com\/et\/toode\/dekoratiivne-nael-domulate-stud-15-x-15-mm\/#primaryimage","url":"https:\/\/metaltale.com\/wp-content\/uploads\/2023\/09\/Kupolinis-vinis-STUD-15X15mm-plienas.jpg","contentUrl":"https:\/\/metaltale.com\/wp-content\/uploads\/2023\/09\/Kupolinis-vinis-STUD-15X15mm-plienas.jpg","width":800,"height":800,"caption":"Dekoratiivne nael DOMULATE Stud 15 x 15 mm"},{"@type":"BreadcrumbList","@id":"https:\/\/metaltale.com\/et\/toode\/dekoratiivne-nael-domulate-stud-15-x-15-mm\/#breadcrumb","itemListElement":[{"@type":"ListItem","position":1,"name":"Home","item":"https:\/\/metaltale.com\/et\/kodu\/"},{"@type":"ListItem","position":2,"name":"Kauplus","item":"https:\/\/metaltale.com\/et\/shop\/"},{"@type":"ListItem","position":3,"name":"Dekoratiivne nael DOMULATE Stud 15 x 15 mm"}]},{"@type":"WebSite","@id":"https:\/\/metaltale.com\/et\/#website","url":"https:\/\/metaltale.com\/et\/","name":"Metaltale.com","description":"","potentialAction":[{"@type":"SearchAction","target":{"@type":"EntryPoint","urlTemplate":"https:\/\/metaltale.com\/et\/?s={search_term_string}"},"query-input":{"@type":"PropertyValueSpecification","valueRequired":true,"valueName":"search_term_string"}}],"inLanguage":"et"}]}},"_links":{"self":[{"href":"https:\/\/metaltale.com\/et\/wp-json\/wp\/v2\/product\/140727","targetHints":{"allow":["GET"]}}],"collection":[{"href":"https:\/\/metaltale.com\/et\/wp-json\/wp\/v2\/product"}],"about":[{"href":"https:\/\/metaltale.com\/et\/wp-json\/wp\/v2\/types\/product"}],"replies":[{"embeddable":true,"href":"https:\/\/metaltale.com\/et\/wp-json\/wp\/v2\/comments?post=140727"}],"version-history":[{"count":0,"href":"https:\/\/metaltale.com\/et\/wp-json\/wp\/v2\/product\/140727\/revisions"}],"wp:featuredmedia":[{"embeddable":true,"href":"https:\/\/metaltale.com\/et\/wp-json\/wp\/v2\/media\/69120"}],"wp:attachment":[{"href":"https:\/\/metaltale.com\/et\/wp-json\/wp\/v2\/media?parent=140727"}],"wp:term":[{"taxonomy":"product_brand","embeddable":true,"href":"https:\/\/metaltale.com\/et\/wp-json\/wp\/v2\/product_brand?post=140727"},{"taxonomy":"product_cat","embeddable":true,"href":"https:\/\/metaltale.com\/et\/wp-json\/wp\/v2\/product_cat?post=140727"},{"taxonomy":"product_tag","embeddable":true,"href":"https:\/\/metaltale.com\/et\/wp-json\/wp\/v2\/product_tag?post=140727"}],"curies":[{"name":"wp","href":"https:\/\/api.w.org\/{rel}","templated":true}]}}