{"id":140719,"date":"2024-01-12T21:04:23","date_gmt":"2024-01-12T19:04:23","guid":{"rendered":"https:\/\/metaltale.com\/produktas\/roivakonksu-sepistatud-grot-40-mm-teras\/"},"modified":"2024-01-12T21:04:23","modified_gmt":"2024-01-12T19:04:23","slug":"roivakonksu-sepistatud-grot-40-mm-teras","status":"publish","type":"product","link":"https:\/\/metaltale.com\/et\/toode\/roivakonksu-sepistatud-grot-40-mm-teras\/","title":{"rendered":"R\u00f5ivakonksu sepistatud GROT 40 mm, teras"},"content":{"rendered":"<div class=\"prod_data\">\n<p><strong>Mudel<\/strong> 03.338.AI. XX<br \/>\n<strong>Materjal<\/strong> teras<br \/>\n<strong>\u00dcldk\u00f5rgus (cm)<\/strong> 4,5<br \/>\n<strong>T\u00fc\u00fcp<\/strong> \u00dcksik<br \/>\n<strong>V\u00e4rv<\/strong> teras<br \/>\n<strong>Viimistlemine<\/strong> t\u00f6\u00f6tlemata<\/p>\n<p>Rustikaline interj\u00f6\u00f6r v\u00f5ib olla erineva atmosf\u00e4\u00e4ri ja iseloomuga, s\u00f5ltuvalt valitud detailidest ja m\u00f6\u00f6blitarvikutest. Klassikalised vormid, mis on t\u00e4is lihtsaid ja praktilisi lahendusi, on retroruumide tunnusjooned.<\/p>\n<p>Siin n\u00e4idatud <strong>riputuskonks<\/strong> on kindlasti \u00fcks klassikalisi konksu vorme. \u00dcks ripats oli kaetud silmatorkava oda sarnase motiiviga. See on valmistatud kvaliteetsest terasest, mis lisab sellele ajatu l\u00f5ike, mis muudab selle palju vanemaks kui see on.<\/p>\n<p>Kinnitatakse kahe kinnituskruviga.<\/p>\n<\/div>\n","protected":false},"excerpt":{"rendered":"<p>Mudel 03.338.AI. XX Materjal teras \u00dcldk\u00f5rgus (cm) 4,5 T\u00fc\u00fcp \u00dcksik V\u00e4rv teras Viimistlemine t\u00f6\u00f6tlemata Rustikaline interj\u00f6\u00f6r v\u00f5ib olla erineva atmosf\u00e4\u00e4ri<\/p>\n","protected":false},"featured_media":112828,"comment_status":"open","ping_status":"closed","template":"","meta":{"_acf_changed":false,"pmpro_default_level":""},"product_brand":[],"product_cat":[24176,23836],"product_tag":[],"class_list":{"0":"post-140719","1":"product","2":"type-product","3":"status-publish","4":"has-post-thumbnail","6":"product_cat-ripatsid-ja-konksud","7":"product_cat-moobli-tarvikud","8":"pmpro-has-access","10":"first","11":"instock","12":"shipping-taxable","13":"purchasable","14":"product-type-simple"},"acf":[],"yoast_head":"<!-- This site is optimized with the Yoast SEO plugin v24.9 - https:\/\/yoast.com\/wordpress\/plugins\/seo\/ -->\n<title>R\u00f5ivakonksu sepistatud GROT 40 mm, teras - MetalTale.com<\/title>\n<meta name=\"robots\" content=\"index, follow, max-snippet:-1, max-image-preview:large, max-video-preview:-1\" \/>\n<link rel=\"canonical\" href=\"https:\/\/metaltale.com\/et\/toode\/roivakonksu-sepistatud-grot-40-mm-teras\/\" \/>\n<meta property=\"og:locale\" content=\"et_EE\" \/>\n<meta property=\"og:type\" content=\"article\" \/>\n<meta property=\"og:title\" content=\"R\u00f5ivakonksu sepistatud GROT 40 mm, teras - MetalTale.com\" \/>\n<meta property=\"og:description\" content=\"Mudel 03.338.AI. XX Materjal teras \u00dcldk\u00f5rgus (cm) 4,5 T\u00fc\u00fcp \u00dcksik V\u00e4rv teras Viimistlemine t\u00f6\u00f6tlemata Rustikaline interj\u00f6\u00f6r v\u00f5ib olla erineva atmosf\u00e4\u00e4ri\" \/>\n<meta property=\"og:url\" content=\"https:\/\/metaltale.com\/et\/toode\/roivakonksu-sepistatud-grot-40-mm-teras\/\" \/>\n<meta property=\"og:site_name\" content=\"MetalTale.com\" \/>\n<meta property=\"og:image\" content=\"https:\/\/metaltale.com\/wp-content\/uploads\/2023\/11\/Kalvystx117s-kablys-GROT-50-Juodas.jpg\" \/>\n\t<meta property=\"og:image:width\" content=\"800\" \/>\n\t<meta property=\"og:image:height\" content=\"800\" \/>\n\t<meta property=\"og:image:type\" content=\"image\/jpeg\" \/>\n<meta name=\"twitter:card\" content=\"summary_large_image\" \/>\n<script type=\"application\/ld+json\" class=\"yoast-schema-graph\">{\"@context\":\"https:\/\/schema.org\",\"@graph\":[{\"@type\":\"WebPage\",\"@id\":\"https:\/\/metaltale.com\/et\/toode\/roivakonksu-sepistatud-grot-40-mm-teras\/\",\"url\":\"https:\/\/metaltale.com\/et\/toode\/roivakonksu-sepistatud-grot-40-mm-teras\/\",\"name\":\"R\u00f5ivakonksu sepistatud GROT 40 mm, teras - MetalTale.com\",\"isPartOf\":{\"@id\":\"https:\/\/metaltale.com\/et\/#website\"},\"primaryImageOfPage\":{\"@id\":\"https:\/\/metaltale.com\/et\/toode\/roivakonksu-sepistatud-grot-40-mm-teras\/#primaryimage\"},\"image\":{\"@id\":\"https:\/\/metaltale.com\/et\/toode\/roivakonksu-sepistatud-grot-40-mm-teras\/#primaryimage\"},\"thumbnailUrl\":\"https:\/\/metaltale.com\/wp-content\/uploads\/2023\/11\/Kalvystx117s-kablys-GROT-50-Juodas.jpg\",\"datePublished\":\"2024-01-12T19:04:23+00:00\",\"breadcrumb\":{\"@id\":\"https:\/\/metaltale.com\/et\/toode\/roivakonksu-sepistatud-grot-40-mm-teras\/#breadcrumb\"},\"inLanguage\":\"et\",\"potentialAction\":[{\"@type\":\"ReadAction\",\"target\":[\"https:\/\/metaltale.com\/et\/toode\/roivakonksu-sepistatud-grot-40-mm-teras\/\"]}]},{\"@type\":\"ImageObject\",\"inLanguage\":\"et\",\"@id\":\"https:\/\/metaltale.com\/et\/toode\/roivakonksu-sepistatud-grot-40-mm-teras\/#primaryimage\",\"url\":\"https:\/\/metaltale.com\/wp-content\/uploads\/2023\/11\/Kalvystx117s-kablys-GROT-50-Juodas.jpg\",\"contentUrl\":\"https:\/\/metaltale.com\/wp-content\/uploads\/2023\/11\/Kalvystx117s-kablys-GROT-50-Juodas.jpg\",\"width\":800,\"height\":800,\"caption\":\"R\u00f5ivakonksu sepistatud GROT 40 mm, teras\"},{\"@type\":\"BreadcrumbList\",\"@id\":\"https:\/\/metaltale.com\/et\/toode\/roivakonksu-sepistatud-grot-40-mm-teras\/#breadcrumb\",\"itemListElement\":[{\"@type\":\"ListItem\",\"position\":1,\"name\":\"Home\",\"item\":\"https:\/\/metaltale.com\/et\/kodu\/\"},{\"@type\":\"ListItem\",\"position\":2,\"name\":\"Kauplus\",\"item\":\"https:\/\/metaltale.com\/et\/shop\/\"},{\"@type\":\"ListItem\",\"position\":3,\"name\":\"R\u00f5ivakonksu sepistatud GROT 40 mm, teras\"}]},{\"@type\":\"WebSite\",\"@id\":\"https:\/\/metaltale.com\/et\/#website\",\"url\":\"https:\/\/metaltale.com\/et\/\",\"name\":\"Metaltale.com\",\"description\":\"\",\"potentialAction\":[{\"@type\":\"SearchAction\",\"target\":{\"@type\":\"EntryPoint\",\"urlTemplate\":\"https:\/\/metaltale.com\/et\/?s={search_term_string}\"},\"query-input\":{\"@type\":\"PropertyValueSpecification\",\"valueRequired\":true,\"valueName\":\"search_term_string\"}}],\"inLanguage\":\"et\"}]}<\/script>\n<!-- \/ Yoast SEO plugin. -->","yoast_head_json":{"title":"R\u00f5ivakonksu sepistatud GROT 40 mm, teras - MetalTale.com","robots":{"index":"index","follow":"follow","max-snippet":"max-snippet:-1","max-image-preview":"max-image-preview:large","max-video-preview":"max-video-preview:-1"},"canonical":"https:\/\/metaltale.com\/et\/toode\/roivakonksu-sepistatud-grot-40-mm-teras\/","og_locale":"et_EE","og_type":"article","og_title":"R\u00f5ivakonksu sepistatud GROT 40 mm, teras - MetalTale.com","og_description":"Mudel 03.338.AI. XX Materjal teras \u00dcldk\u00f5rgus (cm) 4,5 T\u00fc\u00fcp \u00dcksik V\u00e4rv teras Viimistlemine t\u00f6\u00f6tlemata Rustikaline interj\u00f6\u00f6r v\u00f5ib olla erineva atmosf\u00e4\u00e4ri","og_url":"https:\/\/metaltale.com\/et\/toode\/roivakonksu-sepistatud-grot-40-mm-teras\/","og_site_name":"MetalTale.com","og_image":[{"width":800,"height":800,"url":"https:\/\/metaltale.com\/wp-content\/uploads\/2023\/11\/Kalvystx117s-kablys-GROT-50-Juodas.jpg","type":"image\/jpeg"}],"twitter_card":"summary_large_image","schema":{"@context":"https:\/\/schema.org","@graph":[{"@type":"WebPage","@id":"https:\/\/metaltale.com\/et\/toode\/roivakonksu-sepistatud-grot-40-mm-teras\/","url":"https:\/\/metaltale.com\/et\/toode\/roivakonksu-sepistatud-grot-40-mm-teras\/","name":"R\u00f5ivakonksu sepistatud GROT 40 mm, teras - MetalTale.com","isPartOf":{"@id":"https:\/\/metaltale.com\/et\/#website"},"primaryImageOfPage":{"@id":"https:\/\/metaltale.com\/et\/toode\/roivakonksu-sepistatud-grot-40-mm-teras\/#primaryimage"},"image":{"@id":"https:\/\/metaltale.com\/et\/toode\/roivakonksu-sepistatud-grot-40-mm-teras\/#primaryimage"},"thumbnailUrl":"https:\/\/metaltale.com\/wp-content\/uploads\/2023\/11\/Kalvystx117s-kablys-GROT-50-Juodas.jpg","datePublished":"2024-01-12T19:04:23+00:00","breadcrumb":{"@id":"https:\/\/metaltale.com\/et\/toode\/roivakonksu-sepistatud-grot-40-mm-teras\/#breadcrumb"},"inLanguage":"et","potentialAction":[{"@type":"ReadAction","target":["https:\/\/metaltale.com\/et\/toode\/roivakonksu-sepistatud-grot-40-mm-teras\/"]}]},{"@type":"ImageObject","inLanguage":"et","@id":"https:\/\/metaltale.com\/et\/toode\/roivakonksu-sepistatud-grot-40-mm-teras\/#primaryimage","url":"https:\/\/metaltale.com\/wp-content\/uploads\/2023\/11\/Kalvystx117s-kablys-GROT-50-Juodas.jpg","contentUrl":"https:\/\/metaltale.com\/wp-content\/uploads\/2023\/11\/Kalvystx117s-kablys-GROT-50-Juodas.jpg","width":800,"height":800,"caption":"R\u00f5ivakonksu sepistatud GROT 40 mm, teras"},{"@type":"BreadcrumbList","@id":"https:\/\/metaltale.com\/et\/toode\/roivakonksu-sepistatud-grot-40-mm-teras\/#breadcrumb","itemListElement":[{"@type":"ListItem","position":1,"name":"Home","item":"https:\/\/metaltale.com\/et\/kodu\/"},{"@type":"ListItem","position":2,"name":"Kauplus","item":"https:\/\/metaltale.com\/et\/shop\/"},{"@type":"ListItem","position":3,"name":"R\u00f5ivakonksu sepistatud GROT 40 mm, teras"}]},{"@type":"WebSite","@id":"https:\/\/metaltale.com\/et\/#website","url":"https:\/\/metaltale.com\/et\/","name":"Metaltale.com","description":"","potentialAction":[{"@type":"SearchAction","target":{"@type":"EntryPoint","urlTemplate":"https:\/\/metaltale.com\/et\/?s={search_term_string}"},"query-input":{"@type":"PropertyValueSpecification","valueRequired":true,"valueName":"search_term_string"}}],"inLanguage":"et"}]}},"_links":{"self":[{"href":"https:\/\/metaltale.com\/et\/wp-json\/wp\/v2\/product\/140719","targetHints":{"allow":["GET"]}}],"collection":[{"href":"https:\/\/metaltale.com\/et\/wp-json\/wp\/v2\/product"}],"about":[{"href":"https:\/\/metaltale.com\/et\/wp-json\/wp\/v2\/types\/product"}],"replies":[{"embeddable":true,"href":"https:\/\/metaltale.com\/et\/wp-json\/wp\/v2\/comments?post=140719"}],"version-history":[{"count":0,"href":"https:\/\/metaltale.com\/et\/wp-json\/wp\/v2\/product\/140719\/revisions"}],"wp:featuredmedia":[{"embeddable":true,"href":"https:\/\/metaltale.com\/et\/wp-json\/wp\/v2\/media\/112828"}],"wp:attachment":[{"href":"https:\/\/metaltale.com\/et\/wp-json\/wp\/v2\/media?parent=140719"}],"wp:term":[{"taxonomy":"product_brand","embeddable":true,"href":"https:\/\/metaltale.com\/et\/wp-json\/wp\/v2\/product_brand?post=140719"},{"taxonomy":"product_cat","embeddable":true,"href":"https:\/\/metaltale.com\/et\/wp-json\/wp\/v2\/product_cat?post=140719"},{"taxonomy":"product_tag","embeddable":true,"href":"https:\/\/metaltale.com\/et\/wp-json\/wp\/v2\/product_tag?post=140719"}],"curies":[{"name":"wp","href":"https:\/\/api.w.org\/{rel}","templated":true}]}}