{"id":140708,"date":"2024-01-12T21:04:12","date_gmt":"2024-01-12T19:04:12","guid":{"rendered":"https:\/\/metaltale.com\/produktas\/riiulihoidja-ptak-190x180mm-natural\/"},"modified":"2024-01-12T21:04:12","modified_gmt":"2024-01-12T19:04:12","slug":"riiulihoidja-ptak-190x180mm-natural","status":"publish","type":"product","link":"https:\/\/metaltale.com\/et\/toode\/riiulihoidja-ptak-190x180mm-natural\/","title":{"rendered":"Riiulihoidja PTAK 190x180mm NATURAL"},"content":{"rendered":"<div class=\"prod_data\">\n<p><strong>Mudel<\/strong> 05.070G. AI.180<br \/>\n<strong>EAN.<\/strong>  5905369922220<br \/>\nMaterjal Ketus<br \/>\n<strong>\u00dcldine k\u00f5rgus (cm)<\/strong> 18<br \/>\n<strong>\u00dcldine laius (cm)<\/strong> 4<br \/>\n<strong>Koguprojektsioon (cm)<\/strong> 19<br \/>\nPaigalduskruvid Jah<br \/>\n<strong>V\u00e4rv<\/strong> teras<br \/>\nKogus komplekti kohta 1 tk.<\/p>\n<div>\n<p><span style=\"color: #333333; font-size: medium;\">&#8211; kaunistatud hoidja on valmistatud kvaliteetsest malmist<br \/>\n&#8211; lainelised paigaldusavad hoiavad kruvid kinnituspinnaga samal tasapinnal.<br \/>\n&#8211; paigaldusavade arv suurendab seinakinnituse stabiilsust<br \/>\n&#8211; Riiul v\u00f5ib olla valmistatud MDF-, puitlaastplaadist v\u00f5i puidust.<br \/>\n&#8211; \u00fcmardatud servad on esteetiliselt meeldivad ja tagavad hoidiku ohutuma kasutamise.<br \/>\n&#8211; hoidikut eristavad t\u00e4pselt vormitud linnukujulised kaunistused.<\/span><\/p>\n<hr>\n<p>&nbsp;<\/p>\n<\/div>\n<div style=\"text-align: left;\">\n<p><span style=\"color: #333333; font-size: medium;\"><span style=\"color: #333333; font-size: medium;\">Huvitava disainiga hoidja, millel on linnukujuline dekoratiivne element. T\u00e4iuslikult j\u00e4ljendatud lehed ja oksad lisavad t\u00e4helepanu k\u00f6itvat efekti. Hoidja \u00fchendab endas stabiilsuse ja kasutusmugavuse ning looduse delikaatsuse. PTAK on hoidja, mis sobib igasse interj\u00f6\u00f6ri, olenemata stiilist.<\/span><\/span><\/p>\n<hr>\n<p>*Riiulite klambrid on k\u00e4sitsi valmistatud, seega v\u00f5ib esineda v\u00e4ike k\u00f5rvalekalle (mitte t\u00e4pselt 90\u00b0).<\/p>\n<\/div>\n<div style=\"text-align: left;\"><\/div>\n<div style=\"text-align: center;\"><\/div>\n<div style=\"text-align: center;\"><\/div>\n<\/div>\n","protected":false},"excerpt":{"rendered":"<p>Mudel 05.070G. AI.180 EAN. 5905369922220 Materjal Ketus \u00dcldine k\u00f5rgus (cm) 18 \u00dcldine laius (cm) 4 Koguprojektsioon (cm) 19 Paigalduskruvid Jah<\/p>\n","protected":false},"featured_media":84165,"comment_status":"open","ping_status":"closed","template":"","meta":{"_acf_changed":false,"pmpro_default_level":""},"product_brand":[],"product_cat":[23859,23836],"product_tag":[],"class_list":{"0":"post-140708","1":"product","2":"type-product","3":"status-publish","4":"has-post-thumbnail","6":"product_cat-lentynu-laikikliai-et","7":"product_cat-moobli-tarvikud","8":"pmpro-has-access","10":"first","11":"instock","12":"shipping-taxable","13":"purchasable","14":"product-type-simple"},"acf":[],"yoast_head":"<!-- This site is optimized with the Yoast SEO plugin v24.9 - https:\/\/yoast.com\/wordpress\/plugins\/seo\/ -->\n<title>Riiulihoidja PTAK 190x180mm NATURAL - MetalTale.com<\/title>\n<meta name=\"robots\" content=\"index, follow, max-snippet:-1, max-image-preview:large, max-video-preview:-1\" \/>\n<link rel=\"canonical\" href=\"https:\/\/metaltale.com\/et\/toode\/riiulihoidja-ptak-190x180mm-natural\/\" \/>\n<meta property=\"og:locale\" content=\"et_EE\" \/>\n<meta property=\"og:type\" content=\"article\" \/>\n<meta property=\"og:title\" content=\"Riiulihoidja PTAK 190x180mm NATURAL - MetalTale.com\" \/>\n<meta property=\"og:description\" content=\"Mudel 05.070G. AI.180 EAN. 5905369922220 Materjal Ketus \u00dcldine k\u00f5rgus (cm) 18 \u00dcldine laius (cm) 4 Koguprojektsioon (cm) 19 Paigalduskruvid Jah\" \/>\n<meta property=\"og:url\" content=\"https:\/\/metaltale.com\/et\/toode\/riiulihoidja-ptak-190x180mm-natural\/\" \/>\n<meta property=\"og:site_name\" content=\"MetalTale.com\" \/>\n<meta property=\"og:image\" content=\"https:\/\/metaltale.com\/wp-content\/uploads\/2023\/10\/Laikiklis-PTAK-190x180-plienas.jpg\" \/>\n\t<meta property=\"og:image:width\" content=\"800\" \/>\n\t<meta property=\"og:image:height\" content=\"800\" \/>\n\t<meta property=\"og:image:type\" content=\"image\/jpeg\" \/>\n<meta name=\"twitter:card\" content=\"summary_large_image\" \/>\n<meta name=\"twitter:label1\" content=\"Est. reading time\" \/>\n\t<meta name=\"twitter:data1\" content=\"1 minut\" \/>\n<script type=\"application\/ld+json\" class=\"yoast-schema-graph\">{\"@context\":\"https:\/\/schema.org\",\"@graph\":[{\"@type\":\"WebPage\",\"@id\":\"https:\/\/metaltale.com\/et\/toode\/riiulihoidja-ptak-190x180mm-natural\/\",\"url\":\"https:\/\/metaltale.com\/et\/toode\/riiulihoidja-ptak-190x180mm-natural\/\",\"name\":\"Riiulihoidja PTAK 190x180mm NATURAL - MetalTale.com\",\"isPartOf\":{\"@id\":\"https:\/\/metaltale.com\/et\/#website\"},\"primaryImageOfPage\":{\"@id\":\"https:\/\/metaltale.com\/et\/toode\/riiulihoidja-ptak-190x180mm-natural\/#primaryimage\"},\"image\":{\"@id\":\"https:\/\/metaltale.com\/et\/toode\/riiulihoidja-ptak-190x180mm-natural\/#primaryimage\"},\"thumbnailUrl\":\"https:\/\/metaltale.com\/wp-content\/uploads\/2023\/10\/Laikiklis-PTAK-190x180-plienas.jpg\",\"datePublished\":\"2024-01-12T19:04:12+00:00\",\"breadcrumb\":{\"@id\":\"https:\/\/metaltale.com\/et\/toode\/riiulihoidja-ptak-190x180mm-natural\/#breadcrumb\"},\"inLanguage\":\"et\",\"potentialAction\":[{\"@type\":\"ReadAction\",\"target\":[\"https:\/\/metaltale.com\/et\/toode\/riiulihoidja-ptak-190x180mm-natural\/\"]}]},{\"@type\":\"ImageObject\",\"inLanguage\":\"et\",\"@id\":\"https:\/\/metaltale.com\/et\/toode\/riiulihoidja-ptak-190x180mm-natural\/#primaryimage\",\"url\":\"https:\/\/metaltale.com\/wp-content\/uploads\/2023\/10\/Laikiklis-PTAK-190x180-plienas.jpg\",\"contentUrl\":\"https:\/\/metaltale.com\/wp-content\/uploads\/2023\/10\/Laikiklis-PTAK-190x180-plienas.jpg\",\"width\":800,\"height\":800,\"caption\":\"Riiulihoidja PTAK 190x180mm NATURAL\"},{\"@type\":\"BreadcrumbList\",\"@id\":\"https:\/\/metaltale.com\/et\/toode\/riiulihoidja-ptak-190x180mm-natural\/#breadcrumb\",\"itemListElement\":[{\"@type\":\"ListItem\",\"position\":1,\"name\":\"Home\",\"item\":\"https:\/\/metaltale.com\/et\/kodu\/\"},{\"@type\":\"ListItem\",\"position\":2,\"name\":\"Kauplus\",\"item\":\"https:\/\/metaltale.com\/et\/shop\/\"},{\"@type\":\"ListItem\",\"position\":3,\"name\":\"Riiulihoidja PTAK 190x180mm NATURAL\"}]},{\"@type\":\"WebSite\",\"@id\":\"https:\/\/metaltale.com\/et\/#website\",\"url\":\"https:\/\/metaltale.com\/et\/\",\"name\":\"Metaltale.com\",\"description\":\"\",\"potentialAction\":[{\"@type\":\"SearchAction\",\"target\":{\"@type\":\"EntryPoint\",\"urlTemplate\":\"https:\/\/metaltale.com\/et\/?s={search_term_string}\"},\"query-input\":{\"@type\":\"PropertyValueSpecification\",\"valueRequired\":true,\"valueName\":\"search_term_string\"}}],\"inLanguage\":\"et\"}]}<\/script>\n<!-- \/ Yoast SEO plugin. -->","yoast_head_json":{"title":"Riiulihoidja PTAK 190x180mm NATURAL - MetalTale.com","robots":{"index":"index","follow":"follow","max-snippet":"max-snippet:-1","max-image-preview":"max-image-preview:large","max-video-preview":"max-video-preview:-1"},"canonical":"https:\/\/metaltale.com\/et\/toode\/riiulihoidja-ptak-190x180mm-natural\/","og_locale":"et_EE","og_type":"article","og_title":"Riiulihoidja PTAK 190x180mm NATURAL - MetalTale.com","og_description":"Mudel 05.070G. AI.180 EAN. 5905369922220 Materjal Ketus \u00dcldine k\u00f5rgus (cm) 18 \u00dcldine laius (cm) 4 Koguprojektsioon (cm) 19 Paigalduskruvid Jah","og_url":"https:\/\/metaltale.com\/et\/toode\/riiulihoidja-ptak-190x180mm-natural\/","og_site_name":"MetalTale.com","og_image":[{"width":800,"height":800,"url":"https:\/\/metaltale.com\/wp-content\/uploads\/2023\/10\/Laikiklis-PTAK-190x180-plienas.jpg","type":"image\/jpeg"}],"twitter_card":"summary_large_image","twitter_misc":{"Est. reading time":"1 minut"},"schema":{"@context":"https:\/\/schema.org","@graph":[{"@type":"WebPage","@id":"https:\/\/metaltale.com\/et\/toode\/riiulihoidja-ptak-190x180mm-natural\/","url":"https:\/\/metaltale.com\/et\/toode\/riiulihoidja-ptak-190x180mm-natural\/","name":"Riiulihoidja PTAK 190x180mm NATURAL - MetalTale.com","isPartOf":{"@id":"https:\/\/metaltale.com\/et\/#website"},"primaryImageOfPage":{"@id":"https:\/\/metaltale.com\/et\/toode\/riiulihoidja-ptak-190x180mm-natural\/#primaryimage"},"image":{"@id":"https:\/\/metaltale.com\/et\/toode\/riiulihoidja-ptak-190x180mm-natural\/#primaryimage"},"thumbnailUrl":"https:\/\/metaltale.com\/wp-content\/uploads\/2023\/10\/Laikiklis-PTAK-190x180-plienas.jpg","datePublished":"2024-01-12T19:04:12+00:00","breadcrumb":{"@id":"https:\/\/metaltale.com\/et\/toode\/riiulihoidja-ptak-190x180mm-natural\/#breadcrumb"},"inLanguage":"et","potentialAction":[{"@type":"ReadAction","target":["https:\/\/metaltale.com\/et\/toode\/riiulihoidja-ptak-190x180mm-natural\/"]}]},{"@type":"ImageObject","inLanguage":"et","@id":"https:\/\/metaltale.com\/et\/toode\/riiulihoidja-ptak-190x180mm-natural\/#primaryimage","url":"https:\/\/metaltale.com\/wp-content\/uploads\/2023\/10\/Laikiklis-PTAK-190x180-plienas.jpg","contentUrl":"https:\/\/metaltale.com\/wp-content\/uploads\/2023\/10\/Laikiklis-PTAK-190x180-plienas.jpg","width":800,"height":800,"caption":"Riiulihoidja PTAK 190x180mm NATURAL"},{"@type":"BreadcrumbList","@id":"https:\/\/metaltale.com\/et\/toode\/riiulihoidja-ptak-190x180mm-natural\/#breadcrumb","itemListElement":[{"@type":"ListItem","position":1,"name":"Home","item":"https:\/\/metaltale.com\/et\/kodu\/"},{"@type":"ListItem","position":2,"name":"Kauplus","item":"https:\/\/metaltale.com\/et\/shop\/"},{"@type":"ListItem","position":3,"name":"Riiulihoidja PTAK 190x180mm NATURAL"}]},{"@type":"WebSite","@id":"https:\/\/metaltale.com\/et\/#website","url":"https:\/\/metaltale.com\/et\/","name":"Metaltale.com","description":"","potentialAction":[{"@type":"SearchAction","target":{"@type":"EntryPoint","urlTemplate":"https:\/\/metaltale.com\/et\/?s={search_term_string}"},"query-input":{"@type":"PropertyValueSpecification","valueRequired":true,"valueName":"search_term_string"}}],"inLanguage":"et"}]}},"_links":{"self":[{"href":"https:\/\/metaltale.com\/et\/wp-json\/wp\/v2\/product\/140708","targetHints":{"allow":["GET"]}}],"collection":[{"href":"https:\/\/metaltale.com\/et\/wp-json\/wp\/v2\/product"}],"about":[{"href":"https:\/\/metaltale.com\/et\/wp-json\/wp\/v2\/types\/product"}],"replies":[{"embeddable":true,"href":"https:\/\/metaltale.com\/et\/wp-json\/wp\/v2\/comments?post=140708"}],"version-history":[{"count":0,"href":"https:\/\/metaltale.com\/et\/wp-json\/wp\/v2\/product\/140708\/revisions"}],"wp:featuredmedia":[{"embeddable":true,"href":"https:\/\/metaltale.com\/et\/wp-json\/wp\/v2\/media\/84165"}],"wp:attachment":[{"href":"https:\/\/metaltale.com\/et\/wp-json\/wp\/v2\/media?parent=140708"}],"wp:term":[{"taxonomy":"product_brand","embeddable":true,"href":"https:\/\/metaltale.com\/et\/wp-json\/wp\/v2\/product_brand?post=140708"},{"taxonomy":"product_cat","embeddable":true,"href":"https:\/\/metaltale.com\/et\/wp-json\/wp\/v2\/product_cat?post=140708"},{"taxonomy":"product_tag","embeddable":true,"href":"https:\/\/metaltale.com\/et\/wp-json\/wp\/v2\/product_tag?post=140708"}],"curies":[{"name":"wp","href":"https:\/\/api.w.org\/{rel}","templated":true}]}}