{"id":140683,"date":"2024-01-12T20:55:55","date_gmt":"2024-01-12T18:55:55","guid":{"rendered":"https:\/\/metaltale.com\/produktas\/koja-juoda-kobylka\/"},"modified":"2024-01-12T20:55:55","modified_gmt":"2024-01-12T18:55:55","slug":"koja-juoda-kobylka","status":"publish","type":"product","link":"https:\/\/metaltale.com\/et\/toode\/koja-juoda-kobylka\/","title":{"rendered":"Koja JUODA KOBY\u0141KA"},"content":{"rendered":"<div class=\"prod_data\">\n<p><strong>Mudel<\/strong> FOR. N.KOB. NDS<br \/>\n<strong>Materjal<\/strong> teras<br \/>\n<strong>Paksus (cm)<\/strong> 40<br \/>\n<strong>\u00dcldine k\u00f5rgus (cm)<\/strong> 74<br \/>\n<strong>\u00dcldine laius (cm)<\/strong> 80<br \/>\n<strong>Kaal (kg)<\/strong> 19<br \/>\nPaigalduskruvid Ei<br \/>\n<strong>V\u00e4rv<\/strong> Must, teras<br \/>\nKogus komplekti kohta 1 tk.<\/p>\n<p>&#8211; Terasest lauajalg &#8211; kindel alus lauaplaadile<br \/>\n&#8211; kaks v\u00e4rvivalikut v\u00f5imaldavad luua laua, mis sobib teie sisekujundusega.<br \/>\n&#8211; must pulberv\u00e4rvitud metallist jalg, mis on v\u00e4ga vastupidav kriimustustele<br \/>\n&#8211; V\u00e4rvitu lakiga immutatud terasvariant, mida iseloomustavad n\u00e4htavad kriimustused ja muud vananemise tagaj\u00e4rjed.<br \/>\n&#8211; toodete v\u00e4rvus v\u00f5ib erineda galeriis olevatest piltidest, mis on tingitud individuaalsetest monitoriseadetest ja materjalide iseloomust &#8211; teras on toormaterjal, mille v\u00e4rvus, toon ja tekstuur v\u00f5ivad n\u00e4idiste v\u00f5i partiide l\u00f5ikes erineda.<br \/>\n&#8211; pakutavad kruvid on m\u00f5eldud t\u00f6\u00f6pindade jaoks, mille paksus on v\u00e4hemalt 38 mm.<br \/>\n&#8211; vaata meie t\u00e4ielikku valikut kinnituskruvidest<\/p>\n<hr>\n<p>Originaalne, silmatorkav ja v\u00f5imatu m\u00f6\u00f6da minna, on Koby\u0142ka t\u00f6\u00f6stusjalg ideaalne tugi suurtele k\u00f6\u00f6gilaudadele v\u00f5i -saartele, avaratele laudadele v\u00f5i massiivsetele t\u00f6\u00f6laudadele. See on t\u00f5hus t\u00e4iendus elutubadesse, loftk\u00f6\u00f6kodadesse v\u00f5i avaratesse kaasaegsetesse konverentsiruumidesse. See lisab igasse interj\u00f6\u00f6ri t\u00f6\u00f6stusliku n\u00fcansi, r\u00f5hutades v\u00f5i l\u00f5hkudes stiili. Jalgade disain viitab vanadele, lihtsatele kodustes t\u00f6\u00f6kodades kasutatavatele t\u00f6\u00f6pinkidele. Jalg on konstrueeritud nii, et seda saab ise kokku panna, selle konstruktsioon v\u00f5imaldab t\u00f6\u00f6pinna k\u00f5rgust reguleerida ja v\u00e4rvivalikute olemasolu v\u00f5imaldab valida teie interj\u00f6\u00f6rile sobiva toote. S\u00e4\u00e4rikujuline loft-jalg on ideaalne neile, kes otsivad t\u00f5elist sisekujunduslikku v\u00e4ljakutset.<\/p>\n<\/div>\n","protected":false},"excerpt":{"rendered":"<p>Mudel FOR. N.KOB. NDS Materjal teras Paksus (cm) 40 \u00dcldine k\u00f5rgus (cm) 74 \u00dcldine laius (cm) 80 Kaal (kg) 19<\/p>\n","protected":false},"featured_media":76473,"comment_status":"open","ping_status":"closed","template":"","meta":{"_acf_changed":false,"pmpro_default_level":""},"product_brand":[],"product_cat":[23915],"product_tag":[],"class_list":{"0":"post-140683","1":"product","2":"type-product","3":"status-publish","4":"has-post-thumbnail","6":"product_cat-stalo-kojos-et","7":"pmpro-has-access","9":"first","10":"outofstock","11":"shipping-taxable","12":"purchasable","13":"product-type-simple"},"acf":[],"yoast_head":"<!-- This site is optimized with the Yoast SEO plugin v24.9 - https:\/\/yoast.com\/wordpress\/plugins\/seo\/ -->\n<title>Koja JUODA KOBY\u0141KA - MetalTale.com<\/title>\n<meta name=\"robots\" content=\"index, follow, max-snippet:-1, max-image-preview:large, max-video-preview:-1\" \/>\n<link rel=\"canonical\" href=\"https:\/\/metaltale.com\/et\/toode\/koja-juoda-kobylka\/\" \/>\n<meta property=\"og:locale\" content=\"et_EE\" \/>\n<meta property=\"og:type\" content=\"article\" \/>\n<meta property=\"og:title\" content=\"Koja JUODA KOBY\u0141KA - MetalTale.com\" \/>\n<meta property=\"og:description\" content=\"Mudel FOR. N.KOB. NDS Materjal teras Paksus (cm) 40 \u00dcldine k\u00f5rgus (cm) 74 \u00dcldine laius (cm) 80 Kaal (kg) 19\" \/>\n<meta property=\"og:url\" content=\"https:\/\/metaltale.com\/et\/toode\/koja-juoda-kobylka\/\" \/>\n<meta property=\"og:site_name\" content=\"MetalTale.com\" \/>\n<meta property=\"og:image\" content=\"https:\/\/metaltale.com\/wp-content\/uploads\/2023\/10\/Koja-JUODA-KOBYx141KA.jpg\" \/>\n\t<meta property=\"og:image:width\" content=\"900\" \/>\n\t<meta property=\"og:image:height\" content=\"900\" \/>\n\t<meta property=\"og:image:type\" content=\"image\/jpeg\" \/>\n<meta name=\"twitter:card\" content=\"summary_large_image\" \/>\n<meta name=\"twitter:label1\" content=\"Est. reading time\" \/>\n\t<meta name=\"twitter:data1\" content=\"1 minut\" \/>\n<script type=\"application\/ld+json\" class=\"yoast-schema-graph\">{\"@context\":\"https:\/\/schema.org\",\"@graph\":[{\"@type\":\"WebPage\",\"@id\":\"https:\/\/metaltale.com\/et\/toode\/koja-juoda-kobylka\/\",\"url\":\"https:\/\/metaltale.com\/et\/toode\/koja-juoda-kobylka\/\",\"name\":\"Koja JUODA KOBY\u0141KA - MetalTale.com\",\"isPartOf\":{\"@id\":\"https:\/\/metaltale.com\/et\/#website\"},\"primaryImageOfPage\":{\"@id\":\"https:\/\/metaltale.com\/et\/toode\/koja-juoda-kobylka\/#primaryimage\"},\"image\":{\"@id\":\"https:\/\/metaltale.com\/et\/toode\/koja-juoda-kobylka\/#primaryimage\"},\"thumbnailUrl\":\"https:\/\/metaltale.com\/wp-content\/uploads\/2023\/10\/Koja-JUODA-KOBYx141KA.jpg\",\"datePublished\":\"2024-01-12T18:55:55+00:00\",\"breadcrumb\":{\"@id\":\"https:\/\/metaltale.com\/et\/toode\/koja-juoda-kobylka\/#breadcrumb\"},\"inLanguage\":\"et\",\"potentialAction\":[{\"@type\":\"ReadAction\",\"target\":[\"https:\/\/metaltale.com\/et\/toode\/koja-juoda-kobylka\/\"]}]},{\"@type\":\"ImageObject\",\"inLanguage\":\"et\",\"@id\":\"https:\/\/metaltale.com\/et\/toode\/koja-juoda-kobylka\/#primaryimage\",\"url\":\"https:\/\/metaltale.com\/wp-content\/uploads\/2023\/10\/Koja-JUODA-KOBYx141KA.jpg\",\"contentUrl\":\"https:\/\/metaltale.com\/wp-content\/uploads\/2023\/10\/Koja-JUODA-KOBYx141KA.jpg\",\"width\":900,\"height\":900},{\"@type\":\"BreadcrumbList\",\"@id\":\"https:\/\/metaltale.com\/et\/toode\/koja-juoda-kobylka\/#breadcrumb\",\"itemListElement\":[{\"@type\":\"ListItem\",\"position\":1,\"name\":\"Home\",\"item\":\"https:\/\/metaltale.com\/et\/kodu\/\"},{\"@type\":\"ListItem\",\"position\":2,\"name\":\"Kauplus\",\"item\":\"https:\/\/metaltale.com\/et\/shop\/\"},{\"@type\":\"ListItem\",\"position\":3,\"name\":\"Koja JUODA KOBY\u0141KA\"}]},{\"@type\":\"WebSite\",\"@id\":\"https:\/\/metaltale.com\/et\/#website\",\"url\":\"https:\/\/metaltale.com\/et\/\",\"name\":\"Metaltale.com\",\"description\":\"\",\"potentialAction\":[{\"@type\":\"SearchAction\",\"target\":{\"@type\":\"EntryPoint\",\"urlTemplate\":\"https:\/\/metaltale.com\/et\/?s={search_term_string}\"},\"query-input\":{\"@type\":\"PropertyValueSpecification\",\"valueRequired\":true,\"valueName\":\"search_term_string\"}}],\"inLanguage\":\"et\"}]}<\/script>\n<!-- \/ Yoast SEO plugin. -->","yoast_head_json":{"title":"Koja JUODA KOBY\u0141KA - MetalTale.com","robots":{"index":"index","follow":"follow","max-snippet":"max-snippet:-1","max-image-preview":"max-image-preview:large","max-video-preview":"max-video-preview:-1"},"canonical":"https:\/\/metaltale.com\/et\/toode\/koja-juoda-kobylka\/","og_locale":"et_EE","og_type":"article","og_title":"Koja JUODA KOBY\u0141KA - MetalTale.com","og_description":"Mudel FOR. N.KOB. NDS Materjal teras Paksus (cm) 40 \u00dcldine k\u00f5rgus (cm) 74 \u00dcldine laius (cm) 80 Kaal (kg) 19","og_url":"https:\/\/metaltale.com\/et\/toode\/koja-juoda-kobylka\/","og_site_name":"MetalTale.com","og_image":[{"width":900,"height":900,"url":"https:\/\/metaltale.com\/wp-content\/uploads\/2023\/10\/Koja-JUODA-KOBYx141KA.jpg","type":"image\/jpeg"}],"twitter_card":"summary_large_image","twitter_misc":{"Est. reading time":"1 minut"},"schema":{"@context":"https:\/\/schema.org","@graph":[{"@type":"WebPage","@id":"https:\/\/metaltale.com\/et\/toode\/koja-juoda-kobylka\/","url":"https:\/\/metaltale.com\/et\/toode\/koja-juoda-kobylka\/","name":"Koja JUODA KOBY\u0141KA - MetalTale.com","isPartOf":{"@id":"https:\/\/metaltale.com\/et\/#website"},"primaryImageOfPage":{"@id":"https:\/\/metaltale.com\/et\/toode\/koja-juoda-kobylka\/#primaryimage"},"image":{"@id":"https:\/\/metaltale.com\/et\/toode\/koja-juoda-kobylka\/#primaryimage"},"thumbnailUrl":"https:\/\/metaltale.com\/wp-content\/uploads\/2023\/10\/Koja-JUODA-KOBYx141KA.jpg","datePublished":"2024-01-12T18:55:55+00:00","breadcrumb":{"@id":"https:\/\/metaltale.com\/et\/toode\/koja-juoda-kobylka\/#breadcrumb"},"inLanguage":"et","potentialAction":[{"@type":"ReadAction","target":["https:\/\/metaltale.com\/et\/toode\/koja-juoda-kobylka\/"]}]},{"@type":"ImageObject","inLanguage":"et","@id":"https:\/\/metaltale.com\/et\/toode\/koja-juoda-kobylka\/#primaryimage","url":"https:\/\/metaltale.com\/wp-content\/uploads\/2023\/10\/Koja-JUODA-KOBYx141KA.jpg","contentUrl":"https:\/\/metaltale.com\/wp-content\/uploads\/2023\/10\/Koja-JUODA-KOBYx141KA.jpg","width":900,"height":900},{"@type":"BreadcrumbList","@id":"https:\/\/metaltale.com\/et\/toode\/koja-juoda-kobylka\/#breadcrumb","itemListElement":[{"@type":"ListItem","position":1,"name":"Home","item":"https:\/\/metaltale.com\/et\/kodu\/"},{"@type":"ListItem","position":2,"name":"Kauplus","item":"https:\/\/metaltale.com\/et\/shop\/"},{"@type":"ListItem","position":3,"name":"Koja JUODA KOBY\u0141KA"}]},{"@type":"WebSite","@id":"https:\/\/metaltale.com\/et\/#website","url":"https:\/\/metaltale.com\/et\/","name":"Metaltale.com","description":"","potentialAction":[{"@type":"SearchAction","target":{"@type":"EntryPoint","urlTemplate":"https:\/\/metaltale.com\/et\/?s={search_term_string}"},"query-input":{"@type":"PropertyValueSpecification","valueRequired":true,"valueName":"search_term_string"}}],"inLanguage":"et"}]}},"_links":{"self":[{"href":"https:\/\/metaltale.com\/et\/wp-json\/wp\/v2\/product\/140683","targetHints":{"allow":["GET"]}}],"collection":[{"href":"https:\/\/metaltale.com\/et\/wp-json\/wp\/v2\/product"}],"about":[{"href":"https:\/\/metaltale.com\/et\/wp-json\/wp\/v2\/types\/product"}],"replies":[{"embeddable":true,"href":"https:\/\/metaltale.com\/et\/wp-json\/wp\/v2\/comments?post=140683"}],"version-history":[{"count":0,"href":"https:\/\/metaltale.com\/et\/wp-json\/wp\/v2\/product\/140683\/revisions"}],"wp:featuredmedia":[{"embeddable":true,"href":"https:\/\/metaltale.com\/et\/wp-json\/wp\/v2\/media\/76473"}],"wp:attachment":[{"href":"https:\/\/metaltale.com\/et\/wp-json\/wp\/v2\/media?parent=140683"}],"wp:term":[{"taxonomy":"product_brand","embeddable":true,"href":"https:\/\/metaltale.com\/et\/wp-json\/wp\/v2\/product_brand?post=140683"},{"taxonomy":"product_cat","embeddable":true,"href":"https:\/\/metaltale.com\/et\/wp-json\/wp\/v2\/product_cat?post=140683"},{"taxonomy":"product_tag","embeddable":true,"href":"https:\/\/metaltale.com\/et\/wp-json\/wp\/v2\/product_tag?post=140683"}],"curies":[{"name":"wp","href":"https:\/\/api.w.org\/{rel}","templated":true}]}}