{"id":140667,"date":"2024-01-12T16:40:06","date_gmt":"2024-01-12T14:40:06","guid":{"rendered":"https:\/\/metaltale.com\/produktas\/puidust-tuhkast-lukanduksed-sisustatud\/"},"modified":"2024-01-12T16:40:06","modified_gmt":"2024-01-12T14:40:06","slug":"puidust-tuhkast-lukanduksed-sisustatud","status":"publish","type":"product","link":"https:\/\/metaltale.com\/et\/toode\/puidust-tuhkast-lukanduksed-sisustatud\/","title":{"rendered":"Puidust tuhkast l\u00fckanduksed SISUSTATUD"},"content":{"rendered":"<div class=\"prod_data\"><strong>Mudel<\/strong> OPL-100X210  <br \/><strong>Materjal<\/strong> saarepuit  <br \/><strong>Paksus (cm)<\/strong> 6  <br \/>\u00dcldine k\u00f5rgus (cm) 210 <br \/>\u00dcldlaius (cm) 100 <br \/><strong>Viimistlus<\/strong> p\u00f5letatud  <br \/>LISATEAVE Pakkumine kehtib ainult \u00fche ukselaua kohta ja ei sisalda libisevuss\u00fcsteemi ega muid lisaseadmeid. <\/p>\n<hr>\n<hr>\n<p>&#8220;Opalane&#8217;i liuguksed on m\u00f5eldud neile, kellel on iseloomu ja julgust.<\/p>\n<p>Opalane liuguksed on valmistatud saarepuidust. Liuguksed on valmistatud tugevatest, tugevatest plankudest, mis on paigutatud vertikaalselt ja \u00fchendatud risttugede abil. Laudade as\u00fcmmeetriline paigutus muudab toote esmapilgul t\u00fc\u00fcpiliseks ja standardseks, kuid tegelikult loob see originaalse kompositsiooni. Ukse sile pind koos tajutava puidumassiiviga annab sellele soliidse tunnetuse, samal ajal kui laudadel n\u00e4htavad r\u00f5ngad r\u00f5hutavad puidu loomulikku tekstuuri. Pragud ja praod puidus loovad unikaalse iseloomu ja muudavad ukse ka keerukaks dekoratiivseks elemendiks. Liugukse sisek\u00fclg on veidi peenem, kuid s\u00e4ilitab samasuguse kiskjaliku tooni.<\/p>\n<p>Tuhast liuguksed on l\u00e4binud parkimisprotsessi, mis muudab need ainulaadseks. See t\u00f6\u00f6tlus on toonud esile ja parandanud puidu tekstuuri, mille tulemuseks on maalilised maastikud ukse pinnal.<\/p>\n<p>Tuhkruuksed annavad interj\u00f6\u00f6rile ebatavalise ja originaalse iseloomu, on praktilised, kergesti paigaldatavad ja dekoratiivse funktsiooniga. Nende tugev konstruktsioon tagab, et neid saab kasutada aastaid.<\/p>\n<p>Opalane&#8217;i l\u00fckanduksed sobivad igasse interj\u00f6\u00f6ri, alates modernsest kuni traditsioonilise maal\u00e4hedase, t\u00f6\u00f6stusliku v\u00f5i loft-stiiliga.<\/p>\n<p>Ukse standardm\u00f5\u00f5t on 100 cm x 210 cm ja see tarnitakse t\u00f6\u00f6tlemata. 2 cm paksune toode on valmistatud valitud puidust ja ukse paksus on 4 cm v\u00f5i 6 cm, kui kasutatakse kolmekordset tugevdust.<br \/>T\u00e4nu oma mitmek\u00fclgsusele sobib Opalane liuguks ideaalselt 70 cm, 80 cm ja 90 cm ukseavadesse.<\/p>\n<hr>\n<p>*Pakkumine kehtib ainult uste kohta ja ei sisalda libisevust ega muid lisaseadmeid.<\/p>\n<p><strong>OPALANE&#8217;i liugustele sobivad alumised juhikud leiate allj\u00e4rgnevast jaotisest &#8220;Seotud tooted&#8221;.<\/strong><\/p>\n<hr>\n<p><strong><\/p>\n<p><\/strong><\/p>\n<\/div>\n","protected":false},"excerpt":{"rendered":"<p>Mudel OPL-100X210 Materjal saarepuit Paksus (cm) 6 \u00dcldine k\u00f5rgus (cm) 210 \u00dcldlaius (cm) 100 Viimistlus p\u00f5letatud LISATEAVE Pakkumine kehtib ainult<\/p>\n","protected":false},"featured_media":82066,"comment_status":"open","ping_status":"closed","template":"","meta":{"_acf_changed":false,"pmpro_default_level":""},"product_brand":[],"product_cat":[24145,24140,24157],"product_tag":[],"class_list":{"0":"post-140667","1":"product","2":"type-product","3":"status-publish","4":"has-post-thumbnail","6":"product_cat-liuguksed-et","7":"product_cat-liuguksesusteemid","8":"product_cat-tuhk-liuguksed","9":"pmpro-has-access","11":"first","12":"instock","13":"shipping-taxable","14":"purchasable","15":"product-type-simple"},"acf":[],"yoast_head":"<!-- This site is optimized with the Yoast SEO plugin v24.9 - https:\/\/yoast.com\/wordpress\/plugins\/seo\/ -->\n<title>Puidust tuhkast l\u00fckanduksed SISUSTATUD - MetalTale.com<\/title>\n<meta name=\"robots\" content=\"index, follow, max-snippet:-1, max-image-preview:large, max-video-preview:-1\" \/>\n<link rel=\"canonical\" href=\"https:\/\/metaltale.com\/et\/toode\/puidust-tuhkast-lukanduksed-sisustatud\/\" \/>\n<meta property=\"og:locale\" content=\"et_EE\" \/>\n<meta property=\"og:type\" content=\"article\" \/>\n<meta property=\"og:title\" content=\"Puidust tuhkast l\u00fckanduksed SISUSTATUD - MetalTale.com\" \/>\n<meta property=\"og:description\" content=\"Mudel OPL-100X210 Materjal saarepuit Paksus (cm) 6 \u00dcldine k\u00f5rgus (cm) 210 \u00dcldlaius (cm) 100 Viimistlus p\u00f5letatud LISATEAVE Pakkumine kehtib ainult\" \/>\n<meta property=\"og:url\" content=\"https:\/\/metaltale.com\/et\/toode\/puidust-tuhkast-lukanduksed-sisustatud\/\" \/>\n<meta property=\"og:site_name\" content=\"MetalTale.com\" \/>\n<meta property=\"og:image\" content=\"http:\/\/metaltale.com\/wp-content\/uploads\/2023\/10\/Pelenais-kx16Brenamos-durys.jpg\" \/>\n\t<meta property=\"og:image:width\" content=\"800\" \/>\n\t<meta property=\"og:image:height\" content=\"800\" \/>\n\t<meta property=\"og:image:type\" content=\"image\/jpeg\" \/>\n<meta name=\"twitter:card\" content=\"summary_large_image\" \/>\n<meta name=\"twitter:label1\" content=\"Est. reading time\" \/>\n\t<meta name=\"twitter:data1\" content=\"1 minut\" \/>\n<script type=\"application\/ld+json\" class=\"yoast-schema-graph\">{\"@context\":\"https:\/\/schema.org\",\"@graph\":[{\"@type\":\"WebPage\",\"@id\":\"https:\/\/metaltale.com\/et\/toode\/puidust-tuhkast-lukanduksed-sisustatud\/\",\"url\":\"https:\/\/metaltale.com\/et\/toode\/puidust-tuhkast-lukanduksed-sisustatud\/\",\"name\":\"Puidust tuhkast l\u00fckanduksed SISUSTATUD - MetalTale.com\",\"isPartOf\":{\"@id\":\"https:\/\/metaltale.com\/et\/#website\"},\"primaryImageOfPage\":{\"@id\":\"https:\/\/metaltale.com\/et\/toode\/puidust-tuhkast-lukanduksed-sisustatud\/#primaryimage\"},\"image\":{\"@id\":\"https:\/\/metaltale.com\/et\/toode\/puidust-tuhkast-lukanduksed-sisustatud\/#primaryimage\"},\"thumbnailUrl\":\"https:\/\/metaltale.com\/wp-content\/uploads\/2023\/10\/Pelenais-kx16Brenamos-durys.jpg\",\"datePublished\":\"2024-01-12T14:40:06+00:00\",\"breadcrumb\":{\"@id\":\"https:\/\/metaltale.com\/et\/toode\/puidust-tuhkast-lukanduksed-sisustatud\/#breadcrumb\"},\"inLanguage\":\"et\",\"potentialAction\":[{\"@type\":\"ReadAction\",\"target\":[\"https:\/\/metaltale.com\/et\/toode\/puidust-tuhkast-lukanduksed-sisustatud\/\"]}]},{\"@type\":\"ImageObject\",\"inLanguage\":\"et\",\"@id\":\"https:\/\/metaltale.com\/et\/toode\/puidust-tuhkast-lukanduksed-sisustatud\/#primaryimage\",\"url\":\"https:\/\/metaltale.com\/wp-content\/uploads\/2023\/10\/Pelenais-kx16Brenamos-durys.jpg\",\"contentUrl\":\"https:\/\/metaltale.com\/wp-content\/uploads\/2023\/10\/Pelenais-kx16Brenamos-durys.jpg\",\"width\":800,\"height\":800,\"caption\":\"Medin\u0117s uosio stumdomosios durys OPALANE\"},{\"@type\":\"BreadcrumbList\",\"@id\":\"https:\/\/metaltale.com\/et\/toode\/puidust-tuhkast-lukanduksed-sisustatud\/#breadcrumb\",\"itemListElement\":[{\"@type\":\"ListItem\",\"position\":1,\"name\":\"Home\",\"item\":\"https:\/\/metaltale.com\/et\/kodu\/\"},{\"@type\":\"ListItem\",\"position\":2,\"name\":\"Kauplus\",\"item\":\"https:\/\/metaltale.com\/et\/shop\/\"},{\"@type\":\"ListItem\",\"position\":3,\"name\":\"Puidust tuhkast l\u00fckanduksed SISUSTATUD\"}]},{\"@type\":\"WebSite\",\"@id\":\"https:\/\/metaltale.com\/et\/#website\",\"url\":\"https:\/\/metaltale.com\/et\/\",\"name\":\"Metaltale.com\",\"description\":\"\",\"potentialAction\":[{\"@type\":\"SearchAction\",\"target\":{\"@type\":\"EntryPoint\",\"urlTemplate\":\"https:\/\/metaltale.com\/et\/?s={search_term_string}\"},\"query-input\":{\"@type\":\"PropertyValueSpecification\",\"valueRequired\":true,\"valueName\":\"search_term_string\"}}],\"inLanguage\":\"et\"}]}<\/script>\n<!-- \/ Yoast SEO plugin. -->","yoast_head_json":{"title":"Puidust tuhkast l\u00fckanduksed SISUSTATUD - MetalTale.com","robots":{"index":"index","follow":"follow","max-snippet":"max-snippet:-1","max-image-preview":"max-image-preview:large","max-video-preview":"max-video-preview:-1"},"canonical":"https:\/\/metaltale.com\/et\/toode\/puidust-tuhkast-lukanduksed-sisustatud\/","og_locale":"et_EE","og_type":"article","og_title":"Puidust tuhkast l\u00fckanduksed SISUSTATUD - MetalTale.com","og_description":"Mudel OPL-100X210 Materjal saarepuit Paksus (cm) 6 \u00dcldine k\u00f5rgus (cm) 210 \u00dcldlaius (cm) 100 Viimistlus p\u00f5letatud LISATEAVE Pakkumine kehtib ainult","og_url":"https:\/\/metaltale.com\/et\/toode\/puidust-tuhkast-lukanduksed-sisustatud\/","og_site_name":"MetalTale.com","og_image":[{"width":800,"height":800,"url":"http:\/\/metaltale.com\/wp-content\/uploads\/2023\/10\/Pelenais-kx16Brenamos-durys.jpg","type":"image\/jpeg"}],"twitter_card":"summary_large_image","twitter_misc":{"Est. reading time":"1 minut"},"schema":{"@context":"https:\/\/schema.org","@graph":[{"@type":"WebPage","@id":"https:\/\/metaltale.com\/et\/toode\/puidust-tuhkast-lukanduksed-sisustatud\/","url":"https:\/\/metaltale.com\/et\/toode\/puidust-tuhkast-lukanduksed-sisustatud\/","name":"Puidust tuhkast l\u00fckanduksed SISUSTATUD - MetalTale.com","isPartOf":{"@id":"https:\/\/metaltale.com\/et\/#website"},"primaryImageOfPage":{"@id":"https:\/\/metaltale.com\/et\/toode\/puidust-tuhkast-lukanduksed-sisustatud\/#primaryimage"},"image":{"@id":"https:\/\/metaltale.com\/et\/toode\/puidust-tuhkast-lukanduksed-sisustatud\/#primaryimage"},"thumbnailUrl":"https:\/\/metaltale.com\/wp-content\/uploads\/2023\/10\/Pelenais-kx16Brenamos-durys.jpg","datePublished":"2024-01-12T14:40:06+00:00","breadcrumb":{"@id":"https:\/\/metaltale.com\/et\/toode\/puidust-tuhkast-lukanduksed-sisustatud\/#breadcrumb"},"inLanguage":"et","potentialAction":[{"@type":"ReadAction","target":["https:\/\/metaltale.com\/et\/toode\/puidust-tuhkast-lukanduksed-sisustatud\/"]}]},{"@type":"ImageObject","inLanguage":"et","@id":"https:\/\/metaltale.com\/et\/toode\/puidust-tuhkast-lukanduksed-sisustatud\/#primaryimage","url":"https:\/\/metaltale.com\/wp-content\/uploads\/2023\/10\/Pelenais-kx16Brenamos-durys.jpg","contentUrl":"https:\/\/metaltale.com\/wp-content\/uploads\/2023\/10\/Pelenais-kx16Brenamos-durys.jpg","width":800,"height":800,"caption":"Medin\u0117s uosio stumdomosios durys OPALANE"},{"@type":"BreadcrumbList","@id":"https:\/\/metaltale.com\/et\/toode\/puidust-tuhkast-lukanduksed-sisustatud\/#breadcrumb","itemListElement":[{"@type":"ListItem","position":1,"name":"Home","item":"https:\/\/metaltale.com\/et\/kodu\/"},{"@type":"ListItem","position":2,"name":"Kauplus","item":"https:\/\/metaltale.com\/et\/shop\/"},{"@type":"ListItem","position":3,"name":"Puidust tuhkast l\u00fckanduksed SISUSTATUD"}]},{"@type":"WebSite","@id":"https:\/\/metaltale.com\/et\/#website","url":"https:\/\/metaltale.com\/et\/","name":"Metaltale.com","description":"","potentialAction":[{"@type":"SearchAction","target":{"@type":"EntryPoint","urlTemplate":"https:\/\/metaltale.com\/et\/?s={search_term_string}"},"query-input":{"@type":"PropertyValueSpecification","valueRequired":true,"valueName":"search_term_string"}}],"inLanguage":"et"}]}},"_links":{"self":[{"href":"https:\/\/metaltale.com\/et\/wp-json\/wp\/v2\/product\/140667","targetHints":{"allow":["GET"]}}],"collection":[{"href":"https:\/\/metaltale.com\/et\/wp-json\/wp\/v2\/product"}],"about":[{"href":"https:\/\/metaltale.com\/et\/wp-json\/wp\/v2\/types\/product"}],"replies":[{"embeddable":true,"href":"https:\/\/metaltale.com\/et\/wp-json\/wp\/v2\/comments?post=140667"}],"version-history":[{"count":0,"href":"https:\/\/metaltale.com\/et\/wp-json\/wp\/v2\/product\/140667\/revisions"}],"wp:featuredmedia":[{"embeddable":true,"href":"https:\/\/metaltale.com\/et\/wp-json\/wp\/v2\/media\/82066"}],"wp:attachment":[{"href":"https:\/\/metaltale.com\/et\/wp-json\/wp\/v2\/media?parent=140667"}],"wp:term":[{"taxonomy":"product_brand","embeddable":true,"href":"https:\/\/metaltale.com\/et\/wp-json\/wp\/v2\/product_brand?post=140667"},{"taxonomy":"product_cat","embeddable":true,"href":"https:\/\/metaltale.com\/et\/wp-json\/wp\/v2\/product_cat?post=140667"},{"taxonomy":"product_tag","embeddable":true,"href":"https:\/\/metaltale.com\/et\/wp-json\/wp\/v2\/product_tag?post=140667"}],"curies":[{"name":"wp","href":"https:\/\/api.w.org\/{rel}","templated":true}]}}