{"id":140635,"date":"2024-01-12T21:02:40","date_gmt":"2024-01-12T19:02:40","guid":{"rendered":"https:\/\/metaltale.com\/produktas\/massiivsed-puidust-liuguksed-terasraamidega\/"},"modified":"2024-01-12T21:02:40","modified_gmt":"2024-01-12T19:02:40","slug":"massiivsed-puidust-liuguksed-terasraamidega","status":"publish","type":"product","link":"https:\/\/metaltale.com\/et\/toode\/massiivsed-puidust-liuguksed-terasraamidega\/","title":{"rendered":"Massiivsed puidust liuguksed terasraamidega"},"content":{"rendered":"<div class=\"prod_data\"><strong>Mudel<\/strong> FOR. DRZ.1XD  <br \/>Materjal m\u00e4nnipuit, teras <br \/>Paksus (cm) 4 <br \/>\u00dcldine k\u00f5rgus (cm) 210 <br \/>\u00dcldlaius (cm) 100 <br \/><strong>Viimistlus<\/strong> T\u00f6\u00f6tlemata \/ \u00f5litatud  <br \/>LISATEAVE Pakkumine kehtib ainult \u00fche ukselaua kohta ja ei sisalda libisevuss\u00fcsteemi ega muid lisaseadmeid. <\/p>\n<hr>\n<p>&#8220;Massiivsed l\u00fckanduksed on ettepanek neile, kes hindavad betooni lihtsust.<\/p>\n<p>Massiivne l\u00fckanduks on valmistatud m\u00e4nnist, mille vertikaalselt paigutatud tahked plangud ja v\u00e4lisk\u00fcljel X-kujuline raam. K\u00f5ik see kokku loob t\u00e4pse ja otsustava paigutuse, mis avaldab teile muljet. Ukse pind annab uksele tuntava puidumassiiviga iseloomu ja soliidsust, samal ajal kui laudadel n\u00e4htavad r\u00f5ngad ja oksad r\u00f5hutavad puidu loomulikku tekstuuri.<\/p>\n<p>Massiivne l\u00fckanduks on valmistatud suletud 20&#215;20 mm profiiliga terasraamiga. Liugukse sisemine k\u00fclg on kinnitatud lamedate latidega, millel on n\u00e4htavad keevis\u00f5mblused ja neetid, mis \u00fchendavad konstruktsiooni. Lisaks on raamil n\u00e4htav lihvimine, mis annab uksele originaalse ja ainulaadse v\u00e4limuse. \u00dcksikute elementide paigutus takistab ukse v\u00e4\u00e4ndumist.<\/p>\n<p>Massiivsed puidust l\u00fckanduksed annavad interj\u00f6\u00f6ridele ainulaadse ja originaalse tooni, on praktilised, kergesti paigaldatavad ja dekoratiivse funktsiooniga. Nende tugev konstruktsioon tagab, et neid saab kasutada aastaid.<\/p>\n<p>Massiivsed puidust uksed sobivad igasse interj\u00f6\u00f6ri &#8211; moodsasse, traditsioonilisse, rustikaalsesse, t\u00f6\u00f6stuslikku v\u00f5i loft-stiilis.<\/p>\n<p>Ukse standardsuurus on 100 cm x 210 cm, paksus 4 cm ja see on saadaval halli, viskipunase v\u00f5i j\u00e4meda pruuni v\u00e4rvusega.<br \/>T\u00e4nu oma mitmek\u00fclgsusele sobib Massive liuguks suurep\u00e4raselt 70 cm, 80 cm ja 90 cm ukseavadesse.<\/p>\n<p>MASSIVE liuguste jaoks sobivad alumised juhikud leiate allj\u00e4rgnevast jaotisest &#8220;Seotud tooted&#8221;.<\/p>\n<hr>\n<p>*Pakkumine kehtib ainult ustele ja ei h\u00f5lma liuguris\u00fcsteemi ega muid lisaseadmeid.<br \/>** Pange t\u00e4hele, et seda mudelit ei saa kasutada hingedega l\u00fckandukses\u00fcsteemidega (&#8220;Vintage&#8221;, &#8220;Wheel On Hanger&#8221;).<\/p>\n<hr>\n<\/div>\n","protected":false},"excerpt":{"rendered":"<p>Mudel FOR. DRZ.1XD Materjal m\u00e4nnipuit, teras Paksus (cm) 4 \u00dcldine k\u00f5rgus (cm) 210 \u00dcldlaius (cm) 100 Viimistlus T\u00f6\u00f6tlemata \/ \u00f5litatud<\/p>\n","protected":false},"featured_media":101004,"comment_status":"open","ping_status":"closed","template":"","meta":{"_acf_changed":false,"pmpro_default_level":""},"product_brand":[],"product_cat":[24156],"product_tag":[],"class_list":{"0":"post-140635","1":"product","2":"type-product","3":"status-publish","4":"has-post-thumbnail","6":"product_cat-metallraamiga-lukanduksed","7":"pmpro-has-access","9":"first","10":"outofstock","11":"shipping-taxable","12":"purchasable","13":"product-type-simple"},"acf":[],"yoast_head":"<!-- This site is optimized with the Yoast SEO plugin v24.9 - https:\/\/yoast.com\/wordpress\/plugins\/seo\/ -->\n<title>Massiivsed puidust liuguksed terasraamidega - MetalTale.com<\/title>\n<meta name=\"robots\" content=\"index, follow, max-snippet:-1, max-image-preview:large, max-video-preview:-1\" \/>\n<link rel=\"canonical\" href=\"https:\/\/metaltale.com\/et\/toode\/massiivsed-puidust-liuguksed-terasraamidega\/\" \/>\n<meta property=\"og:locale\" content=\"et_EE\" \/>\n<meta property=\"og:type\" content=\"article\" \/>\n<meta property=\"og:title\" content=\"Massiivsed puidust liuguksed terasraamidega - MetalTale.com\" \/>\n<meta property=\"og:description\" content=\"Mudel FOR. DRZ.1XD Materjal m\u00e4nnipuit, teras Paksus (cm) 4 \u00dcldine k\u00f5rgus (cm) 210 \u00dcldlaius (cm) 100 Viimistlus T\u00f6\u00f6tlemata \/ \u00f5litatud\" \/>\n<meta property=\"og:url\" content=\"https:\/\/metaltale.com\/et\/toode\/massiivsed-puidust-liuguksed-terasraamidega\/\" \/>\n<meta property=\"og:site_name\" content=\"MetalTale.com\" \/>\n<meta name=\"twitter:card\" content=\"summary_large_image\" \/>\n<meta name=\"twitter:label1\" content=\"Est. reading time\" \/>\n\t<meta name=\"twitter:data1\" content=\"1 minut\" \/>\n<script type=\"application\/ld+json\" class=\"yoast-schema-graph\">{\"@context\":\"https:\/\/schema.org\",\"@graph\":[{\"@type\":\"WebPage\",\"@id\":\"https:\/\/metaltale.com\/et\/toode\/massiivsed-puidust-liuguksed-terasraamidega\/\",\"url\":\"https:\/\/metaltale.com\/et\/toode\/massiivsed-puidust-liuguksed-terasraamidega\/\",\"name\":\"Massiivsed puidust liuguksed terasraamidega - MetalTale.com\",\"isPartOf\":{\"@id\":\"https:\/\/metaltale.com\/et\/#website\"},\"primaryImageOfPage\":{\"@id\":\"https:\/\/metaltale.com\/et\/toode\/massiivsed-puidust-liuguksed-terasraamidega\/#primaryimage\"},\"image\":{\"@id\":\"https:\/\/metaltale.com\/et\/toode\/massiivsed-puidust-liuguksed-terasraamidega\/#primaryimage\"},\"thumbnailUrl\":\"https:\/\/metaltale.com\/wp-content\/uploads\/2023\/11\/Durys-MASYVIOS-100x210-pilkos.jpg\",\"datePublished\":\"2024-01-12T19:02:40+00:00\",\"breadcrumb\":{\"@id\":\"https:\/\/metaltale.com\/et\/toode\/massiivsed-puidust-liuguksed-terasraamidega\/#breadcrumb\"},\"inLanguage\":\"et\",\"potentialAction\":[{\"@type\":\"ReadAction\",\"target\":[\"https:\/\/metaltale.com\/et\/toode\/massiivsed-puidust-liuguksed-terasraamidega\/\"]}]},{\"@type\":\"ImageObject\",\"inLanguage\":\"et\",\"@id\":\"https:\/\/metaltale.com\/et\/toode\/massiivsed-puidust-liuguksed-terasraamidega\/#primaryimage\",\"url\":\"https:\/\/metaltale.com\/wp-content\/uploads\/2023\/11\/Durys-MASYVIOS-100x210-pilkos.jpg\",\"contentUrl\":\"https:\/\/metaltale.com\/wp-content\/uploads\/2023\/11\/Durys-MASYVIOS-100x210-pilkos.jpg\",\"width\":800,\"height\":800},{\"@type\":\"BreadcrumbList\",\"@id\":\"https:\/\/metaltale.com\/et\/toode\/massiivsed-puidust-liuguksed-terasraamidega\/#breadcrumb\",\"itemListElement\":[{\"@type\":\"ListItem\",\"position\":1,\"name\":\"Home\",\"item\":\"https:\/\/metaltale.com\/et\/kodu\/\"},{\"@type\":\"ListItem\",\"position\":2,\"name\":\"Kauplus\",\"item\":\"https:\/\/metaltale.com\/et\/shop\/\"},{\"@type\":\"ListItem\",\"position\":3,\"name\":\"Massiivsed puidust liuguksed terasraamidega\"}]},{\"@type\":\"WebSite\",\"@id\":\"https:\/\/metaltale.com\/et\/#website\",\"url\":\"https:\/\/metaltale.com\/et\/\",\"name\":\"Metaltale.com\",\"description\":\"\",\"potentialAction\":[{\"@type\":\"SearchAction\",\"target\":{\"@type\":\"EntryPoint\",\"urlTemplate\":\"https:\/\/metaltale.com\/et\/?s={search_term_string}\"},\"query-input\":{\"@type\":\"PropertyValueSpecification\",\"valueRequired\":true,\"valueName\":\"search_term_string\"}}],\"inLanguage\":\"et\"}]}<\/script>\n<!-- \/ Yoast SEO plugin. -->","yoast_head_json":{"title":"Massiivsed puidust liuguksed terasraamidega - MetalTale.com","robots":{"index":"index","follow":"follow","max-snippet":"max-snippet:-1","max-image-preview":"max-image-preview:large","max-video-preview":"max-video-preview:-1"},"canonical":"https:\/\/metaltale.com\/et\/toode\/massiivsed-puidust-liuguksed-terasraamidega\/","og_locale":"et_EE","og_type":"article","og_title":"Massiivsed puidust liuguksed terasraamidega - MetalTale.com","og_description":"Mudel FOR. DRZ.1XD Materjal m\u00e4nnipuit, teras Paksus (cm) 4 \u00dcldine k\u00f5rgus (cm) 210 \u00dcldlaius (cm) 100 Viimistlus T\u00f6\u00f6tlemata \/ \u00f5litatud","og_url":"https:\/\/metaltale.com\/et\/toode\/massiivsed-puidust-liuguksed-terasraamidega\/","og_site_name":"MetalTale.com","twitter_card":"summary_large_image","twitter_misc":{"Est. reading time":"1 minut"},"schema":{"@context":"https:\/\/schema.org","@graph":[{"@type":"WebPage","@id":"https:\/\/metaltale.com\/et\/toode\/massiivsed-puidust-liuguksed-terasraamidega\/","url":"https:\/\/metaltale.com\/et\/toode\/massiivsed-puidust-liuguksed-terasraamidega\/","name":"Massiivsed puidust liuguksed terasraamidega - MetalTale.com","isPartOf":{"@id":"https:\/\/metaltale.com\/et\/#website"},"primaryImageOfPage":{"@id":"https:\/\/metaltale.com\/et\/toode\/massiivsed-puidust-liuguksed-terasraamidega\/#primaryimage"},"image":{"@id":"https:\/\/metaltale.com\/et\/toode\/massiivsed-puidust-liuguksed-terasraamidega\/#primaryimage"},"thumbnailUrl":"https:\/\/metaltale.com\/wp-content\/uploads\/2023\/11\/Durys-MASYVIOS-100x210-pilkos.jpg","datePublished":"2024-01-12T19:02:40+00:00","breadcrumb":{"@id":"https:\/\/metaltale.com\/et\/toode\/massiivsed-puidust-liuguksed-terasraamidega\/#breadcrumb"},"inLanguage":"et","potentialAction":[{"@type":"ReadAction","target":["https:\/\/metaltale.com\/et\/toode\/massiivsed-puidust-liuguksed-terasraamidega\/"]}]},{"@type":"ImageObject","inLanguage":"et","@id":"https:\/\/metaltale.com\/et\/toode\/massiivsed-puidust-liuguksed-terasraamidega\/#primaryimage","url":"https:\/\/metaltale.com\/wp-content\/uploads\/2023\/11\/Durys-MASYVIOS-100x210-pilkos.jpg","contentUrl":"https:\/\/metaltale.com\/wp-content\/uploads\/2023\/11\/Durys-MASYVIOS-100x210-pilkos.jpg","width":800,"height":800},{"@type":"BreadcrumbList","@id":"https:\/\/metaltale.com\/et\/toode\/massiivsed-puidust-liuguksed-terasraamidega\/#breadcrumb","itemListElement":[{"@type":"ListItem","position":1,"name":"Home","item":"https:\/\/metaltale.com\/et\/kodu\/"},{"@type":"ListItem","position":2,"name":"Kauplus","item":"https:\/\/metaltale.com\/et\/shop\/"},{"@type":"ListItem","position":3,"name":"Massiivsed puidust liuguksed terasraamidega"}]},{"@type":"WebSite","@id":"https:\/\/metaltale.com\/et\/#website","url":"https:\/\/metaltale.com\/et\/","name":"Metaltale.com","description":"","potentialAction":[{"@type":"SearchAction","target":{"@type":"EntryPoint","urlTemplate":"https:\/\/metaltale.com\/et\/?s={search_term_string}"},"query-input":{"@type":"PropertyValueSpecification","valueRequired":true,"valueName":"search_term_string"}}],"inLanguage":"et"}]}},"_links":{"self":[{"href":"https:\/\/metaltale.com\/et\/wp-json\/wp\/v2\/product\/140635","targetHints":{"allow":["GET"]}}],"collection":[{"href":"https:\/\/metaltale.com\/et\/wp-json\/wp\/v2\/product"}],"about":[{"href":"https:\/\/metaltale.com\/et\/wp-json\/wp\/v2\/types\/product"}],"replies":[{"embeddable":true,"href":"https:\/\/metaltale.com\/et\/wp-json\/wp\/v2\/comments?post=140635"}],"version-history":[{"count":0,"href":"https:\/\/metaltale.com\/et\/wp-json\/wp\/v2\/product\/140635\/revisions"}],"wp:featuredmedia":[{"embeddable":true,"href":"https:\/\/metaltale.com\/et\/wp-json\/wp\/v2\/media\/101004"}],"wp:attachment":[{"href":"https:\/\/metaltale.com\/et\/wp-json\/wp\/v2\/media?parent=140635"}],"wp:term":[{"taxonomy":"product_brand","embeddable":true,"href":"https:\/\/metaltale.com\/et\/wp-json\/wp\/v2\/product_brand?post=140635"},{"taxonomy":"product_cat","embeddable":true,"href":"https:\/\/metaltale.com\/et\/wp-json\/wp\/v2\/product_cat?post=140635"},{"taxonomy":"product_tag","embeddable":true,"href":"https:\/\/metaltale.com\/et\/wp-json\/wp\/v2\/product_tag?post=140635"}],"curies":[{"name":"wp","href":"https:\/\/api.w.org\/{rel}","templated":true}]}}