{"id":140632,"date":"2024-01-12T21:10:05","date_gmt":"2024-01-12T19:10:05","guid":{"rendered":"https:\/\/metaltale.com\/produktas\/moobli-kaepide-decorative-ilma-lukuta-95mm\/"},"modified":"2024-01-12T21:10:05","modified_gmt":"2024-01-12T19:10:05","slug":"moobli-kaepide-decorative-ilma-lukuta-95mm","status":"publish","type":"product","link":"https:\/\/metaltale.com\/et\/toode\/moobli-kaepide-decorative-ilma-lukuta-95mm\/","title":{"rendered":"M\u00f6\u00f6bli k\u00e4epide DECORATIVE ilma lukuta 95mm"},"content":{"rendered":"<div class=\"prod_data\">\n<p><strong>Mudel<\/strong> MD.128.PRGR<br \/>\n<strong>Materjal<\/strong> teras<br \/>\n<strong>\u00dcldine k\u00f5rgus (cm)<\/strong> 4,5<br \/>\n<strong>\u00dcldine laius (cm)<\/strong> 9,5<br \/>\nKoguprojektsioon (cm) 1,5<br \/>\nAukude <strong>vahekaugus (cm)<\/strong> 6,3<br \/>\nPaigalduskruvid Ei<br \/>\n<strong>V\u00e4rv<\/strong> Antiik kuld<\/p>\n<p>Toode on valmistatud k\u00f5rgeima kvaliteediga terasest, nii et see teenib meid pikka aega.<\/p>\n<p>Peened jooned ja v\u00e4ikesed kaunistused muudavad m\u00e4rgi kergeks ja elegantseks.<\/p>\n<p>K\u00e4epidemel on kinnitusaugud kiireks ja probleemivabaks paigaldamiseks<\/p>\n<hr>\n<p>Rustika m\u00f6\u00f6bli tarvikud on suurep\u00e4rane v\u00f5imalus anda meie m\u00f6\u00f6blile retroh\u00f5nguline iseloom, s\u00e4ilitades samas toote funktsionaalsed omadused. Tasub meeles pidada, et pealtn\u00e4ha v\u00e4ikesed ja t\u00e4htsusetud elemendid m\u00f5jutavad sisustuse l\u00f5pptulemust v\u00e4ga suurel m\u00e4\u00e4ral.<\/p>\n<p>M\u00f6\u00f6bli k\u00e4epide on lihtne ja kaunistatud v\u00e4ikeste vertikaalsete joontega, mis annavad sellele kerguse. K\u00e4epide on valmistatud antiikkullast, mis annab sellele v\u00e4ga elegantse ja samas klassikalise v\u00e4limuse. See on valmistatud k\u00f5rgeima kvaliteediga terasest, mis t\u00e4hendab, et k\u00e4epide kestab kaua.<\/p>\n<\/div>\n","protected":false},"excerpt":{"rendered":"<p>Mudel MD.128.PRGR Materjal teras \u00dcldine k\u00f5rgus (cm) 4,5 \u00dcldine laius (cm) 9,5 Koguprojektsioon (cm) 1,5 Aukude vahekaugus (cm) 6,3 Paigalduskruvid<\/p>\n","protected":false},"featured_media":131156,"comment_status":"open","ping_status":"closed","template":"","meta":{"_acf_changed":false,"pmpro_default_level":""},"product_brand":[],"product_cat":[23839,23836,23842],"product_tag":[],"class_list":{"0":"post-140632","1":"product","2":"type-product","3":"status-publish","4":"has-post-thumbnail","6":"product_cat-moobli-kaepidemed","7":"product_cat-moobli-tarvikud","8":"product_cat-spinteles-rankeneles-et","9":"pmpro-has-access","11":"first","12":"outofstock","13":"shipping-taxable","14":"purchasable","15":"product-type-simple"},"acf":[],"yoast_head":"<!-- This site is optimized with the Yoast SEO plugin v24.9 - https:\/\/yoast.com\/wordpress\/plugins\/seo\/ -->\n<title>M\u00f6\u00f6bli k\u00e4epide DECORATIVE ilma lukuta 95mm - MetalTale.com<\/title>\n<meta name=\"robots\" content=\"index, follow, max-snippet:-1, max-image-preview:large, max-video-preview:-1\" \/>\n<link rel=\"canonical\" href=\"https:\/\/metaltale.com\/et\/toode\/moobli-kaepide-decorative-ilma-lukuta-95mm\/\" \/>\n<meta property=\"og:locale\" content=\"et_EE\" \/>\n<meta property=\"og:type\" content=\"article\" \/>\n<meta property=\"og:title\" content=\"M\u00f6\u00f6bli k\u00e4epide DECORATIVE ilma lukuta 95mm - MetalTale.com\" \/>\n<meta property=\"og:description\" content=\"Mudel MD.128.PRGR Materjal teras \u00dcldine k\u00f5rgus (cm) 4,5 \u00dcldine laius (cm) 9,5 Koguprojektsioon (cm) 1,5 Aukude vahekaugus (cm) 6,3 Paigalduskruvid\" \/>\n<meta property=\"og:url\" content=\"https:\/\/metaltale.com\/et\/toode\/moobli-kaepide-decorative-ilma-lukuta-95mm\/\" \/>\n<meta property=\"og:site_name\" content=\"MetalTale.com\" \/>\n<meta property=\"og:image\" content=\"https:\/\/metaltale.com\/wp-content\/uploads\/2024\/01\/Baldu-rankena-DECORATIVE-be-uzrakto-95mm.jpg\" \/>\n\t<meta property=\"og:image:width\" content=\"800\" \/>\n\t<meta property=\"og:image:height\" content=\"800\" \/>\n\t<meta property=\"og:image:type\" content=\"image\/jpeg\" \/>\n<meta name=\"twitter:card\" content=\"summary_large_image\" \/>\n<meta name=\"twitter:label1\" content=\"Est. reading time\" \/>\n\t<meta name=\"twitter:data1\" content=\"1 minut\" \/>\n<script type=\"application\/ld+json\" class=\"yoast-schema-graph\">{\"@context\":\"https:\/\/schema.org\",\"@graph\":[{\"@type\":\"WebPage\",\"@id\":\"https:\/\/metaltale.com\/et\/toode\/moobli-kaepide-decorative-ilma-lukuta-95mm\/\",\"url\":\"https:\/\/metaltale.com\/et\/toode\/moobli-kaepide-decorative-ilma-lukuta-95mm\/\",\"name\":\"M\u00f6\u00f6bli k\u00e4epide DECORATIVE ilma lukuta 95mm - MetalTale.com\",\"isPartOf\":{\"@id\":\"https:\/\/metaltale.com\/et\/#website\"},\"primaryImageOfPage\":{\"@id\":\"https:\/\/metaltale.com\/et\/toode\/moobli-kaepide-decorative-ilma-lukuta-95mm\/#primaryimage\"},\"image\":{\"@id\":\"https:\/\/metaltale.com\/et\/toode\/moobli-kaepide-decorative-ilma-lukuta-95mm\/#primaryimage\"},\"thumbnailUrl\":\"https:\/\/metaltale.com\/wp-content\/uploads\/2024\/01\/Baldu-rankena-DECORATIVE-be-uzrakto-95mm.jpg\",\"datePublished\":\"2024-01-12T19:10:05+00:00\",\"breadcrumb\":{\"@id\":\"https:\/\/metaltale.com\/et\/toode\/moobli-kaepide-decorative-ilma-lukuta-95mm\/#breadcrumb\"},\"inLanguage\":\"et\",\"potentialAction\":[{\"@type\":\"ReadAction\",\"target\":[\"https:\/\/metaltale.com\/et\/toode\/moobli-kaepide-decorative-ilma-lukuta-95mm\/\"]}]},{\"@type\":\"ImageObject\",\"inLanguage\":\"et\",\"@id\":\"https:\/\/metaltale.com\/et\/toode\/moobli-kaepide-decorative-ilma-lukuta-95mm\/#primaryimage\",\"url\":\"https:\/\/metaltale.com\/wp-content\/uploads\/2024\/01\/Baldu-rankena-DECORATIVE-be-uzrakto-95mm.jpg\",\"contentUrl\":\"https:\/\/metaltale.com\/wp-content\/uploads\/2024\/01\/Baldu-rankena-DECORATIVE-be-uzrakto-95mm.jpg\",\"width\":800,\"height\":800,\"caption\":\"M\u00f6\u00f6bli k\u00e4epide DECORATIVE ilma lukuta 95mm\"},{\"@type\":\"BreadcrumbList\",\"@id\":\"https:\/\/metaltale.com\/et\/toode\/moobli-kaepide-decorative-ilma-lukuta-95mm\/#breadcrumb\",\"itemListElement\":[{\"@type\":\"ListItem\",\"position\":1,\"name\":\"Home\",\"item\":\"https:\/\/metaltale.com\/et\/kodu\/\"},{\"@type\":\"ListItem\",\"position\":2,\"name\":\"Kauplus\",\"item\":\"https:\/\/metaltale.com\/et\/shop\/\"},{\"@type\":\"ListItem\",\"position\":3,\"name\":\"M\u00f6\u00f6bli k\u00e4epide DECORATIVE ilma lukuta 95mm\"}]},{\"@type\":\"WebSite\",\"@id\":\"https:\/\/metaltale.com\/et\/#website\",\"url\":\"https:\/\/metaltale.com\/et\/\",\"name\":\"Metaltale.com\",\"description\":\"\",\"potentialAction\":[{\"@type\":\"SearchAction\",\"target\":{\"@type\":\"EntryPoint\",\"urlTemplate\":\"https:\/\/metaltale.com\/et\/?s={search_term_string}\"},\"query-input\":{\"@type\":\"PropertyValueSpecification\",\"valueRequired\":true,\"valueName\":\"search_term_string\"}}],\"inLanguage\":\"et\"}]}<\/script>\n<!-- \/ Yoast SEO plugin. -->","yoast_head_json":{"title":"M\u00f6\u00f6bli k\u00e4epide DECORATIVE ilma lukuta 95mm - MetalTale.com","robots":{"index":"index","follow":"follow","max-snippet":"max-snippet:-1","max-image-preview":"max-image-preview:large","max-video-preview":"max-video-preview:-1"},"canonical":"https:\/\/metaltale.com\/et\/toode\/moobli-kaepide-decorative-ilma-lukuta-95mm\/","og_locale":"et_EE","og_type":"article","og_title":"M\u00f6\u00f6bli k\u00e4epide DECORATIVE ilma lukuta 95mm - MetalTale.com","og_description":"Mudel MD.128.PRGR Materjal teras \u00dcldine k\u00f5rgus (cm) 4,5 \u00dcldine laius (cm) 9,5 Koguprojektsioon (cm) 1,5 Aukude vahekaugus (cm) 6,3 Paigalduskruvid","og_url":"https:\/\/metaltale.com\/et\/toode\/moobli-kaepide-decorative-ilma-lukuta-95mm\/","og_site_name":"MetalTale.com","og_image":[{"width":800,"height":800,"url":"https:\/\/metaltale.com\/wp-content\/uploads\/2024\/01\/Baldu-rankena-DECORATIVE-be-uzrakto-95mm.jpg","type":"image\/jpeg"}],"twitter_card":"summary_large_image","twitter_misc":{"Est. reading time":"1 minut"},"schema":{"@context":"https:\/\/schema.org","@graph":[{"@type":"WebPage","@id":"https:\/\/metaltale.com\/et\/toode\/moobli-kaepide-decorative-ilma-lukuta-95mm\/","url":"https:\/\/metaltale.com\/et\/toode\/moobli-kaepide-decorative-ilma-lukuta-95mm\/","name":"M\u00f6\u00f6bli k\u00e4epide DECORATIVE ilma lukuta 95mm - MetalTale.com","isPartOf":{"@id":"https:\/\/metaltale.com\/et\/#website"},"primaryImageOfPage":{"@id":"https:\/\/metaltale.com\/et\/toode\/moobli-kaepide-decorative-ilma-lukuta-95mm\/#primaryimage"},"image":{"@id":"https:\/\/metaltale.com\/et\/toode\/moobli-kaepide-decorative-ilma-lukuta-95mm\/#primaryimage"},"thumbnailUrl":"https:\/\/metaltale.com\/wp-content\/uploads\/2024\/01\/Baldu-rankena-DECORATIVE-be-uzrakto-95mm.jpg","datePublished":"2024-01-12T19:10:05+00:00","breadcrumb":{"@id":"https:\/\/metaltale.com\/et\/toode\/moobli-kaepide-decorative-ilma-lukuta-95mm\/#breadcrumb"},"inLanguage":"et","potentialAction":[{"@type":"ReadAction","target":["https:\/\/metaltale.com\/et\/toode\/moobli-kaepide-decorative-ilma-lukuta-95mm\/"]}]},{"@type":"ImageObject","inLanguage":"et","@id":"https:\/\/metaltale.com\/et\/toode\/moobli-kaepide-decorative-ilma-lukuta-95mm\/#primaryimage","url":"https:\/\/metaltale.com\/wp-content\/uploads\/2024\/01\/Baldu-rankena-DECORATIVE-be-uzrakto-95mm.jpg","contentUrl":"https:\/\/metaltale.com\/wp-content\/uploads\/2024\/01\/Baldu-rankena-DECORATIVE-be-uzrakto-95mm.jpg","width":800,"height":800,"caption":"M\u00f6\u00f6bli k\u00e4epide DECORATIVE ilma lukuta 95mm"},{"@type":"BreadcrumbList","@id":"https:\/\/metaltale.com\/et\/toode\/moobli-kaepide-decorative-ilma-lukuta-95mm\/#breadcrumb","itemListElement":[{"@type":"ListItem","position":1,"name":"Home","item":"https:\/\/metaltale.com\/et\/kodu\/"},{"@type":"ListItem","position":2,"name":"Kauplus","item":"https:\/\/metaltale.com\/et\/shop\/"},{"@type":"ListItem","position":3,"name":"M\u00f6\u00f6bli k\u00e4epide DECORATIVE ilma lukuta 95mm"}]},{"@type":"WebSite","@id":"https:\/\/metaltale.com\/et\/#website","url":"https:\/\/metaltale.com\/et\/","name":"Metaltale.com","description":"","potentialAction":[{"@type":"SearchAction","target":{"@type":"EntryPoint","urlTemplate":"https:\/\/metaltale.com\/et\/?s={search_term_string}"},"query-input":{"@type":"PropertyValueSpecification","valueRequired":true,"valueName":"search_term_string"}}],"inLanguage":"et"}]}},"_links":{"self":[{"href":"https:\/\/metaltale.com\/et\/wp-json\/wp\/v2\/product\/140632","targetHints":{"allow":["GET"]}}],"collection":[{"href":"https:\/\/metaltale.com\/et\/wp-json\/wp\/v2\/product"}],"about":[{"href":"https:\/\/metaltale.com\/et\/wp-json\/wp\/v2\/types\/product"}],"replies":[{"embeddable":true,"href":"https:\/\/metaltale.com\/et\/wp-json\/wp\/v2\/comments?post=140632"}],"version-history":[{"count":0,"href":"https:\/\/metaltale.com\/et\/wp-json\/wp\/v2\/product\/140632\/revisions"}],"wp:featuredmedia":[{"embeddable":true,"href":"https:\/\/metaltale.com\/et\/wp-json\/wp\/v2\/media\/131156"}],"wp:attachment":[{"href":"https:\/\/metaltale.com\/et\/wp-json\/wp\/v2\/media?parent=140632"}],"wp:term":[{"taxonomy":"product_brand","embeddable":true,"href":"https:\/\/metaltale.com\/et\/wp-json\/wp\/v2\/product_brand?post=140632"},{"taxonomy":"product_cat","embeddable":true,"href":"https:\/\/metaltale.com\/et\/wp-json\/wp\/v2\/product_cat?post=140632"},{"taxonomy":"product_tag","embeddable":true,"href":"https:\/\/metaltale.com\/et\/wp-json\/wp\/v2\/product_tag?post=140632"}],"curies":[{"name":"wp","href":"https:\/\/api.w.org\/{rel}","templated":true}]}}