{"id":140629,"date":"2024-01-12T21:08:54","date_gmt":"2024-01-12T19:08:54","guid":{"rendered":"https:\/\/metaltale.com\/produktas\/kaarjas-ripppeegel-langas\/"},"modified":"2024-01-12T21:08:54","modified_gmt":"2024-01-12T19:08:54","slug":"kaarjas-ripppeegel-langas","status":"publish","type":"product","link":"https:\/\/metaltale.com\/et\/toode\/kaarjas-ripppeegel-langas\/","title":{"rendered":"Kaarjas ripppeegel LANGAS"},"content":{"rendered":"<div class=\"prod_data\"><strong>Mudel<\/strong> DI.6672  <br \/><strong>EAN.<\/strong>  5905369924569  <br \/><strong>Materjal<\/strong> Alumiinium  <br \/>Paksus (cm) 2 <br \/><strong>\u00dcldine k\u00f5rgus (cm)<\/strong> 165  <br \/><strong>\u00dcldine laius (cm)<\/strong> 55  <br \/><strong>Vormid<\/strong> J\u00e4rgmine  <\/p>\n<p>&#8211; musta raamiga peegel <br \/>&#8211; minimalistlik raam erinevates vormides  <br \/>&#8211; iidset akent meenutav peegel<br \/>&#8211; riputamisv\u00f5imalusega peegel<\/p>\n<hr>\n<p>Kavandatav peegel on ainult n\u00e4iliselt minimalistlik. Peegli \u00fclaosas olev kaar ja konstruktsiooni muntinvarred muudavad peegli v\u00e4limuse elegantseks ja v\u00e4\u00e4rikaks. Selleks, et saada sellest parimat kasu, on hea m\u00f5te riputada peegel suuremale seinapinnale.  <\/p>\n<\/div>\n","protected":false},"excerpt":{"rendered":"<p>Mudel DI.6672 EAN. 5905369924569 Materjal Alumiinium Paksus (cm) 2 \u00dcldine k\u00f5rgus (cm) 165 \u00dcldine laius (cm) 55 Vormid J\u00e4rgmine &#8211;<\/p>\n","protected":false},"featured_media":91398,"comment_status":"open","ping_status":"closed","template":"","meta":{"_acf_changed":false,"pmpro_default_level":""},"product_brand":[],"product_cat":[24147],"product_tag":[],"class_list":{"0":"post-140629","1":"product","2":"type-product","3":"status-publish","4":"has-post-thumbnail","6":"product_cat-peeglid","7":"pmpro-has-access","9":"first","10":"instock","11":"shipping-taxable","12":"purchasable","13":"product-type-simple"},"acf":[],"yoast_head":"<!-- This site is optimized with the Yoast SEO plugin v24.9 - https:\/\/yoast.com\/wordpress\/plugins\/seo\/ -->\n<title>Kaarjas ripppeegel LANGAS - MetalTale.com<\/title>\n<meta name=\"robots\" content=\"index, follow, max-snippet:-1, max-image-preview:large, max-video-preview:-1\" \/>\n<link rel=\"canonical\" href=\"https:\/\/metaltale.com\/et\/toode\/kaarjas-ripppeegel-langas\/\" \/>\n<meta property=\"og:locale\" content=\"et_EE\" \/>\n<meta property=\"og:type\" content=\"article\" \/>\n<meta property=\"og:title\" content=\"Kaarjas ripppeegel LANGAS - MetalTale.com\" \/>\n<meta property=\"og:description\" content=\"Mudel DI.6672 EAN. 5905369924569 Materjal Alumiinium Paksus (cm) 2 \u00dcldine k\u00f5rgus (cm) 165 \u00dcldine laius (cm) 55 Vormid J\u00e4rgmine &#8211;\" \/>\n<meta property=\"og:url\" content=\"https:\/\/metaltale.com\/et\/toode\/kaarjas-ripppeegel-langas\/\" \/>\n<meta property=\"og:site_name\" content=\"MetalTale.com\" \/>\n<meta name=\"twitter:card\" content=\"summary_large_image\" \/>\n<script type=\"application\/ld+json\" class=\"yoast-schema-graph\">{\"@context\":\"https:\/\/schema.org\",\"@graph\":[{\"@type\":\"WebPage\",\"@id\":\"https:\/\/metaltale.com\/et\/toode\/kaarjas-ripppeegel-langas\/\",\"url\":\"https:\/\/metaltale.com\/et\/toode\/kaarjas-ripppeegel-langas\/\",\"name\":\"Kaarjas ripppeegel LANGAS - MetalTale.com\",\"isPartOf\":{\"@id\":\"https:\/\/metaltale.com\/et\/#website\"},\"primaryImageOfPage\":{\"@id\":\"https:\/\/metaltale.com\/et\/toode\/kaarjas-ripppeegel-langas\/#primaryimage\"},\"image\":{\"@id\":\"https:\/\/metaltale.com\/et\/toode\/kaarjas-ripppeegel-langas\/#primaryimage\"},\"thumbnailUrl\":\"https:\/\/metaltale.com\/wp-content\/uploads\/2023\/10\/Arkinis-pakabinamas-veidrodis-LANGAS.jpg\",\"datePublished\":\"2024-01-12T19:08:54+00:00\",\"breadcrumb\":{\"@id\":\"https:\/\/metaltale.com\/et\/toode\/kaarjas-ripppeegel-langas\/#breadcrumb\"},\"inLanguage\":\"et\",\"potentialAction\":[{\"@type\":\"ReadAction\",\"target\":[\"https:\/\/metaltale.com\/et\/toode\/kaarjas-ripppeegel-langas\/\"]}]},{\"@type\":\"ImageObject\",\"inLanguage\":\"et\",\"@id\":\"https:\/\/metaltale.com\/et\/toode\/kaarjas-ripppeegel-langas\/#primaryimage\",\"url\":\"https:\/\/metaltale.com\/wp-content\/uploads\/2023\/10\/Arkinis-pakabinamas-veidrodis-LANGAS.jpg\",\"contentUrl\":\"https:\/\/metaltale.com\/wp-content\/uploads\/2023\/10\/Arkinis-pakabinamas-veidrodis-LANGAS.jpg\",\"width\":800,\"height\":800},{\"@type\":\"BreadcrumbList\",\"@id\":\"https:\/\/metaltale.com\/et\/toode\/kaarjas-ripppeegel-langas\/#breadcrumb\",\"itemListElement\":[{\"@type\":\"ListItem\",\"position\":1,\"name\":\"Home\",\"item\":\"https:\/\/metaltale.com\/et\/kodu\/\"},{\"@type\":\"ListItem\",\"position\":2,\"name\":\"Kauplus\",\"item\":\"https:\/\/metaltale.com\/et\/shop\/\"},{\"@type\":\"ListItem\",\"position\":3,\"name\":\"Kaarjas ripppeegel LANGAS\"}]},{\"@type\":\"WebSite\",\"@id\":\"https:\/\/metaltale.com\/et\/#website\",\"url\":\"https:\/\/metaltale.com\/et\/\",\"name\":\"Metaltale.com\",\"description\":\"\",\"potentialAction\":[{\"@type\":\"SearchAction\",\"target\":{\"@type\":\"EntryPoint\",\"urlTemplate\":\"https:\/\/metaltale.com\/et\/?s={search_term_string}\"},\"query-input\":{\"@type\":\"PropertyValueSpecification\",\"valueRequired\":true,\"valueName\":\"search_term_string\"}}],\"inLanguage\":\"et\"}]}<\/script>\n<!-- \/ Yoast SEO plugin. -->","yoast_head_json":{"title":"Kaarjas ripppeegel LANGAS - MetalTale.com","robots":{"index":"index","follow":"follow","max-snippet":"max-snippet:-1","max-image-preview":"max-image-preview:large","max-video-preview":"max-video-preview:-1"},"canonical":"https:\/\/metaltale.com\/et\/toode\/kaarjas-ripppeegel-langas\/","og_locale":"et_EE","og_type":"article","og_title":"Kaarjas ripppeegel LANGAS - MetalTale.com","og_description":"Mudel DI.6672 EAN. 5905369924569 Materjal Alumiinium Paksus (cm) 2 \u00dcldine k\u00f5rgus (cm) 165 \u00dcldine laius (cm) 55 Vormid J\u00e4rgmine &#8211;","og_url":"https:\/\/metaltale.com\/et\/toode\/kaarjas-ripppeegel-langas\/","og_site_name":"MetalTale.com","twitter_card":"summary_large_image","schema":{"@context":"https:\/\/schema.org","@graph":[{"@type":"WebPage","@id":"https:\/\/metaltale.com\/et\/toode\/kaarjas-ripppeegel-langas\/","url":"https:\/\/metaltale.com\/et\/toode\/kaarjas-ripppeegel-langas\/","name":"Kaarjas ripppeegel LANGAS - MetalTale.com","isPartOf":{"@id":"https:\/\/metaltale.com\/et\/#website"},"primaryImageOfPage":{"@id":"https:\/\/metaltale.com\/et\/toode\/kaarjas-ripppeegel-langas\/#primaryimage"},"image":{"@id":"https:\/\/metaltale.com\/et\/toode\/kaarjas-ripppeegel-langas\/#primaryimage"},"thumbnailUrl":"https:\/\/metaltale.com\/wp-content\/uploads\/2023\/10\/Arkinis-pakabinamas-veidrodis-LANGAS.jpg","datePublished":"2024-01-12T19:08:54+00:00","breadcrumb":{"@id":"https:\/\/metaltale.com\/et\/toode\/kaarjas-ripppeegel-langas\/#breadcrumb"},"inLanguage":"et","potentialAction":[{"@type":"ReadAction","target":["https:\/\/metaltale.com\/et\/toode\/kaarjas-ripppeegel-langas\/"]}]},{"@type":"ImageObject","inLanguage":"et","@id":"https:\/\/metaltale.com\/et\/toode\/kaarjas-ripppeegel-langas\/#primaryimage","url":"https:\/\/metaltale.com\/wp-content\/uploads\/2023\/10\/Arkinis-pakabinamas-veidrodis-LANGAS.jpg","contentUrl":"https:\/\/metaltale.com\/wp-content\/uploads\/2023\/10\/Arkinis-pakabinamas-veidrodis-LANGAS.jpg","width":800,"height":800},{"@type":"BreadcrumbList","@id":"https:\/\/metaltale.com\/et\/toode\/kaarjas-ripppeegel-langas\/#breadcrumb","itemListElement":[{"@type":"ListItem","position":1,"name":"Home","item":"https:\/\/metaltale.com\/et\/kodu\/"},{"@type":"ListItem","position":2,"name":"Kauplus","item":"https:\/\/metaltale.com\/et\/shop\/"},{"@type":"ListItem","position":3,"name":"Kaarjas ripppeegel LANGAS"}]},{"@type":"WebSite","@id":"https:\/\/metaltale.com\/et\/#website","url":"https:\/\/metaltale.com\/et\/","name":"Metaltale.com","description":"","potentialAction":[{"@type":"SearchAction","target":{"@type":"EntryPoint","urlTemplate":"https:\/\/metaltale.com\/et\/?s={search_term_string}"},"query-input":{"@type":"PropertyValueSpecification","valueRequired":true,"valueName":"search_term_string"}}],"inLanguage":"et"}]}},"_links":{"self":[{"href":"https:\/\/metaltale.com\/et\/wp-json\/wp\/v2\/product\/140629","targetHints":{"allow":["GET"]}}],"collection":[{"href":"https:\/\/metaltale.com\/et\/wp-json\/wp\/v2\/product"}],"about":[{"href":"https:\/\/metaltale.com\/et\/wp-json\/wp\/v2\/types\/product"}],"replies":[{"embeddable":true,"href":"https:\/\/metaltale.com\/et\/wp-json\/wp\/v2\/comments?post=140629"}],"version-history":[{"count":0,"href":"https:\/\/metaltale.com\/et\/wp-json\/wp\/v2\/product\/140629\/revisions"}],"wp:featuredmedia":[{"embeddable":true,"href":"https:\/\/metaltale.com\/et\/wp-json\/wp\/v2\/media\/91398"}],"wp:attachment":[{"href":"https:\/\/metaltale.com\/et\/wp-json\/wp\/v2\/media?parent=140629"}],"wp:term":[{"taxonomy":"product_brand","embeddable":true,"href":"https:\/\/metaltale.com\/et\/wp-json\/wp\/v2\/product_brand?post=140629"},{"taxonomy":"product_cat","embeddable":true,"href":"https:\/\/metaltale.com\/et\/wp-json\/wp\/v2\/product_cat?post=140629"},{"taxonomy":"product_tag","embeddable":true,"href":"https:\/\/metaltale.com\/et\/wp-json\/wp\/v2\/product_tag?post=140629"}],"curies":[{"name":"wp","href":"https:\/\/api.w.org\/{rel}","templated":true}]}}