{"id":140616,"date":"2024-01-24T00:37:38","date_gmt":"2024-01-23T22:37:38","guid":{"rendered":"https:\/\/metaltale.com\/produktas\/industrial-duo-kahepoolsed-metallist-lukanduksed\/"},"modified":"2024-01-24T00:37:38","modified_gmt":"2024-01-23T22:37:38","slug":"industrial-duo-kahepoolsed-metallist-lukanduksed","status":"publish","type":"product","link":"https:\/\/metaltale.com\/et\/toode\/industrial-duo-kahepoolsed-metallist-lukanduksed\/","title":{"rendered":"INDUSTRIAL DUO kahepoolsed metallist l\u00fckanduksed"},"content":{"rendered":"<div class=\"prod_data\"><strong>Mudel<\/strong>..IND. D-100X210  <br \/><strong>EAN.<\/strong>  5905369913693  <br \/><strong>Materjal<\/strong> teras  <br \/><strong>Paksus (cm)<\/strong> 3  <br \/>\u00dcldine k\u00f5rgus (cm) 210 <br \/>\u00dcldlaius (cm) 100 <br \/>V\u00e4rv teras <br \/>LISATEAVE Pakkumine kehtib ainult \u00fche ukselaua kohta ja ei sisalda libisevuss\u00fcsteemi ega muid lisaseadmeid. <\/p>\n<hr>\n<p>&#8220;Industrial Duo on m\u00f5eldud seiklushimulistele inimestele, kes hindavad originaalsust ja individuaalsust.<\/p>\n<p>Industrial Duo liugukse p\u00f5himotiiviks on tavalises toonis tavaline plekk. Ukse t\u00f6\u00f6stusliku iseloomu r\u00f5hutamiseks on plekki \u00fchendavad neetid tahtlikult paljastatud, et r\u00f5hutada ukse t\u00f6\u00f6stuslikku iseloomu. L\u00fckanduste karedust r\u00f5hutavad n\u00e4htavad kriimustused ja keevis\u00f5mblused. Plekk on lihvitud ja kahjustuste eest kaitstud, \u00f5rnalt \u00fcmardatud servadega, mis tagavad ohutuse ja mugavuse.<\/p>\n<p>Uks on valmistatud kinnistest profiilidest valmistatud teraskarkassist. Neetidega kinnitatud s\u00fcvistatud k\u00e4epide annab sellele salap\u00e4rase v\u00e4limuse. Uste metallosad on satiinitud ja v\u00e4rvimata.<\/p>\n<p>Industrial Duo uksed on m\u00f5lemalt poolt metallist. Pakume ka m\u00e4nnist sisek\u00fcljega t\u00f6\u00f6stuslike l\u00fckandusteid.<\/p>\n<p>Industrial Duo liuguks n\u00e4eb lihtne v\u00e4lja, kuid kui see paigaldatakse interj\u00f6\u00f6ri, annab see sellele loft-taolise, t\u00f6\u00f6stusliku iseloomu.<\/p>\n<p>Selle uksemudeli jaoks soovitame teraslattide LOFT, KRAWAT STALOWA, VANA STALOWA v\u00f5i BARN DOORS.<\/p>\n<hr>\n<p>*Industrial Duo uksi ei saa kasutada koos hingedega l\u00fckandukses\u00fcsteemidega (Vintage, Kolo na Wieszaku).<br \/>*Pakkumine kehtib ainult uste kohta ja ei sisalda libisevust ega muid lisaseadmeid.<\/p>\n<hr>\n<\/div>\n","protected":false},"excerpt":{"rendered":"<p>Mudel..IND. D-100X210 EAN. 5905369913693 Materjal teras Paksus (cm) 3 \u00dcldine k\u00f5rgus (cm) 210 \u00dcldlaius (cm) 100 V\u00e4rv teras LISATEAVE Pakkumine<\/p>\n","protected":false},"featured_media":82186,"comment_status":"open","ping_status":"closed","template":"","meta":{"_acf_changed":false,"pmpro_default_level":""},"product_brand":[],"product_cat":[24145,24140,24159],"product_tag":[],"class_list":{"0":"post-140616","1":"product","2":"type-product","3":"status-publish","4":"has-post-thumbnail","6":"product_cat-liuguksed-et","7":"product_cat-liuguksesusteemid","8":"product_cat-metallist-lukanduksed","9":"pmpro-has-access","11":"first","12":"instock","13":"shipping-taxable","14":"purchasable","15":"product-type-simple"},"acf":[],"yoast_head":"<!-- This site is optimized with the Yoast SEO plugin v24.9 - https:\/\/yoast.com\/wordpress\/plugins\/seo\/ -->\n<title>INDUSTRIAL DUO kahepoolsed metallist l\u00fckanduksed - MetalTale.com<\/title>\n<meta name=\"robots\" content=\"index, follow, max-snippet:-1, max-image-preview:large, max-video-preview:-1\" \/>\n<link rel=\"canonical\" href=\"https:\/\/metaltale.com\/et\/toode\/industrial-duo-kahepoolsed-metallist-lukanduksed\/\" \/>\n<meta property=\"og:locale\" content=\"et_EE\" \/>\n<meta property=\"og:type\" content=\"article\" \/>\n<meta property=\"og:title\" content=\"INDUSTRIAL DUO kahepoolsed metallist l\u00fckanduksed - MetalTale.com\" \/>\n<meta property=\"og:description\" content=\"Mudel..IND. D-100X210 EAN. 5905369913693 Materjal teras Paksus (cm) 3 \u00dcldine k\u00f5rgus (cm) 210 \u00dcldlaius (cm) 100 V\u00e4rv teras LISATEAVE Pakkumine\" \/>\n<meta property=\"og:url\" content=\"https:\/\/metaltale.com\/et\/toode\/industrial-duo-kahepoolsed-metallist-lukanduksed\/\" \/>\n<meta property=\"og:site_name\" content=\"MetalTale.com\" \/>\n<meta property=\"og:image\" content=\"http:\/\/metaltale.com\/wp-content\/uploads\/2023\/10\/Durys-INDUSTRIAL-DUO-100x210-1.jpg\" \/>\n\t<meta property=\"og:image:width\" content=\"800\" \/>\n\t<meta property=\"og:image:height\" content=\"800\" \/>\n\t<meta property=\"og:image:type\" content=\"image\/jpeg\" \/>\n<meta name=\"twitter:card\" content=\"summary_large_image\" \/>\n<meta name=\"twitter:label1\" content=\"Est. reading time\" \/>\n\t<meta name=\"twitter:data1\" content=\"1 minut\" \/>\n<script type=\"application\/ld+json\" class=\"yoast-schema-graph\">{\"@context\":\"https:\/\/schema.org\",\"@graph\":[{\"@type\":\"WebPage\",\"@id\":\"https:\/\/metaltale.com\/et\/toode\/industrial-duo-kahepoolsed-metallist-lukanduksed\/\",\"url\":\"https:\/\/metaltale.com\/et\/toode\/industrial-duo-kahepoolsed-metallist-lukanduksed\/\",\"name\":\"INDUSTRIAL DUO kahepoolsed metallist l\u00fckanduksed - MetalTale.com\",\"isPartOf\":{\"@id\":\"https:\/\/metaltale.com\/et\/#website\"},\"primaryImageOfPage\":{\"@id\":\"https:\/\/metaltale.com\/et\/toode\/industrial-duo-kahepoolsed-metallist-lukanduksed\/#primaryimage\"},\"image\":{\"@id\":\"https:\/\/metaltale.com\/et\/toode\/industrial-duo-kahepoolsed-metallist-lukanduksed\/#primaryimage\"},\"thumbnailUrl\":\"https:\/\/metaltale.com\/wp-content\/uploads\/2023\/10\/Durys-INDUSTRIAL-DUO-100x210-1.jpg\",\"datePublished\":\"2024-01-23T22:37:38+00:00\",\"breadcrumb\":{\"@id\":\"https:\/\/metaltale.com\/et\/toode\/industrial-duo-kahepoolsed-metallist-lukanduksed\/#breadcrumb\"},\"inLanguage\":\"et\",\"potentialAction\":[{\"@type\":\"ReadAction\",\"target\":[\"https:\/\/metaltale.com\/et\/toode\/industrial-duo-kahepoolsed-metallist-lukanduksed\/\"]}]},{\"@type\":\"ImageObject\",\"inLanguage\":\"et\",\"@id\":\"https:\/\/metaltale.com\/et\/toode\/industrial-duo-kahepoolsed-metallist-lukanduksed\/#primaryimage\",\"url\":\"https:\/\/metaltale.com\/wp-content\/uploads\/2023\/10\/Durys-INDUSTRIAL-DUO-100x210-1.jpg\",\"contentUrl\":\"https:\/\/metaltale.com\/wp-content\/uploads\/2023\/10\/Durys-INDUSTRIAL-DUO-100x210-1.jpg\",\"width\":800,\"height\":800,\"caption\":\"Metalin\u0117s stumdomosios durys INDUSTRIAL DUO\"},{\"@type\":\"BreadcrumbList\",\"@id\":\"https:\/\/metaltale.com\/et\/toode\/industrial-duo-kahepoolsed-metallist-lukanduksed\/#breadcrumb\",\"itemListElement\":[{\"@type\":\"ListItem\",\"position\":1,\"name\":\"Home\",\"item\":\"https:\/\/metaltale.com\/et\/kodu\/\"},{\"@type\":\"ListItem\",\"position\":2,\"name\":\"Kauplus\",\"item\":\"https:\/\/metaltale.com\/et\/shop\/\"},{\"@type\":\"ListItem\",\"position\":3,\"name\":\"INDUSTRIAL DUO kahepoolsed metallist l\u00fckanduksed\"}]},{\"@type\":\"WebSite\",\"@id\":\"https:\/\/metaltale.com\/et\/#website\",\"url\":\"https:\/\/metaltale.com\/et\/\",\"name\":\"Metaltale.com\",\"description\":\"\",\"potentialAction\":[{\"@type\":\"SearchAction\",\"target\":{\"@type\":\"EntryPoint\",\"urlTemplate\":\"https:\/\/metaltale.com\/et\/?s={search_term_string}\"},\"query-input\":{\"@type\":\"PropertyValueSpecification\",\"valueRequired\":true,\"valueName\":\"search_term_string\"}}],\"inLanguage\":\"et\"}]}<\/script>\n<!-- \/ Yoast SEO plugin. -->","yoast_head_json":{"title":"INDUSTRIAL DUO kahepoolsed metallist l\u00fckanduksed - MetalTale.com","robots":{"index":"index","follow":"follow","max-snippet":"max-snippet:-1","max-image-preview":"max-image-preview:large","max-video-preview":"max-video-preview:-1"},"canonical":"https:\/\/metaltale.com\/et\/toode\/industrial-duo-kahepoolsed-metallist-lukanduksed\/","og_locale":"et_EE","og_type":"article","og_title":"INDUSTRIAL DUO kahepoolsed metallist l\u00fckanduksed - MetalTale.com","og_description":"Mudel..IND. D-100X210 EAN. 5905369913693 Materjal teras Paksus (cm) 3 \u00dcldine k\u00f5rgus (cm) 210 \u00dcldlaius (cm) 100 V\u00e4rv teras LISATEAVE Pakkumine","og_url":"https:\/\/metaltale.com\/et\/toode\/industrial-duo-kahepoolsed-metallist-lukanduksed\/","og_site_name":"MetalTale.com","og_image":[{"width":800,"height":800,"url":"http:\/\/metaltale.com\/wp-content\/uploads\/2023\/10\/Durys-INDUSTRIAL-DUO-100x210-1.jpg","type":"image\/jpeg"}],"twitter_card":"summary_large_image","twitter_misc":{"Est. reading time":"1 minut"},"schema":{"@context":"https:\/\/schema.org","@graph":[{"@type":"WebPage","@id":"https:\/\/metaltale.com\/et\/toode\/industrial-duo-kahepoolsed-metallist-lukanduksed\/","url":"https:\/\/metaltale.com\/et\/toode\/industrial-duo-kahepoolsed-metallist-lukanduksed\/","name":"INDUSTRIAL DUO kahepoolsed metallist l\u00fckanduksed - MetalTale.com","isPartOf":{"@id":"https:\/\/metaltale.com\/et\/#website"},"primaryImageOfPage":{"@id":"https:\/\/metaltale.com\/et\/toode\/industrial-duo-kahepoolsed-metallist-lukanduksed\/#primaryimage"},"image":{"@id":"https:\/\/metaltale.com\/et\/toode\/industrial-duo-kahepoolsed-metallist-lukanduksed\/#primaryimage"},"thumbnailUrl":"https:\/\/metaltale.com\/wp-content\/uploads\/2023\/10\/Durys-INDUSTRIAL-DUO-100x210-1.jpg","datePublished":"2024-01-23T22:37:38+00:00","breadcrumb":{"@id":"https:\/\/metaltale.com\/et\/toode\/industrial-duo-kahepoolsed-metallist-lukanduksed\/#breadcrumb"},"inLanguage":"et","potentialAction":[{"@type":"ReadAction","target":["https:\/\/metaltale.com\/et\/toode\/industrial-duo-kahepoolsed-metallist-lukanduksed\/"]}]},{"@type":"ImageObject","inLanguage":"et","@id":"https:\/\/metaltale.com\/et\/toode\/industrial-duo-kahepoolsed-metallist-lukanduksed\/#primaryimage","url":"https:\/\/metaltale.com\/wp-content\/uploads\/2023\/10\/Durys-INDUSTRIAL-DUO-100x210-1.jpg","contentUrl":"https:\/\/metaltale.com\/wp-content\/uploads\/2023\/10\/Durys-INDUSTRIAL-DUO-100x210-1.jpg","width":800,"height":800,"caption":"Metalin\u0117s stumdomosios durys INDUSTRIAL DUO"},{"@type":"BreadcrumbList","@id":"https:\/\/metaltale.com\/et\/toode\/industrial-duo-kahepoolsed-metallist-lukanduksed\/#breadcrumb","itemListElement":[{"@type":"ListItem","position":1,"name":"Home","item":"https:\/\/metaltale.com\/et\/kodu\/"},{"@type":"ListItem","position":2,"name":"Kauplus","item":"https:\/\/metaltale.com\/et\/shop\/"},{"@type":"ListItem","position":3,"name":"INDUSTRIAL DUO kahepoolsed metallist l\u00fckanduksed"}]},{"@type":"WebSite","@id":"https:\/\/metaltale.com\/et\/#website","url":"https:\/\/metaltale.com\/et\/","name":"Metaltale.com","description":"","potentialAction":[{"@type":"SearchAction","target":{"@type":"EntryPoint","urlTemplate":"https:\/\/metaltale.com\/et\/?s={search_term_string}"},"query-input":{"@type":"PropertyValueSpecification","valueRequired":true,"valueName":"search_term_string"}}],"inLanguage":"et"}]}},"_links":{"self":[{"href":"https:\/\/metaltale.com\/et\/wp-json\/wp\/v2\/product\/140616","targetHints":{"allow":["GET"]}}],"collection":[{"href":"https:\/\/metaltale.com\/et\/wp-json\/wp\/v2\/product"}],"about":[{"href":"https:\/\/metaltale.com\/et\/wp-json\/wp\/v2\/types\/product"}],"replies":[{"embeddable":true,"href":"https:\/\/metaltale.com\/et\/wp-json\/wp\/v2\/comments?post=140616"}],"version-history":[{"count":0,"href":"https:\/\/metaltale.com\/et\/wp-json\/wp\/v2\/product\/140616\/revisions"}],"wp:featuredmedia":[{"embeddable":true,"href":"https:\/\/metaltale.com\/et\/wp-json\/wp\/v2\/media\/82186"}],"wp:attachment":[{"href":"https:\/\/metaltale.com\/et\/wp-json\/wp\/v2\/media?parent=140616"}],"wp:term":[{"taxonomy":"product_brand","embeddable":true,"href":"https:\/\/metaltale.com\/et\/wp-json\/wp\/v2\/product_brand?post=140616"},{"taxonomy":"product_cat","embeddable":true,"href":"https:\/\/metaltale.com\/et\/wp-json\/wp\/v2\/product_cat?post=140616"},{"taxonomy":"product_tag","embeddable":true,"href":"https:\/\/metaltale.com\/et\/wp-json\/wp\/v2\/product_tag?post=140616"}],"curies":[{"name":"wp","href":"https:\/\/api.w.org\/{rel}","templated":true}]}}