{"id":140586,"date":"2024-01-24T00:43:45","date_gmt":"2024-01-23T22:43:45","guid":{"rendered":"https:\/\/metaltale.com\/produktas\/riiulitugi-ducket-230x150-mm\/"},"modified":"2024-01-24T00:43:45","modified_gmt":"2024-01-23T22:43:45","slug":"riiulitugi-ducket-230x150-mm","status":"publish","type":"product","link":"https:\/\/metaltale.com\/et\/toode\/riiulitugi-ducket-230x150-mm\/","title":{"rendered":"Riiulitugi DUCKET 230&#215;150 mm"},"content":{"rendered":"<div class=\"prod_data\">\n<p><strong>Mudel<\/strong> 70.078J.AI<br \/>\nMaterjal Ketus<br \/>\n<strong>\u00dcldine laius (cm)<\/strong> 3,5 \/ 4<br \/>\nPaigalduskruvid Jah<br \/>\n<strong>V\u00e4rv<\/strong> teras<br \/>\n<strong>Viimistlemine<\/strong> t\u00f6\u00f6tlemata<br \/>\nKogus komplekti kohta 1 tk.<\/p>\n<p><span style=\"font-size: medium;\">&#8211; iseloomuliku vertikaalse otsaga malmist klamber<\/span><br \/>\n<span style=\"font-size: medium;\">&#8211; Riiuli valmistamiseks v\u00f5ib kasutada MDF- v\u00f5i puitlaastplaati, kuid k\u00f5ige paremini n\u00e4eb klamber v\u00e4lja naturaalsest puidust.<\/span><br \/>\n<span style=\"font-size: medium;\">&#8211; \u00fcmardatud servad on esteetilise funktsiooniga ja m\u00f5jutavad toote ohutust.<\/span><br \/>\n<span style=\"font-size: medium;\">&#8211; klambrit eristab ettev\u00f5tte nime \u00fchendavate t\u00e4htede t\u00e4pne vormimine.<br \/>\n<\/span><\/p>\n<hr>\n<p><span style=\"font-size: medium;\">Originaalne ja pilkup\u00fc\u00fcdev DUCKETi hoidja on ideaalne t\u00e4iendus igasse moodsasse ja retro interj\u00f6\u00f6ri. Kujude ja vormide valik muudab toote v\u00e4limuse v\u00e4ga muljetavaldavaks. T\u00e4pselt valmistatud riiul tagab riiuli stabiilsuse ja vastupidavuse. T\u00e4nu oma erinevatele m\u00f5\u00f5tmetele toimib hoidja tugevaks riiuliks raamatute v\u00f5i dekoratsioonide jaoks. Toorest malmist struktuur r\u00f5hutab hoidja maal\u00e4hedast iseloomu.<\/span><\/p>\n<hr>\n<p style=\"text-align: left;\">*Riiulite klambrid on k\u00e4sitsi valmistatud, seega v\u00f5ib esineda v\u00e4ike k\u00f5rvalekalle (mitte t\u00e4pselt 90\u00b0).<\/p>\n<\/div>\n","protected":false},"excerpt":{"rendered":"<p>Mudel 70.078J.AI Materjal Ketus \u00dcldine laius (cm) 3,5 \/ 4 Paigalduskruvid Jah V\u00e4rv teras Viimistlemine t\u00f6\u00f6tlemata Kogus komplekti kohta 1<\/p>\n","protected":false},"featured_media":83884,"comment_status":"open","ping_status":"closed","template":"","meta":{"_acf_changed":false,"pmpro_default_level":""},"product_brand":[],"product_cat":[23859,23836],"product_tag":[],"class_list":{"0":"post-140586","1":"product","2":"type-product","3":"status-publish","4":"has-post-thumbnail","6":"product_cat-lentynu-laikikliai-et","7":"product_cat-moobli-tarvikud","8":"pmpro-has-access","10":"first","11":"instock","12":"shipping-taxable","13":"purchasable","14":"product-type-simple"},"acf":[],"yoast_head":"<!-- This site is optimized with the Yoast SEO plugin v24.9 - https:\/\/yoast.com\/wordpress\/plugins\/seo\/ -->\n<title>Riiulitugi DUCKET 230x150 mm - MetalTale.com<\/title>\n<meta name=\"robots\" content=\"index, follow, max-snippet:-1, max-image-preview:large, max-video-preview:-1\" \/>\n<link rel=\"canonical\" href=\"https:\/\/metaltale.com\/et\/toode\/riiulitugi-ducket-230x150-mm\/\" \/>\n<meta property=\"og:locale\" content=\"et_EE\" \/>\n<meta property=\"og:type\" content=\"article\" \/>\n<meta property=\"og:title\" content=\"Riiulitugi DUCKET 230x150 mm - MetalTale.com\" \/>\n<meta property=\"og:description\" content=\"Mudel 70.078J.AI Materjal Ketus \u00dcldine laius (cm) 3,5 \/ 4 Paigalduskruvid Jah V\u00e4rv teras Viimistlemine t\u00f6\u00f6tlemata Kogus komplekti kohta 1\" \/>\n<meta property=\"og:url\" content=\"https:\/\/metaltale.com\/et\/toode\/riiulitugi-ducket-230x150-mm\/\" \/>\n<meta property=\"og:site_name\" content=\"MetalTale.com\" \/>\n<meta property=\"og:image\" content=\"https:\/\/metaltale.com\/wp-content\/uploads\/2023\/10\/Laikiklis-DUCKET-150x100-plienas.jpg\" \/>\n\t<meta property=\"og:image:width\" content=\"800\" \/>\n\t<meta property=\"og:image:height\" content=\"800\" \/>\n\t<meta property=\"og:image:type\" content=\"image\/jpeg\" \/>\n<meta name=\"twitter:card\" content=\"summary_large_image\" \/>\n<meta name=\"twitter:label1\" content=\"Est. reading time\" \/>\n\t<meta name=\"twitter:data1\" content=\"1 minut\" \/>\n<script type=\"application\/ld+json\" class=\"yoast-schema-graph\">{\"@context\":\"https:\/\/schema.org\",\"@graph\":[{\"@type\":\"WebPage\",\"@id\":\"https:\/\/metaltale.com\/et\/toode\/riiulitugi-ducket-230x150-mm\/\",\"url\":\"https:\/\/metaltale.com\/et\/toode\/riiulitugi-ducket-230x150-mm\/\",\"name\":\"Riiulitugi DUCKET 230x150 mm - MetalTale.com\",\"isPartOf\":{\"@id\":\"https:\/\/metaltale.com\/et\/#website\"},\"primaryImageOfPage\":{\"@id\":\"https:\/\/metaltale.com\/et\/toode\/riiulitugi-ducket-230x150-mm\/#primaryimage\"},\"image\":{\"@id\":\"https:\/\/metaltale.com\/et\/toode\/riiulitugi-ducket-230x150-mm\/#primaryimage\"},\"thumbnailUrl\":\"https:\/\/metaltale.com\/wp-content\/uploads\/2023\/10\/Laikiklis-DUCKET-150x100-plienas.jpg\",\"datePublished\":\"2024-01-23T22:43:45+00:00\",\"breadcrumb\":{\"@id\":\"https:\/\/metaltale.com\/et\/toode\/riiulitugi-ducket-230x150-mm\/#breadcrumb\"},\"inLanguage\":\"et\",\"potentialAction\":[{\"@type\":\"ReadAction\",\"target\":[\"https:\/\/metaltale.com\/et\/toode\/riiulitugi-ducket-230x150-mm\/\"]}]},{\"@type\":\"ImageObject\",\"inLanguage\":\"et\",\"@id\":\"https:\/\/metaltale.com\/et\/toode\/riiulitugi-ducket-230x150-mm\/#primaryimage\",\"url\":\"https:\/\/metaltale.com\/wp-content\/uploads\/2023\/10\/Laikiklis-DUCKET-150x100-plienas.jpg\",\"contentUrl\":\"https:\/\/metaltale.com\/wp-content\/uploads\/2023\/10\/Laikiklis-DUCKET-150x100-plienas.jpg\",\"width\":800,\"height\":800,\"caption\":\"Riiulitugi DUCKET 205x125 mm\"},{\"@type\":\"BreadcrumbList\",\"@id\":\"https:\/\/metaltale.com\/et\/toode\/riiulitugi-ducket-230x150-mm\/#breadcrumb\",\"itemListElement\":[{\"@type\":\"ListItem\",\"position\":1,\"name\":\"Home\",\"item\":\"https:\/\/metaltale.com\/et\/kodu\/\"},{\"@type\":\"ListItem\",\"position\":2,\"name\":\"Kauplus\",\"item\":\"https:\/\/metaltale.com\/et\/shop\/\"},{\"@type\":\"ListItem\",\"position\":3,\"name\":\"Riiulitugi DUCKET 230&#215;150 mm\"}]},{\"@type\":\"WebSite\",\"@id\":\"https:\/\/metaltale.com\/et\/#website\",\"url\":\"https:\/\/metaltale.com\/et\/\",\"name\":\"Metaltale.com\",\"description\":\"\",\"potentialAction\":[{\"@type\":\"SearchAction\",\"target\":{\"@type\":\"EntryPoint\",\"urlTemplate\":\"https:\/\/metaltale.com\/et\/?s={search_term_string}\"},\"query-input\":{\"@type\":\"PropertyValueSpecification\",\"valueRequired\":true,\"valueName\":\"search_term_string\"}}],\"inLanguage\":\"et\"}]}<\/script>\n<!-- \/ Yoast SEO plugin. -->","yoast_head_json":{"title":"Riiulitugi DUCKET 230x150 mm - MetalTale.com","robots":{"index":"index","follow":"follow","max-snippet":"max-snippet:-1","max-image-preview":"max-image-preview:large","max-video-preview":"max-video-preview:-1"},"canonical":"https:\/\/metaltale.com\/et\/toode\/riiulitugi-ducket-230x150-mm\/","og_locale":"et_EE","og_type":"article","og_title":"Riiulitugi DUCKET 230x150 mm - MetalTale.com","og_description":"Mudel 70.078J.AI Materjal Ketus \u00dcldine laius (cm) 3,5 \/ 4 Paigalduskruvid Jah V\u00e4rv teras Viimistlemine t\u00f6\u00f6tlemata Kogus komplekti kohta 1","og_url":"https:\/\/metaltale.com\/et\/toode\/riiulitugi-ducket-230x150-mm\/","og_site_name":"MetalTale.com","og_image":[{"width":800,"height":800,"url":"https:\/\/metaltale.com\/wp-content\/uploads\/2023\/10\/Laikiklis-DUCKET-150x100-plienas.jpg","type":"image\/jpeg"}],"twitter_card":"summary_large_image","twitter_misc":{"Est. reading time":"1 minut"},"schema":{"@context":"https:\/\/schema.org","@graph":[{"@type":"WebPage","@id":"https:\/\/metaltale.com\/et\/toode\/riiulitugi-ducket-230x150-mm\/","url":"https:\/\/metaltale.com\/et\/toode\/riiulitugi-ducket-230x150-mm\/","name":"Riiulitugi DUCKET 230x150 mm - MetalTale.com","isPartOf":{"@id":"https:\/\/metaltale.com\/et\/#website"},"primaryImageOfPage":{"@id":"https:\/\/metaltale.com\/et\/toode\/riiulitugi-ducket-230x150-mm\/#primaryimage"},"image":{"@id":"https:\/\/metaltale.com\/et\/toode\/riiulitugi-ducket-230x150-mm\/#primaryimage"},"thumbnailUrl":"https:\/\/metaltale.com\/wp-content\/uploads\/2023\/10\/Laikiklis-DUCKET-150x100-plienas.jpg","datePublished":"2024-01-23T22:43:45+00:00","breadcrumb":{"@id":"https:\/\/metaltale.com\/et\/toode\/riiulitugi-ducket-230x150-mm\/#breadcrumb"},"inLanguage":"et","potentialAction":[{"@type":"ReadAction","target":["https:\/\/metaltale.com\/et\/toode\/riiulitugi-ducket-230x150-mm\/"]}]},{"@type":"ImageObject","inLanguage":"et","@id":"https:\/\/metaltale.com\/et\/toode\/riiulitugi-ducket-230x150-mm\/#primaryimage","url":"https:\/\/metaltale.com\/wp-content\/uploads\/2023\/10\/Laikiklis-DUCKET-150x100-plienas.jpg","contentUrl":"https:\/\/metaltale.com\/wp-content\/uploads\/2023\/10\/Laikiklis-DUCKET-150x100-plienas.jpg","width":800,"height":800,"caption":"Riiulitugi DUCKET 205x125 mm"},{"@type":"BreadcrumbList","@id":"https:\/\/metaltale.com\/et\/toode\/riiulitugi-ducket-230x150-mm\/#breadcrumb","itemListElement":[{"@type":"ListItem","position":1,"name":"Home","item":"https:\/\/metaltale.com\/et\/kodu\/"},{"@type":"ListItem","position":2,"name":"Kauplus","item":"https:\/\/metaltale.com\/et\/shop\/"},{"@type":"ListItem","position":3,"name":"Riiulitugi DUCKET 230&#215;150 mm"}]},{"@type":"WebSite","@id":"https:\/\/metaltale.com\/et\/#website","url":"https:\/\/metaltale.com\/et\/","name":"Metaltale.com","description":"","potentialAction":[{"@type":"SearchAction","target":{"@type":"EntryPoint","urlTemplate":"https:\/\/metaltale.com\/et\/?s={search_term_string}"},"query-input":{"@type":"PropertyValueSpecification","valueRequired":true,"valueName":"search_term_string"}}],"inLanguage":"et"}]}},"_links":{"self":[{"href":"https:\/\/metaltale.com\/et\/wp-json\/wp\/v2\/product\/140586","targetHints":{"allow":["GET"]}}],"collection":[{"href":"https:\/\/metaltale.com\/et\/wp-json\/wp\/v2\/product"}],"about":[{"href":"https:\/\/metaltale.com\/et\/wp-json\/wp\/v2\/types\/product"}],"replies":[{"embeddable":true,"href":"https:\/\/metaltale.com\/et\/wp-json\/wp\/v2\/comments?post=140586"}],"version-history":[{"count":0,"href":"https:\/\/metaltale.com\/et\/wp-json\/wp\/v2\/product\/140586\/revisions"}],"wp:featuredmedia":[{"embeddable":true,"href":"https:\/\/metaltale.com\/et\/wp-json\/wp\/v2\/media\/83884"}],"wp:attachment":[{"href":"https:\/\/metaltale.com\/et\/wp-json\/wp\/v2\/media?parent=140586"}],"wp:term":[{"taxonomy":"product_brand","embeddable":true,"href":"https:\/\/metaltale.com\/et\/wp-json\/wp\/v2\/product_brand?post=140586"},{"taxonomy":"product_cat","embeddable":true,"href":"https:\/\/metaltale.com\/et\/wp-json\/wp\/v2\/product_cat?post=140586"},{"taxonomy":"product_tag","embeddable":true,"href":"https:\/\/metaltale.com\/et\/wp-json\/wp\/v2\/product_tag?post=140586"}],"curies":[{"name":"wp","href":"https:\/\/api.w.org\/{rel}","templated":true}]}}