{"id":140565,"date":"2024-01-19T21:16:53","date_gmt":"2024-01-19T19:16:53","guid":{"rendered":"https:\/\/metaltale.com\/produktas\/tamme-lauaplaat-frame-90x140-cm-naturaalne-oli\/"},"modified":"2024-01-19T21:16:53","modified_gmt":"2024-01-19T19:16:53","slug":"tamme-lauaplaat-frame-90x140-cm-naturaalne-oli","status":"publish","type":"product","link":"https:\/\/metaltale.com\/et\/toode\/tamme-lauaplaat-frame-90x140-cm-naturaalne-oli\/","title":{"rendered":"Tamme lauaplaat FRAME 90&#215;140 cm, naturaalne \u00f5li"},"content":{"rendered":"<p><strong>Mudel <\/strong>FRM-OL<strong><br \/>\n<\/strong><strong>Materjal<\/strong> Tamm, teras<br \/>\nMaterjali paksus (cm) 3<br \/>\nV\u00e4rv Puit &#8211; naturaalne \u00f5li<br \/>\nViimistlemine \u00f5liriidega<br \/>\nKogus komplekti kohta 1 tk.<\/p>\n<p>-tammeplaat 5 cm laiuses terasraamis<\/p>\n<p>-t\u00f6\u00f6laua pind on kaitstud loodusliku \u00f5liga<\/p>\n<p>-ei sabasid ega pragusid kogu materjali paksuse ulatuses.<\/p>\n<p>-hoolne valik v\u00f5imaldab kasutada sarnast v\u00e4rvi ja v\u00e4hem valget materjali.<\/p>\n<p>-muutlik tera paigutus tagab t\u00f6\u00f6pinna vastupidavuse<\/p>\n<p>-looduslik puitarhitektuur s\u00e4ilinud<\/p>\n<p>-v\u00e4rvimuutused, praod, s\u00f5lmed<\/p>\n<p>-Olaosa on altpoolt tugevdatud, mis tagab kogu konstruktsiooni stabiilsuse.<\/p>\n<p>-Pakkumine kehtib ainult t\u00f6\u00f6pinnale ja ei sisalda m\u00f6\u00f6bli jalgu.<\/p>\n<p>3 cm paksune FRAME tammepuust t\u00f6\u00f6tasapind on asetatud pulberv\u00e4rvitud terasraamile, mis muudab selle kriimustuskindlaks. Puitplaadi ja terasraami servad moodustavad \u00fchtse sileda pinna. N\u00e4htavad oksad ja praod on puidu loomulik omadus, mis muudab iga t\u00f6\u00f6tasapinna ainulaadseks ja ainulaadseks. Looduslike \u00f5lide kasutamine annab t\u00f6\u00f6tasapinnale sooja ja peene v\u00e4rvi ning on suurep\u00e4rane immutamismeetod. Top koos mustade metalljalgadega loob moodsa loft-stiilis laua. Nii r\u00f5\u00f5mustab see m\u00f6\u00f6bel k\u00f5iki originaalsete lahenduste austajaid. Kutsume teid \u00fcles tutvuma meie kaupluses saadaval olevate metallist ja puidust jalgade laia valikuga.<\/p>\n","protected":false},"excerpt":{"rendered":"<p>Mudel FRM-OL Materjal Tamm, teras Materjali paksus (cm) 3 V\u00e4rv Puit &#8211; naturaalne \u00f5li Viimistlemine \u00f5liriidega Kogus komplekti kohta 1<\/p>\n","protected":false},"featured_media":129653,"comment_status":"open","ping_status":"closed","template":"","meta":{"_acf_changed":false,"pmpro_default_level":""},"product_brand":[],"product_cat":[24212,24139],"product_tag":[],"class_list":{"0":"post-140565","1":"product","2":"type-product","3":"status-publish","4":"has-post-thumbnail","6":"product_cat-puidust-lauaplaadid-laudadele-ja-kohvilaudadele","7":"product_cat-puidust-tootasapinnad","8":"pmpro-has-access","10":"first","11":"outofstock","12":"shipping-taxable","13":"purchasable","14":"product-type-simple"},"acf":[],"yoast_head":"<!-- This site is optimized with the Yoast SEO plugin v24.9 - https:\/\/yoast.com\/wordpress\/plugins\/seo\/ -->\n<title>Tamme lauaplaat FRAME 90x140 cm, naturaalne \u00f5li - MetalTale.com<\/title>\n<meta name=\"robots\" content=\"index, follow, max-snippet:-1, max-image-preview:large, max-video-preview:-1\" \/>\n<link rel=\"canonical\" href=\"https:\/\/metaltale.com\/et\/toode\/tamme-lauaplaat-frame-90x140-cm-naturaalne-oli\/\" \/>\n<meta property=\"og:locale\" content=\"et_EE\" \/>\n<meta property=\"og:type\" content=\"article\" \/>\n<meta property=\"og:title\" content=\"Tamme lauaplaat FRAME 90x140 cm, naturaalne \u00f5li - MetalTale.com\" \/>\n<meta property=\"og:description\" content=\"Mudel FRM-OL Materjal Tamm, teras Materjali paksus (cm) 3 V\u00e4rv Puit &#8211; naturaalne \u00f5li Viimistlemine \u00f5liriidega Kogus komplekti kohta 1\" \/>\n<meta property=\"og:url\" content=\"https:\/\/metaltale.com\/et\/toode\/tamme-lauaplaat-frame-90x140-cm-naturaalne-oli\/\" \/>\n<meta property=\"og:site_name\" content=\"MetalTale.com\" \/>\n<meta property=\"og:image\" content=\"https:\/\/metaltale.com\/wp-content\/uploads\/2024\/01\/FRM-OL-90x140-1.jpg\" \/>\n\t<meta property=\"og:image:width\" content=\"800\" \/>\n\t<meta property=\"og:image:height\" content=\"800\" \/>\n\t<meta property=\"og:image:type\" content=\"image\/jpeg\" \/>\n<meta name=\"twitter:card\" content=\"summary_large_image\" \/>\n<meta name=\"twitter:label1\" content=\"Est. reading time\" \/>\n\t<meta name=\"twitter:data1\" content=\"1 minut\" \/>\n<script type=\"application\/ld+json\" class=\"yoast-schema-graph\">{\"@context\":\"https:\/\/schema.org\",\"@graph\":[{\"@type\":\"WebPage\",\"@id\":\"https:\/\/metaltale.com\/et\/toode\/tamme-lauaplaat-frame-90x140-cm-naturaalne-oli\/\",\"url\":\"https:\/\/metaltale.com\/et\/toode\/tamme-lauaplaat-frame-90x140-cm-naturaalne-oli\/\",\"name\":\"Tamme lauaplaat FRAME 90x140 cm, naturaalne \u00f5li - MetalTale.com\",\"isPartOf\":{\"@id\":\"https:\/\/metaltale.com\/et\/#website\"},\"primaryImageOfPage\":{\"@id\":\"https:\/\/metaltale.com\/et\/toode\/tamme-lauaplaat-frame-90x140-cm-naturaalne-oli\/#primaryimage\"},\"image\":{\"@id\":\"https:\/\/metaltale.com\/et\/toode\/tamme-lauaplaat-frame-90x140-cm-naturaalne-oli\/#primaryimage\"},\"thumbnailUrl\":\"https:\/\/metaltale.com\/wp-content\/uploads\/2024\/01\/FRM-OL-90x140-1.jpg\",\"datePublished\":\"2024-01-19T19:16:53+00:00\",\"breadcrumb\":{\"@id\":\"https:\/\/metaltale.com\/et\/toode\/tamme-lauaplaat-frame-90x140-cm-naturaalne-oli\/#breadcrumb\"},\"inLanguage\":\"et\",\"potentialAction\":[{\"@type\":\"ReadAction\",\"target\":[\"https:\/\/metaltale.com\/et\/toode\/tamme-lauaplaat-frame-90x140-cm-naturaalne-oli\/\"]}]},{\"@type\":\"ImageObject\",\"inLanguage\":\"et\",\"@id\":\"https:\/\/metaltale.com\/et\/toode\/tamme-lauaplaat-frame-90x140-cm-naturaalne-oli\/#primaryimage\",\"url\":\"https:\/\/metaltale.com\/wp-content\/uploads\/2024\/01\/FRM-OL-90x140-1.jpg\",\"contentUrl\":\"https:\/\/metaltale.com\/wp-content\/uploads\/2024\/01\/FRM-OL-90x140-1.jpg\",\"width\":800,\"height\":800,\"caption\":\"Tamme lauaplaat FRAME 90x140 cm, naturaalne \u00f5li\"},{\"@type\":\"BreadcrumbList\",\"@id\":\"https:\/\/metaltale.com\/et\/toode\/tamme-lauaplaat-frame-90x140-cm-naturaalne-oli\/#breadcrumb\",\"itemListElement\":[{\"@type\":\"ListItem\",\"position\":1,\"name\":\"Home\",\"item\":\"https:\/\/metaltale.com\/et\/kodu\/\"},{\"@type\":\"ListItem\",\"position\":2,\"name\":\"Kauplus\",\"item\":\"https:\/\/metaltale.com\/et\/shop\/\"},{\"@type\":\"ListItem\",\"position\":3,\"name\":\"Tamme lauaplaat FRAME 90&#215;140 cm, naturaalne \u00f5li\"}]},{\"@type\":\"WebSite\",\"@id\":\"https:\/\/metaltale.com\/et\/#website\",\"url\":\"https:\/\/metaltale.com\/et\/\",\"name\":\"Metaltale.com\",\"description\":\"\",\"potentialAction\":[{\"@type\":\"SearchAction\",\"target\":{\"@type\":\"EntryPoint\",\"urlTemplate\":\"https:\/\/metaltale.com\/et\/?s={search_term_string}\"},\"query-input\":{\"@type\":\"PropertyValueSpecification\",\"valueRequired\":true,\"valueName\":\"search_term_string\"}}],\"inLanguage\":\"et\"}]}<\/script>\n<!-- \/ Yoast SEO plugin. -->","yoast_head_json":{"title":"Tamme lauaplaat FRAME 90x140 cm, naturaalne \u00f5li - MetalTale.com","robots":{"index":"index","follow":"follow","max-snippet":"max-snippet:-1","max-image-preview":"max-image-preview:large","max-video-preview":"max-video-preview:-1"},"canonical":"https:\/\/metaltale.com\/et\/toode\/tamme-lauaplaat-frame-90x140-cm-naturaalne-oli\/","og_locale":"et_EE","og_type":"article","og_title":"Tamme lauaplaat FRAME 90x140 cm, naturaalne \u00f5li - MetalTale.com","og_description":"Mudel FRM-OL Materjal Tamm, teras Materjali paksus (cm) 3 V\u00e4rv Puit &#8211; naturaalne \u00f5li Viimistlemine \u00f5liriidega Kogus komplekti kohta 1","og_url":"https:\/\/metaltale.com\/et\/toode\/tamme-lauaplaat-frame-90x140-cm-naturaalne-oli\/","og_site_name":"MetalTale.com","og_image":[{"width":800,"height":800,"url":"https:\/\/metaltale.com\/wp-content\/uploads\/2024\/01\/FRM-OL-90x140-1.jpg","type":"image\/jpeg"}],"twitter_card":"summary_large_image","twitter_misc":{"Est. reading time":"1 minut"},"schema":{"@context":"https:\/\/schema.org","@graph":[{"@type":"WebPage","@id":"https:\/\/metaltale.com\/et\/toode\/tamme-lauaplaat-frame-90x140-cm-naturaalne-oli\/","url":"https:\/\/metaltale.com\/et\/toode\/tamme-lauaplaat-frame-90x140-cm-naturaalne-oli\/","name":"Tamme lauaplaat FRAME 90x140 cm, naturaalne \u00f5li - MetalTale.com","isPartOf":{"@id":"https:\/\/metaltale.com\/et\/#website"},"primaryImageOfPage":{"@id":"https:\/\/metaltale.com\/et\/toode\/tamme-lauaplaat-frame-90x140-cm-naturaalne-oli\/#primaryimage"},"image":{"@id":"https:\/\/metaltale.com\/et\/toode\/tamme-lauaplaat-frame-90x140-cm-naturaalne-oli\/#primaryimage"},"thumbnailUrl":"https:\/\/metaltale.com\/wp-content\/uploads\/2024\/01\/FRM-OL-90x140-1.jpg","datePublished":"2024-01-19T19:16:53+00:00","breadcrumb":{"@id":"https:\/\/metaltale.com\/et\/toode\/tamme-lauaplaat-frame-90x140-cm-naturaalne-oli\/#breadcrumb"},"inLanguage":"et","potentialAction":[{"@type":"ReadAction","target":["https:\/\/metaltale.com\/et\/toode\/tamme-lauaplaat-frame-90x140-cm-naturaalne-oli\/"]}]},{"@type":"ImageObject","inLanguage":"et","@id":"https:\/\/metaltale.com\/et\/toode\/tamme-lauaplaat-frame-90x140-cm-naturaalne-oli\/#primaryimage","url":"https:\/\/metaltale.com\/wp-content\/uploads\/2024\/01\/FRM-OL-90x140-1.jpg","contentUrl":"https:\/\/metaltale.com\/wp-content\/uploads\/2024\/01\/FRM-OL-90x140-1.jpg","width":800,"height":800,"caption":"Tamme lauaplaat FRAME 90x140 cm, naturaalne \u00f5li"},{"@type":"BreadcrumbList","@id":"https:\/\/metaltale.com\/et\/toode\/tamme-lauaplaat-frame-90x140-cm-naturaalne-oli\/#breadcrumb","itemListElement":[{"@type":"ListItem","position":1,"name":"Home","item":"https:\/\/metaltale.com\/et\/kodu\/"},{"@type":"ListItem","position":2,"name":"Kauplus","item":"https:\/\/metaltale.com\/et\/shop\/"},{"@type":"ListItem","position":3,"name":"Tamme lauaplaat FRAME 90&#215;140 cm, naturaalne \u00f5li"}]},{"@type":"WebSite","@id":"https:\/\/metaltale.com\/et\/#website","url":"https:\/\/metaltale.com\/et\/","name":"Metaltale.com","description":"","potentialAction":[{"@type":"SearchAction","target":{"@type":"EntryPoint","urlTemplate":"https:\/\/metaltale.com\/et\/?s={search_term_string}"},"query-input":{"@type":"PropertyValueSpecification","valueRequired":true,"valueName":"search_term_string"}}],"inLanguage":"et"}]}},"_links":{"self":[{"href":"https:\/\/metaltale.com\/et\/wp-json\/wp\/v2\/product\/140565","targetHints":{"allow":["GET"]}}],"collection":[{"href":"https:\/\/metaltale.com\/et\/wp-json\/wp\/v2\/product"}],"about":[{"href":"https:\/\/metaltale.com\/et\/wp-json\/wp\/v2\/types\/product"}],"replies":[{"embeddable":true,"href":"https:\/\/metaltale.com\/et\/wp-json\/wp\/v2\/comments?post=140565"}],"version-history":[{"count":0,"href":"https:\/\/metaltale.com\/et\/wp-json\/wp\/v2\/product\/140565\/revisions"}],"wp:featuredmedia":[{"embeddable":true,"href":"https:\/\/metaltale.com\/et\/wp-json\/wp\/v2\/media\/129653"}],"wp:attachment":[{"href":"https:\/\/metaltale.com\/et\/wp-json\/wp\/v2\/media?parent=140565"}],"wp:term":[{"taxonomy":"product_brand","embeddable":true,"href":"https:\/\/metaltale.com\/et\/wp-json\/wp\/v2\/product_brand?post=140565"},{"taxonomy":"product_cat","embeddable":true,"href":"https:\/\/metaltale.com\/et\/wp-json\/wp\/v2\/product_cat?post=140565"},{"taxonomy":"product_tag","embeddable":true,"href":"https:\/\/metaltale.com\/et\/wp-json\/wp\/v2\/product_tag?post=140565"}],"curies":[{"name":"wp","href":"https:\/\/api.w.org\/{rel}","templated":true}]}}