{"id":140564,"date":"2024-01-19T21:18:16","date_gmt":"2024-01-19T19:18:16","guid":{"rendered":"https:\/\/metaltale.com\/produktas\/drenaazivork-dover-100x100-mm-antiikmessingist\/"},"modified":"2024-01-19T21:18:16","modified_gmt":"2024-01-19T19:18:16","slug":"drenaazivork-dover-100x100-mm-antiikmessingist","status":"publish","type":"product","link":"https:\/\/metaltale.com\/et\/toode\/drenaazivork-dover-100x100-mm-antiikmessingist\/","title":{"rendered":"Drenaa\u017eiv\u00f5rk DOVER 100&#215;100 mm antiikmessingist"},"content":{"rendered":"<p><strong>Mudel<\/strong> WX.316-ANT<br \/>\n<strong>Materjal<\/strong> Messing<br \/>\n<strong>Kogupikkus (cm)<\/strong> 10<br \/>\n<strong>\u00dcldine k\u00f5rgus (cm)<\/strong> 4<br \/>\n<strong>\u00dcldine laius (cm)<\/strong> 10<br \/>\n<strong>V\u00e4rv<\/strong> Antik messingist<\/p>\n<p>Antiikmessingi v\u00e4rvi kanalisatsioonirestidel on kaasaegne disain, mis sobib suurep\u00e4raselt mitmesugustesse interj\u00f6\u00f6ridesse. Nende tugev roostevabast terasest konstruktsioon tagab vastupidavuse ja niiskuskindluse. Punkt-punkt kanalisatsiooni on lihtne paigaldada ja puhtana hoida. See ei ole mitte ainult praktiline element, vaid ka elegantne aksessuaar, mis r\u00f5hutab iga vannitoa ainulaadsust. S\u00f5ltuvalt partiist v\u00f5ib v\u00f5re olla varustatud \u00fclevoolusifooniga v\u00f5i veesurve all avaneva kaanega sifooniga.<\/p>\n<p>&nbsp;<\/p>\n","protected":false},"excerpt":{"rendered":"<p>Mudel WX.316-ANT Materjal Messing Kogupikkus (cm) 10 \u00dcldine k\u00f5rgus (cm) 4 \u00dcldine laius (cm) 10 V\u00e4rv Antik messingist Antiikmessingi v\u00e4rvi<\/p>\n","protected":false},"featured_media":131826,"comment_status":"open","ping_status":"closed","template":"","meta":{"_acf_changed":false,"pmpro_default_level":""},"product_brand":[],"product_cat":[24214,24141,24182],"product_tag":[],"class_list":{"0":"post-140564","1":"product","2":"type-product","3":"status-publish","4":"has-post-thumbnail","6":"product_cat-drains-et","7":"product_cat-taps-et","8":"product_cat-tarvikud-osade-uhendamiseks","9":"pmpro-has-access","11":"first","12":"instock","13":"shipping-taxable","14":"purchasable","15":"product-type-simple"},"acf":[],"yoast_head":"<!-- This site is optimized with the Yoast SEO plugin v24.9 - https:\/\/yoast.com\/wordpress\/plugins\/seo\/ -->\n<title>Drenaa\u017eiv\u00f5rk DOVER 100x100 mm antiikmessingist - MetalTale.com<\/title>\n<meta name=\"robots\" content=\"index, follow, max-snippet:-1, max-image-preview:large, max-video-preview:-1\" \/>\n<link rel=\"canonical\" href=\"https:\/\/metaltale.com\/et\/toode\/drenaazivork-dover-100x100-mm-antiikmessingist\/\" \/>\n<meta property=\"og:locale\" content=\"et_EE\" \/>\n<meta property=\"og:type\" content=\"article\" \/>\n<meta property=\"og:title\" content=\"Drenaa\u017eiv\u00f5rk DOVER 100x100 mm antiikmessingist - MetalTale.com\" \/>\n<meta property=\"og:description\" content=\"Mudel WX.316-ANT Materjal Messing Kogupikkus (cm) 10 \u00dcldine k\u00f5rgus (cm) 4 \u00dcldine laius (cm) 10 V\u00e4rv Antik messingist Antiikmessingi v\u00e4rvi\" \/>\n<meta property=\"og:url\" content=\"https:\/\/metaltale.com\/et\/toode\/drenaazivork-dover-100x100-mm-antiikmessingist\/\" \/>\n<meta property=\"og:site_name\" content=\"MetalTale.com\" \/>\n<meta property=\"og:image\" content=\"https:\/\/metaltale.com\/wp-content\/uploads\/2024\/01\/Drenazo-groteles-DOVER-100x100-mm-antikvarinis-zalvaris.jpg\" \/>\n\t<meta property=\"og:image:width\" content=\"800\" \/>\n\t<meta property=\"og:image:height\" content=\"800\" \/>\n\t<meta property=\"og:image:type\" content=\"image\/jpeg\" \/>\n<meta name=\"twitter:card\" content=\"summary_large_image\" \/>\n<script type=\"application\/ld+json\" class=\"yoast-schema-graph\">{\"@context\":\"https:\/\/schema.org\",\"@graph\":[{\"@type\":\"WebPage\",\"@id\":\"https:\/\/metaltale.com\/et\/toode\/drenaazivork-dover-100x100-mm-antiikmessingist\/\",\"url\":\"https:\/\/metaltale.com\/et\/toode\/drenaazivork-dover-100x100-mm-antiikmessingist\/\",\"name\":\"Drenaa\u017eiv\u00f5rk DOVER 100x100 mm antiikmessingist - MetalTale.com\",\"isPartOf\":{\"@id\":\"https:\/\/metaltale.com\/et\/#website\"},\"primaryImageOfPage\":{\"@id\":\"https:\/\/metaltale.com\/et\/toode\/drenaazivork-dover-100x100-mm-antiikmessingist\/#primaryimage\"},\"image\":{\"@id\":\"https:\/\/metaltale.com\/et\/toode\/drenaazivork-dover-100x100-mm-antiikmessingist\/#primaryimage\"},\"thumbnailUrl\":\"https:\/\/metaltale.com\/wp-content\/uploads\/2024\/01\/Drenazo-groteles-DOVER-100x100-mm-antikvarinis-zalvaris.jpg\",\"datePublished\":\"2024-01-19T19:18:16+00:00\",\"breadcrumb\":{\"@id\":\"https:\/\/metaltale.com\/et\/toode\/drenaazivork-dover-100x100-mm-antiikmessingist\/#breadcrumb\"},\"inLanguage\":\"et\",\"potentialAction\":[{\"@type\":\"ReadAction\",\"target\":[\"https:\/\/metaltale.com\/et\/toode\/drenaazivork-dover-100x100-mm-antiikmessingist\/\"]}]},{\"@type\":\"ImageObject\",\"inLanguage\":\"et\",\"@id\":\"https:\/\/metaltale.com\/et\/toode\/drenaazivork-dover-100x100-mm-antiikmessingist\/#primaryimage\",\"url\":\"https:\/\/metaltale.com\/wp-content\/uploads\/2024\/01\/Drenazo-groteles-DOVER-100x100-mm-antikvarinis-zalvaris.jpg\",\"contentUrl\":\"https:\/\/metaltale.com\/wp-content\/uploads\/2024\/01\/Drenazo-groteles-DOVER-100x100-mm-antikvarinis-zalvaris.jpg\",\"width\":800,\"height\":800,\"caption\":\"Drenaa\u017eiv\u00f5rk DOVER 100x100 mm antiikmessingist\"},{\"@type\":\"BreadcrumbList\",\"@id\":\"https:\/\/metaltale.com\/et\/toode\/drenaazivork-dover-100x100-mm-antiikmessingist\/#breadcrumb\",\"itemListElement\":[{\"@type\":\"ListItem\",\"position\":1,\"name\":\"Home\",\"item\":\"https:\/\/metaltale.com\/et\/kodu\/\"},{\"@type\":\"ListItem\",\"position\":2,\"name\":\"Kauplus\",\"item\":\"https:\/\/metaltale.com\/et\/shop\/\"},{\"@type\":\"ListItem\",\"position\":3,\"name\":\"Drenaa\u017eiv\u00f5rk DOVER 100&#215;100 mm antiikmessingist\"}]},{\"@type\":\"WebSite\",\"@id\":\"https:\/\/metaltale.com\/et\/#website\",\"url\":\"https:\/\/metaltale.com\/et\/\",\"name\":\"Metaltale.com\",\"description\":\"\",\"potentialAction\":[{\"@type\":\"SearchAction\",\"target\":{\"@type\":\"EntryPoint\",\"urlTemplate\":\"https:\/\/metaltale.com\/et\/?s={search_term_string}\"},\"query-input\":{\"@type\":\"PropertyValueSpecification\",\"valueRequired\":true,\"valueName\":\"search_term_string\"}}],\"inLanguage\":\"et\"}]}<\/script>\n<!-- \/ Yoast SEO plugin. -->","yoast_head_json":{"title":"Drenaa\u017eiv\u00f5rk DOVER 100x100 mm antiikmessingist - MetalTale.com","robots":{"index":"index","follow":"follow","max-snippet":"max-snippet:-1","max-image-preview":"max-image-preview:large","max-video-preview":"max-video-preview:-1"},"canonical":"https:\/\/metaltale.com\/et\/toode\/drenaazivork-dover-100x100-mm-antiikmessingist\/","og_locale":"et_EE","og_type":"article","og_title":"Drenaa\u017eiv\u00f5rk DOVER 100x100 mm antiikmessingist - MetalTale.com","og_description":"Mudel WX.316-ANT Materjal Messing Kogupikkus (cm) 10 \u00dcldine k\u00f5rgus (cm) 4 \u00dcldine laius (cm) 10 V\u00e4rv Antik messingist Antiikmessingi v\u00e4rvi","og_url":"https:\/\/metaltale.com\/et\/toode\/drenaazivork-dover-100x100-mm-antiikmessingist\/","og_site_name":"MetalTale.com","og_image":[{"width":800,"height":800,"url":"https:\/\/metaltale.com\/wp-content\/uploads\/2024\/01\/Drenazo-groteles-DOVER-100x100-mm-antikvarinis-zalvaris.jpg","type":"image\/jpeg"}],"twitter_card":"summary_large_image","schema":{"@context":"https:\/\/schema.org","@graph":[{"@type":"WebPage","@id":"https:\/\/metaltale.com\/et\/toode\/drenaazivork-dover-100x100-mm-antiikmessingist\/","url":"https:\/\/metaltale.com\/et\/toode\/drenaazivork-dover-100x100-mm-antiikmessingist\/","name":"Drenaa\u017eiv\u00f5rk DOVER 100x100 mm antiikmessingist - MetalTale.com","isPartOf":{"@id":"https:\/\/metaltale.com\/et\/#website"},"primaryImageOfPage":{"@id":"https:\/\/metaltale.com\/et\/toode\/drenaazivork-dover-100x100-mm-antiikmessingist\/#primaryimage"},"image":{"@id":"https:\/\/metaltale.com\/et\/toode\/drenaazivork-dover-100x100-mm-antiikmessingist\/#primaryimage"},"thumbnailUrl":"https:\/\/metaltale.com\/wp-content\/uploads\/2024\/01\/Drenazo-groteles-DOVER-100x100-mm-antikvarinis-zalvaris.jpg","datePublished":"2024-01-19T19:18:16+00:00","breadcrumb":{"@id":"https:\/\/metaltale.com\/et\/toode\/drenaazivork-dover-100x100-mm-antiikmessingist\/#breadcrumb"},"inLanguage":"et","potentialAction":[{"@type":"ReadAction","target":["https:\/\/metaltale.com\/et\/toode\/drenaazivork-dover-100x100-mm-antiikmessingist\/"]}]},{"@type":"ImageObject","inLanguage":"et","@id":"https:\/\/metaltale.com\/et\/toode\/drenaazivork-dover-100x100-mm-antiikmessingist\/#primaryimage","url":"https:\/\/metaltale.com\/wp-content\/uploads\/2024\/01\/Drenazo-groteles-DOVER-100x100-mm-antikvarinis-zalvaris.jpg","contentUrl":"https:\/\/metaltale.com\/wp-content\/uploads\/2024\/01\/Drenazo-groteles-DOVER-100x100-mm-antikvarinis-zalvaris.jpg","width":800,"height":800,"caption":"Drenaa\u017eiv\u00f5rk DOVER 100x100 mm antiikmessingist"},{"@type":"BreadcrumbList","@id":"https:\/\/metaltale.com\/et\/toode\/drenaazivork-dover-100x100-mm-antiikmessingist\/#breadcrumb","itemListElement":[{"@type":"ListItem","position":1,"name":"Home","item":"https:\/\/metaltale.com\/et\/kodu\/"},{"@type":"ListItem","position":2,"name":"Kauplus","item":"https:\/\/metaltale.com\/et\/shop\/"},{"@type":"ListItem","position":3,"name":"Drenaa\u017eiv\u00f5rk DOVER 100&#215;100 mm antiikmessingist"}]},{"@type":"WebSite","@id":"https:\/\/metaltale.com\/et\/#website","url":"https:\/\/metaltale.com\/et\/","name":"Metaltale.com","description":"","potentialAction":[{"@type":"SearchAction","target":{"@type":"EntryPoint","urlTemplate":"https:\/\/metaltale.com\/et\/?s={search_term_string}"},"query-input":{"@type":"PropertyValueSpecification","valueRequired":true,"valueName":"search_term_string"}}],"inLanguage":"et"}]}},"_links":{"self":[{"href":"https:\/\/metaltale.com\/et\/wp-json\/wp\/v2\/product\/140564","targetHints":{"allow":["GET"]}}],"collection":[{"href":"https:\/\/metaltale.com\/et\/wp-json\/wp\/v2\/product"}],"about":[{"href":"https:\/\/metaltale.com\/et\/wp-json\/wp\/v2\/types\/product"}],"replies":[{"embeddable":true,"href":"https:\/\/metaltale.com\/et\/wp-json\/wp\/v2\/comments?post=140564"}],"version-history":[{"count":0,"href":"https:\/\/metaltale.com\/et\/wp-json\/wp\/v2\/product\/140564\/revisions"}],"wp:featuredmedia":[{"embeddable":true,"href":"https:\/\/metaltale.com\/et\/wp-json\/wp\/v2\/media\/131826"}],"wp:attachment":[{"href":"https:\/\/metaltale.com\/et\/wp-json\/wp\/v2\/media?parent=140564"}],"wp:term":[{"taxonomy":"product_brand","embeddable":true,"href":"https:\/\/metaltale.com\/et\/wp-json\/wp\/v2\/product_brand?post=140564"},{"taxonomy":"product_cat","embeddable":true,"href":"https:\/\/metaltale.com\/et\/wp-json\/wp\/v2\/product_cat?post=140564"},{"taxonomy":"product_tag","embeddable":true,"href":"https:\/\/metaltale.com\/et\/wp-json\/wp\/v2\/product_tag?post=140564"}],"curies":[{"name":"wp","href":"https:\/\/api.w.org\/{rel}","templated":true}]}}