{"id":140555,"date":"2024-02-13T13:25:43","date_gmt":"2024-02-13T11:25:43","guid":{"rendered":"https:\/\/metaltale.com\/produktas\/toostusraud-teras-puit\/"},"modified":"2024-02-13T13:25:43","modified_gmt":"2024-02-13T11:25:43","slug":"toostusraud-teras-puit","status":"publish","type":"product","link":"https:\/\/metaltale.com\/et\/toode\/toostusraud-teras-puit\/","title":{"rendered":"T\u00f6\u00f6stusraud teras puit"},"content":{"rendered":"<div class=\"prod_data\">\n<p><strong>Mudel<\/strong> ZA.SW.BAR<br \/>\nSteel Wood <strong>kollektsioon<\/strong><br \/>\n<strong>EAN.<\/strong>  5905369912887<br \/>\n<strong>Materjal<\/strong> m\u00e4nnipuit, teras<br \/>\n\u00dcldine k\u00f5rgus (cm) 115<br \/>\n\u00dcldine laius (cm) 120<br \/>\n<strong>S\u00fcgavus (cm)<\/strong> 38<br \/>\n<strong>Trimmi<\/strong> laiguline<br \/>\n<strong>Tarne t\u00fc\u00fcp<\/strong> T\u00e4ielikult kokkupandud toode<\/p>\n<p>FACTORY m\u00f6\u00f6blikollektsiooni suur edu on ajendanud meid looma uue tootesarja &#8211; STEEL WOOD. Meil oli \u00fcks eesm\u00e4rk &#8211; muuta stereot\u00fc\u00fcpe. Nii s\u00fcndis idee \u00fchendada loodus ja modernsus. M\u00f6\u00f6blit iseloomustab originaalne teraskonstruktsioon, mis koosneb kahest 20&#215;20 mm ristl\u00f5ikega profiilist, mis on \u00fchendatud enneolematul viisil. Selle kollektsiooni mudelid murravad tavap\u00e4rase, t\u00e4ielikult puidust valmistatud m\u00f6\u00f6bli stiili, kasutades selleks terast. Puidust elemendid on valmistatud veepeitsiga immutatud m\u00e4nnipuidust. Puidust elementide k\u00e4sitsi v\u00e4rvimine ja lihvimine muudab toote t\u00e4iesti funktsionaalseks, kuid samas ilma loodusliku tooraineta. &#8220;Steel Woodi kollektsioon, nagu ka k\u00f5ik meie teised kollektsioonid, tagab t\u00e4ieliku ohutuse kasutamisel. K\u00f5ik servad, nurgad ja keevituskohad on lihvitud, j\u00e4ttes soovitud &#8220;puhta&#8221; efekti maitsestamata terasest. Meie baarijalatsid ja toolid sobivad suurep\u00e4raselt buffetile.<\/p>\n<\/div>\n","protected":false},"excerpt":{"rendered":"<p>Mudel ZA.SW.BAR Steel Wood kollektsioon EAN. 5905369912887 Materjal m\u00e4nnipuit, teras \u00dcldine k\u00f5rgus (cm) 115 \u00dcldine laius (cm) 120 S\u00fcgavus (cm)<\/p>\n","protected":false},"featured_media":66348,"comment_status":"open","ping_status":"closed","template":"","meta":{"_acf_changed":false,"pmpro_default_level":""},"product_brand":[],"product_cat":[24200,24138],"product_tag":[],"class_list":{"0":"post-140555","1":"product","2":"type-product","3":"status-publish","4":"has-post-thumbnail","6":"product_cat-konsoolid","7":"product_cat-toostusmoobel","8":"pmpro-has-access","10":"first","11":"instock","12":"shipping-taxable","13":"purchasable","14":"product-type-simple"},"acf":[],"yoast_head":"<!-- This site is optimized with the Yoast SEO plugin v24.9 - https:\/\/yoast.com\/wordpress\/plugins\/seo\/ -->\n<title>T\u00f6\u00f6stusraud teras puit - MetalTale.com<\/title>\n<meta name=\"robots\" content=\"index, follow, max-snippet:-1, max-image-preview:large, max-video-preview:-1\" \/>\n<link rel=\"canonical\" href=\"https:\/\/metaltale.com\/et\/toode\/toostusraud-teras-puit\/\" \/>\n<meta property=\"og:locale\" content=\"et_EE\" \/>\n<meta property=\"og:type\" content=\"article\" \/>\n<meta property=\"og:title\" content=\"T\u00f6\u00f6stusraud teras puit - MetalTale.com\" \/>\n<meta property=\"og:description\" content=\"Mudel ZA.SW.BAR Steel Wood kollektsioon EAN. 5905369912887 Materjal m\u00e4nnipuit, teras \u00dcldine k\u00f5rgus (cm) 115 \u00dcldine laius (cm) 120 S\u00fcgavus (cm)\" \/>\n<meta property=\"og:url\" content=\"https:\/\/metaltale.com\/et\/toode\/toostusraud-teras-puit\/\" \/>\n<meta property=\"og:site_name\" content=\"MetalTale.com\" \/>\n<meta name=\"twitter:card\" content=\"summary_large_image\" \/>\n<meta name=\"twitter:label1\" content=\"Est. reading time\" \/>\n\t<meta name=\"twitter:data1\" content=\"1 minut\" \/>\n<script type=\"application\/ld+json\" class=\"yoast-schema-graph\">{\"@context\":\"https:\/\/schema.org\",\"@graph\":[{\"@type\":\"WebPage\",\"@id\":\"https:\/\/metaltale.com\/et\/toode\/toostusraud-teras-puit\/\",\"url\":\"https:\/\/metaltale.com\/et\/toode\/toostusraud-teras-puit\/\",\"name\":\"T\u00f6\u00f6stusraud teras puit - MetalTale.com\",\"isPartOf\":{\"@id\":\"https:\/\/metaltale.com\/et\/#website\"},\"primaryImageOfPage\":{\"@id\":\"https:\/\/metaltale.com\/et\/toode\/toostusraud-teras-puit\/#primaryimage\"},\"image\":{\"@id\":\"https:\/\/metaltale.com\/et\/toode\/toostusraud-teras-puit\/#primaryimage\"},\"thumbnailUrl\":\"https:\/\/metaltale.com\/wp-content\/uploads\/2023\/09\/Barekas-PLIENINx116-MEDIENA.jpg\",\"datePublished\":\"2024-02-13T11:25:43+00:00\",\"breadcrumb\":{\"@id\":\"https:\/\/metaltale.com\/et\/toode\/toostusraud-teras-puit\/#breadcrumb\"},\"inLanguage\":\"et\",\"potentialAction\":[{\"@type\":\"ReadAction\",\"target\":[\"https:\/\/metaltale.com\/et\/toode\/toostusraud-teras-puit\/\"]}]},{\"@type\":\"ImageObject\",\"inLanguage\":\"et\",\"@id\":\"https:\/\/metaltale.com\/et\/toode\/toostusraud-teras-puit\/#primaryimage\",\"url\":\"https:\/\/metaltale.com\/wp-content\/uploads\/2023\/09\/Barekas-PLIENINx116-MEDIENA.jpg\",\"contentUrl\":\"https:\/\/metaltale.com\/wp-content\/uploads\/2023\/09\/Barekas-PLIENINx116-MEDIENA.jpg\",\"width\":800,\"height\":800},{\"@type\":\"BreadcrumbList\",\"@id\":\"https:\/\/metaltale.com\/et\/toode\/toostusraud-teras-puit\/#breadcrumb\",\"itemListElement\":[{\"@type\":\"ListItem\",\"position\":1,\"name\":\"Home\",\"item\":\"https:\/\/metaltale.com\/et\/kodu\/\"},{\"@type\":\"ListItem\",\"position\":2,\"name\":\"Kauplus\",\"item\":\"https:\/\/metaltale.com\/et\/shop\/\"},{\"@type\":\"ListItem\",\"position\":3,\"name\":\"T\u00f6\u00f6stusraud teras puit\"}]},{\"@type\":\"WebSite\",\"@id\":\"https:\/\/metaltale.com\/et\/#website\",\"url\":\"https:\/\/metaltale.com\/et\/\",\"name\":\"Metaltale.com\",\"description\":\"\",\"potentialAction\":[{\"@type\":\"SearchAction\",\"target\":{\"@type\":\"EntryPoint\",\"urlTemplate\":\"https:\/\/metaltale.com\/et\/?s={search_term_string}\"},\"query-input\":{\"@type\":\"PropertyValueSpecification\",\"valueRequired\":true,\"valueName\":\"search_term_string\"}}],\"inLanguage\":\"et\"}]}<\/script>\n<!-- \/ Yoast SEO plugin. -->","yoast_head_json":{"title":"T\u00f6\u00f6stusraud teras puit - MetalTale.com","robots":{"index":"index","follow":"follow","max-snippet":"max-snippet:-1","max-image-preview":"max-image-preview:large","max-video-preview":"max-video-preview:-1"},"canonical":"https:\/\/metaltale.com\/et\/toode\/toostusraud-teras-puit\/","og_locale":"et_EE","og_type":"article","og_title":"T\u00f6\u00f6stusraud teras puit - MetalTale.com","og_description":"Mudel ZA.SW.BAR Steel Wood kollektsioon EAN. 5905369912887 Materjal m\u00e4nnipuit, teras \u00dcldine k\u00f5rgus (cm) 115 \u00dcldine laius (cm) 120 S\u00fcgavus (cm)","og_url":"https:\/\/metaltale.com\/et\/toode\/toostusraud-teras-puit\/","og_site_name":"MetalTale.com","twitter_card":"summary_large_image","twitter_misc":{"Est. reading time":"1 minut"},"schema":{"@context":"https:\/\/schema.org","@graph":[{"@type":"WebPage","@id":"https:\/\/metaltale.com\/et\/toode\/toostusraud-teras-puit\/","url":"https:\/\/metaltale.com\/et\/toode\/toostusraud-teras-puit\/","name":"T\u00f6\u00f6stusraud teras puit - MetalTale.com","isPartOf":{"@id":"https:\/\/metaltale.com\/et\/#website"},"primaryImageOfPage":{"@id":"https:\/\/metaltale.com\/et\/toode\/toostusraud-teras-puit\/#primaryimage"},"image":{"@id":"https:\/\/metaltale.com\/et\/toode\/toostusraud-teras-puit\/#primaryimage"},"thumbnailUrl":"https:\/\/metaltale.com\/wp-content\/uploads\/2023\/09\/Barekas-PLIENINx116-MEDIENA.jpg","datePublished":"2024-02-13T11:25:43+00:00","breadcrumb":{"@id":"https:\/\/metaltale.com\/et\/toode\/toostusraud-teras-puit\/#breadcrumb"},"inLanguage":"et","potentialAction":[{"@type":"ReadAction","target":["https:\/\/metaltale.com\/et\/toode\/toostusraud-teras-puit\/"]}]},{"@type":"ImageObject","inLanguage":"et","@id":"https:\/\/metaltale.com\/et\/toode\/toostusraud-teras-puit\/#primaryimage","url":"https:\/\/metaltale.com\/wp-content\/uploads\/2023\/09\/Barekas-PLIENINx116-MEDIENA.jpg","contentUrl":"https:\/\/metaltale.com\/wp-content\/uploads\/2023\/09\/Barekas-PLIENINx116-MEDIENA.jpg","width":800,"height":800},{"@type":"BreadcrumbList","@id":"https:\/\/metaltale.com\/et\/toode\/toostusraud-teras-puit\/#breadcrumb","itemListElement":[{"@type":"ListItem","position":1,"name":"Home","item":"https:\/\/metaltale.com\/et\/kodu\/"},{"@type":"ListItem","position":2,"name":"Kauplus","item":"https:\/\/metaltale.com\/et\/shop\/"},{"@type":"ListItem","position":3,"name":"T\u00f6\u00f6stusraud teras puit"}]},{"@type":"WebSite","@id":"https:\/\/metaltale.com\/et\/#website","url":"https:\/\/metaltale.com\/et\/","name":"Metaltale.com","description":"","potentialAction":[{"@type":"SearchAction","target":{"@type":"EntryPoint","urlTemplate":"https:\/\/metaltale.com\/et\/?s={search_term_string}"},"query-input":{"@type":"PropertyValueSpecification","valueRequired":true,"valueName":"search_term_string"}}],"inLanguage":"et"}]}},"_links":{"self":[{"href":"https:\/\/metaltale.com\/et\/wp-json\/wp\/v2\/product\/140555","targetHints":{"allow":["GET"]}}],"collection":[{"href":"https:\/\/metaltale.com\/et\/wp-json\/wp\/v2\/product"}],"about":[{"href":"https:\/\/metaltale.com\/et\/wp-json\/wp\/v2\/types\/product"}],"replies":[{"embeddable":true,"href":"https:\/\/metaltale.com\/et\/wp-json\/wp\/v2\/comments?post=140555"}],"version-history":[{"count":0,"href":"https:\/\/metaltale.com\/et\/wp-json\/wp\/v2\/product\/140555\/revisions"}],"wp:featuredmedia":[{"embeddable":true,"href":"https:\/\/metaltale.com\/et\/wp-json\/wp\/v2\/media\/66348"}],"wp:attachment":[{"href":"https:\/\/metaltale.com\/et\/wp-json\/wp\/v2\/media?parent=140555"}],"wp:term":[{"taxonomy":"product_brand","embeddable":true,"href":"https:\/\/metaltale.com\/et\/wp-json\/wp\/v2\/product_brand?post=140555"},{"taxonomy":"product_cat","embeddable":true,"href":"https:\/\/metaltale.com\/et\/wp-json\/wp\/v2\/product_cat?post=140555"},{"taxonomy":"product_tag","embeddable":true,"href":"https:\/\/metaltale.com\/et\/wp-json\/wp\/v2\/product_tag?post=140555"}],"curies":[{"name":"wp","href":"https:\/\/api.w.org\/{rel}","templated":true}]}}