{"id":140549,"date":"2024-02-13T13:25:05","date_gmt":"2024-02-13T11:25:05","guid":{"rendered":"https:\/\/metaltale.com\/produktas\/toostuslik-loft-kohvilaud-factory-oak\/"},"modified":"2024-02-13T13:25:05","modified_gmt":"2024-02-13T11:25:05","slug":"toostuslik-loft-kohvilaud-factory-oak","status":"publish","type":"product","link":"https:\/\/metaltale.com\/et\/toode\/toostuslik-loft-kohvilaud-factory-oak\/","title":{"rendered":"T\u00f6\u00f6stuslik loft kohvilaud FACTORY OAK"},"content":{"rendered":"<div class=\"prod_data\">\n<p><strong>Mudel<\/strong> ZA. FAC. H1-DAB<br \/>\nFACTORY OAK <strong>kollektsioon<\/strong><br \/>\n<strong>EAN.<\/strong>  5905369914980<br \/>\n<strong>Materjal<\/strong> Tammepuit, teras<br \/>\n<strong>\u00dcldine k\u00f5rgus (cm)<\/strong> 40<br \/>\n<strong>\u00dcldine laius (cm)<\/strong> 110<br \/>\n<strong>S\u00fcgavus (cm)<\/strong> 70<br \/>\n<strong>Tarne t\u00fc\u00fcp<\/strong> T\u00e4ielikult kokkupandud toode<\/p>\n<p>&#8211; t\u00f6\u00f6stuslik kohvilaud tammest ja terasest puidust<br \/>\n&#8211; suletud profiiliga 80x20mm konstruktsioon tagab stabiilsuse ja vastupidavuse;<br \/>\n&#8211; teras, mis on immutatud l\u00e4bipaistva kihiga, mis kaitseb kahjustuste ja kriimustuste eest<br \/>\n&#8211; liimimata laudade vahel v\u00f5ivad tekkida l\u00fcngad, mis ei m\u00f5juta kasutusmugavust.<br \/>\n&#8211; Tammepuit, immutatud loodusliku \u00f5liga<br \/>\n&#8211; oodatav vananemism\u00f5ju avaldub terase pinnal n\u00e4htavate kriimustuste ja m\u00e4rgatava puidutekstuuri n\u00e4ol.<br \/>\n&#8211; toodete v\u00e4rvus v\u00f5ib erineda fotogaleriis n\u00e4idatud v\u00e4rvusest tulenevalt individuaalsetest monitoriseadetest ja materjalide iseloomust &#8211; teras ja tammepuit on toorained, mille v\u00e4rvus, toon ja tekstuur v\u00f5ivad erineda eksemplariti v\u00f5i tootmispartiide kaupa.<\/p>\n<hr>\n<p>&#8220;Factory Oak&#8221; on m\u00f5eldud eelk\u00f5ige neile, kes otsivad unikaalset, t\u00f6\u00f6stuslikus stiilis m\u00f6\u00f6blit. Kollektsioon sisaldab mudeleid, mis sobivad nii stiilsetesse kohvikutesse, juuksurisalongidesse ja restoranidesse kui ka koju. &#8220;Loft&#8221; kohvilaud on klassikaline kombinatsioon vananenud terasest, dekoratiivsetest neetidest ja tammepuidust. See kombinatsioon on edu retsept.<\/p>\n<\/div>\n","protected":false},"excerpt":{"rendered":"<p>Mudel ZA. FAC. H1-DAB FACTORY OAK kollektsioon EAN. 5905369914980 Materjal Tammepuit, teras \u00dcldine k\u00f5rgus (cm) 40 \u00dcldine laius (cm) 110<\/p>\n","protected":false},"featured_media":66048,"comment_status":"open","ping_status":"closed","template":"","meta":{"_acf_changed":false,"pmpro_default_level":""},"product_brand":[],"product_cat":[24198,24138],"product_tag":[],"class_list":{"0":"post-140549","1":"product","2":"type-product","3":"status-publish","4":"has-post-thumbnail","6":"product_cat-kohvilauad","7":"product_cat-toostusmoobel","8":"pmpro-has-access","10":"first","11":"instock","12":"shipping-taxable","13":"purchasable","14":"product-type-simple"},"acf":[],"yoast_head":"<!-- This site is optimized with the Yoast SEO plugin v24.9 - https:\/\/yoast.com\/wordpress\/plugins\/seo\/ -->\n<title>T\u00f6\u00f6stuslik loft kohvilaud FACTORY OAK - MetalTale.com<\/title>\n<meta name=\"robots\" content=\"index, follow, max-snippet:-1, max-image-preview:large, max-video-preview:-1\" \/>\n<link rel=\"canonical\" href=\"https:\/\/metaltale.com\/et\/toode\/toostuslik-loft-kohvilaud-factory-oak\/\" \/>\n<meta property=\"og:locale\" content=\"et_EE\" \/>\n<meta property=\"og:type\" content=\"article\" \/>\n<meta property=\"og:title\" content=\"T\u00f6\u00f6stuslik loft kohvilaud FACTORY OAK - MetalTale.com\" \/>\n<meta property=\"og:description\" content=\"Mudel ZA. FAC. H1-DAB FACTORY OAK kollektsioon EAN. 5905369914980 Materjal Tammepuit, teras \u00dcldine k\u00f5rgus (cm) 40 \u00dcldine laius (cm) 110\" \/>\n<meta property=\"og:url\" content=\"https:\/\/metaltale.com\/et\/toode\/toostuslik-loft-kohvilaud-factory-oak\/\" \/>\n<meta property=\"og:site_name\" content=\"MetalTale.com\" \/>\n<meta name=\"twitter:card\" content=\"summary_large_image\" \/>\n<meta name=\"twitter:label1\" content=\"Est. reading time\" \/>\n\t<meta name=\"twitter:data1\" content=\"1 minut\" \/>\n<script type=\"application\/ld+json\" class=\"yoast-schema-graph\">{\"@context\":\"https:\/\/schema.org\",\"@graph\":[{\"@type\":\"WebPage\",\"@id\":\"https:\/\/metaltale.com\/et\/toode\/toostuslik-loft-kohvilaud-factory-oak\/\",\"url\":\"https:\/\/metaltale.com\/et\/toode\/toostuslik-loft-kohvilaud-factory-oak\/\",\"name\":\"T\u00f6\u00f6stuslik loft kohvilaud FACTORY OAK - MetalTale.com\",\"isPartOf\":{\"@id\":\"https:\/\/metaltale.com\/et\/#website\"},\"primaryImageOfPage\":{\"@id\":\"https:\/\/metaltale.com\/et\/toode\/toostuslik-loft-kohvilaud-factory-oak\/#primaryimage\"},\"image\":{\"@id\":\"https:\/\/metaltale.com\/et\/toode\/toostuslik-loft-kohvilaud-factory-oak\/#primaryimage\"},\"thumbnailUrl\":\"https:\/\/metaltale.com\/wp-content\/uploads\/2023\/09\/Kavos-staliukas-FACTORY-DAB.jpg\",\"datePublished\":\"2024-02-13T11:25:05+00:00\",\"breadcrumb\":{\"@id\":\"https:\/\/metaltale.com\/et\/toode\/toostuslik-loft-kohvilaud-factory-oak\/#breadcrumb\"},\"inLanguage\":\"et\",\"potentialAction\":[{\"@type\":\"ReadAction\",\"target\":[\"https:\/\/metaltale.com\/et\/toode\/toostuslik-loft-kohvilaud-factory-oak\/\"]}]},{\"@type\":\"ImageObject\",\"inLanguage\":\"et\",\"@id\":\"https:\/\/metaltale.com\/et\/toode\/toostuslik-loft-kohvilaud-factory-oak\/#primaryimage\",\"url\":\"https:\/\/metaltale.com\/wp-content\/uploads\/2023\/09\/Kavos-staliukas-FACTORY-DAB.jpg\",\"contentUrl\":\"https:\/\/metaltale.com\/wp-content\/uploads\/2023\/09\/Kavos-staliukas-FACTORY-DAB.jpg\",\"width\":800,\"height\":800},{\"@type\":\"BreadcrumbList\",\"@id\":\"https:\/\/metaltale.com\/et\/toode\/toostuslik-loft-kohvilaud-factory-oak\/#breadcrumb\",\"itemListElement\":[{\"@type\":\"ListItem\",\"position\":1,\"name\":\"Home\",\"item\":\"https:\/\/metaltale.com\/et\/kodu\/\"},{\"@type\":\"ListItem\",\"position\":2,\"name\":\"Kauplus\",\"item\":\"https:\/\/metaltale.com\/et\/shop\/\"},{\"@type\":\"ListItem\",\"position\":3,\"name\":\"T\u00f6\u00f6stuslik loft kohvilaud FACTORY OAK\"}]},{\"@type\":\"WebSite\",\"@id\":\"https:\/\/metaltale.com\/et\/#website\",\"url\":\"https:\/\/metaltale.com\/et\/\",\"name\":\"Metaltale.com\",\"description\":\"\",\"potentialAction\":[{\"@type\":\"SearchAction\",\"target\":{\"@type\":\"EntryPoint\",\"urlTemplate\":\"https:\/\/metaltale.com\/et\/?s={search_term_string}\"},\"query-input\":{\"@type\":\"PropertyValueSpecification\",\"valueRequired\":true,\"valueName\":\"search_term_string\"}}],\"inLanguage\":\"et\"}]}<\/script>\n<!-- \/ Yoast SEO plugin. -->","yoast_head_json":{"title":"T\u00f6\u00f6stuslik loft kohvilaud FACTORY OAK - MetalTale.com","robots":{"index":"index","follow":"follow","max-snippet":"max-snippet:-1","max-image-preview":"max-image-preview:large","max-video-preview":"max-video-preview:-1"},"canonical":"https:\/\/metaltale.com\/et\/toode\/toostuslik-loft-kohvilaud-factory-oak\/","og_locale":"et_EE","og_type":"article","og_title":"T\u00f6\u00f6stuslik loft kohvilaud FACTORY OAK - MetalTale.com","og_description":"Mudel ZA. FAC. H1-DAB FACTORY OAK kollektsioon EAN. 5905369914980 Materjal Tammepuit, teras \u00dcldine k\u00f5rgus (cm) 40 \u00dcldine laius (cm) 110","og_url":"https:\/\/metaltale.com\/et\/toode\/toostuslik-loft-kohvilaud-factory-oak\/","og_site_name":"MetalTale.com","twitter_card":"summary_large_image","twitter_misc":{"Est. reading time":"1 minut"},"schema":{"@context":"https:\/\/schema.org","@graph":[{"@type":"WebPage","@id":"https:\/\/metaltale.com\/et\/toode\/toostuslik-loft-kohvilaud-factory-oak\/","url":"https:\/\/metaltale.com\/et\/toode\/toostuslik-loft-kohvilaud-factory-oak\/","name":"T\u00f6\u00f6stuslik loft kohvilaud FACTORY OAK - MetalTale.com","isPartOf":{"@id":"https:\/\/metaltale.com\/et\/#website"},"primaryImageOfPage":{"@id":"https:\/\/metaltale.com\/et\/toode\/toostuslik-loft-kohvilaud-factory-oak\/#primaryimage"},"image":{"@id":"https:\/\/metaltale.com\/et\/toode\/toostuslik-loft-kohvilaud-factory-oak\/#primaryimage"},"thumbnailUrl":"https:\/\/metaltale.com\/wp-content\/uploads\/2023\/09\/Kavos-staliukas-FACTORY-DAB.jpg","datePublished":"2024-02-13T11:25:05+00:00","breadcrumb":{"@id":"https:\/\/metaltale.com\/et\/toode\/toostuslik-loft-kohvilaud-factory-oak\/#breadcrumb"},"inLanguage":"et","potentialAction":[{"@type":"ReadAction","target":["https:\/\/metaltale.com\/et\/toode\/toostuslik-loft-kohvilaud-factory-oak\/"]}]},{"@type":"ImageObject","inLanguage":"et","@id":"https:\/\/metaltale.com\/et\/toode\/toostuslik-loft-kohvilaud-factory-oak\/#primaryimage","url":"https:\/\/metaltale.com\/wp-content\/uploads\/2023\/09\/Kavos-staliukas-FACTORY-DAB.jpg","contentUrl":"https:\/\/metaltale.com\/wp-content\/uploads\/2023\/09\/Kavos-staliukas-FACTORY-DAB.jpg","width":800,"height":800},{"@type":"BreadcrumbList","@id":"https:\/\/metaltale.com\/et\/toode\/toostuslik-loft-kohvilaud-factory-oak\/#breadcrumb","itemListElement":[{"@type":"ListItem","position":1,"name":"Home","item":"https:\/\/metaltale.com\/et\/kodu\/"},{"@type":"ListItem","position":2,"name":"Kauplus","item":"https:\/\/metaltale.com\/et\/shop\/"},{"@type":"ListItem","position":3,"name":"T\u00f6\u00f6stuslik loft kohvilaud FACTORY OAK"}]},{"@type":"WebSite","@id":"https:\/\/metaltale.com\/et\/#website","url":"https:\/\/metaltale.com\/et\/","name":"Metaltale.com","description":"","potentialAction":[{"@type":"SearchAction","target":{"@type":"EntryPoint","urlTemplate":"https:\/\/metaltale.com\/et\/?s={search_term_string}"},"query-input":{"@type":"PropertyValueSpecification","valueRequired":true,"valueName":"search_term_string"}}],"inLanguage":"et"}]}},"_links":{"self":[{"href":"https:\/\/metaltale.com\/et\/wp-json\/wp\/v2\/product\/140549","targetHints":{"allow":["GET"]}}],"collection":[{"href":"https:\/\/metaltale.com\/et\/wp-json\/wp\/v2\/product"}],"about":[{"href":"https:\/\/metaltale.com\/et\/wp-json\/wp\/v2\/types\/product"}],"replies":[{"embeddable":true,"href":"https:\/\/metaltale.com\/et\/wp-json\/wp\/v2\/comments?post=140549"}],"version-history":[{"count":0,"href":"https:\/\/metaltale.com\/et\/wp-json\/wp\/v2\/product\/140549\/revisions"}],"wp:featuredmedia":[{"embeddable":true,"href":"https:\/\/metaltale.com\/et\/wp-json\/wp\/v2\/media\/66048"}],"wp:attachment":[{"href":"https:\/\/metaltale.com\/et\/wp-json\/wp\/v2\/media?parent=140549"}],"wp:term":[{"taxonomy":"product_brand","embeddable":true,"href":"https:\/\/metaltale.com\/et\/wp-json\/wp\/v2\/product_brand?post=140549"},{"taxonomy":"product_cat","embeddable":true,"href":"https:\/\/metaltale.com\/et\/wp-json\/wp\/v2\/product_cat?post=140549"},{"taxonomy":"product_tag","embeddable":true,"href":"https:\/\/metaltale.com\/et\/wp-json\/wp\/v2\/product_tag?post=140549"}],"curies":[{"name":"wp","href":"https:\/\/api.w.org\/{rel}","templated":true}]}}