{"id":140538,"date":"2024-02-13T13:25:05","date_gmt":"2024-02-13T11:25:05","guid":{"rendered":"https:\/\/metaltale.com\/produktas\/factory-oak-1-riiul\/"},"modified":"2024-02-13T13:25:05","modified_gmt":"2024-02-13T11:25:05","slug":"factory-oak-1-riiul","status":"publish","type":"product","link":"https:\/\/metaltale.com\/et\/toode\/factory-oak-1-riiul\/","title":{"rendered":"FACTORY OAK 1 riiul"},"content":{"rendered":"<div class=\"prod_data\">\n<p><strong>Mudel<\/strong> ZA. FAC1-DAB<br \/>\nFACTORY OAK <strong>kollektsioon<\/strong><br \/>\n<strong>EAN.<\/strong>  5905369914850<br \/>\nMotiiv Muu<br \/>\n<strong>Materjal<\/strong> Tammepuit, teras<br \/>\n<strong>\u00dcldine k\u00f5rgus (cm)<\/strong> 200<br \/>\n<strong>\u00dcldine laius (cm)<\/strong> 80<br \/>\n<strong>S\u00fcgavus (cm)<\/strong> 40<br \/>\n<strong>Tarne t\u00fc\u00fcp<\/strong> T\u00e4ielikult kokkupandud toode<\/p>\n<p>&#8211; Tammepuust ja terasest valmistatud kitsas k\u00f5rge t\u00f6\u00f6stuslik statiiv<br \/>\n&#8211; kuullaagritega juhikud muudavad sahtlite v\u00e4ljat\u00f5mbamise lihtsaks<br \/>\n&#8211; Liugriiuli esiosa kate on praktiline ja disainerlik lahendus<br \/>\n&#8211; suletud profiiliga 80x20mm konstruktsioon tagab stabiilsuse ja vastupidavuse;<br \/>\n&#8211; teras, mis on immutatud l\u00e4bipaistva kihiga, mis kaitseb kahjustuste ja kriimustuste eest<br \/>\n&#8211; t\u00e4ielikult spoonimata puidust sahtlid &#8211; kokkupanekuks kasutatud n\u00e4htavad naelad<br \/>\n&#8211; liimimata laudade vahel v\u00f5ivad tekkida l\u00fcngad, mis ei m\u00f5juta kasutusmugavust.<br \/>\n&#8211; Tammepuit, immutatud loodusliku \u00f5liga<br \/>\n&#8211; oodatav vananemism\u00f5ju avaldub terase pinnal n\u00e4htavate kriimustuste ja m\u00e4rgatava puidutekstuuri n\u00e4ol.<br \/>\n&#8211; toodete v\u00e4rvus v\u00f5ib erineda fotogaleriis n\u00e4idatud v\u00e4rvusest tulenevalt individuaalsetest monitoriseadetest ja materjalide iseloomust &#8211; teras ja tammepuit on toorained, mille v\u00e4rvus, toon ja tekstuur v\u00f5ivad erineda eksemplariti v\u00f5i tootmispartiide kaupa.<\/p>\n<hr>\n<p>&#8220;Factory Oak&#8221; kollektsiooni iseloomustab t\u00f6\u00f6stuslikus stiilis m\u00f6\u00f6bel, mis on k\u00f5rgeima kvaliteediga ja milles on kasutatud taaskasutatud materjale. K\u00f5rge statiiv, mis p\u00f5hineb kinnistest profiilidest valmistatud massiivsel teraskonstruktsioonil, tagab stabiilsuse ja vastupidavuse. Lakkimata tammeplaadid annavad m\u00f6\u00f6blile ajatu elegantsi ja v\u00e4ikesed vahed nende vahel s\u00e4\u00e4stavad p\u00f6\u00f6ningut. Teraseelementidel n\u00e4htav vananemism\u00f5ju on koosk\u00f5las t\u00f6\u00f6stusstandarditega ning seda efekti v\u00f5imendavad n\u00e4htavad keevis\u00f5mblused ja \u00fchenduskohad. Tamme ja metalli stiilne kombinatsioon on klassikaline lahendus, mida saab h\u00f5lpsasti lisada kaasaegsesse interj\u00f6\u00f6ri, murdes sellega interj\u00f6\u00f6ri iseloomu. Kaks puust sahtlit ja liugriiulid, mis on peidetud l\u00fckandfassaadi taha, on praktiline ettepanek kontorisse, kodukirjastusse ja elutuppa. Tehase tammepuust statiiv on samuti eriline dekoratiivne element, eriti t\u00e4nu oma avatud puitarhitektuurile.<\/p>\n<\/div>\n","protected":false},"excerpt":{"rendered":"<p>Mudel ZA. FAC1-DAB FACTORY OAK kollektsioon EAN. 5905369914850 Motiiv Muu Materjal Tammepuit, teras \u00dcldine k\u00f5rgus (cm) 200 \u00dcldine laius (cm)<\/p>\n","protected":false},"featured_media":65934,"comment_status":"open","ping_status":"closed","template":"","meta":{"_acf_changed":false,"pmpro_default_level":""},"product_brand":[],"product_cat":[24173,24138],"product_tag":[],"class_list":{"0":"post-140538","1":"product","2":"type-product","3":"status-publish","4":"has-post-thumbnail","6":"product_cat-riiulid","7":"product_cat-toostusmoobel","8":"pmpro-has-access","10":"first","11":"instock","12":"shipping-taxable","13":"purchasable","14":"product-type-simple"},"acf":[],"yoast_head":"<!-- This site is optimized with the Yoast SEO plugin v24.9 - https:\/\/yoast.com\/wordpress\/plugins\/seo\/ -->\n<title>FACTORY OAK 1 riiul - MetalTale.com<\/title>\n<meta name=\"robots\" content=\"index, follow, max-snippet:-1, max-image-preview:large, max-video-preview:-1\" \/>\n<link rel=\"canonical\" href=\"https:\/\/metaltale.com\/et\/toode\/factory-oak-1-riiul\/\" \/>\n<meta property=\"og:locale\" content=\"et_EE\" \/>\n<meta property=\"og:type\" content=\"article\" \/>\n<meta property=\"og:title\" content=\"FACTORY OAK 1 riiul - MetalTale.com\" \/>\n<meta property=\"og:description\" content=\"Mudel ZA. FAC1-DAB FACTORY OAK kollektsioon EAN. 5905369914850 Motiiv Muu Materjal Tammepuit, teras \u00dcldine k\u00f5rgus (cm) 200 \u00dcldine laius (cm)\" \/>\n<meta property=\"og:url\" content=\"https:\/\/metaltale.com\/et\/toode\/factory-oak-1-riiul\/\" \/>\n<meta property=\"og:site_name\" content=\"MetalTale.com\" \/>\n<meta name=\"twitter:card\" content=\"summary_large_image\" \/>\n<meta name=\"twitter:label1\" content=\"Est. reading time\" \/>\n\t<meta name=\"twitter:data1\" content=\"1 minut\" \/>\n<script type=\"application\/ld+json\" class=\"yoast-schema-graph\">{\"@context\":\"https:\/\/schema.org\",\"@graph\":[{\"@type\":\"WebPage\",\"@id\":\"https:\/\/metaltale.com\/et\/toode\/factory-oak-1-riiul\/\",\"url\":\"https:\/\/metaltale.com\/et\/toode\/factory-oak-1-riiul\/\",\"name\":\"FACTORY OAK 1 riiul - MetalTale.com\",\"isPartOf\":{\"@id\":\"https:\/\/metaltale.com\/et\/#website\"},\"primaryImageOfPage\":{\"@id\":\"https:\/\/metaltale.com\/et\/toode\/factory-oak-1-riiul\/#primaryimage\"},\"image\":{\"@id\":\"https:\/\/metaltale.com\/et\/toode\/factory-oak-1-riiul\/#primaryimage\"},\"thumbnailUrl\":\"https:\/\/metaltale.com\/wp-content\/uploads\/2023\/09\/Lentynos-FACTORY-OAK-1.jpg\",\"datePublished\":\"2024-02-13T11:25:05+00:00\",\"breadcrumb\":{\"@id\":\"https:\/\/metaltale.com\/et\/toode\/factory-oak-1-riiul\/#breadcrumb\"},\"inLanguage\":\"et\",\"potentialAction\":[{\"@type\":\"ReadAction\",\"target\":[\"https:\/\/metaltale.com\/et\/toode\/factory-oak-1-riiul\/\"]}]},{\"@type\":\"ImageObject\",\"inLanguage\":\"et\",\"@id\":\"https:\/\/metaltale.com\/et\/toode\/factory-oak-1-riiul\/#primaryimage\",\"url\":\"https:\/\/metaltale.com\/wp-content\/uploads\/2023\/09\/Lentynos-FACTORY-OAK-1.jpg\",\"contentUrl\":\"https:\/\/metaltale.com\/wp-content\/uploads\/2023\/09\/Lentynos-FACTORY-OAK-1.jpg\",\"width\":800,\"height\":800,\"caption\":\"FACTORY OAK 1 riiul\"},{\"@type\":\"BreadcrumbList\",\"@id\":\"https:\/\/metaltale.com\/et\/toode\/factory-oak-1-riiul\/#breadcrumb\",\"itemListElement\":[{\"@type\":\"ListItem\",\"position\":1,\"name\":\"Home\",\"item\":\"https:\/\/metaltale.com\/et\/kodu\/\"},{\"@type\":\"ListItem\",\"position\":2,\"name\":\"Kauplus\",\"item\":\"https:\/\/metaltale.com\/et\/shop\/\"},{\"@type\":\"ListItem\",\"position\":3,\"name\":\"FACTORY OAK 1 riiul\"}]},{\"@type\":\"WebSite\",\"@id\":\"https:\/\/metaltale.com\/et\/#website\",\"url\":\"https:\/\/metaltale.com\/et\/\",\"name\":\"Metaltale.com\",\"description\":\"\",\"potentialAction\":[{\"@type\":\"SearchAction\",\"target\":{\"@type\":\"EntryPoint\",\"urlTemplate\":\"https:\/\/metaltale.com\/et\/?s={search_term_string}\"},\"query-input\":{\"@type\":\"PropertyValueSpecification\",\"valueRequired\":true,\"valueName\":\"search_term_string\"}}],\"inLanguage\":\"et\"}]}<\/script>\n<!-- \/ Yoast SEO plugin. -->","yoast_head_json":{"title":"FACTORY OAK 1 riiul - MetalTale.com","robots":{"index":"index","follow":"follow","max-snippet":"max-snippet:-1","max-image-preview":"max-image-preview:large","max-video-preview":"max-video-preview:-1"},"canonical":"https:\/\/metaltale.com\/et\/toode\/factory-oak-1-riiul\/","og_locale":"et_EE","og_type":"article","og_title":"FACTORY OAK 1 riiul - MetalTale.com","og_description":"Mudel ZA. FAC1-DAB FACTORY OAK kollektsioon EAN. 5905369914850 Motiiv Muu Materjal Tammepuit, teras \u00dcldine k\u00f5rgus (cm) 200 \u00dcldine laius (cm)","og_url":"https:\/\/metaltale.com\/et\/toode\/factory-oak-1-riiul\/","og_site_name":"MetalTale.com","twitter_card":"summary_large_image","twitter_misc":{"Est. reading time":"1 minut"},"schema":{"@context":"https:\/\/schema.org","@graph":[{"@type":"WebPage","@id":"https:\/\/metaltale.com\/et\/toode\/factory-oak-1-riiul\/","url":"https:\/\/metaltale.com\/et\/toode\/factory-oak-1-riiul\/","name":"FACTORY OAK 1 riiul - MetalTale.com","isPartOf":{"@id":"https:\/\/metaltale.com\/et\/#website"},"primaryImageOfPage":{"@id":"https:\/\/metaltale.com\/et\/toode\/factory-oak-1-riiul\/#primaryimage"},"image":{"@id":"https:\/\/metaltale.com\/et\/toode\/factory-oak-1-riiul\/#primaryimage"},"thumbnailUrl":"https:\/\/metaltale.com\/wp-content\/uploads\/2023\/09\/Lentynos-FACTORY-OAK-1.jpg","datePublished":"2024-02-13T11:25:05+00:00","breadcrumb":{"@id":"https:\/\/metaltale.com\/et\/toode\/factory-oak-1-riiul\/#breadcrumb"},"inLanguage":"et","potentialAction":[{"@type":"ReadAction","target":["https:\/\/metaltale.com\/et\/toode\/factory-oak-1-riiul\/"]}]},{"@type":"ImageObject","inLanguage":"et","@id":"https:\/\/metaltale.com\/et\/toode\/factory-oak-1-riiul\/#primaryimage","url":"https:\/\/metaltale.com\/wp-content\/uploads\/2023\/09\/Lentynos-FACTORY-OAK-1.jpg","contentUrl":"https:\/\/metaltale.com\/wp-content\/uploads\/2023\/09\/Lentynos-FACTORY-OAK-1.jpg","width":800,"height":800,"caption":"FACTORY OAK 1 riiul"},{"@type":"BreadcrumbList","@id":"https:\/\/metaltale.com\/et\/toode\/factory-oak-1-riiul\/#breadcrumb","itemListElement":[{"@type":"ListItem","position":1,"name":"Home","item":"https:\/\/metaltale.com\/et\/kodu\/"},{"@type":"ListItem","position":2,"name":"Kauplus","item":"https:\/\/metaltale.com\/et\/shop\/"},{"@type":"ListItem","position":3,"name":"FACTORY OAK 1 riiul"}]},{"@type":"WebSite","@id":"https:\/\/metaltale.com\/et\/#website","url":"https:\/\/metaltale.com\/et\/","name":"Metaltale.com","description":"","potentialAction":[{"@type":"SearchAction","target":{"@type":"EntryPoint","urlTemplate":"https:\/\/metaltale.com\/et\/?s={search_term_string}"},"query-input":{"@type":"PropertyValueSpecification","valueRequired":true,"valueName":"search_term_string"}}],"inLanguage":"et"}]}},"_links":{"self":[{"href":"https:\/\/metaltale.com\/et\/wp-json\/wp\/v2\/product\/140538","targetHints":{"allow":["GET"]}}],"collection":[{"href":"https:\/\/metaltale.com\/et\/wp-json\/wp\/v2\/product"}],"about":[{"href":"https:\/\/metaltale.com\/et\/wp-json\/wp\/v2\/types\/product"}],"replies":[{"embeddable":true,"href":"https:\/\/metaltale.com\/et\/wp-json\/wp\/v2\/comments?post=140538"}],"version-history":[{"count":0,"href":"https:\/\/metaltale.com\/et\/wp-json\/wp\/v2\/product\/140538\/revisions"}],"wp:featuredmedia":[{"embeddable":true,"href":"https:\/\/metaltale.com\/et\/wp-json\/wp\/v2\/media\/65934"}],"wp:attachment":[{"href":"https:\/\/metaltale.com\/et\/wp-json\/wp\/v2\/media?parent=140538"}],"wp:term":[{"taxonomy":"product_brand","embeddable":true,"href":"https:\/\/metaltale.com\/et\/wp-json\/wp\/v2\/product_brand?post=140538"},{"taxonomy":"product_cat","embeddable":true,"href":"https:\/\/metaltale.com\/et\/wp-json\/wp\/v2\/product_cat?post=140538"},{"taxonomy":"product_tag","embeddable":true,"href":"https:\/\/metaltale.com\/et\/wp-json\/wp\/v2\/product_tag?post=140538"}],"curies":[{"name":"wp","href":"https:\/\/api.w.org\/{rel}","templated":true}]}}