{"id":140531,"date":"2024-02-13T13:21:46","date_gmt":"2024-02-13T11:21:46","guid":{"rendered":"https:\/\/metaltale.com\/produktas\/metallist-mooblijalg-hairpin-triple-rod-20-cm-varvitud-teras\/"},"modified":"2024-02-13T13:21:46","modified_gmt":"2024-02-13T11:21:46","slug":"metallist-mooblijalg-hairpin-triple-rod-20-cm-varvitud-teras","status":"publish","type":"product","link":"https:\/\/metaltale.com\/et\/toode\/metallist-mooblijalg-hairpin-triple-rod-20-cm-varvitud-teras\/","title":{"rendered":"Metallist m\u00f6\u00f6blijalg HAIRPIN TRIPLE ROD 20 cm, v\u00e4rvitud teras"},"content":{"rendered":"<div class=\"prod_data\">\n<p><strong>Mudel<\/strong> ZA.PR3.NDM<br \/>\n<strong>Materjal<\/strong> teras<br \/>\n<strong>\u00dcldine k\u00f5rgus (cm)<\/strong> 20<br \/>\n<strong>Aluse m\u00f5\u00f5tmed (cm<\/strong> ) 7,7 x 14,5<br \/>\n<strong>Varda l\u00e4bim\u00f5\u00f5t (cm)<\/strong> 1<br \/>\nPaigalduskruvid Ei<br \/>\n<strong>V\u00e4rv<\/strong> teras<br \/>\nKogus komplekti kohta 1 tk.<\/p>\n<p>&#8211; terasest m\u00f6\u00f6blijalg<br \/>\n&#8211; v\u00e4rvivalikud v\u00f5imaldavad toote t\u00e4iuslikku sobitamist sisustuse juurde.<br \/>\n&#8211; \u00fcks m\u00f6\u00f6blijalg v\u00f5imaldab t\u00e4pselt valida, kuhu see m\u00f6\u00f6blile kinnitatakse<br \/>\n&#8211; V\u00e4rvitu lakiga immutatud terasversioon eristub tahtliku h\u00f5\u00f5rdumise ja muude vananemism\u00f5jude poolest.<br \/>\n&#8211; toodete v\u00e4rvus v\u00f5ib erineda galeriis olevatest piltidest, mis on tingitud individuaalsetest monitoriseadetest ja materjalide iseloomust &#8211; teras on toormaterjal, mille v\u00e4rvus, toon ja tekstuur v\u00f5ivad n\u00e4idiste v\u00f5i partiide l\u00f5ikes erineda.<br \/>\n&#8211; pakutavad kruvid on m\u00f5eldud t\u00f6\u00f6pindade jaoks, mille paksus on 37 mm v\u00f5i rohkem.<\/p>\n<hr>\n<p>Peenike, kuid omap\u00e4rane Hairpin Triple Rod on ettepanek, mis on m\u00f5eldud DIY-entusiastidele. K\u00f5ige lihtsam viis m\u00f6\u00f6bli ja seega ka kogu interj\u00f6\u00f6ri muutmiseks on vahetada jalad. Madalat terasjalga iseloomustab lihtsus ja elegants. Mudel on saadaval kahes v\u00e4rvitoonis, nii et jalga saab ideaalselt sobitada paigutusega. Terasvardast valmistatud madal jalg on elegantse v\u00e4limusega ja sobib h\u00e4sti retro- ja modernse stiiliga. Terasest versiooni kriimustused ja muud vananemisj\u00e4ljed annavad sellele maitsva v\u00e4limuse ning sobivad ideaalselt loft- ja t\u00f6\u00f6stusstiili kriteeriumidega. Hairpin terasjalgade eeliseks on muude suuruste k\u00e4ttesaadavus &#8211; nii laua kui ka kohvilauda puhul.<\/p>\n<hr>\n<\/div>\n","protected":false},"excerpt":{"rendered":"<p>Mudel ZA.PR3.NDM Materjal teras \u00dcldine k\u00f5rgus (cm) 20 Aluse m\u00f5\u00f5tmed (cm ) 7,7 x 14,5 Varda l\u00e4bim\u00f5\u00f5t (cm) 1 Paigalduskruvid<\/p>\n","protected":false},"featured_media":119173,"comment_status":"open","ping_status":"closed","template":"","meta":{"_acf_changed":false,"pmpro_default_level":""},"product_brand":[],"product_cat":[24137,23898],"product_tag":[],"class_list":{"0":"post-140531","1":"product","2":"type-product","3":"status-publish","4":"has-post-thumbnail","6":"product_cat-moobli-jalad","7":"product_cat-baldu-kojeles-et","8":"pmpro-has-access","10":"first","11":"instock","12":"shipping-taxable","13":"purchasable","14":"product-type-simple"},"acf":[],"yoast_head":"<!-- This site is optimized with the Yoast SEO plugin v24.9 - https:\/\/yoast.com\/wordpress\/plugins\/seo\/ -->\n<title>Metallist m\u00f6\u00f6blijalg HAIRPIN TRIPLE ROD 20 cm, v\u00e4rvitud teras - MetalTale.com<\/title>\n<meta name=\"robots\" content=\"index, follow, max-snippet:-1, max-image-preview:large, max-video-preview:-1\" \/>\n<link rel=\"canonical\" href=\"https:\/\/metaltale.com\/et\/toode\/metallist-mooblijalg-hairpin-triple-rod-20-cm-varvitud-teras\/\" \/>\n<meta property=\"og:locale\" content=\"et_EE\" \/>\n<meta property=\"og:type\" content=\"article\" \/>\n<meta property=\"og:title\" content=\"Metallist m\u00f6\u00f6blijalg HAIRPIN TRIPLE ROD 20 cm, v\u00e4rvitud teras - MetalTale.com\" \/>\n<meta property=\"og:description\" content=\"Mudel ZA.PR3.NDM Materjal teras \u00dcldine k\u00f5rgus (cm) 20 Aluse m\u00f5\u00f5tmed (cm ) 7,7 x 14,5 Varda l\u00e4bim\u00f5\u00f5t (cm) 1 Paigalduskruvid\" \/>\n<meta property=\"og:url\" content=\"https:\/\/metaltale.com\/et\/toode\/metallist-mooblijalg-hairpin-triple-rod-20-cm-varvitud-teras\/\" \/>\n<meta property=\"og:site_name\" content=\"MetalTale.com\" \/>\n<meta name=\"twitter:card\" content=\"summary_large_image\" \/>\n<meta name=\"twitter:label1\" content=\"Est. reading time\" \/>\n\t<meta name=\"twitter:data1\" content=\"1 minut\" \/>\n<script type=\"application\/ld+json\" class=\"yoast-schema-graph\">{\"@context\":\"https:\/\/schema.org\",\"@graph\":[{\"@type\":\"WebPage\",\"@id\":\"https:\/\/metaltale.com\/et\/toode\/metallist-mooblijalg-hairpin-triple-rod-20-cm-varvitud-teras\/\",\"url\":\"https:\/\/metaltale.com\/et\/toode\/metallist-mooblijalg-hairpin-triple-rod-20-cm-varvitud-teras\/\",\"name\":\"Metallist m\u00f6\u00f6blijalg HAIRPIN TRIPLE ROD 20 cm, v\u00e4rvitud teras - MetalTale.com\",\"isPartOf\":{\"@id\":\"https:\/\/metaltale.com\/et\/#website\"},\"primaryImageOfPage\":{\"@id\":\"https:\/\/metaltale.com\/et\/toode\/metallist-mooblijalg-hairpin-triple-rod-20-cm-varvitud-teras\/#primaryimage\"},\"image\":{\"@id\":\"https:\/\/metaltale.com\/et\/toode\/metallist-mooblijalg-hairpin-triple-rod-20-cm-varvitud-teras\/#primaryimage\"},\"thumbnailUrl\":\"https:\/\/metaltale.com\/wp-content\/uploads\/2023\/12\/baldu-kojeles-8.jpg\",\"datePublished\":\"2024-02-13T11:21:46+00:00\",\"breadcrumb\":{\"@id\":\"https:\/\/metaltale.com\/et\/toode\/metallist-mooblijalg-hairpin-triple-rod-20-cm-varvitud-teras\/#breadcrumb\"},\"inLanguage\":\"et\",\"potentialAction\":[{\"@type\":\"ReadAction\",\"target\":[\"https:\/\/metaltale.com\/et\/toode\/metallist-mooblijalg-hairpin-triple-rod-20-cm-varvitud-teras\/\"]}]},{\"@type\":\"ImageObject\",\"inLanguage\":\"et\",\"@id\":\"https:\/\/metaltale.com\/et\/toode\/metallist-mooblijalg-hairpin-triple-rod-20-cm-varvitud-teras\/#primaryimage\",\"url\":\"https:\/\/metaltale.com\/wp-content\/uploads\/2023\/12\/baldu-kojeles-8.jpg\",\"contentUrl\":\"https:\/\/metaltale.com\/wp-content\/uploads\/2023\/12\/baldu-kojeles-8.jpg\",\"width\":800,\"height\":800,\"caption\":\"M\u00f6\u00f6bli jalad\"},{\"@type\":\"BreadcrumbList\",\"@id\":\"https:\/\/metaltale.com\/et\/toode\/metallist-mooblijalg-hairpin-triple-rod-20-cm-varvitud-teras\/#breadcrumb\",\"itemListElement\":[{\"@type\":\"ListItem\",\"position\":1,\"name\":\"Home\",\"item\":\"https:\/\/metaltale.com\/et\/kodu\/\"},{\"@type\":\"ListItem\",\"position\":2,\"name\":\"Kauplus\",\"item\":\"https:\/\/metaltale.com\/et\/shop\/\"},{\"@type\":\"ListItem\",\"position\":3,\"name\":\"Metallist m\u00f6\u00f6blijalg HAIRPIN TRIPLE ROD 20 cm, v\u00e4rvitud teras\"}]},{\"@type\":\"WebSite\",\"@id\":\"https:\/\/metaltale.com\/et\/#website\",\"url\":\"https:\/\/metaltale.com\/et\/\",\"name\":\"Metaltale.com\",\"description\":\"\",\"potentialAction\":[{\"@type\":\"SearchAction\",\"target\":{\"@type\":\"EntryPoint\",\"urlTemplate\":\"https:\/\/metaltale.com\/et\/?s={search_term_string}\"},\"query-input\":{\"@type\":\"PropertyValueSpecification\",\"valueRequired\":true,\"valueName\":\"search_term_string\"}}],\"inLanguage\":\"et\"}]}<\/script>\n<!-- \/ Yoast SEO plugin. -->","yoast_head_json":{"title":"Metallist m\u00f6\u00f6blijalg HAIRPIN TRIPLE ROD 20 cm, v\u00e4rvitud teras - MetalTale.com","robots":{"index":"index","follow":"follow","max-snippet":"max-snippet:-1","max-image-preview":"max-image-preview:large","max-video-preview":"max-video-preview:-1"},"canonical":"https:\/\/metaltale.com\/et\/toode\/metallist-mooblijalg-hairpin-triple-rod-20-cm-varvitud-teras\/","og_locale":"et_EE","og_type":"article","og_title":"Metallist m\u00f6\u00f6blijalg HAIRPIN TRIPLE ROD 20 cm, v\u00e4rvitud teras - MetalTale.com","og_description":"Mudel ZA.PR3.NDM Materjal teras \u00dcldine k\u00f5rgus (cm) 20 Aluse m\u00f5\u00f5tmed (cm ) 7,7 x 14,5 Varda l\u00e4bim\u00f5\u00f5t (cm) 1 Paigalduskruvid","og_url":"https:\/\/metaltale.com\/et\/toode\/metallist-mooblijalg-hairpin-triple-rod-20-cm-varvitud-teras\/","og_site_name":"MetalTale.com","twitter_card":"summary_large_image","twitter_misc":{"Est. reading time":"1 minut"},"schema":{"@context":"https:\/\/schema.org","@graph":[{"@type":"WebPage","@id":"https:\/\/metaltale.com\/et\/toode\/metallist-mooblijalg-hairpin-triple-rod-20-cm-varvitud-teras\/","url":"https:\/\/metaltale.com\/et\/toode\/metallist-mooblijalg-hairpin-triple-rod-20-cm-varvitud-teras\/","name":"Metallist m\u00f6\u00f6blijalg HAIRPIN TRIPLE ROD 20 cm, v\u00e4rvitud teras - MetalTale.com","isPartOf":{"@id":"https:\/\/metaltale.com\/et\/#website"},"primaryImageOfPage":{"@id":"https:\/\/metaltale.com\/et\/toode\/metallist-mooblijalg-hairpin-triple-rod-20-cm-varvitud-teras\/#primaryimage"},"image":{"@id":"https:\/\/metaltale.com\/et\/toode\/metallist-mooblijalg-hairpin-triple-rod-20-cm-varvitud-teras\/#primaryimage"},"thumbnailUrl":"https:\/\/metaltale.com\/wp-content\/uploads\/2023\/12\/baldu-kojeles-8.jpg","datePublished":"2024-02-13T11:21:46+00:00","breadcrumb":{"@id":"https:\/\/metaltale.com\/et\/toode\/metallist-mooblijalg-hairpin-triple-rod-20-cm-varvitud-teras\/#breadcrumb"},"inLanguage":"et","potentialAction":[{"@type":"ReadAction","target":["https:\/\/metaltale.com\/et\/toode\/metallist-mooblijalg-hairpin-triple-rod-20-cm-varvitud-teras\/"]}]},{"@type":"ImageObject","inLanguage":"et","@id":"https:\/\/metaltale.com\/et\/toode\/metallist-mooblijalg-hairpin-triple-rod-20-cm-varvitud-teras\/#primaryimage","url":"https:\/\/metaltale.com\/wp-content\/uploads\/2023\/12\/baldu-kojeles-8.jpg","contentUrl":"https:\/\/metaltale.com\/wp-content\/uploads\/2023\/12\/baldu-kojeles-8.jpg","width":800,"height":800,"caption":"M\u00f6\u00f6bli jalad"},{"@type":"BreadcrumbList","@id":"https:\/\/metaltale.com\/et\/toode\/metallist-mooblijalg-hairpin-triple-rod-20-cm-varvitud-teras\/#breadcrumb","itemListElement":[{"@type":"ListItem","position":1,"name":"Home","item":"https:\/\/metaltale.com\/et\/kodu\/"},{"@type":"ListItem","position":2,"name":"Kauplus","item":"https:\/\/metaltale.com\/et\/shop\/"},{"@type":"ListItem","position":3,"name":"Metallist m\u00f6\u00f6blijalg HAIRPIN TRIPLE ROD 20 cm, v\u00e4rvitud teras"}]},{"@type":"WebSite","@id":"https:\/\/metaltale.com\/et\/#website","url":"https:\/\/metaltale.com\/et\/","name":"Metaltale.com","description":"","potentialAction":[{"@type":"SearchAction","target":{"@type":"EntryPoint","urlTemplate":"https:\/\/metaltale.com\/et\/?s={search_term_string}"},"query-input":{"@type":"PropertyValueSpecification","valueRequired":true,"valueName":"search_term_string"}}],"inLanguage":"et"}]}},"_links":{"self":[{"href":"https:\/\/metaltale.com\/et\/wp-json\/wp\/v2\/product\/140531","targetHints":{"allow":["GET"]}}],"collection":[{"href":"https:\/\/metaltale.com\/et\/wp-json\/wp\/v2\/product"}],"about":[{"href":"https:\/\/metaltale.com\/et\/wp-json\/wp\/v2\/types\/product"}],"replies":[{"embeddable":true,"href":"https:\/\/metaltale.com\/et\/wp-json\/wp\/v2\/comments?post=140531"}],"version-history":[{"count":0,"href":"https:\/\/metaltale.com\/et\/wp-json\/wp\/v2\/product\/140531\/revisions"}],"wp:featuredmedia":[{"embeddable":true,"href":"https:\/\/metaltale.com\/et\/wp-json\/wp\/v2\/media\/119173"}],"wp:attachment":[{"href":"https:\/\/metaltale.com\/et\/wp-json\/wp\/v2\/media?parent=140531"}],"wp:term":[{"taxonomy":"product_brand","embeddable":true,"href":"https:\/\/metaltale.com\/et\/wp-json\/wp\/v2\/product_brand?post=140531"},{"taxonomy":"product_cat","embeddable":true,"href":"https:\/\/metaltale.com\/et\/wp-json\/wp\/v2\/product_cat?post=140531"},{"taxonomy":"product_tag","embeddable":true,"href":"https:\/\/metaltale.com\/et\/wp-json\/wp\/v2\/product_tag?post=140531"}],"curies":[{"name":"wp","href":"https:\/\/api.w.org\/{rel}","templated":true}]}}