{"id":140530,"date":"2024-02-13T13:21:46","date_gmt":"2024-02-13T11:21:46","guid":{"rendered":"https:\/\/metaltale.com\/produktas\/metallist-mooblijalg-slim-18-cm-must\/"},"modified":"2024-02-13T13:21:46","modified_gmt":"2024-02-13T11:21:46","slug":"metallist-mooblijalg-slim-18-cm-must","status":"publish","type":"product","link":"https:\/\/metaltale.com\/et\/toode\/metallist-mooblijalg-slim-18-cm-must\/","title":{"rendered":"Metallist m\u00f6\u00f6blijalg SLIM 18 cm, must"},"content":{"rendered":"<div class=\"prod_data\">\n<p><strong>Mudel<\/strong> RR. SLIM. NDM<br \/>\n<strong>Materjal<\/strong> teras<br \/>\n<strong>\u00dcldine k\u00f5rgus (cm)<\/strong> 18<br \/>\n\u00dcldine laius (cm) 12<br \/>\n<strong>Aluse m\u00f5\u00f5tmed (cm<\/strong> ) 7 x 10<br \/>\n<strong>Lame riba m\u00f5\u00f5tmed (cm)<\/strong> 0,8<br \/>\nPaigalduskruvid Ei<br \/>\n<strong>V\u00e4rv<\/strong> Must<br \/>\nKogus komplekti kohta 1 tk.<\/p>\n<p>&#8211; terasest m\u00f6\u00f6blijalg<br \/>\n&#8211; v\u00e4rvivalikud v\u00f5imaldavad toote t\u00e4iuslikku sobitamist sisustuse juurde.<br \/>\n&#8211; \u00fcks m\u00f6\u00f6blijalg v\u00f5imaldab t\u00e4pselt valida, kuhu see m\u00f6\u00f6blile kinnitatakse<br \/>\n&#8211; must pulberv\u00e4rvitud jalg, mis on v\u00e4ga vastupidav kriimustustele<br \/>\n&#8211; Laseriga l\u00f5igatud kolmnurkne muster kerge jalap\u00f5hja jaoks<br \/>\n&#8211; toodete v\u00e4rvus v\u00f5ib erineda galeriis olevatest piltidest, mis on tingitud individuaalsetest monitoriseadetest ja materjalide iseloomust &#8211; teras on toormaterjal, mille v\u00e4rvus, toon ja tekstuur v\u00f5ivad n\u00e4idiste v\u00f5i partiide l\u00f5ikes erineda.<br \/>\n&#8211; pakutavad kruvid on m\u00f5eldud t\u00f6\u00f6pindade jaoks, mille paksus on 37 mm v\u00f5i rohkem.<\/p>\n<hr>\n<p>\u00dcksikut SLIM terasjalga iseloomustab iseloomulik l\u00e4bil\u00f5ikeline laserl\u00f5ikega muster. Terasjalg annab igale sahtlile ja raamatukappidele kerguse ja \u0161iki v\u00e4limuse, pakkudes samas kindlat alust. See mudel on originaalne ja elegantne pakkumine retro ja loft&#8217;i armastajatele. \u00dcksikud jalad sobivad modifitseeritud m\u00f6\u00f6blile, mille m\u00f5\u00f5tmed ei ole standardsed &#8211; paigalduskoha saab vabalt valida. Kvaliteetne toode, mis on lihtne kokku panna ja kvaliteetne. Materjali paksus ja tugev kokkupandav alus tagavad stabiilse m\u00f6\u00f6bli. SLIM-mudeli eelis on see, et see on saadaval ka teistes suurustes, mis v\u00f5imaldab harmoonilist ja \u00fchtset kompositsiooni.<\/p>\n<\/div>\n","protected":false},"excerpt":{"rendered":"<p>Mudel RR. SLIM. NDM Materjal teras \u00dcldine k\u00f5rgus (cm) 18 \u00dcldine laius (cm) 12 Aluse m\u00f5\u00f5tmed (cm ) 7 x<\/p>\n","protected":false},"featured_media":119111,"comment_status":"open","ping_status":"closed","template":"","meta":{"_acf_changed":false,"pmpro_default_level":""},"product_brand":[],"product_cat":[24137,23898],"product_tag":[],"class_list":{"0":"post-140530","1":"product","2":"type-product","3":"status-publish","4":"has-post-thumbnail","6":"product_cat-moobli-jalad","7":"product_cat-baldu-kojeles-et","8":"pmpro-has-access","10":"first","11":"outofstock","12":"shipping-taxable","13":"purchasable","14":"product-type-simple"},"acf":[],"yoast_head":"<!-- This site is optimized with the Yoast SEO plugin v24.9 - https:\/\/yoast.com\/wordpress\/plugins\/seo\/ -->\n<title>Metallist m\u00f6\u00f6blijalg SLIM 18 cm, must - MetalTale.com<\/title>\n<meta name=\"robots\" content=\"index, follow, max-snippet:-1, max-image-preview:large, max-video-preview:-1\" \/>\n<link rel=\"canonical\" href=\"https:\/\/metaltale.com\/et\/toode\/metallist-mooblijalg-slim-18-cm-must\/\" \/>\n<meta property=\"og:locale\" content=\"et_EE\" \/>\n<meta property=\"og:type\" content=\"article\" \/>\n<meta property=\"og:title\" content=\"Metallist m\u00f6\u00f6blijalg SLIM 18 cm, must - MetalTale.com\" \/>\n<meta property=\"og:description\" content=\"Mudel RR. SLIM. NDM Materjal teras \u00dcldine k\u00f5rgus (cm) 18 \u00dcldine laius (cm) 12 Aluse m\u00f5\u00f5tmed (cm ) 7 x\" \/>\n<meta property=\"og:url\" content=\"https:\/\/metaltale.com\/et\/toode\/metallist-mooblijalg-slim-18-cm-must\/\" \/>\n<meta property=\"og:site_name\" content=\"MetalTale.com\" \/>\n<meta name=\"twitter:card\" content=\"summary_large_image\" \/>\n<meta name=\"twitter:label1\" content=\"Est. reading time\" \/>\n\t<meta name=\"twitter:data1\" content=\"1 minut\" \/>\n<script type=\"application\/ld+json\" class=\"yoast-schema-graph\">{\"@context\":\"https:\/\/schema.org\",\"@graph\":[{\"@type\":\"WebPage\",\"@id\":\"https:\/\/metaltale.com\/et\/toode\/metallist-mooblijalg-slim-18-cm-must\/\",\"url\":\"https:\/\/metaltale.com\/et\/toode\/metallist-mooblijalg-slim-18-cm-must\/\",\"name\":\"Metallist m\u00f6\u00f6blijalg SLIM 18 cm, must - MetalTale.com\",\"isPartOf\":{\"@id\":\"https:\/\/metaltale.com\/et\/#website\"},\"primaryImageOfPage\":{\"@id\":\"https:\/\/metaltale.com\/et\/toode\/metallist-mooblijalg-slim-18-cm-must\/#primaryimage\"},\"image\":{\"@id\":\"https:\/\/metaltale.com\/et\/toode\/metallist-mooblijalg-slim-18-cm-must\/#primaryimage\"},\"thumbnailUrl\":\"https:\/\/metaltale.com\/wp-content\/uploads\/2023\/12\/baldu-kojeles-1-scaled.jpg\",\"datePublished\":\"2024-02-13T11:21:46+00:00\",\"breadcrumb\":{\"@id\":\"https:\/\/metaltale.com\/et\/toode\/metallist-mooblijalg-slim-18-cm-must\/#breadcrumb\"},\"inLanguage\":\"et\",\"potentialAction\":[{\"@type\":\"ReadAction\",\"target\":[\"https:\/\/metaltale.com\/et\/toode\/metallist-mooblijalg-slim-18-cm-must\/\"]}]},{\"@type\":\"ImageObject\",\"inLanguage\":\"et\",\"@id\":\"https:\/\/metaltale.com\/et\/toode\/metallist-mooblijalg-slim-18-cm-must\/#primaryimage\",\"url\":\"https:\/\/metaltale.com\/wp-content\/uploads\/2023\/12\/baldu-kojeles-1-scaled.jpg\",\"contentUrl\":\"https:\/\/metaltale.com\/wp-content\/uploads\/2023\/12\/baldu-kojeles-1-scaled.jpg\",\"width\":2560,\"height\":2560,\"caption\":\"M\u00f6\u00f6bli jalad\"},{\"@type\":\"BreadcrumbList\",\"@id\":\"https:\/\/metaltale.com\/et\/toode\/metallist-mooblijalg-slim-18-cm-must\/#breadcrumb\",\"itemListElement\":[{\"@type\":\"ListItem\",\"position\":1,\"name\":\"Home\",\"item\":\"https:\/\/metaltale.com\/et\/kodu\/\"},{\"@type\":\"ListItem\",\"position\":2,\"name\":\"Kauplus\",\"item\":\"https:\/\/metaltale.com\/et\/shop\/\"},{\"@type\":\"ListItem\",\"position\":3,\"name\":\"Metallist m\u00f6\u00f6blijalg SLIM 18 cm, must\"}]},{\"@type\":\"WebSite\",\"@id\":\"https:\/\/metaltale.com\/et\/#website\",\"url\":\"https:\/\/metaltale.com\/et\/\",\"name\":\"Metaltale.com\",\"description\":\"\",\"potentialAction\":[{\"@type\":\"SearchAction\",\"target\":{\"@type\":\"EntryPoint\",\"urlTemplate\":\"https:\/\/metaltale.com\/et\/?s={search_term_string}\"},\"query-input\":{\"@type\":\"PropertyValueSpecification\",\"valueRequired\":true,\"valueName\":\"search_term_string\"}}],\"inLanguage\":\"et\"}]}<\/script>\n<!-- \/ Yoast SEO plugin. -->","yoast_head_json":{"title":"Metallist m\u00f6\u00f6blijalg SLIM 18 cm, must - MetalTale.com","robots":{"index":"index","follow":"follow","max-snippet":"max-snippet:-1","max-image-preview":"max-image-preview:large","max-video-preview":"max-video-preview:-1"},"canonical":"https:\/\/metaltale.com\/et\/toode\/metallist-mooblijalg-slim-18-cm-must\/","og_locale":"et_EE","og_type":"article","og_title":"Metallist m\u00f6\u00f6blijalg SLIM 18 cm, must - MetalTale.com","og_description":"Mudel RR. SLIM. NDM Materjal teras \u00dcldine k\u00f5rgus (cm) 18 \u00dcldine laius (cm) 12 Aluse m\u00f5\u00f5tmed (cm ) 7 x","og_url":"https:\/\/metaltale.com\/et\/toode\/metallist-mooblijalg-slim-18-cm-must\/","og_site_name":"MetalTale.com","twitter_card":"summary_large_image","twitter_misc":{"Est. reading time":"1 minut"},"schema":{"@context":"https:\/\/schema.org","@graph":[{"@type":"WebPage","@id":"https:\/\/metaltale.com\/et\/toode\/metallist-mooblijalg-slim-18-cm-must\/","url":"https:\/\/metaltale.com\/et\/toode\/metallist-mooblijalg-slim-18-cm-must\/","name":"Metallist m\u00f6\u00f6blijalg SLIM 18 cm, must - MetalTale.com","isPartOf":{"@id":"https:\/\/metaltale.com\/et\/#website"},"primaryImageOfPage":{"@id":"https:\/\/metaltale.com\/et\/toode\/metallist-mooblijalg-slim-18-cm-must\/#primaryimage"},"image":{"@id":"https:\/\/metaltale.com\/et\/toode\/metallist-mooblijalg-slim-18-cm-must\/#primaryimage"},"thumbnailUrl":"https:\/\/metaltale.com\/wp-content\/uploads\/2023\/12\/baldu-kojeles-1-scaled.jpg","datePublished":"2024-02-13T11:21:46+00:00","breadcrumb":{"@id":"https:\/\/metaltale.com\/et\/toode\/metallist-mooblijalg-slim-18-cm-must\/#breadcrumb"},"inLanguage":"et","potentialAction":[{"@type":"ReadAction","target":["https:\/\/metaltale.com\/et\/toode\/metallist-mooblijalg-slim-18-cm-must\/"]}]},{"@type":"ImageObject","inLanguage":"et","@id":"https:\/\/metaltale.com\/et\/toode\/metallist-mooblijalg-slim-18-cm-must\/#primaryimage","url":"https:\/\/metaltale.com\/wp-content\/uploads\/2023\/12\/baldu-kojeles-1-scaled.jpg","contentUrl":"https:\/\/metaltale.com\/wp-content\/uploads\/2023\/12\/baldu-kojeles-1-scaled.jpg","width":2560,"height":2560,"caption":"M\u00f6\u00f6bli jalad"},{"@type":"BreadcrumbList","@id":"https:\/\/metaltale.com\/et\/toode\/metallist-mooblijalg-slim-18-cm-must\/#breadcrumb","itemListElement":[{"@type":"ListItem","position":1,"name":"Home","item":"https:\/\/metaltale.com\/et\/kodu\/"},{"@type":"ListItem","position":2,"name":"Kauplus","item":"https:\/\/metaltale.com\/et\/shop\/"},{"@type":"ListItem","position":3,"name":"Metallist m\u00f6\u00f6blijalg SLIM 18 cm, must"}]},{"@type":"WebSite","@id":"https:\/\/metaltale.com\/et\/#website","url":"https:\/\/metaltale.com\/et\/","name":"Metaltale.com","description":"","potentialAction":[{"@type":"SearchAction","target":{"@type":"EntryPoint","urlTemplate":"https:\/\/metaltale.com\/et\/?s={search_term_string}"},"query-input":{"@type":"PropertyValueSpecification","valueRequired":true,"valueName":"search_term_string"}}],"inLanguage":"et"}]}},"_links":{"self":[{"href":"https:\/\/metaltale.com\/et\/wp-json\/wp\/v2\/product\/140530","targetHints":{"allow":["GET"]}}],"collection":[{"href":"https:\/\/metaltale.com\/et\/wp-json\/wp\/v2\/product"}],"about":[{"href":"https:\/\/metaltale.com\/et\/wp-json\/wp\/v2\/types\/product"}],"replies":[{"embeddable":true,"href":"https:\/\/metaltale.com\/et\/wp-json\/wp\/v2\/comments?post=140530"}],"version-history":[{"count":0,"href":"https:\/\/metaltale.com\/et\/wp-json\/wp\/v2\/product\/140530\/revisions"}],"wp:featuredmedia":[{"embeddable":true,"href":"https:\/\/metaltale.com\/et\/wp-json\/wp\/v2\/media\/119111"}],"wp:attachment":[{"href":"https:\/\/metaltale.com\/et\/wp-json\/wp\/v2\/media?parent=140530"}],"wp:term":[{"taxonomy":"product_brand","embeddable":true,"href":"https:\/\/metaltale.com\/et\/wp-json\/wp\/v2\/product_brand?post=140530"},{"taxonomy":"product_cat","embeddable":true,"href":"https:\/\/metaltale.com\/et\/wp-json\/wp\/v2\/product_cat?post=140530"},{"taxonomy":"product_tag","embeddable":true,"href":"https:\/\/metaltale.com\/et\/wp-json\/wp\/v2\/product_tag?post=140530"}],"curies":[{"name":"wp","href":"https:\/\/api.w.org\/{rel}","templated":true}]}}