{"id":140524,"date":"2024-02-13T13:21:05","date_gmt":"2024-02-13T11:21:05","guid":{"rendered":"https:\/\/metaltale.com\/produktas\/arrow-metallist-laua-jalad-2\/"},"modified":"2024-02-13T13:21:05","modified_gmt":"2024-02-13T11:21:05","slug":"arrow-metallist-laua-jalad-2","status":"publish","type":"product","link":"https:\/\/metaltale.com\/et\/toode\/arrow-metallist-laua-jalad-2\/","title":{"rendered":"ARROW metallist laua jalad"},"content":{"rendered":"<div class=\"prod_data\"><strong>Mudel<\/strong> FOR. ..ARW. NDS  <br \/><strong>Materjal<\/strong> teras  <br \/><strong>\u00dcldine k\u00f5rgus (cm)<\/strong> 71  <br \/>\u00dcldine laius (cm) 8 <br \/><strong>Paigalduskruvid<\/strong> Ei  <br \/><strong>V\u00e4rv<\/strong> Must, teras  <br \/>Pinna t\u00fc\u00fcp Silea <br \/><strong>Kogus komplekti kohta<\/strong> 1 tk.  <\/p>\n<p>&#8211; lauajalg on kindel alus lauaplaadile<br \/>&#8211; \u00fche jala eelis &#8211; vabadus valida t\u00f6\u00f6pinnale kinnitamise koht<br \/>&#8211; kaks v\u00e4rvivalikut, et luua sisekujundusega sobiv laud<br \/>&#8211; must pulberv\u00e4rvitud metallist jalg, mis on v\u00e4ga vastupidav kriimustustele<br \/>&#8211; V\u00e4rvitu lakiga immutatud terasvariant, mida iseloomustavad n\u00e4htavad kriimustused ja muud vananemise tagaj\u00e4rjed.<br \/>&#8211; toodete v\u00e4rvus v\u00f5ib erineda galeriis olevatest piltidest, mis on tingitud individuaalsetest monitoriseadetest ja materjalide iseloomust &#8211; teras on toormaterjal, mille v\u00e4rvus, toon ja tekstuur v\u00f5ivad n\u00e4idiste v\u00f5i partiide l\u00f5ikes erineda.<br \/>&#8211; pakutavad kruvid on m\u00f5eldud t\u00f6\u00f6pindade jaoks, mille paksus on 37 mm v\u00f5i rohkem.<br \/>&#8211; vaata meie t\u00e4ielikku kinnituskruvide valikut<\/p>\n<hr>\n<p>Metallist jalad Arrow on ettepanek k\u00f5igile, kes soovivad murda klassikalise laua v\u00e4limuse ja valida ekstravagantsema <span class=\"hiddenSpellError\">DIY-lahenduse<\/span>, mis sobitub julgelt <span class=\"hiddenSpellError\">ebausaldusv\u00e4\u00e4rse<\/span> ja <span class=\"hiddenSpellError\">loftilaadse<\/span> iseloomuga ruumidesse. Huvitava ja ebatavalise disainiga Arrow-jalg on peene ja tagasihoidliku disainiga, pakkudes samal ajal lauale kindlat alust. See mudel koos naturaalse puidust t\u00f6\u00f6tasapinnaga loob kauni ja pilkup\u00fc\u00fcdva k\u00f6\u00f6gi v\u00f5i elutoa sisustuse. Toode r\u00f5hutab v\u00f5i lisab <span class=\"hiddenSpellError\">loft-t\u00fc\u00fcpi<\/span> iseloomu mis tahes interj\u00f6\u00f6rile. See mudel on ideaalne pakkumine k\u00f5igile puidu ja terase kombineerimise armastajatele.<\/p>\n<\/div>\n","protected":false},"excerpt":{"rendered":"<p>Mudel FOR. ..ARW. NDS Materjal teras \u00dcldine k\u00f5rgus (cm) 71 \u00dcldine laius (cm) 8 Paigalduskruvid Ei V\u00e4rv Must, teras Pinna<\/p>\n","protected":false},"featured_media":76086,"comment_status":"open","ping_status":"closed","template":"","meta":{"_acf_changed":false,"pmpro_default_level":""},"product_brand":[],"product_cat":[23915],"product_tag":[],"class_list":{"0":"post-140524","1":"product","2":"type-product","3":"status-publish","4":"has-post-thumbnail","6":"product_cat-stalo-kojos-et","7":"pmpro-has-access","9":"first","10":"instock","11":"shipping-taxable","12":"purchasable","13":"product-type-simple"},"acf":[],"yoast_head":"<!-- This site is optimized with the Yoast SEO plugin v24.9 - https:\/\/yoast.com\/wordpress\/plugins\/seo\/ -->\n<title>ARROW metallist laua jalad - MetalTale.com<\/title>\n<meta name=\"robots\" content=\"index, follow, max-snippet:-1, max-image-preview:large, max-video-preview:-1\" \/>\n<link rel=\"canonical\" href=\"https:\/\/metaltale.com\/et\/toode\/arrow-metallist-laua-jalad-2\/\" \/>\n<meta property=\"og:locale\" content=\"et_EE\" \/>\n<meta property=\"og:type\" content=\"article\" \/>\n<meta property=\"og:title\" content=\"ARROW metallist laua jalad - MetalTale.com\" \/>\n<meta property=\"og:description\" content=\"Mudel FOR. ..ARW. NDS Materjal teras \u00dcldine k\u00f5rgus (cm) 71 \u00dcldine laius (cm) 8 Paigalduskruvid Ei V\u00e4rv Must, teras Pinna\" \/>\n<meta property=\"og:url\" content=\"https:\/\/metaltale.com\/et\/toode\/arrow-metallist-laua-jalad-2\/\" \/>\n<meta property=\"og:site_name\" content=\"MetalTale.com\" \/>\n<meta name=\"twitter:card\" content=\"summary_large_image\" \/>\n<meta name=\"twitter:label1\" content=\"Est. reading time\" \/>\n\t<meta name=\"twitter:data1\" content=\"1 minut\" \/>\n<script type=\"application\/ld+json\" class=\"yoast-schema-graph\">{\"@context\":\"https:\/\/schema.org\",\"@graph\":[{\"@type\":\"WebPage\",\"@id\":\"https:\/\/metaltale.com\/et\/toode\/arrow-metallist-laua-jalad-2\/\",\"url\":\"https:\/\/metaltale.com\/et\/toode\/arrow-metallist-laua-jalad-2\/\",\"name\":\"ARROW metallist laua jalad - MetalTale.com\",\"isPartOf\":{\"@id\":\"https:\/\/metaltale.com\/et\/#website\"},\"primaryImageOfPage\":{\"@id\":\"https:\/\/metaltale.com\/et\/toode\/arrow-metallist-laua-jalad-2\/#primaryimage\"},\"image\":{\"@id\":\"https:\/\/metaltale.com\/et\/toode\/arrow-metallist-laua-jalad-2\/#primaryimage\"},\"thumbnailUrl\":\"https:\/\/metaltale.com\/wp-content\/uploads\/2023\/10\/Noga-RODYKLx116-71-CZARNA.jpg\",\"datePublished\":\"2024-02-13T11:21:05+00:00\",\"breadcrumb\":{\"@id\":\"https:\/\/metaltale.com\/et\/toode\/arrow-metallist-laua-jalad-2\/#breadcrumb\"},\"inLanguage\":\"et\",\"potentialAction\":[{\"@type\":\"ReadAction\",\"target\":[\"https:\/\/metaltale.com\/et\/toode\/arrow-metallist-laua-jalad-2\/\"]}]},{\"@type\":\"ImageObject\",\"inLanguage\":\"et\",\"@id\":\"https:\/\/metaltale.com\/et\/toode\/arrow-metallist-laua-jalad-2\/#primaryimage\",\"url\":\"https:\/\/metaltale.com\/wp-content\/uploads\/2023\/10\/Noga-RODYKLx116-71-CZARNA.jpg\",\"contentUrl\":\"https:\/\/metaltale.com\/wp-content\/uploads\/2023\/10\/Noga-RODYKLx116-71-CZARNA.jpg\",\"width\":800,\"height\":800,\"caption\":\"Metallist laua jalad\"},{\"@type\":\"BreadcrumbList\",\"@id\":\"https:\/\/metaltale.com\/et\/toode\/arrow-metallist-laua-jalad-2\/#breadcrumb\",\"itemListElement\":[{\"@type\":\"ListItem\",\"position\":1,\"name\":\"Home\",\"item\":\"https:\/\/metaltale.com\/et\/kodu\/\"},{\"@type\":\"ListItem\",\"position\":2,\"name\":\"Kauplus\",\"item\":\"https:\/\/metaltale.com\/et\/shop\/\"},{\"@type\":\"ListItem\",\"position\":3,\"name\":\"ARROW metallist laua jalad\"}]},{\"@type\":\"WebSite\",\"@id\":\"https:\/\/metaltale.com\/et\/#website\",\"url\":\"https:\/\/metaltale.com\/et\/\",\"name\":\"Metaltale.com\",\"description\":\"\",\"potentialAction\":[{\"@type\":\"SearchAction\",\"target\":{\"@type\":\"EntryPoint\",\"urlTemplate\":\"https:\/\/metaltale.com\/et\/?s={search_term_string}\"},\"query-input\":{\"@type\":\"PropertyValueSpecification\",\"valueRequired\":true,\"valueName\":\"search_term_string\"}}],\"inLanguage\":\"et\"}]}<\/script>\n<!-- \/ Yoast SEO plugin. -->","yoast_head_json":{"title":"ARROW metallist laua jalad - MetalTale.com","robots":{"index":"index","follow":"follow","max-snippet":"max-snippet:-1","max-image-preview":"max-image-preview:large","max-video-preview":"max-video-preview:-1"},"canonical":"https:\/\/metaltale.com\/et\/toode\/arrow-metallist-laua-jalad-2\/","og_locale":"et_EE","og_type":"article","og_title":"ARROW metallist laua jalad - MetalTale.com","og_description":"Mudel FOR. ..ARW. NDS Materjal teras \u00dcldine k\u00f5rgus (cm) 71 \u00dcldine laius (cm) 8 Paigalduskruvid Ei V\u00e4rv Must, teras Pinna","og_url":"https:\/\/metaltale.com\/et\/toode\/arrow-metallist-laua-jalad-2\/","og_site_name":"MetalTale.com","twitter_card":"summary_large_image","twitter_misc":{"Est. reading time":"1 minut"},"schema":{"@context":"https:\/\/schema.org","@graph":[{"@type":"WebPage","@id":"https:\/\/metaltale.com\/et\/toode\/arrow-metallist-laua-jalad-2\/","url":"https:\/\/metaltale.com\/et\/toode\/arrow-metallist-laua-jalad-2\/","name":"ARROW metallist laua jalad - MetalTale.com","isPartOf":{"@id":"https:\/\/metaltale.com\/et\/#website"},"primaryImageOfPage":{"@id":"https:\/\/metaltale.com\/et\/toode\/arrow-metallist-laua-jalad-2\/#primaryimage"},"image":{"@id":"https:\/\/metaltale.com\/et\/toode\/arrow-metallist-laua-jalad-2\/#primaryimage"},"thumbnailUrl":"https:\/\/metaltale.com\/wp-content\/uploads\/2023\/10\/Noga-RODYKLx116-71-CZARNA.jpg","datePublished":"2024-02-13T11:21:05+00:00","breadcrumb":{"@id":"https:\/\/metaltale.com\/et\/toode\/arrow-metallist-laua-jalad-2\/#breadcrumb"},"inLanguage":"et","potentialAction":[{"@type":"ReadAction","target":["https:\/\/metaltale.com\/et\/toode\/arrow-metallist-laua-jalad-2\/"]}]},{"@type":"ImageObject","inLanguage":"et","@id":"https:\/\/metaltale.com\/et\/toode\/arrow-metallist-laua-jalad-2\/#primaryimage","url":"https:\/\/metaltale.com\/wp-content\/uploads\/2023\/10\/Noga-RODYKLx116-71-CZARNA.jpg","contentUrl":"https:\/\/metaltale.com\/wp-content\/uploads\/2023\/10\/Noga-RODYKLx116-71-CZARNA.jpg","width":800,"height":800,"caption":"Metallist laua jalad"},{"@type":"BreadcrumbList","@id":"https:\/\/metaltale.com\/et\/toode\/arrow-metallist-laua-jalad-2\/#breadcrumb","itemListElement":[{"@type":"ListItem","position":1,"name":"Home","item":"https:\/\/metaltale.com\/et\/kodu\/"},{"@type":"ListItem","position":2,"name":"Kauplus","item":"https:\/\/metaltale.com\/et\/shop\/"},{"@type":"ListItem","position":3,"name":"ARROW metallist laua jalad"}]},{"@type":"WebSite","@id":"https:\/\/metaltale.com\/et\/#website","url":"https:\/\/metaltale.com\/et\/","name":"Metaltale.com","description":"","potentialAction":[{"@type":"SearchAction","target":{"@type":"EntryPoint","urlTemplate":"https:\/\/metaltale.com\/et\/?s={search_term_string}"},"query-input":{"@type":"PropertyValueSpecification","valueRequired":true,"valueName":"search_term_string"}}],"inLanguage":"et"}]}},"_links":{"self":[{"href":"https:\/\/metaltale.com\/et\/wp-json\/wp\/v2\/product\/140524","targetHints":{"allow":["GET"]}}],"collection":[{"href":"https:\/\/metaltale.com\/et\/wp-json\/wp\/v2\/product"}],"about":[{"href":"https:\/\/metaltale.com\/et\/wp-json\/wp\/v2\/types\/product"}],"replies":[{"embeddable":true,"href":"https:\/\/metaltale.com\/et\/wp-json\/wp\/v2\/comments?post=140524"}],"version-history":[{"count":0,"href":"https:\/\/metaltale.com\/et\/wp-json\/wp\/v2\/product\/140524\/revisions"}],"wp:featuredmedia":[{"embeddable":true,"href":"https:\/\/metaltale.com\/et\/wp-json\/wp\/v2\/media\/76086"}],"wp:attachment":[{"href":"https:\/\/metaltale.com\/et\/wp-json\/wp\/v2\/media?parent=140524"}],"wp:term":[{"taxonomy":"product_brand","embeddable":true,"href":"https:\/\/metaltale.com\/et\/wp-json\/wp\/v2\/product_brand?post=140524"},{"taxonomy":"product_cat","embeddable":true,"href":"https:\/\/metaltale.com\/et\/wp-json\/wp\/v2\/product_cat?post=140524"},{"taxonomy":"product_tag","embeddable":true,"href":"https:\/\/metaltale.com\/et\/wp-json\/wp\/v2\/product_tag?post=140524"}],"curies":[{"name":"wp","href":"https:\/\/api.w.org\/{rel}","templated":true}]}}