{"id":140521,"date":"2024-02-13T13:19:42","date_gmt":"2024-02-13T11:19:42","guid":{"rendered":"https:\/\/metaltale.com\/produktas\/puidust-lauajalg-casena-pine-lakitud-teras\/"},"modified":"2024-02-13T13:19:42","modified_gmt":"2024-02-13T11:19:42","slug":"puidust-lauajalg-casena-pine-lakitud-teras","status":"publish","type":"product","link":"https:\/\/metaltale.com\/et\/toode\/puidust-lauajalg-casena-pine-lakitud-teras\/","title":{"rendered":"Puidust lauajalg CASENA PINE, lakitud teras"},"content":{"rendered":"<div class=\"prod_data\">\n<p><strong>Mudel<\/strong> ZA.NO.M.NDS<br \/>\n<strong>Materjal<\/strong> m\u00e4nnipuit, teras<br \/>\n<strong>Materjali paksus (cm<\/strong> ) Abrasiiv 9,5 x 4<br \/>\n\u00dcldine k\u00f5rgus (cm) 71<br \/>\n<strong>\u00dcldine laius (cm)<\/strong> 80<br \/>\nPaigalduskruvid Ei<br \/>\n<strong>V\u00e4rv<\/strong> Puit &#8211; naturaalne \u00f5li, teras<br \/>\n<strong>Viimistlus<\/strong> Pulbriga kaetud, \u00f5litatud<br \/>\nKogus komplekti kohta 1 tk.<\/p>\n<p>&#8211; lauajalg on valmistatud massiivsest m\u00e4nnist ja metallist aktsentidega<br \/>\n&#8211; kaks v\u00e4rvivalikut, et luua teie interj\u00f6\u00f6rile sobiv laud<br \/>\n&#8211; l\u00e4bipaistva \u00f5liga immutatud tammepuit<br \/>\n&#8211; jalal on m\u00e4nni puidule iseloomulikud oksakohad, kerged praod ja v\u00e4rvimuutused.<br \/>\n&#8211; pulberv\u00e4rvitud terasest elemendid terasversioonis &#8211; selge lakk.<br \/>\n&#8211; toodete v\u00e4rvus v\u00f5ib erineda galeriis olevatest piltidest, mis on tingitud individuaalsetest monitoriseadetest ja materjalide iseloomust &#8211; teras on toormaterjal, mille v\u00e4rvus, toon ja tekstuur v\u00f5ivad n\u00e4idiste v\u00f5i partiide l\u00f5ikes erineda.<br \/>\n&#8211; pakutavad kruvid on m\u00f5eldud t\u00f6\u00f6pindade jaoks, mille minimaalne paksus on 35 mm.<\/p>\n<hr>\n<p>Stabiilne CASENA m\u00e4nnist laudjalg on sillaks t\u00f6\u00f6stusliku ja maal\u00e4hedase stiili vahel. M\u00e4nnipuu peene iseloomu (muster, v\u00e4ikesed praod, oksad) rikub teraskonstruktsioonielementide j\u00e4ikus, mis on \u00fchtlasi ka dekoratiivseks elemendiks. Samal ajal on massiivsel ja tagasihoidlikul CASENA-l uuenduslik disain, mis sobitub h\u00f5lpsasti loft- ja kaasaegsete suundumustega, samas kui klassikaline looduslike toormaterjalide kombinatsioon tagab selle mitmek\u00fclgsuse. CASENA jalad sobivad ideaalselt k\u00f6\u00f6gi-, elu- ja s\u00f6\u00f6gitoalauale, samuti veranda- ja suvilalauale. Kavandatud mudel v\u00f5ib olla saadaval ka tammepuust.<\/p>\n<\/div>\n","protected":false},"excerpt":{"rendered":"<p>Mudel ZA.NO.M.NDS Materjal m\u00e4nnipuit, teras Materjali paksus (cm ) Abrasiiv 9,5 x 4 \u00dcldine k\u00f5rgus (cm) 71 \u00dcldine laius (cm)<\/p>\n","protected":false},"featured_media":75975,"comment_status":"open","ping_status":"closed","template":"","meta":{"_acf_changed":false,"pmpro_default_level":""},"product_brand":[],"product_cat":[23915],"product_tag":[],"class_list":{"0":"post-140521","1":"product","2":"type-product","3":"status-publish","4":"has-post-thumbnail","6":"product_cat-stalo-kojos-et","7":"pmpro-has-access","9":"first","10":"instock","11":"shipping-taxable","12":"purchasable","13":"product-type-simple"},"acf":[],"yoast_head":"<!-- This site is optimized with the Yoast SEO plugin v24.9 - https:\/\/yoast.com\/wordpress\/plugins\/seo\/ -->\n<title>Puidust lauajalg CASENA PINE, lakitud teras - MetalTale.com<\/title>\n<meta name=\"robots\" content=\"index, follow, max-snippet:-1, max-image-preview:large, max-video-preview:-1\" \/>\n<link rel=\"canonical\" href=\"https:\/\/metaltale.com\/et\/toode\/puidust-lauajalg-casena-pine-lakitud-teras\/\" \/>\n<meta property=\"og:locale\" content=\"et_EE\" \/>\n<meta property=\"og:type\" content=\"article\" \/>\n<meta property=\"og:title\" content=\"Puidust lauajalg CASENA PINE, lakitud teras - MetalTale.com\" \/>\n<meta property=\"og:description\" content=\"Mudel ZA.NO.M.NDS Materjal m\u00e4nnipuit, teras Materjali paksus (cm ) Abrasiiv 9,5 x 4 \u00dcldine k\u00f5rgus (cm) 71 \u00dcldine laius (cm)\" \/>\n<meta property=\"og:url\" content=\"https:\/\/metaltale.com\/et\/toode\/puidust-lauajalg-casena-pine-lakitud-teras\/\" \/>\n<meta property=\"og:site_name\" content=\"MetalTale.com\" \/>\n<meta name=\"twitter:card\" content=\"summary_large_image\" \/>\n<meta name=\"twitter:label1\" content=\"Est. reading time\" \/>\n\t<meta name=\"twitter:data1\" content=\"1 minut\" \/>\n<script type=\"application\/ld+json\" class=\"yoast-schema-graph\">{\"@context\":\"https:\/\/schema.org\",\"@graph\":[{\"@type\":\"WebPage\",\"@id\":\"https:\/\/metaltale.com\/et\/toode\/puidust-lauajalg-casena-pine-lakitud-teras\/\",\"url\":\"https:\/\/metaltale.com\/et\/toode\/puidust-lauajalg-casena-pine-lakitud-teras\/\",\"name\":\"Puidust lauajalg CASENA PINE, lakitud teras - MetalTale.com\",\"isPartOf\":{\"@id\":\"https:\/\/metaltale.com\/et\/#website\"},\"primaryImageOfPage\":{\"@id\":\"https:\/\/metaltale.com\/et\/toode\/puidust-lauajalg-casena-pine-lakitud-teras\/#primaryimage\"},\"image\":{\"@id\":\"https:\/\/metaltale.com\/et\/toode\/puidust-lauajalg-casena-pine-lakitud-teras\/#primaryimage\"},\"thumbnailUrl\":\"https:\/\/metaltale.com\/wp-content\/uploads\/2023\/10\/Koja-CASENA-BLACK-PINE.jpg\",\"datePublished\":\"2024-02-13T11:19:42+00:00\",\"breadcrumb\":{\"@id\":\"https:\/\/metaltale.com\/et\/toode\/puidust-lauajalg-casena-pine-lakitud-teras\/#breadcrumb\"},\"inLanguage\":\"et\",\"potentialAction\":[{\"@type\":\"ReadAction\",\"target\":[\"https:\/\/metaltale.com\/et\/toode\/puidust-lauajalg-casena-pine-lakitud-teras\/\"]}]},{\"@type\":\"ImageObject\",\"inLanguage\":\"et\",\"@id\":\"https:\/\/metaltale.com\/et\/toode\/puidust-lauajalg-casena-pine-lakitud-teras\/#primaryimage\",\"url\":\"https:\/\/metaltale.com\/wp-content\/uploads\/2023\/10\/Koja-CASENA-BLACK-PINE.jpg\",\"contentUrl\":\"https:\/\/metaltale.com\/wp-content\/uploads\/2023\/10\/Koja-CASENA-BLACK-PINE.jpg\",\"width\":800,\"height\":800},{\"@type\":\"BreadcrumbList\",\"@id\":\"https:\/\/metaltale.com\/et\/toode\/puidust-lauajalg-casena-pine-lakitud-teras\/#breadcrumb\",\"itemListElement\":[{\"@type\":\"ListItem\",\"position\":1,\"name\":\"Home\",\"item\":\"https:\/\/metaltale.com\/et\/kodu\/\"},{\"@type\":\"ListItem\",\"position\":2,\"name\":\"Kauplus\",\"item\":\"https:\/\/metaltale.com\/et\/shop\/\"},{\"@type\":\"ListItem\",\"position\":3,\"name\":\"Puidust lauajalg CASENA PINE, lakitud teras\"}]},{\"@type\":\"WebSite\",\"@id\":\"https:\/\/metaltale.com\/et\/#website\",\"url\":\"https:\/\/metaltale.com\/et\/\",\"name\":\"Metaltale.com\",\"description\":\"\",\"potentialAction\":[{\"@type\":\"SearchAction\",\"target\":{\"@type\":\"EntryPoint\",\"urlTemplate\":\"https:\/\/metaltale.com\/et\/?s={search_term_string}\"},\"query-input\":{\"@type\":\"PropertyValueSpecification\",\"valueRequired\":true,\"valueName\":\"search_term_string\"}}],\"inLanguage\":\"et\"}]}<\/script>\n<!-- \/ Yoast SEO plugin. -->","yoast_head_json":{"title":"Puidust lauajalg CASENA PINE, lakitud teras - MetalTale.com","robots":{"index":"index","follow":"follow","max-snippet":"max-snippet:-1","max-image-preview":"max-image-preview:large","max-video-preview":"max-video-preview:-1"},"canonical":"https:\/\/metaltale.com\/et\/toode\/puidust-lauajalg-casena-pine-lakitud-teras\/","og_locale":"et_EE","og_type":"article","og_title":"Puidust lauajalg CASENA PINE, lakitud teras - MetalTale.com","og_description":"Mudel ZA.NO.M.NDS Materjal m\u00e4nnipuit, teras Materjali paksus (cm ) Abrasiiv 9,5 x 4 \u00dcldine k\u00f5rgus (cm) 71 \u00dcldine laius (cm)","og_url":"https:\/\/metaltale.com\/et\/toode\/puidust-lauajalg-casena-pine-lakitud-teras\/","og_site_name":"MetalTale.com","twitter_card":"summary_large_image","twitter_misc":{"Est. reading time":"1 minut"},"schema":{"@context":"https:\/\/schema.org","@graph":[{"@type":"WebPage","@id":"https:\/\/metaltale.com\/et\/toode\/puidust-lauajalg-casena-pine-lakitud-teras\/","url":"https:\/\/metaltale.com\/et\/toode\/puidust-lauajalg-casena-pine-lakitud-teras\/","name":"Puidust lauajalg CASENA PINE, lakitud teras - MetalTale.com","isPartOf":{"@id":"https:\/\/metaltale.com\/et\/#website"},"primaryImageOfPage":{"@id":"https:\/\/metaltale.com\/et\/toode\/puidust-lauajalg-casena-pine-lakitud-teras\/#primaryimage"},"image":{"@id":"https:\/\/metaltale.com\/et\/toode\/puidust-lauajalg-casena-pine-lakitud-teras\/#primaryimage"},"thumbnailUrl":"https:\/\/metaltale.com\/wp-content\/uploads\/2023\/10\/Koja-CASENA-BLACK-PINE.jpg","datePublished":"2024-02-13T11:19:42+00:00","breadcrumb":{"@id":"https:\/\/metaltale.com\/et\/toode\/puidust-lauajalg-casena-pine-lakitud-teras\/#breadcrumb"},"inLanguage":"et","potentialAction":[{"@type":"ReadAction","target":["https:\/\/metaltale.com\/et\/toode\/puidust-lauajalg-casena-pine-lakitud-teras\/"]}]},{"@type":"ImageObject","inLanguage":"et","@id":"https:\/\/metaltale.com\/et\/toode\/puidust-lauajalg-casena-pine-lakitud-teras\/#primaryimage","url":"https:\/\/metaltale.com\/wp-content\/uploads\/2023\/10\/Koja-CASENA-BLACK-PINE.jpg","contentUrl":"https:\/\/metaltale.com\/wp-content\/uploads\/2023\/10\/Koja-CASENA-BLACK-PINE.jpg","width":800,"height":800},{"@type":"BreadcrumbList","@id":"https:\/\/metaltale.com\/et\/toode\/puidust-lauajalg-casena-pine-lakitud-teras\/#breadcrumb","itemListElement":[{"@type":"ListItem","position":1,"name":"Home","item":"https:\/\/metaltale.com\/et\/kodu\/"},{"@type":"ListItem","position":2,"name":"Kauplus","item":"https:\/\/metaltale.com\/et\/shop\/"},{"@type":"ListItem","position":3,"name":"Puidust lauajalg CASENA PINE, lakitud teras"}]},{"@type":"WebSite","@id":"https:\/\/metaltale.com\/et\/#website","url":"https:\/\/metaltale.com\/et\/","name":"Metaltale.com","description":"","potentialAction":[{"@type":"SearchAction","target":{"@type":"EntryPoint","urlTemplate":"https:\/\/metaltale.com\/et\/?s={search_term_string}"},"query-input":{"@type":"PropertyValueSpecification","valueRequired":true,"valueName":"search_term_string"}}],"inLanguage":"et"}]}},"_links":{"self":[{"href":"https:\/\/metaltale.com\/et\/wp-json\/wp\/v2\/product\/140521","targetHints":{"allow":["GET"]}}],"collection":[{"href":"https:\/\/metaltale.com\/et\/wp-json\/wp\/v2\/product"}],"about":[{"href":"https:\/\/metaltale.com\/et\/wp-json\/wp\/v2\/types\/product"}],"replies":[{"embeddable":true,"href":"https:\/\/metaltale.com\/et\/wp-json\/wp\/v2\/comments?post=140521"}],"version-history":[{"count":0,"href":"https:\/\/metaltale.com\/et\/wp-json\/wp\/v2\/product\/140521\/revisions"}],"wp:featuredmedia":[{"embeddable":true,"href":"https:\/\/metaltale.com\/et\/wp-json\/wp\/v2\/media\/75975"}],"wp:attachment":[{"href":"https:\/\/metaltale.com\/et\/wp-json\/wp\/v2\/media?parent=140521"}],"wp:term":[{"taxonomy":"product_brand","embeddable":true,"href":"https:\/\/metaltale.com\/et\/wp-json\/wp\/v2\/product_brand?post=140521"},{"taxonomy":"product_cat","embeddable":true,"href":"https:\/\/metaltale.com\/et\/wp-json\/wp\/v2\/product_cat?post=140521"},{"taxonomy":"product_tag","embeddable":true,"href":"https:\/\/metaltale.com\/et\/wp-json\/wp\/v2\/product_tag?post=140521"}],"curies":[{"name":"wp","href":"https:\/\/api.w.org\/{rel}","templated":true}]}}