{"id":140487,"date":"2024-02-13T13:19:04","date_gmt":"2024-02-13T11:19:04","guid":{"rendered":"https:\/\/metaltale.com\/produktas\/puidust-uksekaepide-lee\/"},"modified":"2024-02-13T13:19:04","modified_gmt":"2024-02-13T11:19:04","slug":"puidust-uksekaepide-lee","status":"publish","type":"product","link":"https:\/\/metaltale.com\/et\/toode\/puidust-uksekaepide-lee\/","title":{"rendered":"Puidust uksek\u00e4epide LEE"},"content":{"rendered":"<div class=\"prod_data\">\n<p><strong>SAVE-mudel<\/strong>. DH032<br \/>\nMaterjal Puit, teras<br \/>\n<strong>\u00dcldine k\u00f5rgus (cm)<\/strong> 21<br \/>\n<strong>\u00dcldlaius (cm)<\/strong> 4,2<br \/>\n<strong>Koguprojektsioon (cm)<\/strong> 5,5<br \/>\nAukude <strong>vahekaugus (cm)<\/strong> 18<br \/>\nV\u00e4rv Must<\/p>\n<p>&#8211; Kvaliteetsest terasest valmistatud k\u00e4epide tagab kasutuskindluse<br \/>\n&#8211; Pulbriline pinnakate tagab keskmisest suurema vastupidavuse<br \/>\n&#8211; t\u00f6\u00f6 t\u00e4psus ja t\u00e4helepanu igale detailile on t\u00e4ieliku mugavuse garantii.<br \/>\n&#8211; K\u00e4epideme universaalne olemus v\u00f5imaldab paigaldada liuguksed, m\u00f6\u00f6bliuksed ja sahtlifronti.<br \/>\n&#8211; toodet saab edukalt kasutada praktilise v\u00e4ravahoidjana<br \/>\n&#8211; k\u00e4sipuude lihtsa arhitektuuri t\u00f5ttu sobivad need ideaalselt igasse interj\u00f6\u00f6ri, olenemata stiilist.<\/p>\n<p>Meie pakutavad l\u00fckanduste k\u00e4epidemed on valmistatud iga detaili silmas pidades, tagades mugava ja usaldusv\u00e4\u00e4rse kasutamise. Selle kategooria tooted r\u00f5hutavad kogu libiseva s\u00fcsteemi iseloomu ja ilu. Kahe erineva k\u00e4sipuu paigaldamine samale uksemudelile v\u00f5ib ukse stiili radikaalselt muuta. S\u00f5ltuvalt valitud mudelist lisavad n\u00e4idatud k\u00e4epidemed tugeva v\u00f5i pehme aktsendi kaasaegsetele, retro- ja loft-interj\u00f6\u00f6ridele.<\/p><\/div>\n","protected":false},"excerpt":{"rendered":"<p>SAVE-mudel. DH032 Materjal Puit, teras \u00dcldine k\u00f5rgus (cm) 21 \u00dcldlaius (cm) 4,2 Koguprojektsioon (cm) 5,5 Aukude vahekaugus (cm) 18 V\u00e4rv<\/p>\n","protected":false},"featured_media":75819,"comment_status":"open","ping_status":"closed","template":"","meta":{"_acf_changed":false,"pmpro_default_level":""},"product_brand":[],"product_cat":[24162,24144,23882,23836],"product_tag":[],"class_list":{"0":"post-140487","1":"product","2":"type-product","3":"status-publish","4":"has-post-thumbnail","6":"product_cat-kaepidemed","7":"product_cat-ukse-liugkaepidemed","8":"product_cat-duru-rankenos-duru-rankenos-et","9":"product_cat-moobli-tarvikud","10":"pmpro-has-access","12":"first","13":"instock","14":"shipping-taxable","15":"purchasable","16":"product-type-simple"},"acf":[],"yoast_head":"<!-- This site is optimized with the Yoast SEO plugin v24.9 - https:\/\/yoast.com\/wordpress\/plugins\/seo\/ -->\n<title>Puidust uksek\u00e4epide LEE - MetalTale.com<\/title>\n<meta name=\"robots\" content=\"index, follow, max-snippet:-1, max-image-preview:large, max-video-preview:-1\" \/>\n<link rel=\"canonical\" href=\"https:\/\/metaltale.com\/et\/toode\/puidust-uksekaepide-lee\/\" \/>\n<meta property=\"og:locale\" content=\"et_EE\" \/>\n<meta property=\"og:type\" content=\"article\" \/>\n<meta property=\"og:title\" content=\"Puidust uksek\u00e4epide LEE - MetalTale.com\" \/>\n<meta property=\"og:description\" content=\"SAVE-mudel. DH032 Materjal Puit, teras \u00dcldine k\u00f5rgus (cm) 21 \u00dcldlaius (cm) 4,2 Koguprojektsioon (cm) 5,5 Aukude vahekaugus (cm) 18 V\u00e4rv\" \/>\n<meta property=\"og:url\" content=\"https:\/\/metaltale.com\/et\/toode\/puidust-uksekaepide-lee\/\" \/>\n<meta property=\"og:site_name\" content=\"MetalTale.com\" \/>\n<meta property=\"og:image\" content=\"https:\/\/metaltale.com\/wp-content\/uploads\/2023\/10\/Durx173-rankena-LEE.jpg\" \/>\n\t<meta property=\"og:image:width\" content=\"800\" \/>\n\t<meta property=\"og:image:height\" content=\"800\" \/>\n\t<meta property=\"og:image:type\" content=\"image\/jpeg\" \/>\n<meta name=\"twitter:card\" content=\"summary_large_image\" \/>\n<meta name=\"twitter:label1\" content=\"Est. reading time\" \/>\n\t<meta name=\"twitter:data1\" content=\"1 minut\" \/>\n<script type=\"application\/ld+json\" class=\"yoast-schema-graph\">{\"@context\":\"https:\/\/schema.org\",\"@graph\":[{\"@type\":\"WebPage\",\"@id\":\"https:\/\/metaltale.com\/et\/toode\/puidust-uksekaepide-lee\/\",\"url\":\"https:\/\/metaltale.com\/et\/toode\/puidust-uksekaepide-lee\/\",\"name\":\"Puidust uksek\u00e4epide LEE - MetalTale.com\",\"isPartOf\":{\"@id\":\"https:\/\/metaltale.com\/et\/#website\"},\"primaryImageOfPage\":{\"@id\":\"https:\/\/metaltale.com\/et\/toode\/puidust-uksekaepide-lee\/#primaryimage\"},\"image\":{\"@id\":\"https:\/\/metaltale.com\/et\/toode\/puidust-uksekaepide-lee\/#primaryimage\"},\"thumbnailUrl\":\"https:\/\/metaltale.com\/wp-content\/uploads\/2023\/10\/Durx173-rankena-LEE.jpg\",\"datePublished\":\"2024-02-13T11:19:04+00:00\",\"breadcrumb\":{\"@id\":\"https:\/\/metaltale.com\/et\/toode\/puidust-uksekaepide-lee\/#breadcrumb\"},\"inLanguage\":\"et\",\"potentialAction\":[{\"@type\":\"ReadAction\",\"target\":[\"https:\/\/metaltale.com\/et\/toode\/puidust-uksekaepide-lee\/\"]}]},{\"@type\":\"ImageObject\",\"inLanguage\":\"et\",\"@id\":\"https:\/\/metaltale.com\/et\/toode\/puidust-uksekaepide-lee\/#primaryimage\",\"url\":\"https:\/\/metaltale.com\/wp-content\/uploads\/2023\/10\/Durx173-rankena-LEE.jpg\",\"contentUrl\":\"https:\/\/metaltale.com\/wp-content\/uploads\/2023\/10\/Durx173-rankena-LEE.jpg\",\"width\":800,\"height\":800,\"caption\":\"Puidust uksek\u00e4epide LEE\"},{\"@type\":\"BreadcrumbList\",\"@id\":\"https:\/\/metaltale.com\/et\/toode\/puidust-uksekaepide-lee\/#breadcrumb\",\"itemListElement\":[{\"@type\":\"ListItem\",\"position\":1,\"name\":\"Home\",\"item\":\"https:\/\/metaltale.com\/et\/kodu\/\"},{\"@type\":\"ListItem\",\"position\":2,\"name\":\"Kauplus\",\"item\":\"https:\/\/metaltale.com\/et\/shop\/\"},{\"@type\":\"ListItem\",\"position\":3,\"name\":\"Puidust uksek\u00e4epide LEE\"}]},{\"@type\":\"WebSite\",\"@id\":\"https:\/\/metaltale.com\/et\/#website\",\"url\":\"https:\/\/metaltale.com\/et\/\",\"name\":\"Metaltale.com\",\"description\":\"\",\"potentialAction\":[{\"@type\":\"SearchAction\",\"target\":{\"@type\":\"EntryPoint\",\"urlTemplate\":\"https:\/\/metaltale.com\/et\/?s={search_term_string}\"},\"query-input\":{\"@type\":\"PropertyValueSpecification\",\"valueRequired\":true,\"valueName\":\"search_term_string\"}}],\"inLanguage\":\"et\"}]}<\/script>\n<!-- \/ Yoast SEO plugin. -->","yoast_head_json":{"title":"Puidust uksek\u00e4epide LEE - MetalTale.com","robots":{"index":"index","follow":"follow","max-snippet":"max-snippet:-1","max-image-preview":"max-image-preview:large","max-video-preview":"max-video-preview:-1"},"canonical":"https:\/\/metaltale.com\/et\/toode\/puidust-uksekaepide-lee\/","og_locale":"et_EE","og_type":"article","og_title":"Puidust uksek\u00e4epide LEE - MetalTale.com","og_description":"SAVE-mudel. DH032 Materjal Puit, teras \u00dcldine k\u00f5rgus (cm) 21 \u00dcldlaius (cm) 4,2 Koguprojektsioon (cm) 5,5 Aukude vahekaugus (cm) 18 V\u00e4rv","og_url":"https:\/\/metaltale.com\/et\/toode\/puidust-uksekaepide-lee\/","og_site_name":"MetalTale.com","og_image":[{"width":800,"height":800,"url":"https:\/\/metaltale.com\/wp-content\/uploads\/2023\/10\/Durx173-rankena-LEE.jpg","type":"image\/jpeg"}],"twitter_card":"summary_large_image","twitter_misc":{"Est. reading time":"1 minut"},"schema":{"@context":"https:\/\/schema.org","@graph":[{"@type":"WebPage","@id":"https:\/\/metaltale.com\/et\/toode\/puidust-uksekaepide-lee\/","url":"https:\/\/metaltale.com\/et\/toode\/puidust-uksekaepide-lee\/","name":"Puidust uksek\u00e4epide LEE - MetalTale.com","isPartOf":{"@id":"https:\/\/metaltale.com\/et\/#website"},"primaryImageOfPage":{"@id":"https:\/\/metaltale.com\/et\/toode\/puidust-uksekaepide-lee\/#primaryimage"},"image":{"@id":"https:\/\/metaltale.com\/et\/toode\/puidust-uksekaepide-lee\/#primaryimage"},"thumbnailUrl":"https:\/\/metaltale.com\/wp-content\/uploads\/2023\/10\/Durx173-rankena-LEE.jpg","datePublished":"2024-02-13T11:19:04+00:00","breadcrumb":{"@id":"https:\/\/metaltale.com\/et\/toode\/puidust-uksekaepide-lee\/#breadcrumb"},"inLanguage":"et","potentialAction":[{"@type":"ReadAction","target":["https:\/\/metaltale.com\/et\/toode\/puidust-uksekaepide-lee\/"]}]},{"@type":"ImageObject","inLanguage":"et","@id":"https:\/\/metaltale.com\/et\/toode\/puidust-uksekaepide-lee\/#primaryimage","url":"https:\/\/metaltale.com\/wp-content\/uploads\/2023\/10\/Durx173-rankena-LEE.jpg","contentUrl":"https:\/\/metaltale.com\/wp-content\/uploads\/2023\/10\/Durx173-rankena-LEE.jpg","width":800,"height":800,"caption":"Puidust uksek\u00e4epide LEE"},{"@type":"BreadcrumbList","@id":"https:\/\/metaltale.com\/et\/toode\/puidust-uksekaepide-lee\/#breadcrumb","itemListElement":[{"@type":"ListItem","position":1,"name":"Home","item":"https:\/\/metaltale.com\/et\/kodu\/"},{"@type":"ListItem","position":2,"name":"Kauplus","item":"https:\/\/metaltale.com\/et\/shop\/"},{"@type":"ListItem","position":3,"name":"Puidust uksek\u00e4epide LEE"}]},{"@type":"WebSite","@id":"https:\/\/metaltale.com\/et\/#website","url":"https:\/\/metaltale.com\/et\/","name":"Metaltale.com","description":"","potentialAction":[{"@type":"SearchAction","target":{"@type":"EntryPoint","urlTemplate":"https:\/\/metaltale.com\/et\/?s={search_term_string}"},"query-input":{"@type":"PropertyValueSpecification","valueRequired":true,"valueName":"search_term_string"}}],"inLanguage":"et"}]}},"_links":{"self":[{"href":"https:\/\/metaltale.com\/et\/wp-json\/wp\/v2\/product\/140487","targetHints":{"allow":["GET"]}}],"collection":[{"href":"https:\/\/metaltale.com\/et\/wp-json\/wp\/v2\/product"}],"about":[{"href":"https:\/\/metaltale.com\/et\/wp-json\/wp\/v2\/types\/product"}],"replies":[{"embeddable":true,"href":"https:\/\/metaltale.com\/et\/wp-json\/wp\/v2\/comments?post=140487"}],"version-history":[{"count":0,"href":"https:\/\/metaltale.com\/et\/wp-json\/wp\/v2\/product\/140487\/revisions"}],"wp:featuredmedia":[{"embeddable":true,"href":"https:\/\/metaltale.com\/et\/wp-json\/wp\/v2\/media\/75819"}],"wp:attachment":[{"href":"https:\/\/metaltale.com\/et\/wp-json\/wp\/v2\/media?parent=140487"}],"wp:term":[{"taxonomy":"product_brand","embeddable":true,"href":"https:\/\/metaltale.com\/et\/wp-json\/wp\/v2\/product_brand?post=140487"},{"taxonomy":"product_cat","embeddable":true,"href":"https:\/\/metaltale.com\/et\/wp-json\/wp\/v2\/product_cat?post=140487"},{"taxonomy":"product_tag","embeddable":true,"href":"https:\/\/metaltale.com\/et\/wp-json\/wp\/v2\/product_tag?post=140487"}],"curies":[{"name":"wp","href":"https:\/\/api.w.org\/{rel}","templated":true}]}}