{"id":140478,"date":"2024-02-13T13:25:05","date_gmt":"2024-02-13T11:25:05","guid":{"rendered":"https:\/\/metaltale.com\/produktas\/konsool-factory-oak-2\/"},"modified":"2024-07-03T08:59:48","modified_gmt":"2024-07-03T06:59:48","slug":"konsool-factory-oak-2","status":"publish","type":"product","link":"https:\/\/metaltale.com\/et\/toode\/konsool-factory-oak-2\/","title":{"rendered":"Konsool FACTORY OAK 2"},"content":{"rendered":"<div class=\"prod_data\">\n<p><strong>Mudel<\/strong> ZA. FAC11-DAB<br \/>\nFACTORY OAK <strong>kollektsioon<\/strong><br \/>\n<strong>EAN.<\/strong>  5905369914065<br \/>\n<strong>Materjal<\/strong> Tammepuit, teras<br \/>\n<strong>\u00dcldine k\u00f5rgus (cm)<\/strong> 60<br \/>\n<strong>\u00dcldlaius (cm)<\/strong> 100<br \/>\n<strong>S\u00fcgavus (cm)<\/strong> 40<br \/>\n<strong>Tarne t\u00fc\u00fcp<\/strong> T\u00e4ielikult kokkupandud toode<\/p>\n<p>&#8211; t\u00f6\u00f6stuslik konsool tammepuust ja terasest<br \/>\n&#8211; suletud profiiliga 80x20mm konstruktsioon tagab stabiilsuse ja vastupidavuse;<br \/>\n&#8211; teras, mis on immutatud l\u00e4bipaistva kihiga, mis kaitseb kahjustuste ja kriimustuste eest<br \/>\n&#8211; liimimata laudade vahel v\u00f5ivad tekkida l\u00fcngad, mis ei m\u00f5juta kasutusmugavust.<br \/>\n&#8211; Tammepuit, immutatud loodusliku \u00f5liga<br \/>\n&#8211; oodatav vananemism\u00f5ju avaldub terase pinnal n\u00e4htavate kriimustuste ja m\u00e4rgatava puidutekstuuri n\u00e4ol.<br \/>\n&#8211; toodete v\u00e4rvus v\u00f5ib erineda fotogaleriis n\u00e4idatud v\u00e4rvusest tulenevalt individuaalsetest monitoriseadetest ja materjalide iseloomust &#8211; teras ja tammepuit on toorained, mille v\u00e4rvus, toon ja tekstuur v\u00f5ivad erineda eksemplariti v\u00f5i tootmispartiide kaupa.<\/p>\n<hr>\n<p>T\u00f6\u00f6stuslik meistriteos j\u00f5uab teie koju koos tehase konsooliga. Disaini lihtsus tuleneb iseloomulike geomeetriliste jalgade ja tammepuidu kombinatsioonist. Loomulikud v\u00e4rvimuutused ja muud tooraine puudused n\u00e4evad trituuritud terase puhul h\u00e4sti v\u00e4lja. Tervikut t\u00e4iendavad ehtsad tehase neetid, mis on samuti toorainele ja t\u00f6\u00f6stuskliimale sobiv viimistlus. Konsool sobib ideaalselt pingiks, k\u00f5rvallauaks, lillealuseks.<\/p>\n<\/div>\n","protected":false},"excerpt":{"rendered":"<p>Mudel ZA. FAC11-DAB FACTORY OAK kollektsioon EAN. 5905369914065 Materjal Tammepuit, teras \u00dcldine k\u00f5rgus (cm) 60 \u00dcldlaius (cm) 100 S\u00fcgavus (cm)<\/p>\n","protected":false},"featured_media":119764,"comment_status":"open","ping_status":"closed","template":"","meta":{"_acf_changed":false,"pmpro_default_level":""},"product_brand":[],"product_cat":[24138],"product_tag":[],"class_list":{"0":"post-140478","1":"product","2":"type-product","3":"status-publish","4":"has-post-thumbnail","6":"product_cat-toostusmoobel","7":"pmpro-has-access","9":"first","10":"instock","11":"shipping-taxable","12":"purchasable","13":"product-type-simple"},"acf":[],"yoast_head":"<!-- This site is optimized with the Yoast SEO plugin v24.9 - https:\/\/yoast.com\/wordpress\/plugins\/seo\/ -->\n<title>Konsool FACTORY OAK 2 - MetalTale.com<\/title>\n<meta name=\"robots\" content=\"index, follow, max-snippet:-1, max-image-preview:large, max-video-preview:-1\" \/>\n<link rel=\"canonical\" href=\"https:\/\/metaltale.com\/et\/toode\/konsool-factory-oak-2\/\" \/>\n<meta property=\"og:locale\" content=\"et_EE\" \/>\n<meta property=\"og:type\" content=\"article\" \/>\n<meta property=\"og:title\" content=\"Konsool FACTORY OAK 2 - MetalTale.com\" \/>\n<meta property=\"og:description\" content=\"Mudel ZA. FAC11-DAB FACTORY OAK kollektsioon EAN. 5905369914065 Materjal Tammepuit, teras \u00dcldine k\u00f5rgus (cm) 60 \u00dcldlaius (cm) 100 S\u00fcgavus (cm)\" \/>\n<meta property=\"og:url\" content=\"https:\/\/metaltale.com\/et\/toode\/konsool-factory-oak-2\/\" \/>\n<meta property=\"og:site_name\" content=\"MetalTale.com\" \/>\n<meta property=\"article:modified_time\" content=\"2024-07-03T06:59:48+00:00\" \/>\n<meta property=\"og:image\" content=\"https:\/\/metaltale.com\/wp-content\/uploads\/2023\/12\/konsole-1.jpg\" \/>\n\t<meta property=\"og:image:width\" content=\"800\" \/>\n\t<meta property=\"og:image:height\" content=\"800\" \/>\n\t<meta property=\"og:image:type\" content=\"image\/jpeg\" \/>\n<meta name=\"twitter:card\" content=\"summary_large_image\" \/>\n<meta name=\"twitter:label1\" content=\"Est. reading time\" \/>\n\t<meta name=\"twitter:data1\" content=\"1 minut\" \/>\n<script type=\"application\/ld+json\" class=\"yoast-schema-graph\">{\"@context\":\"https:\/\/schema.org\",\"@graph\":[{\"@type\":\"WebPage\",\"@id\":\"https:\/\/metaltale.com\/et\/toode\/konsool-factory-oak-2\/\",\"url\":\"https:\/\/metaltale.com\/et\/toode\/konsool-factory-oak-2\/\",\"name\":\"Konsool FACTORY OAK 2 - MetalTale.com\",\"isPartOf\":{\"@id\":\"https:\/\/metaltale.com\/et\/#website\"},\"primaryImageOfPage\":{\"@id\":\"https:\/\/metaltale.com\/et\/toode\/konsool-factory-oak-2\/#primaryimage\"},\"image\":{\"@id\":\"https:\/\/metaltale.com\/et\/toode\/konsool-factory-oak-2\/#primaryimage\"},\"thumbnailUrl\":\"https:\/\/metaltale.com\/wp-content\/uploads\/2023\/12\/konsole-1.jpg\",\"datePublished\":\"2024-02-13T11:25:05+00:00\",\"dateModified\":\"2024-07-03T06:59:48+00:00\",\"breadcrumb\":{\"@id\":\"https:\/\/metaltale.com\/et\/toode\/konsool-factory-oak-2\/#breadcrumb\"},\"inLanguage\":\"et\",\"potentialAction\":[{\"@type\":\"ReadAction\",\"target\":[\"https:\/\/metaltale.com\/et\/toode\/konsool-factory-oak-2\/\"]}]},{\"@type\":\"ImageObject\",\"inLanguage\":\"et\",\"@id\":\"https:\/\/metaltale.com\/et\/toode\/konsool-factory-oak-2\/#primaryimage\",\"url\":\"https:\/\/metaltale.com\/wp-content\/uploads\/2023\/12\/konsole-1.jpg\",\"contentUrl\":\"https:\/\/metaltale.com\/wp-content\/uploads\/2023\/12\/konsole-1.jpg\",\"width\":800,\"height\":800,\"caption\":\"Konsool\"},{\"@type\":\"BreadcrumbList\",\"@id\":\"https:\/\/metaltale.com\/et\/toode\/konsool-factory-oak-2\/#breadcrumb\",\"itemListElement\":[{\"@type\":\"ListItem\",\"position\":1,\"name\":\"Home\",\"item\":\"https:\/\/metaltale.com\/et\/kodu\/\"},{\"@type\":\"ListItem\",\"position\":2,\"name\":\"Kauplus\",\"item\":\"https:\/\/metaltale.com\/et\/shop\/\"},{\"@type\":\"ListItem\",\"position\":3,\"name\":\"Konsool FACTORY OAK 2\"}]},{\"@type\":\"WebSite\",\"@id\":\"https:\/\/metaltale.com\/et\/#website\",\"url\":\"https:\/\/metaltale.com\/et\/\",\"name\":\"Metaltale.com\",\"description\":\"\",\"potentialAction\":[{\"@type\":\"SearchAction\",\"target\":{\"@type\":\"EntryPoint\",\"urlTemplate\":\"https:\/\/metaltale.com\/et\/?s={search_term_string}\"},\"query-input\":{\"@type\":\"PropertyValueSpecification\",\"valueRequired\":true,\"valueName\":\"search_term_string\"}}],\"inLanguage\":\"et\"}]}<\/script>\n<!-- \/ Yoast SEO plugin. -->","yoast_head_json":{"title":"Konsool FACTORY OAK 2 - MetalTale.com","robots":{"index":"index","follow":"follow","max-snippet":"max-snippet:-1","max-image-preview":"max-image-preview:large","max-video-preview":"max-video-preview:-1"},"canonical":"https:\/\/metaltale.com\/et\/toode\/konsool-factory-oak-2\/","og_locale":"et_EE","og_type":"article","og_title":"Konsool FACTORY OAK 2 - MetalTale.com","og_description":"Mudel ZA. FAC11-DAB FACTORY OAK kollektsioon EAN. 5905369914065 Materjal Tammepuit, teras \u00dcldine k\u00f5rgus (cm) 60 \u00dcldlaius (cm) 100 S\u00fcgavus (cm)","og_url":"https:\/\/metaltale.com\/et\/toode\/konsool-factory-oak-2\/","og_site_name":"MetalTale.com","article_modified_time":"2024-07-03T06:59:48+00:00","og_image":[{"width":800,"height":800,"url":"https:\/\/metaltale.com\/wp-content\/uploads\/2023\/12\/konsole-1.jpg","type":"image\/jpeg"}],"twitter_card":"summary_large_image","twitter_misc":{"Est. reading time":"1 minut"},"schema":{"@context":"https:\/\/schema.org","@graph":[{"@type":"WebPage","@id":"https:\/\/metaltale.com\/et\/toode\/konsool-factory-oak-2\/","url":"https:\/\/metaltale.com\/et\/toode\/konsool-factory-oak-2\/","name":"Konsool FACTORY OAK 2 - MetalTale.com","isPartOf":{"@id":"https:\/\/metaltale.com\/et\/#website"},"primaryImageOfPage":{"@id":"https:\/\/metaltale.com\/et\/toode\/konsool-factory-oak-2\/#primaryimage"},"image":{"@id":"https:\/\/metaltale.com\/et\/toode\/konsool-factory-oak-2\/#primaryimage"},"thumbnailUrl":"https:\/\/metaltale.com\/wp-content\/uploads\/2023\/12\/konsole-1.jpg","datePublished":"2024-02-13T11:25:05+00:00","dateModified":"2024-07-03T06:59:48+00:00","breadcrumb":{"@id":"https:\/\/metaltale.com\/et\/toode\/konsool-factory-oak-2\/#breadcrumb"},"inLanguage":"et","potentialAction":[{"@type":"ReadAction","target":["https:\/\/metaltale.com\/et\/toode\/konsool-factory-oak-2\/"]}]},{"@type":"ImageObject","inLanguage":"et","@id":"https:\/\/metaltale.com\/et\/toode\/konsool-factory-oak-2\/#primaryimage","url":"https:\/\/metaltale.com\/wp-content\/uploads\/2023\/12\/konsole-1.jpg","contentUrl":"https:\/\/metaltale.com\/wp-content\/uploads\/2023\/12\/konsole-1.jpg","width":800,"height":800,"caption":"Konsool"},{"@type":"BreadcrumbList","@id":"https:\/\/metaltale.com\/et\/toode\/konsool-factory-oak-2\/#breadcrumb","itemListElement":[{"@type":"ListItem","position":1,"name":"Home","item":"https:\/\/metaltale.com\/et\/kodu\/"},{"@type":"ListItem","position":2,"name":"Kauplus","item":"https:\/\/metaltale.com\/et\/shop\/"},{"@type":"ListItem","position":3,"name":"Konsool FACTORY OAK 2"}]},{"@type":"WebSite","@id":"https:\/\/metaltale.com\/et\/#website","url":"https:\/\/metaltale.com\/et\/","name":"Metaltale.com","description":"","potentialAction":[{"@type":"SearchAction","target":{"@type":"EntryPoint","urlTemplate":"https:\/\/metaltale.com\/et\/?s={search_term_string}"},"query-input":{"@type":"PropertyValueSpecification","valueRequired":true,"valueName":"search_term_string"}}],"inLanguage":"et"}]}},"_links":{"self":[{"href":"https:\/\/metaltale.com\/et\/wp-json\/wp\/v2\/product\/140478","targetHints":{"allow":["GET"]}}],"collection":[{"href":"https:\/\/metaltale.com\/et\/wp-json\/wp\/v2\/product"}],"about":[{"href":"https:\/\/metaltale.com\/et\/wp-json\/wp\/v2\/types\/product"}],"replies":[{"embeddable":true,"href":"https:\/\/metaltale.com\/et\/wp-json\/wp\/v2\/comments?post=140478"}],"version-history":[{"count":1,"href":"https:\/\/metaltale.com\/et\/wp-json\/wp\/v2\/product\/140478\/revisions"}],"predecessor-version":[{"id":140541,"href":"https:\/\/metaltale.com\/et\/wp-json\/wp\/v2\/product\/140478\/revisions\/140541"}],"wp:featuredmedia":[{"embeddable":true,"href":"https:\/\/metaltale.com\/et\/wp-json\/wp\/v2\/media\/119764"}],"wp:attachment":[{"href":"https:\/\/metaltale.com\/et\/wp-json\/wp\/v2\/media?parent=140478"}],"wp:term":[{"taxonomy":"product_brand","embeddable":true,"href":"https:\/\/metaltale.com\/et\/wp-json\/wp\/v2\/product_brand?post=140478"},{"taxonomy":"product_cat","embeddable":true,"href":"https:\/\/metaltale.com\/et\/wp-json\/wp\/v2\/product_cat?post=140478"},{"taxonomy":"product_tag","embeddable":true,"href":"https:\/\/metaltale.com\/et\/wp-json\/wp\/v2\/product_tag?post=140478"}],"curies":[{"name":"wp","href":"https:\/\/api.w.org\/{rel}","templated":true}]}}