{"id":140473,"date":"2024-02-13T13:25:05","date_gmt":"2024-02-13T11:25:05","guid":{"rendered":"https:\/\/metaltale.com\/produktas\/kapp-koogisaar-factory-pine\/"},"modified":"2024-02-13T13:25:05","modified_gmt":"2024-02-13T11:25:05","slug":"kapp-koogisaar-factory-pine","status":"publish","type":"product","link":"https:\/\/metaltale.com\/et\/toode\/kapp-koogisaar-factory-pine\/","title":{"rendered":"Kapp\/k\u00f6\u00f6gisaar FACTORY PINE"},"content":{"rendered":"<div class=\"prod_data\">\n<p><strong>Mudel<\/strong> ZA. FAC30<br \/>\nFACTORY PINE kollektsioon<strong><br \/>\n<\/strong><strong>EAN.<\/strong>  5905369914058<br \/>\n<strong>Materjal<\/strong> m\u00e4nnipuit, teras<br \/>\n<strong>\u00dcldine k\u00f5rgus (cm)<\/strong> 90<br \/>\n<strong>\u00dcldine laius (cm)<\/strong> 200<br \/>\n<strong>S\u00fcgavus (cm)<\/strong> 80<br \/>\n<strong>Tarne t\u00fc\u00fcp<\/strong> T\u00e4ielikult kokkupandud toode<\/p>\n<p>&#8211; kirst, t\u00f6\u00f6stuslik saar m\u00e4nni ja terasega<br \/>\n&#8211; kuullaagritega juhikud muudavad sahtlite v\u00e4ljat\u00f5mbamise lihtsaks<br \/>\n&#8211; Liugriiuli esiosa kate on praktiline ja disainerlik lahendus<br \/>\n&#8211; suletud profiiliga 80x20mm konstruktsioon tagab stabiilsuse ja vastupidavuse;<br \/>\n&#8211; teras, mis on immutatud l\u00e4bipaistva kihiga, mis kaitseb kahjustuste ja kriimustuste eest<br \/>\n&#8211; liimimata laudade vahel v\u00f5ivad tekkida l\u00fcngad, mis ei m\u00f5juta kasutusmugavust.<br \/>\n&#8211; \u00fcmbert\u00f6\u00f6deldud m\u00e4nni puit, immersioonmeetodil veepeitsiga immutatud.<br \/>\n&#8211; oodatav vananemism\u00f5ju avaldub terase pinnal n\u00e4htavate kriimustuste ja m\u00e4rgatava puidutekstuuri n\u00e4ol.<br \/>\n&#8211; toodete v\u00e4rvus v\u00f5ib erineda fotogaleriis n\u00e4idatud v\u00e4rvusest, mis on tingitud individuaalsetest monitori seadetest ja materjalide iseloomust &#8211; teras ja m\u00e4nnipuit on toorained, mille v\u00e4rvus, toon ja tekstuur v\u00f5ivad eksemplariti v\u00f5i partiiti erineda.<\/p>\n<hr>\n<p>Factory Pine lai kapp on toode, mis on m\u00f5eldud&#8230; t\u00f6\u00f6stusk\u00f6\u00f6ki. Kuus metallist sahtlit ja riiulit, mis on peidetud terasest l\u00fckandliistu taha, saab sellest avarast m\u00f6\u00f6bliesemest h\u00f5lpsasti saare, mis \u00fchendab v\u00f5i eraldab k\u00f6\u00f6ki elutoast. Liimimata m\u00e4nniplaatidest valmistatud m\u00f6\u00f6bli lihtne tagak\u00fclg n\u00e4eb atraktiivne v\u00e4lja ja sobib loft-asetustega. Suurt kapi iseloomustab stabiilsus ja t\u00f6\u00f6stuslik disain. Teraskonstruktsioonil on tahtlikud kriimustused, n\u00e4htavad \u00fchendused ja keevisliited ning tehases valmistatud kollektsioonile iseloomulikud neetid. Suurt lauaplaati saab kasutada n\u00e4itusena v\u00f5i praktiliselt, kohandades kappi vastavalt kasutajate individuaalsetele vajadustele. Metallist valmistatud s\u00fcgavad sahtlid liiguvad sujuvalt kuullaagritega juhikutel, samas kui kollektsiooni vajadustele vastav m\u00f6\u00f6bli libisev s\u00fcsteem v\u00f5imaldab h\u00f5lpsasti avada riiuleid. Kavandatav toode on rohkem kui lihtsalt sahtlikapp &#8211; see on oluline element sisekujunduses, mis loob kogu interj\u00f6\u00f6ri iseloomu.<\/p>\n<\/div>\n","protected":false},"excerpt":{"rendered":"<p>Mudel ZA. FAC30 FACTORY PINE kollektsioon EAN. 5905369914058 Materjal m\u00e4nnipuit, teras \u00dcldine k\u00f5rgus (cm) 90 \u00dcldine laius (cm) 200 S\u00fcgavus<\/p>\n","protected":false},"featured_media":65754,"comment_status":"open","ping_status":"closed","template":"","meta":{"_acf_changed":false,"pmpro_default_level":""},"product_brand":[],"product_cat":[24201,24138],"product_tag":[],"class_list":{"0":"post-140473","1":"product","2":"type-product","3":"status-publish","4":"has-post-thumbnail","6":"product_cat-kommodid","7":"product_cat-toostusmoobel","8":"pmpro-has-access","10":"first","11":"outofstock","12":"shipping-taxable","13":"purchasable","14":"product-type-simple"},"acf":[],"yoast_head":"<!-- This site is optimized with the Yoast SEO plugin v24.9 - https:\/\/yoast.com\/wordpress\/plugins\/seo\/ -->\n<title>Kapp\/k\u00f6\u00f6gisaar FACTORY PINE - MetalTale.com<\/title>\n<meta name=\"robots\" content=\"index, follow, max-snippet:-1, max-image-preview:large, max-video-preview:-1\" \/>\n<link rel=\"canonical\" href=\"https:\/\/metaltale.com\/et\/toode\/kapp-koogisaar-factory-pine\/\" \/>\n<meta property=\"og:locale\" content=\"et_EE\" \/>\n<meta property=\"og:type\" content=\"article\" \/>\n<meta property=\"og:title\" content=\"Kapp\/k\u00f6\u00f6gisaar FACTORY PINE - MetalTale.com\" \/>\n<meta property=\"og:description\" content=\"Mudel ZA. FAC30 FACTORY PINE kollektsioon EAN. 5905369914058 Materjal m\u00e4nnipuit, teras \u00dcldine k\u00f5rgus (cm) 90 \u00dcldine laius (cm) 200 S\u00fcgavus\" \/>\n<meta property=\"og:url\" content=\"https:\/\/metaltale.com\/et\/toode\/kapp-koogisaar-factory-pine\/\" \/>\n<meta property=\"og:site_name\" content=\"MetalTale.com\" \/>\n<meta name=\"twitter:card\" content=\"summary_large_image\" \/>\n<meta name=\"twitter:label1\" content=\"Est. reading time\" \/>\n\t<meta name=\"twitter:data1\" content=\"1 minut\" \/>\n<script type=\"application\/ld+json\" class=\"yoast-schema-graph\">{\"@context\":\"https:\/\/schema.org\",\"@graph\":[{\"@type\":\"WebPage\",\"@id\":\"https:\/\/metaltale.com\/et\/toode\/kapp-koogisaar-factory-pine\/\",\"url\":\"https:\/\/metaltale.com\/et\/toode\/kapp-koogisaar-factory-pine\/\",\"name\":\"Kapp\/k\u00f6\u00f6gisaar FACTORY PINE - MetalTale.com\",\"isPartOf\":{\"@id\":\"https:\/\/metaltale.com\/et\/#website\"},\"primaryImageOfPage\":{\"@id\":\"https:\/\/metaltale.com\/et\/toode\/kapp-koogisaar-factory-pine\/#primaryimage\"},\"image\":{\"@id\":\"https:\/\/metaltale.com\/et\/toode\/kapp-koogisaar-factory-pine\/#primaryimage\"},\"thumbnailUrl\":\"https:\/\/metaltale.com\/wp-content\/uploads\/2023\/09\/Komodos-sala-FACTORY-SOSNA.jpg\",\"datePublished\":\"2024-02-13T11:25:05+00:00\",\"breadcrumb\":{\"@id\":\"https:\/\/metaltale.com\/et\/toode\/kapp-koogisaar-factory-pine\/#breadcrumb\"},\"inLanguage\":\"et\",\"potentialAction\":[{\"@type\":\"ReadAction\",\"target\":[\"https:\/\/metaltale.com\/et\/toode\/kapp-koogisaar-factory-pine\/\"]}]},{\"@type\":\"ImageObject\",\"inLanguage\":\"et\",\"@id\":\"https:\/\/metaltale.com\/et\/toode\/kapp-koogisaar-factory-pine\/#primaryimage\",\"url\":\"https:\/\/metaltale.com\/wp-content\/uploads\/2023\/09\/Komodos-sala-FACTORY-SOSNA.jpg\",\"contentUrl\":\"https:\/\/metaltale.com\/wp-content\/uploads\/2023\/09\/Komodos-sala-FACTORY-SOSNA.jpg\",\"width\":800,\"height\":800,\"caption\":\"Commode\"},{\"@type\":\"BreadcrumbList\",\"@id\":\"https:\/\/metaltale.com\/et\/toode\/kapp-koogisaar-factory-pine\/#breadcrumb\",\"itemListElement\":[{\"@type\":\"ListItem\",\"position\":1,\"name\":\"Home\",\"item\":\"https:\/\/metaltale.com\/et\/kodu\/\"},{\"@type\":\"ListItem\",\"position\":2,\"name\":\"Kauplus\",\"item\":\"https:\/\/metaltale.com\/et\/shop\/\"},{\"@type\":\"ListItem\",\"position\":3,\"name\":\"Kapp\/k\u00f6\u00f6gisaar FACTORY PINE\"}]},{\"@type\":\"WebSite\",\"@id\":\"https:\/\/metaltale.com\/et\/#website\",\"url\":\"https:\/\/metaltale.com\/et\/\",\"name\":\"Metaltale.com\",\"description\":\"\",\"potentialAction\":[{\"@type\":\"SearchAction\",\"target\":{\"@type\":\"EntryPoint\",\"urlTemplate\":\"https:\/\/metaltale.com\/et\/?s={search_term_string}\"},\"query-input\":{\"@type\":\"PropertyValueSpecification\",\"valueRequired\":true,\"valueName\":\"search_term_string\"}}],\"inLanguage\":\"et\"}]}<\/script>\n<!-- \/ Yoast SEO plugin. -->","yoast_head_json":{"title":"Kapp\/k\u00f6\u00f6gisaar FACTORY PINE - MetalTale.com","robots":{"index":"index","follow":"follow","max-snippet":"max-snippet:-1","max-image-preview":"max-image-preview:large","max-video-preview":"max-video-preview:-1"},"canonical":"https:\/\/metaltale.com\/et\/toode\/kapp-koogisaar-factory-pine\/","og_locale":"et_EE","og_type":"article","og_title":"Kapp\/k\u00f6\u00f6gisaar FACTORY PINE - MetalTale.com","og_description":"Mudel ZA. FAC30 FACTORY PINE kollektsioon EAN. 5905369914058 Materjal m\u00e4nnipuit, teras \u00dcldine k\u00f5rgus (cm) 90 \u00dcldine laius (cm) 200 S\u00fcgavus","og_url":"https:\/\/metaltale.com\/et\/toode\/kapp-koogisaar-factory-pine\/","og_site_name":"MetalTale.com","twitter_card":"summary_large_image","twitter_misc":{"Est. reading time":"1 minut"},"schema":{"@context":"https:\/\/schema.org","@graph":[{"@type":"WebPage","@id":"https:\/\/metaltale.com\/et\/toode\/kapp-koogisaar-factory-pine\/","url":"https:\/\/metaltale.com\/et\/toode\/kapp-koogisaar-factory-pine\/","name":"Kapp\/k\u00f6\u00f6gisaar FACTORY PINE - MetalTale.com","isPartOf":{"@id":"https:\/\/metaltale.com\/et\/#website"},"primaryImageOfPage":{"@id":"https:\/\/metaltale.com\/et\/toode\/kapp-koogisaar-factory-pine\/#primaryimage"},"image":{"@id":"https:\/\/metaltale.com\/et\/toode\/kapp-koogisaar-factory-pine\/#primaryimage"},"thumbnailUrl":"https:\/\/metaltale.com\/wp-content\/uploads\/2023\/09\/Komodos-sala-FACTORY-SOSNA.jpg","datePublished":"2024-02-13T11:25:05+00:00","breadcrumb":{"@id":"https:\/\/metaltale.com\/et\/toode\/kapp-koogisaar-factory-pine\/#breadcrumb"},"inLanguage":"et","potentialAction":[{"@type":"ReadAction","target":["https:\/\/metaltale.com\/et\/toode\/kapp-koogisaar-factory-pine\/"]}]},{"@type":"ImageObject","inLanguage":"et","@id":"https:\/\/metaltale.com\/et\/toode\/kapp-koogisaar-factory-pine\/#primaryimage","url":"https:\/\/metaltale.com\/wp-content\/uploads\/2023\/09\/Komodos-sala-FACTORY-SOSNA.jpg","contentUrl":"https:\/\/metaltale.com\/wp-content\/uploads\/2023\/09\/Komodos-sala-FACTORY-SOSNA.jpg","width":800,"height":800,"caption":"Commode"},{"@type":"BreadcrumbList","@id":"https:\/\/metaltale.com\/et\/toode\/kapp-koogisaar-factory-pine\/#breadcrumb","itemListElement":[{"@type":"ListItem","position":1,"name":"Home","item":"https:\/\/metaltale.com\/et\/kodu\/"},{"@type":"ListItem","position":2,"name":"Kauplus","item":"https:\/\/metaltale.com\/et\/shop\/"},{"@type":"ListItem","position":3,"name":"Kapp\/k\u00f6\u00f6gisaar FACTORY PINE"}]},{"@type":"WebSite","@id":"https:\/\/metaltale.com\/et\/#website","url":"https:\/\/metaltale.com\/et\/","name":"Metaltale.com","description":"","potentialAction":[{"@type":"SearchAction","target":{"@type":"EntryPoint","urlTemplate":"https:\/\/metaltale.com\/et\/?s={search_term_string}"},"query-input":{"@type":"PropertyValueSpecification","valueRequired":true,"valueName":"search_term_string"}}],"inLanguage":"et"}]}},"_links":{"self":[{"href":"https:\/\/metaltale.com\/et\/wp-json\/wp\/v2\/product\/140473","targetHints":{"allow":["GET"]}}],"collection":[{"href":"https:\/\/metaltale.com\/et\/wp-json\/wp\/v2\/product"}],"about":[{"href":"https:\/\/metaltale.com\/et\/wp-json\/wp\/v2\/types\/product"}],"replies":[{"embeddable":true,"href":"https:\/\/metaltale.com\/et\/wp-json\/wp\/v2\/comments?post=140473"}],"version-history":[{"count":0,"href":"https:\/\/metaltale.com\/et\/wp-json\/wp\/v2\/product\/140473\/revisions"}],"wp:featuredmedia":[{"embeddable":true,"href":"https:\/\/metaltale.com\/et\/wp-json\/wp\/v2\/media\/65754"}],"wp:attachment":[{"href":"https:\/\/metaltale.com\/et\/wp-json\/wp\/v2\/media?parent=140473"}],"wp:term":[{"taxonomy":"product_brand","embeddable":true,"href":"https:\/\/metaltale.com\/et\/wp-json\/wp\/v2\/product_brand?post=140473"},{"taxonomy":"product_cat","embeddable":true,"href":"https:\/\/metaltale.com\/et\/wp-json\/wp\/v2\/product_cat?post=140473"},{"taxonomy":"product_tag","embeddable":true,"href":"https:\/\/metaltale.com\/et\/wp-json\/wp\/v2\/product_tag?post=140473"}],"curies":[{"name":"wp","href":"https:\/\/api.w.org\/{rel}","templated":true}]}}