{"id":140325,"date":"2024-02-13T13:27:05","date_gmt":"2024-02-13T11:27:05","guid":{"rendered":"https:\/\/metaltale.com\/produktas\/baaritooli-industrial-2-must\/"},"modified":"2024-02-13T13:27:05","modified_gmt":"2024-02-13T11:27:05","slug":"baaritooli-industrial-2-must","status":"publish","type":"product","link":"https:\/\/metaltale.com\/et\/toode\/baaritooli-industrial-2-must\/","title":{"rendered":"Baaritooli INDUSTRIAL 2, must"},"content":{"rendered":"<div class=\"prod_data\">\n<p><strong>Mudel<\/strong> ZA. T2-PRGR<br \/>\n<strong>Materjal<\/strong> teras<br \/>\n<strong>\u00dcldine k\u00f5rgus (cm)<\/strong> 117 &#8211; 144<br \/>\n<strong>\u00dcldine laius (cm)<\/strong> 46<br \/>\n<strong>Kaal (kg)<\/strong> 20<br \/>\n<strong>V\u00e4rv<\/strong> Must<\/p>\n<hr>\n<p>&#8211; reguleeritav istme k\u00f5rgus<br \/>\n&#8211; puidust iste, ilma polstrita<\/p>\n<hr>\n<p>Esitatud baaritooli aluseks on klassikaline toolimudel, mida sageli leidub t\u00f6\u00f6kodades v\u00f5i t\u00f6\u00f6stusettev\u00f5tetes. M\u00f6\u00f6bli viimistlemata olemus sobib ideaalselt avaratesse t\u00f6\u00f6stusruumidesse ja loftidesse. See on ka praktiline ja stiilne t\u00e4iendus retrokompositsioonidele. Selle mudeli suureks eeliseks on seljatugi ja istme k\u00f5rguse laiaulatuslik reguleerimine.<\/p>\n<hr>\n<\/div>\n","protected":false},"excerpt":{"rendered":"<p>Mudel ZA. T2-PRGR Materjal teras \u00dcldine k\u00f5rgus (cm) 117 &#8211; 144 \u00dcldine laius (cm) 46 Kaal (kg) 20 V\u00e4rv Must<\/p>\n","protected":false},"featured_media":66564,"comment_status":"open","ping_status":"closed","template":"","meta":{"_acf_changed":false,"pmpro_default_level":""},"product_brand":[],"product_cat":[24196,24138],"product_tag":[],"class_list":{"0":"post-140325","1":"product","2":"type-product","3":"status-publish","4":"has-post-thumbnail","6":"product_cat-baaritoolid","7":"product_cat-toostusmoobel","8":"pmpro-has-access","10":"first","11":"instock","12":"shipping-taxable","13":"purchasable","14":"product-type-simple"},"acf":[],"yoast_head":"<!-- This site is optimized with the Yoast SEO plugin v24.9 - https:\/\/yoast.com\/wordpress\/plugins\/seo\/ -->\n<title>Baaritooli INDUSTRIAL 2, must - MetalTale.com<\/title>\n<meta name=\"robots\" content=\"index, follow, max-snippet:-1, max-image-preview:large, max-video-preview:-1\" \/>\n<link rel=\"canonical\" href=\"https:\/\/metaltale.com\/et\/toode\/baaritooli-industrial-2-must\/\" \/>\n<meta property=\"og:locale\" content=\"et_EE\" \/>\n<meta property=\"og:type\" content=\"article\" \/>\n<meta property=\"og:title\" content=\"Baaritooli INDUSTRIAL 2, must - MetalTale.com\" \/>\n<meta property=\"og:description\" content=\"Mudel ZA. T2-PRGR Materjal teras \u00dcldine k\u00f5rgus (cm) 117 &#8211; 144 \u00dcldine laius (cm) 46 Kaal (kg) 20 V\u00e4rv Must\" \/>\n<meta property=\"og:url\" content=\"https:\/\/metaltale.com\/et\/toode\/baaritooli-industrial-2-must\/\" \/>\n<meta property=\"og:site_name\" content=\"MetalTale.com\" \/>\n<meta name=\"twitter:card\" content=\"summary_large_image\" \/>\n<script type=\"application\/ld+json\" class=\"yoast-schema-graph\">{\"@context\":\"https:\/\/schema.org\",\"@graph\":[{\"@type\":\"WebPage\",\"@id\":\"https:\/\/metaltale.com\/et\/toode\/baaritooli-industrial-2-must\/\",\"url\":\"https:\/\/metaltale.com\/et\/toode\/baaritooli-industrial-2-must\/\",\"name\":\"Baaritooli INDUSTRIAL 2, must - MetalTale.com\",\"isPartOf\":{\"@id\":\"https:\/\/metaltale.com\/et\/#website\"},\"primaryImageOfPage\":{\"@id\":\"https:\/\/metaltale.com\/et\/toode\/baaritooli-industrial-2-must\/#primaryimage\"},\"image\":{\"@id\":\"https:\/\/metaltale.com\/et\/toode\/baaritooli-industrial-2-must\/#primaryimage\"},\"thumbnailUrl\":\"https:\/\/metaltale.com\/wp-content\/uploads\/2023\/09\/Hoker-INDUSTRIAL-2-CZARNY.jpg\",\"datePublished\":\"2024-02-13T11:27:05+00:00\",\"breadcrumb\":{\"@id\":\"https:\/\/metaltale.com\/et\/toode\/baaritooli-industrial-2-must\/#breadcrumb\"},\"inLanguage\":\"et\",\"potentialAction\":[{\"@type\":\"ReadAction\",\"target\":[\"https:\/\/metaltale.com\/et\/toode\/baaritooli-industrial-2-must\/\"]}]},{\"@type\":\"ImageObject\",\"inLanguage\":\"et\",\"@id\":\"https:\/\/metaltale.com\/et\/toode\/baaritooli-industrial-2-must\/#primaryimage\",\"url\":\"https:\/\/metaltale.com\/wp-content\/uploads\/2023\/09\/Hoker-INDUSTRIAL-2-CZARNY.jpg\",\"contentUrl\":\"https:\/\/metaltale.com\/wp-content\/uploads\/2023\/09\/Hoker-INDUSTRIAL-2-CZARNY.jpg\",\"width\":800,\"height\":800,\"caption\":\"Baaritooli\"},{\"@type\":\"BreadcrumbList\",\"@id\":\"https:\/\/metaltale.com\/et\/toode\/baaritooli-industrial-2-must\/#breadcrumb\",\"itemListElement\":[{\"@type\":\"ListItem\",\"position\":1,\"name\":\"Home\",\"item\":\"https:\/\/metaltale.com\/et\/kodu\/\"},{\"@type\":\"ListItem\",\"position\":2,\"name\":\"Kauplus\",\"item\":\"https:\/\/metaltale.com\/et\/shop\/\"},{\"@type\":\"ListItem\",\"position\":3,\"name\":\"Baaritooli INDUSTRIAL 2, must\"}]},{\"@type\":\"WebSite\",\"@id\":\"https:\/\/metaltale.com\/et\/#website\",\"url\":\"https:\/\/metaltale.com\/et\/\",\"name\":\"Metaltale.com\",\"description\":\"\",\"potentialAction\":[{\"@type\":\"SearchAction\",\"target\":{\"@type\":\"EntryPoint\",\"urlTemplate\":\"https:\/\/metaltale.com\/et\/?s={search_term_string}\"},\"query-input\":{\"@type\":\"PropertyValueSpecification\",\"valueRequired\":true,\"valueName\":\"search_term_string\"}}],\"inLanguage\":\"et\"}]}<\/script>\n<!-- \/ Yoast SEO plugin. -->","yoast_head_json":{"title":"Baaritooli INDUSTRIAL 2, must - MetalTale.com","robots":{"index":"index","follow":"follow","max-snippet":"max-snippet:-1","max-image-preview":"max-image-preview:large","max-video-preview":"max-video-preview:-1"},"canonical":"https:\/\/metaltale.com\/et\/toode\/baaritooli-industrial-2-must\/","og_locale":"et_EE","og_type":"article","og_title":"Baaritooli INDUSTRIAL 2, must - MetalTale.com","og_description":"Mudel ZA. T2-PRGR Materjal teras \u00dcldine k\u00f5rgus (cm) 117 &#8211; 144 \u00dcldine laius (cm) 46 Kaal (kg) 20 V\u00e4rv Must","og_url":"https:\/\/metaltale.com\/et\/toode\/baaritooli-industrial-2-must\/","og_site_name":"MetalTale.com","twitter_card":"summary_large_image","schema":{"@context":"https:\/\/schema.org","@graph":[{"@type":"WebPage","@id":"https:\/\/metaltale.com\/et\/toode\/baaritooli-industrial-2-must\/","url":"https:\/\/metaltale.com\/et\/toode\/baaritooli-industrial-2-must\/","name":"Baaritooli INDUSTRIAL 2, must - MetalTale.com","isPartOf":{"@id":"https:\/\/metaltale.com\/et\/#website"},"primaryImageOfPage":{"@id":"https:\/\/metaltale.com\/et\/toode\/baaritooli-industrial-2-must\/#primaryimage"},"image":{"@id":"https:\/\/metaltale.com\/et\/toode\/baaritooli-industrial-2-must\/#primaryimage"},"thumbnailUrl":"https:\/\/metaltale.com\/wp-content\/uploads\/2023\/09\/Hoker-INDUSTRIAL-2-CZARNY.jpg","datePublished":"2024-02-13T11:27:05+00:00","breadcrumb":{"@id":"https:\/\/metaltale.com\/et\/toode\/baaritooli-industrial-2-must\/#breadcrumb"},"inLanguage":"et","potentialAction":[{"@type":"ReadAction","target":["https:\/\/metaltale.com\/et\/toode\/baaritooli-industrial-2-must\/"]}]},{"@type":"ImageObject","inLanguage":"et","@id":"https:\/\/metaltale.com\/et\/toode\/baaritooli-industrial-2-must\/#primaryimage","url":"https:\/\/metaltale.com\/wp-content\/uploads\/2023\/09\/Hoker-INDUSTRIAL-2-CZARNY.jpg","contentUrl":"https:\/\/metaltale.com\/wp-content\/uploads\/2023\/09\/Hoker-INDUSTRIAL-2-CZARNY.jpg","width":800,"height":800,"caption":"Baaritooli"},{"@type":"BreadcrumbList","@id":"https:\/\/metaltale.com\/et\/toode\/baaritooli-industrial-2-must\/#breadcrumb","itemListElement":[{"@type":"ListItem","position":1,"name":"Home","item":"https:\/\/metaltale.com\/et\/kodu\/"},{"@type":"ListItem","position":2,"name":"Kauplus","item":"https:\/\/metaltale.com\/et\/shop\/"},{"@type":"ListItem","position":3,"name":"Baaritooli INDUSTRIAL 2, must"}]},{"@type":"WebSite","@id":"https:\/\/metaltale.com\/et\/#website","url":"https:\/\/metaltale.com\/et\/","name":"Metaltale.com","description":"","potentialAction":[{"@type":"SearchAction","target":{"@type":"EntryPoint","urlTemplate":"https:\/\/metaltale.com\/et\/?s={search_term_string}"},"query-input":{"@type":"PropertyValueSpecification","valueRequired":true,"valueName":"search_term_string"}}],"inLanguage":"et"}]}},"_links":{"self":[{"href":"https:\/\/metaltale.com\/et\/wp-json\/wp\/v2\/product\/140325","targetHints":{"allow":["GET"]}}],"collection":[{"href":"https:\/\/metaltale.com\/et\/wp-json\/wp\/v2\/product"}],"about":[{"href":"https:\/\/metaltale.com\/et\/wp-json\/wp\/v2\/types\/product"}],"replies":[{"embeddable":true,"href":"https:\/\/metaltale.com\/et\/wp-json\/wp\/v2\/comments?post=140325"}],"version-history":[{"count":0,"href":"https:\/\/metaltale.com\/et\/wp-json\/wp\/v2\/product\/140325\/revisions"}],"wp:featuredmedia":[{"embeddable":true,"href":"https:\/\/metaltale.com\/et\/wp-json\/wp\/v2\/media\/66564"}],"wp:attachment":[{"href":"https:\/\/metaltale.com\/et\/wp-json\/wp\/v2\/media?parent=140325"}],"wp:term":[{"taxonomy":"product_brand","embeddable":true,"href":"https:\/\/metaltale.com\/et\/wp-json\/wp\/v2\/product_brand?post=140325"},{"taxonomy":"product_cat","embeddable":true,"href":"https:\/\/metaltale.com\/et\/wp-json\/wp\/v2\/product_cat?post=140325"},{"taxonomy":"product_tag","embeddable":true,"href":"https:\/\/metaltale.com\/et\/wp-json\/wp\/v2\/product_tag?post=140325"}],"curies":[{"name":"wp","href":"https:\/\/api.w.org\/{rel}","templated":true}]}}