{"id":140023,"date":"2024-02-13T13:33:04","date_gmt":"2024-02-13T11:33:04","guid":{"rendered":"https:\/\/metaltale.com\/produktas\/dekoratiivne-metallplaat-kasutamine-olid\/"},"modified":"2024-02-13T13:33:04","modified_gmt":"2024-02-13T11:33:04","slug":"dekoratiivne-metallplaat-kasutamine-olid","status":"publish","type":"product","link":"https:\/\/metaltale.com\/et\/toode\/dekoratiivne-metallplaat-kasutamine-olid\/","title":{"rendered":"Dekoratiivne metallplaat KASUTAMINE \u00d5lid"},"content":{"rendered":"<div class=\"prod_data\"><strong>Mudel<\/strong> IN.50727  <br \/><strong>EAN.<\/strong>  5907772079751  <br \/><strong>Laius (cm)<\/strong> 30  <br \/><strong>K\u00f5rgus (cm)<\/strong> 20  <br \/><strong>Materjal<\/strong> teras  <br \/><strong>Kujundid Ristk\u00fclikukujuline<\/strong>  <br \/><strong>Orienteerimine<\/strong> Horisontaalne  <br \/><strong>Ruum<\/strong> Garaa\u017e  <br \/><strong>Motiiv<\/strong> Motoriseerimine  <\/p>\n<p>Ristk\u00fclikukujuline metallplaat. Plakat on kaetud k\u00f5rge kulumiskindlusega v\u00e4rviga ja kaitstud kulumisvastase lakiga. Iga eksemplar on \u00fcmbritsetud kaitsekilega. Graafika on s\u00e4ilitatud ainulaadses retroh\u00f5ngulises stiilis. N\u00e4htavad kriimustused ja muud oodatavad vananemism\u00f5jud muudavad toote atraktiivsemaks. Plaat on kinnitatud peente avadega.<\/p>\n<p>Tootel on kujutatud stseen Shell&#8217;i bensiinijaamast ja loosung.<\/p>\n<p>Retropaneel on stiilne t\u00e4iendus vintage sisekujundusele. Metallist plakat on samuti originaalne kingiidee.<\/p>\n<\/div>\n","protected":false},"excerpt":{"rendered":"<p>Mudel IN.50727 EAN. 5907772079751 Laius (cm) 30 K\u00f5rgus (cm) 20 Materjal teras Kujundid Ristk\u00fclikukujuline Orienteerimine Horisontaalne Ruum Garaa\u017e Motiiv Motoriseerimine<\/p>\n","protected":false},"featured_media":78183,"comment_status":"open","ping_status":"closed","template":"","meta":{"_acf_changed":false,"pmpro_default_level":""},"product_brand":[],"product_cat":[24148],"product_tag":[],"class_list":{"0":"post-140023","1":"product","2":"type-product","3":"status-publish","4":"has-post-thumbnail","6":"product_cat-seina-kaunistused","7":"pmpro-has-access","9":"first","10":"instock","11":"shipping-taxable","12":"purchasable","13":"product-type-simple"},"acf":[],"yoast_head":"<!-- This site is optimized with the Yoast SEO plugin v24.9 - https:\/\/yoast.com\/wordpress\/plugins\/seo\/ -->\n<title>Dekoratiivne metallplaat KASUTAMINE \u00d5lid - MetalTale.com<\/title>\n<meta name=\"robots\" content=\"index, follow, max-snippet:-1, max-image-preview:large, max-video-preview:-1\" \/>\n<link rel=\"canonical\" href=\"https:\/\/metaltale.com\/et\/toode\/dekoratiivne-metallplaat-kasutamine-olid\/\" \/>\n<meta property=\"og:locale\" content=\"et_EE\" \/>\n<meta property=\"og:type\" content=\"article\" \/>\n<meta property=\"og:title\" content=\"Dekoratiivne metallplaat KASUTAMINE \u00d5lid - MetalTale.com\" \/>\n<meta property=\"og:description\" content=\"Mudel IN.50727 EAN. 5907772079751 Laius (cm) 30 K\u00f5rgus (cm) 20 Materjal teras Kujundid Ristk\u00fclikukujuline Orienteerimine Horisontaalne Ruum Garaa\u017e Motiiv Motoriseerimine\" \/>\n<meta property=\"og:url\" content=\"https:\/\/metaltale.com\/et\/toode\/dekoratiivne-metallplaat-kasutamine-olid\/\" \/>\n<meta property=\"og:site_name\" content=\"MetalTale.com\" \/>\n<meta name=\"twitter:card\" content=\"summary_large_image\" \/>\n<script type=\"application\/ld+json\" class=\"yoast-schema-graph\">{\"@context\":\"https:\/\/schema.org\",\"@graph\":[{\"@type\":\"WebPage\",\"@id\":\"https:\/\/metaltale.com\/et\/toode\/dekoratiivne-metallplaat-kasutamine-olid\/\",\"url\":\"https:\/\/metaltale.com\/et\/toode\/dekoratiivne-metallplaat-kasutamine-olid\/\",\"name\":\"Dekoratiivne metallplaat KASUTAMINE \u00d5lid - MetalTale.com\",\"isPartOf\":{\"@id\":\"https:\/\/metaltale.com\/et\/#website\"},\"primaryImageOfPage\":{\"@id\":\"https:\/\/metaltale.com\/et\/toode\/dekoratiivne-metallplaat-kasutamine-olid\/#primaryimage\"},\"image\":{\"@id\":\"https:\/\/metaltale.com\/et\/toode\/dekoratiivne-metallplaat-kasutamine-olid\/#primaryimage\"},\"thumbnailUrl\":\"https:\/\/metaltale.com\/wp-content\/uploads\/2023\/10\/Metalinx117-plokx161tx117-KAIP-PIRKTI-ALIEJx172.jpg\",\"datePublished\":\"2024-02-13T11:33:04+00:00\",\"breadcrumb\":{\"@id\":\"https:\/\/metaltale.com\/et\/toode\/dekoratiivne-metallplaat-kasutamine-olid\/#breadcrumb\"},\"inLanguage\":\"et\",\"potentialAction\":[{\"@type\":\"ReadAction\",\"target\":[\"https:\/\/metaltale.com\/et\/toode\/dekoratiivne-metallplaat-kasutamine-olid\/\"]}]},{\"@type\":\"ImageObject\",\"inLanguage\":\"et\",\"@id\":\"https:\/\/metaltale.com\/et\/toode\/dekoratiivne-metallplaat-kasutamine-olid\/#primaryimage\",\"url\":\"https:\/\/metaltale.com\/wp-content\/uploads\/2023\/10\/Metalinx117-plokx161tx117-KAIP-PIRKTI-ALIEJx172.jpg\",\"contentUrl\":\"https:\/\/metaltale.com\/wp-content\/uploads\/2023\/10\/Metalinx117-plokx161tx117-KAIP-PIRKTI-ALIEJx172.jpg\",\"width\":800,\"height\":800},{\"@type\":\"BreadcrumbList\",\"@id\":\"https:\/\/metaltale.com\/et\/toode\/dekoratiivne-metallplaat-kasutamine-olid\/#breadcrumb\",\"itemListElement\":[{\"@type\":\"ListItem\",\"position\":1,\"name\":\"Home\",\"item\":\"https:\/\/metaltale.com\/et\/kodu\/\"},{\"@type\":\"ListItem\",\"position\":2,\"name\":\"Kauplus\",\"item\":\"https:\/\/metaltale.com\/et\/shop\/\"},{\"@type\":\"ListItem\",\"position\":3,\"name\":\"Dekoratiivne metallplaat KASUTAMINE \u00d5lid\"}]},{\"@type\":\"WebSite\",\"@id\":\"https:\/\/metaltale.com\/et\/#website\",\"url\":\"https:\/\/metaltale.com\/et\/\",\"name\":\"Metaltale.com\",\"description\":\"\",\"potentialAction\":[{\"@type\":\"SearchAction\",\"target\":{\"@type\":\"EntryPoint\",\"urlTemplate\":\"https:\/\/metaltale.com\/et\/?s={search_term_string}\"},\"query-input\":{\"@type\":\"PropertyValueSpecification\",\"valueRequired\":true,\"valueName\":\"search_term_string\"}}],\"inLanguage\":\"et\"}]}<\/script>\n<!-- \/ Yoast SEO plugin. -->","yoast_head_json":{"title":"Dekoratiivne metallplaat KASUTAMINE \u00d5lid - MetalTale.com","robots":{"index":"index","follow":"follow","max-snippet":"max-snippet:-1","max-image-preview":"max-image-preview:large","max-video-preview":"max-video-preview:-1"},"canonical":"https:\/\/metaltale.com\/et\/toode\/dekoratiivne-metallplaat-kasutamine-olid\/","og_locale":"et_EE","og_type":"article","og_title":"Dekoratiivne metallplaat KASUTAMINE \u00d5lid - MetalTale.com","og_description":"Mudel IN.50727 EAN. 5907772079751 Laius (cm) 30 K\u00f5rgus (cm) 20 Materjal teras Kujundid Ristk\u00fclikukujuline Orienteerimine Horisontaalne Ruum Garaa\u017e Motiiv Motoriseerimine","og_url":"https:\/\/metaltale.com\/et\/toode\/dekoratiivne-metallplaat-kasutamine-olid\/","og_site_name":"MetalTale.com","twitter_card":"summary_large_image","schema":{"@context":"https:\/\/schema.org","@graph":[{"@type":"WebPage","@id":"https:\/\/metaltale.com\/et\/toode\/dekoratiivne-metallplaat-kasutamine-olid\/","url":"https:\/\/metaltale.com\/et\/toode\/dekoratiivne-metallplaat-kasutamine-olid\/","name":"Dekoratiivne metallplaat KASUTAMINE \u00d5lid - MetalTale.com","isPartOf":{"@id":"https:\/\/metaltale.com\/et\/#website"},"primaryImageOfPage":{"@id":"https:\/\/metaltale.com\/et\/toode\/dekoratiivne-metallplaat-kasutamine-olid\/#primaryimage"},"image":{"@id":"https:\/\/metaltale.com\/et\/toode\/dekoratiivne-metallplaat-kasutamine-olid\/#primaryimage"},"thumbnailUrl":"https:\/\/metaltale.com\/wp-content\/uploads\/2023\/10\/Metalinx117-plokx161tx117-KAIP-PIRKTI-ALIEJx172.jpg","datePublished":"2024-02-13T11:33:04+00:00","breadcrumb":{"@id":"https:\/\/metaltale.com\/et\/toode\/dekoratiivne-metallplaat-kasutamine-olid\/#breadcrumb"},"inLanguage":"et","potentialAction":[{"@type":"ReadAction","target":["https:\/\/metaltale.com\/et\/toode\/dekoratiivne-metallplaat-kasutamine-olid\/"]}]},{"@type":"ImageObject","inLanguage":"et","@id":"https:\/\/metaltale.com\/et\/toode\/dekoratiivne-metallplaat-kasutamine-olid\/#primaryimage","url":"https:\/\/metaltale.com\/wp-content\/uploads\/2023\/10\/Metalinx117-plokx161tx117-KAIP-PIRKTI-ALIEJx172.jpg","contentUrl":"https:\/\/metaltale.com\/wp-content\/uploads\/2023\/10\/Metalinx117-plokx161tx117-KAIP-PIRKTI-ALIEJx172.jpg","width":800,"height":800},{"@type":"BreadcrumbList","@id":"https:\/\/metaltale.com\/et\/toode\/dekoratiivne-metallplaat-kasutamine-olid\/#breadcrumb","itemListElement":[{"@type":"ListItem","position":1,"name":"Home","item":"https:\/\/metaltale.com\/et\/kodu\/"},{"@type":"ListItem","position":2,"name":"Kauplus","item":"https:\/\/metaltale.com\/et\/shop\/"},{"@type":"ListItem","position":3,"name":"Dekoratiivne metallplaat KASUTAMINE \u00d5lid"}]},{"@type":"WebSite","@id":"https:\/\/metaltale.com\/et\/#website","url":"https:\/\/metaltale.com\/et\/","name":"Metaltale.com","description":"","potentialAction":[{"@type":"SearchAction","target":{"@type":"EntryPoint","urlTemplate":"https:\/\/metaltale.com\/et\/?s={search_term_string}"},"query-input":{"@type":"PropertyValueSpecification","valueRequired":true,"valueName":"search_term_string"}}],"inLanguage":"et"}]}},"_links":{"self":[{"href":"https:\/\/metaltale.com\/et\/wp-json\/wp\/v2\/product\/140023","targetHints":{"allow":["GET"]}}],"collection":[{"href":"https:\/\/metaltale.com\/et\/wp-json\/wp\/v2\/product"}],"about":[{"href":"https:\/\/metaltale.com\/et\/wp-json\/wp\/v2\/types\/product"}],"replies":[{"embeddable":true,"href":"https:\/\/metaltale.com\/et\/wp-json\/wp\/v2\/comments?post=140023"}],"version-history":[{"count":0,"href":"https:\/\/metaltale.com\/et\/wp-json\/wp\/v2\/product\/140023\/revisions"}],"wp:featuredmedia":[{"embeddable":true,"href":"https:\/\/metaltale.com\/et\/wp-json\/wp\/v2\/media\/78183"}],"wp:attachment":[{"href":"https:\/\/metaltale.com\/et\/wp-json\/wp\/v2\/media?parent=140023"}],"wp:term":[{"taxonomy":"product_brand","embeddable":true,"href":"https:\/\/metaltale.com\/et\/wp-json\/wp\/v2\/product_brand?post=140023"},{"taxonomy":"product_cat","embeddable":true,"href":"https:\/\/metaltale.com\/et\/wp-json\/wp\/v2\/product_cat?post=140023"},{"taxonomy":"product_tag","embeddable":true,"href":"https:\/\/metaltale.com\/et\/wp-json\/wp\/v2\/product_tag?post=140023"}],"curies":[{"name":"wp","href":"https:\/\/api.w.org\/{rel}","templated":true}]}}