{"id":139806,"date":"2024-02-13T13:37:45","date_gmt":"2024-02-13T11:37:45","guid":{"rendered":"https:\/\/metaltale.com\/produktas\/dekoratiivne-metallplaat-home-farm-poultry\/"},"modified":"2024-02-13T13:37:45","modified_gmt":"2024-02-13T11:37:45","slug":"dekoratiivne-metallplaat-home-farm-poultry","status":"publish","type":"product","link":"https:\/\/metaltale.com\/et\/toode\/dekoratiivne-metallplaat-home-farm-poultry\/","title":{"rendered":"Dekoratiivne metallplaat HOME FARM POULTRY"},"content":{"rendered":"<div class=\"prod_data\"><strong>Mudel<\/strong> IN.60017  <br \/><strong>EAN.<\/strong>  5905369906985  <br \/><strong>Laius (cm)<\/strong> 30  <br \/><strong>K\u00f5rgus (cm)<\/strong> 20  <br \/><strong>Materjal<\/strong> teras  <br \/><strong>Kujundid Ristk\u00fclikukujuline<\/strong>  <br \/><strong>Orienteerimine<\/strong> Horisontaalne  <br \/><strong>Ruum<\/strong> K\u00f6\u00f6k  <br \/><strong>Motiiv<\/strong> Loomad  <\/p>\n<p>Ristk\u00fclikukujuline metallplaat. Plakat on kaetud k\u00f5rge kulumiskindlusega v\u00e4rviga ja kaitstud kulumisvastase lakiga. Iga eksemplar on \u00fcmbritsetud kaitsekilega. Lihvitud laudade kasutamine taustaks annab tootele ainulaadse rustikaalse atmosf\u00e4\u00e4ri. Nii graafika kui ka kiri muudavad tahvli sobivaks stiilseks v\u00e4ljapanekuks kaupluses. Plaat on kinnitatud peente avadega.<\/p>\n<p>Tootel on kujutatud kana ja s\u00f5nad &#8220;Linnuliha &#8211; vabalt kasvatatud v\u00e4rsked munad&#8221;.<\/p>\n<p>Retropaneel on stiilne t\u00e4iendus vintage sisekujundusele. Metallist plakat on samuti originaalne kingiidee.<\/p>\n<\/div>\n","protected":false},"excerpt":{"rendered":"<p>Mudel IN.60017 EAN. 5905369906985 Laius (cm) 30 K\u00f5rgus (cm) 20 Materjal teras Kujundid Ristk\u00fclikukujuline Orienteerimine Horisontaalne Ruum K\u00f6\u00f6k Motiiv Loomad<\/p>\n","protected":false},"featured_media":79125,"comment_status":"open","ping_status":"closed","template":"","meta":{"_acf_changed":false,"pmpro_default_level":""},"product_brand":[],"product_cat":[24148],"product_tag":[],"class_list":{"0":"post-139806","1":"product","2":"type-product","3":"status-publish","4":"has-post-thumbnail","6":"product_cat-seina-kaunistused","7":"pmpro-has-access","9":"first","10":"instock","11":"shipping-taxable","12":"purchasable","13":"product-type-simple"},"acf":[],"yoast_head":"<!-- This site is optimized with the Yoast SEO plugin v24.9 - https:\/\/yoast.com\/wordpress\/plugins\/seo\/ -->\n<title>Dekoratiivne metallplaat HOME FARM POULTRY - MetalTale.com<\/title>\n<meta name=\"robots\" content=\"index, follow, max-snippet:-1, max-image-preview:large, max-video-preview:-1\" \/>\n<link rel=\"canonical\" href=\"https:\/\/metaltale.com\/et\/toode\/dekoratiivne-metallplaat-home-farm-poultry\/\" \/>\n<meta property=\"og:locale\" content=\"et_EE\" \/>\n<meta property=\"og:type\" content=\"article\" \/>\n<meta property=\"og:title\" content=\"Dekoratiivne metallplaat HOME FARM POULTRY - MetalTale.com\" \/>\n<meta property=\"og:description\" content=\"Mudel IN.60017 EAN. 5905369906985 Laius (cm) 30 K\u00f5rgus (cm) 20 Materjal teras Kujundid Ristk\u00fclikukujuline Orienteerimine Horisontaalne Ruum K\u00f6\u00f6k Motiiv Loomad\" \/>\n<meta property=\"og:url\" content=\"https:\/\/metaltale.com\/et\/toode\/dekoratiivne-metallplaat-home-farm-poultry\/\" \/>\n<meta property=\"og:site_name\" content=\"MetalTale.com\" \/>\n<meta name=\"twitter:card\" content=\"summary_large_image\" \/>\n<script type=\"application\/ld+json\" class=\"yoast-schema-graph\">{\"@context\":\"https:\/\/schema.org\",\"@graph\":[{\"@type\":\"WebPage\",\"@id\":\"https:\/\/metaltale.com\/et\/toode\/dekoratiivne-metallplaat-home-farm-poultry\/\",\"url\":\"https:\/\/metaltale.com\/et\/toode\/dekoratiivne-metallplaat-home-farm-poultry\/\",\"name\":\"Dekoratiivne metallplaat HOME FARM POULTRY - MetalTale.com\",\"isPartOf\":{\"@id\":\"https:\/\/metaltale.com\/et\/#website\"},\"primaryImageOfPage\":{\"@id\":\"https:\/\/metaltale.com\/et\/toode\/dekoratiivne-metallplaat-home-farm-poultry\/#primaryimage\"},\"image\":{\"@id\":\"https:\/\/metaltale.com\/et\/toode\/dekoratiivne-metallplaat-home-farm-poultry\/#primaryimage\"},\"thumbnailUrl\":\"https:\/\/metaltale.com\/wp-content\/uploads\/2023\/10\/Tabliczka-metalowa-NAMx172-x16AKIO-NAMINIAI-PAUKx160x10CIAI.jpg\",\"datePublished\":\"2024-02-13T11:37:45+00:00\",\"breadcrumb\":{\"@id\":\"https:\/\/metaltale.com\/et\/toode\/dekoratiivne-metallplaat-home-farm-poultry\/#breadcrumb\"},\"inLanguage\":\"et\",\"potentialAction\":[{\"@type\":\"ReadAction\",\"target\":[\"https:\/\/metaltale.com\/et\/toode\/dekoratiivne-metallplaat-home-farm-poultry\/\"]}]},{\"@type\":\"ImageObject\",\"inLanguage\":\"et\",\"@id\":\"https:\/\/metaltale.com\/et\/toode\/dekoratiivne-metallplaat-home-farm-poultry\/#primaryimage\",\"url\":\"https:\/\/metaltale.com\/wp-content\/uploads\/2023\/10\/Tabliczka-metalowa-NAMx172-x16AKIO-NAMINIAI-PAUKx160x10CIAI.jpg\",\"contentUrl\":\"https:\/\/metaltale.com\/wp-content\/uploads\/2023\/10\/Tabliczka-metalowa-NAMx172-x16AKIO-NAMINIAI-PAUKx160x10CIAI.jpg\",\"width\":800,\"height\":800},{\"@type\":\"BreadcrumbList\",\"@id\":\"https:\/\/metaltale.com\/et\/toode\/dekoratiivne-metallplaat-home-farm-poultry\/#breadcrumb\",\"itemListElement\":[{\"@type\":\"ListItem\",\"position\":1,\"name\":\"Home\",\"item\":\"https:\/\/metaltale.com\/et\/kodu\/\"},{\"@type\":\"ListItem\",\"position\":2,\"name\":\"Kauplus\",\"item\":\"https:\/\/metaltale.com\/et\/shop\/\"},{\"@type\":\"ListItem\",\"position\":3,\"name\":\"Dekoratiivne metallplaat HOME FARM POULTRY\"}]},{\"@type\":\"WebSite\",\"@id\":\"https:\/\/metaltale.com\/et\/#website\",\"url\":\"https:\/\/metaltale.com\/et\/\",\"name\":\"Metaltale.com\",\"description\":\"\",\"potentialAction\":[{\"@type\":\"SearchAction\",\"target\":{\"@type\":\"EntryPoint\",\"urlTemplate\":\"https:\/\/metaltale.com\/et\/?s={search_term_string}\"},\"query-input\":{\"@type\":\"PropertyValueSpecification\",\"valueRequired\":true,\"valueName\":\"search_term_string\"}}],\"inLanguage\":\"et\"}]}<\/script>\n<!-- \/ Yoast SEO plugin. -->","yoast_head_json":{"title":"Dekoratiivne metallplaat HOME FARM POULTRY - MetalTale.com","robots":{"index":"index","follow":"follow","max-snippet":"max-snippet:-1","max-image-preview":"max-image-preview:large","max-video-preview":"max-video-preview:-1"},"canonical":"https:\/\/metaltale.com\/et\/toode\/dekoratiivne-metallplaat-home-farm-poultry\/","og_locale":"et_EE","og_type":"article","og_title":"Dekoratiivne metallplaat HOME FARM POULTRY - MetalTale.com","og_description":"Mudel IN.60017 EAN. 5905369906985 Laius (cm) 30 K\u00f5rgus (cm) 20 Materjal teras Kujundid Ristk\u00fclikukujuline Orienteerimine Horisontaalne Ruum K\u00f6\u00f6k Motiiv Loomad","og_url":"https:\/\/metaltale.com\/et\/toode\/dekoratiivne-metallplaat-home-farm-poultry\/","og_site_name":"MetalTale.com","twitter_card":"summary_large_image","schema":{"@context":"https:\/\/schema.org","@graph":[{"@type":"WebPage","@id":"https:\/\/metaltale.com\/et\/toode\/dekoratiivne-metallplaat-home-farm-poultry\/","url":"https:\/\/metaltale.com\/et\/toode\/dekoratiivne-metallplaat-home-farm-poultry\/","name":"Dekoratiivne metallplaat HOME FARM POULTRY - MetalTale.com","isPartOf":{"@id":"https:\/\/metaltale.com\/et\/#website"},"primaryImageOfPage":{"@id":"https:\/\/metaltale.com\/et\/toode\/dekoratiivne-metallplaat-home-farm-poultry\/#primaryimage"},"image":{"@id":"https:\/\/metaltale.com\/et\/toode\/dekoratiivne-metallplaat-home-farm-poultry\/#primaryimage"},"thumbnailUrl":"https:\/\/metaltale.com\/wp-content\/uploads\/2023\/10\/Tabliczka-metalowa-NAMx172-x16AKIO-NAMINIAI-PAUKx160x10CIAI.jpg","datePublished":"2024-02-13T11:37:45+00:00","breadcrumb":{"@id":"https:\/\/metaltale.com\/et\/toode\/dekoratiivne-metallplaat-home-farm-poultry\/#breadcrumb"},"inLanguage":"et","potentialAction":[{"@type":"ReadAction","target":["https:\/\/metaltale.com\/et\/toode\/dekoratiivne-metallplaat-home-farm-poultry\/"]}]},{"@type":"ImageObject","inLanguage":"et","@id":"https:\/\/metaltale.com\/et\/toode\/dekoratiivne-metallplaat-home-farm-poultry\/#primaryimage","url":"https:\/\/metaltale.com\/wp-content\/uploads\/2023\/10\/Tabliczka-metalowa-NAMx172-x16AKIO-NAMINIAI-PAUKx160x10CIAI.jpg","contentUrl":"https:\/\/metaltale.com\/wp-content\/uploads\/2023\/10\/Tabliczka-metalowa-NAMx172-x16AKIO-NAMINIAI-PAUKx160x10CIAI.jpg","width":800,"height":800},{"@type":"BreadcrumbList","@id":"https:\/\/metaltale.com\/et\/toode\/dekoratiivne-metallplaat-home-farm-poultry\/#breadcrumb","itemListElement":[{"@type":"ListItem","position":1,"name":"Home","item":"https:\/\/metaltale.com\/et\/kodu\/"},{"@type":"ListItem","position":2,"name":"Kauplus","item":"https:\/\/metaltale.com\/et\/shop\/"},{"@type":"ListItem","position":3,"name":"Dekoratiivne metallplaat HOME FARM POULTRY"}]},{"@type":"WebSite","@id":"https:\/\/metaltale.com\/et\/#website","url":"https:\/\/metaltale.com\/et\/","name":"Metaltale.com","description":"","potentialAction":[{"@type":"SearchAction","target":{"@type":"EntryPoint","urlTemplate":"https:\/\/metaltale.com\/et\/?s={search_term_string}"},"query-input":{"@type":"PropertyValueSpecification","valueRequired":true,"valueName":"search_term_string"}}],"inLanguage":"et"}]}},"_links":{"self":[{"href":"https:\/\/metaltale.com\/et\/wp-json\/wp\/v2\/product\/139806","targetHints":{"allow":["GET"]}}],"collection":[{"href":"https:\/\/metaltale.com\/et\/wp-json\/wp\/v2\/product"}],"about":[{"href":"https:\/\/metaltale.com\/et\/wp-json\/wp\/v2\/types\/product"}],"replies":[{"embeddable":true,"href":"https:\/\/metaltale.com\/et\/wp-json\/wp\/v2\/comments?post=139806"}],"version-history":[{"count":0,"href":"https:\/\/metaltale.com\/et\/wp-json\/wp\/v2\/product\/139806\/revisions"}],"wp:featuredmedia":[{"embeddable":true,"href":"https:\/\/metaltale.com\/et\/wp-json\/wp\/v2\/media\/79125"}],"wp:attachment":[{"href":"https:\/\/metaltale.com\/et\/wp-json\/wp\/v2\/media?parent=139806"}],"wp:term":[{"taxonomy":"product_brand","embeddable":true,"href":"https:\/\/metaltale.com\/et\/wp-json\/wp\/v2\/product_brand?post=139806"},{"taxonomy":"product_cat","embeddable":true,"href":"https:\/\/metaltale.com\/et\/wp-json\/wp\/v2\/product_cat?post=139806"},{"taxonomy":"product_tag","embeddable":true,"href":"https:\/\/metaltale.com\/et\/wp-json\/wp\/v2\/product_tag?post=139806"}],"curies":[{"name":"wp","href":"https:\/\/api.w.org\/{rel}","templated":true}]}}