{"id":139775,"date":"2024-02-13T13:41:39","date_gmt":"2024-02-13T11:41:39","guid":{"rendered":"https:\/\/metaltale.com\/produktas\/drink-craft-beer-seinale-paigaldatav-pudelite-avaja\/"},"modified":"2024-02-13T13:41:39","modified_gmt":"2024-02-13T11:41:39","slug":"drink-craft-beer-seinale-paigaldatav-pudelite-avaja","status":"publish","type":"product","link":"https:\/\/metaltale.com\/et\/toode\/drink-craft-beer-seinale-paigaldatav-pudelite-avaja\/","title":{"rendered":"DRINK CRAFT BEER seinale paigaldatav pudelite avaja"},"content":{"rendered":"<div class=\"prod_data\"><strong>Mudel<\/strong> 49.411.AI. KRA  <br \/><strong>EAN.<\/strong>  5905369919428  <br \/><strong>Materjal<\/strong> Ketus  <br \/>\u00dcldine k\u00f5rgus (cm) 10 <br \/>\u00dcldine laius (cm) 7,5 <br \/>Koguprojektsioon (cm) 3 <br \/>V\u00e4rv teras <\/p>\n<p>&#8220;Drink Craft \u00f5llepudelite avaja&#8221; on klassikaline koloniaalajastu disain.<br \/>  Sellised avajad kinnitati tavaliselt joogi- v\u00f5i \u00f5llekonteinerite, kastide v\u00f5i hoidikute k\u00fclge.<br \/>  Need kinnitati ka PUBi talade v\u00f5i seinte k\u00fclge.<\/p>\n<p>  See mudel on valmistatud malmist.<br \/>  Esik\u00fcljel on k\u00f5ige n\u00e4htavamal osal kirjas &#8220;joo k\u00e4sit\u00f6\u00f6\u00f5lut&#8221;.  <\/p>\n<\/p>\n<\/div>\n","protected":false},"excerpt":{"rendered":"<p>Mudel 49.411.AI. KRA EAN. 5905369919428 Materjal Ketus \u00dcldine k\u00f5rgus (cm) 10 \u00dcldine laius (cm) 7,5 Koguprojektsioon (cm) 3 V\u00e4rv teras<\/p>\n","protected":false},"featured_media":100356,"comment_status":"open","ping_status":"closed","template":"","meta":{"_acf_changed":false,"pmpro_default_level":""},"product_brand":[],"product_cat":[24150],"product_tag":[],"class_list":{"0":"post-139775","1":"product","2":"type-product","3":"status-publish","4":"has-post-thumbnail","6":"product_cat-koogi-kaunistused","7":"pmpro-has-access","9":"first","10":"instock","11":"shipping-taxable","12":"purchasable","13":"product-type-simple"},"acf":[],"yoast_head":"<!-- This site is optimized with the Yoast SEO plugin v24.9 - https:\/\/yoast.com\/wordpress\/plugins\/seo\/ -->\n<title>DRINK CRAFT BEER seinale paigaldatav pudelite avaja - MetalTale.com<\/title>\n<meta name=\"robots\" content=\"index, follow, max-snippet:-1, max-image-preview:large, max-video-preview:-1\" \/>\n<link rel=\"canonical\" href=\"https:\/\/metaltale.com\/et\/toode\/drink-craft-beer-seinale-paigaldatav-pudelite-avaja\/\" \/>\n<meta property=\"og:locale\" content=\"et_EE\" \/>\n<meta property=\"og:type\" content=\"article\" \/>\n<meta property=\"og:title\" content=\"DRINK CRAFT BEER seinale paigaldatav pudelite avaja - MetalTale.com\" \/>\n<meta property=\"og:description\" content=\"Mudel 49.411.AI. KRA EAN. 5905369919428 Materjal Ketus \u00dcldine k\u00f5rgus (cm) 10 \u00dcldine laius (cm) 7,5 Koguprojektsioon (cm) 3 V\u00e4rv teras\" \/>\n<meta property=\"og:url\" content=\"https:\/\/metaltale.com\/et\/toode\/drink-craft-beer-seinale-paigaldatav-pudelite-avaja\/\" \/>\n<meta property=\"og:site_name\" content=\"MetalTale.com\" \/>\n<meta name=\"twitter:card\" content=\"summary_large_image\" \/>\n<script type=\"application\/ld+json\" class=\"yoast-schema-graph\">{\"@context\":\"https:\/\/schema.org\",\"@graph\":[{\"@type\":\"WebPage\",\"@id\":\"https:\/\/metaltale.com\/et\/toode\/drink-craft-beer-seinale-paigaldatav-pudelite-avaja\/\",\"url\":\"https:\/\/metaltale.com\/et\/toode\/drink-craft-beer-seinale-paigaldatav-pudelite-avaja\/\",\"name\":\"DRINK CRAFT BEER seinale paigaldatav pudelite avaja - MetalTale.com\",\"isPartOf\":{\"@id\":\"https:\/\/metaltale.com\/et\/#website\"},\"primaryImageOfPage\":{\"@id\":\"https:\/\/metaltale.com\/et\/toode\/drink-craft-beer-seinale-paigaldatav-pudelite-avaja\/#primaryimage\"},\"image\":{\"@id\":\"https:\/\/metaltale.com\/et\/toode\/drink-craft-beer-seinale-paigaldatav-pudelite-avaja\/#primaryimage\"},\"thumbnailUrl\":\"https:\/\/metaltale.com\/wp-content\/uploads\/2023\/11\/Otwieracz-GERKITE-AMATx172-ALx172.jpg\",\"datePublished\":\"2024-02-13T11:41:39+00:00\",\"breadcrumb\":{\"@id\":\"https:\/\/metaltale.com\/et\/toode\/drink-craft-beer-seinale-paigaldatav-pudelite-avaja\/#breadcrumb\"},\"inLanguage\":\"et\",\"potentialAction\":[{\"@type\":\"ReadAction\",\"target\":[\"https:\/\/metaltale.com\/et\/toode\/drink-craft-beer-seinale-paigaldatav-pudelite-avaja\/\"]}]},{\"@type\":\"ImageObject\",\"inLanguage\":\"et\",\"@id\":\"https:\/\/metaltale.com\/et\/toode\/drink-craft-beer-seinale-paigaldatav-pudelite-avaja\/#primaryimage\",\"url\":\"https:\/\/metaltale.com\/wp-content\/uploads\/2023\/11\/Otwieracz-GERKITE-AMATx172-ALx172.jpg\",\"contentUrl\":\"https:\/\/metaltale.com\/wp-content\/uploads\/2023\/11\/Otwieracz-GERKITE-AMATx172-ALx172.jpg\",\"width\":800,\"height\":800},{\"@type\":\"BreadcrumbList\",\"@id\":\"https:\/\/metaltale.com\/et\/toode\/drink-craft-beer-seinale-paigaldatav-pudelite-avaja\/#breadcrumb\",\"itemListElement\":[{\"@type\":\"ListItem\",\"position\":1,\"name\":\"Home\",\"item\":\"https:\/\/metaltale.com\/et\/kodu\/\"},{\"@type\":\"ListItem\",\"position\":2,\"name\":\"Kauplus\",\"item\":\"https:\/\/metaltale.com\/et\/shop\/\"},{\"@type\":\"ListItem\",\"position\":3,\"name\":\"DRINK CRAFT BEER seinale paigaldatav pudelite avaja\"}]},{\"@type\":\"WebSite\",\"@id\":\"https:\/\/metaltale.com\/et\/#website\",\"url\":\"https:\/\/metaltale.com\/et\/\",\"name\":\"Metaltale.com\",\"description\":\"\",\"potentialAction\":[{\"@type\":\"SearchAction\",\"target\":{\"@type\":\"EntryPoint\",\"urlTemplate\":\"https:\/\/metaltale.com\/et\/?s={search_term_string}\"},\"query-input\":{\"@type\":\"PropertyValueSpecification\",\"valueRequired\":true,\"valueName\":\"search_term_string\"}}],\"inLanguage\":\"et\"}]}<\/script>\n<!-- \/ Yoast SEO plugin. -->","yoast_head_json":{"title":"DRINK CRAFT BEER seinale paigaldatav pudelite avaja - MetalTale.com","robots":{"index":"index","follow":"follow","max-snippet":"max-snippet:-1","max-image-preview":"max-image-preview:large","max-video-preview":"max-video-preview:-1"},"canonical":"https:\/\/metaltale.com\/et\/toode\/drink-craft-beer-seinale-paigaldatav-pudelite-avaja\/","og_locale":"et_EE","og_type":"article","og_title":"DRINK CRAFT BEER seinale paigaldatav pudelite avaja - MetalTale.com","og_description":"Mudel 49.411.AI. KRA EAN. 5905369919428 Materjal Ketus \u00dcldine k\u00f5rgus (cm) 10 \u00dcldine laius (cm) 7,5 Koguprojektsioon (cm) 3 V\u00e4rv teras","og_url":"https:\/\/metaltale.com\/et\/toode\/drink-craft-beer-seinale-paigaldatav-pudelite-avaja\/","og_site_name":"MetalTale.com","twitter_card":"summary_large_image","schema":{"@context":"https:\/\/schema.org","@graph":[{"@type":"WebPage","@id":"https:\/\/metaltale.com\/et\/toode\/drink-craft-beer-seinale-paigaldatav-pudelite-avaja\/","url":"https:\/\/metaltale.com\/et\/toode\/drink-craft-beer-seinale-paigaldatav-pudelite-avaja\/","name":"DRINK CRAFT BEER seinale paigaldatav pudelite avaja - MetalTale.com","isPartOf":{"@id":"https:\/\/metaltale.com\/et\/#website"},"primaryImageOfPage":{"@id":"https:\/\/metaltale.com\/et\/toode\/drink-craft-beer-seinale-paigaldatav-pudelite-avaja\/#primaryimage"},"image":{"@id":"https:\/\/metaltale.com\/et\/toode\/drink-craft-beer-seinale-paigaldatav-pudelite-avaja\/#primaryimage"},"thumbnailUrl":"https:\/\/metaltale.com\/wp-content\/uploads\/2023\/11\/Otwieracz-GERKITE-AMATx172-ALx172.jpg","datePublished":"2024-02-13T11:41:39+00:00","breadcrumb":{"@id":"https:\/\/metaltale.com\/et\/toode\/drink-craft-beer-seinale-paigaldatav-pudelite-avaja\/#breadcrumb"},"inLanguage":"et","potentialAction":[{"@type":"ReadAction","target":["https:\/\/metaltale.com\/et\/toode\/drink-craft-beer-seinale-paigaldatav-pudelite-avaja\/"]}]},{"@type":"ImageObject","inLanguage":"et","@id":"https:\/\/metaltale.com\/et\/toode\/drink-craft-beer-seinale-paigaldatav-pudelite-avaja\/#primaryimage","url":"https:\/\/metaltale.com\/wp-content\/uploads\/2023\/11\/Otwieracz-GERKITE-AMATx172-ALx172.jpg","contentUrl":"https:\/\/metaltale.com\/wp-content\/uploads\/2023\/11\/Otwieracz-GERKITE-AMATx172-ALx172.jpg","width":800,"height":800},{"@type":"BreadcrumbList","@id":"https:\/\/metaltale.com\/et\/toode\/drink-craft-beer-seinale-paigaldatav-pudelite-avaja\/#breadcrumb","itemListElement":[{"@type":"ListItem","position":1,"name":"Home","item":"https:\/\/metaltale.com\/et\/kodu\/"},{"@type":"ListItem","position":2,"name":"Kauplus","item":"https:\/\/metaltale.com\/et\/shop\/"},{"@type":"ListItem","position":3,"name":"DRINK CRAFT BEER seinale paigaldatav pudelite avaja"}]},{"@type":"WebSite","@id":"https:\/\/metaltale.com\/et\/#website","url":"https:\/\/metaltale.com\/et\/","name":"Metaltale.com","description":"","potentialAction":[{"@type":"SearchAction","target":{"@type":"EntryPoint","urlTemplate":"https:\/\/metaltale.com\/et\/?s={search_term_string}"},"query-input":{"@type":"PropertyValueSpecification","valueRequired":true,"valueName":"search_term_string"}}],"inLanguage":"et"}]}},"_links":{"self":[{"href":"https:\/\/metaltale.com\/et\/wp-json\/wp\/v2\/product\/139775","targetHints":{"allow":["GET"]}}],"collection":[{"href":"https:\/\/metaltale.com\/et\/wp-json\/wp\/v2\/product"}],"about":[{"href":"https:\/\/metaltale.com\/et\/wp-json\/wp\/v2\/types\/product"}],"replies":[{"embeddable":true,"href":"https:\/\/metaltale.com\/et\/wp-json\/wp\/v2\/comments?post=139775"}],"version-history":[{"count":0,"href":"https:\/\/metaltale.com\/et\/wp-json\/wp\/v2\/product\/139775\/revisions"}],"wp:featuredmedia":[{"embeddable":true,"href":"https:\/\/metaltale.com\/et\/wp-json\/wp\/v2\/media\/100356"}],"wp:attachment":[{"href":"https:\/\/metaltale.com\/et\/wp-json\/wp\/v2\/media?parent=139775"}],"wp:term":[{"taxonomy":"product_brand","embeddable":true,"href":"https:\/\/metaltale.com\/et\/wp-json\/wp\/v2\/product_brand?post=139775"},{"taxonomy":"product_cat","embeddable":true,"href":"https:\/\/metaltale.com\/et\/wp-json\/wp\/v2\/product_cat?post=139775"},{"taxonomy":"product_tag","embeddable":true,"href":"https:\/\/metaltale.com\/et\/wp-json\/wp\/v2\/product_tag?post=139775"}],"curies":[{"name":"wp","href":"https:\/\/api.w.org\/{rel}","templated":true}]}}