{"id":139752,"date":"2024-02-13T13:41:39","date_gmt":"2024-02-13T11:41:39","guid":{"rendered":"https:\/\/metaltale.com\/produktas\/suvistatud-malmist-kuunlajalg-t-light\/"},"modified":"2024-02-13T13:41:39","modified_gmt":"2024-02-13T11:41:39","slug":"suvistatud-malmist-kuunlajalg-t-light","status":"publish","type":"product","link":"https:\/\/metaltale.com\/et\/toode\/suvistatud-malmist-kuunlajalg-t-light\/","title":{"rendered":"S\u00fcvistatud malmist k\u00fc\u00fcnlajalg T-LIGHT"},"content":{"rendered":"<div class=\"prod_data\"><strong>Mudel<\/strong> 70.828.AI..50  <br \/><strong>EAN.<\/strong>  5905369919848  <br \/><strong>Materjal<\/strong> Ketus  <br \/>\u00dcldine k\u00f5rgus (cm) 2,3 <br \/>\u00dcldine laius (cm) 5,5 <br \/>V\u00e4rv teras <\/p>\n<p>K\u00fc\u00fcnlajalg T-LIGHT<\/p>\n<p>See on k\u00fc\u00fcnlajalg, kuid seda saab kasutada mitmel erineval viisil. ja seda saab kasutada ka muudel eesm\u00e4rkidel, n\u00e4iteks tuhaaluseks v\u00f5i l\u00fckanduksele s\u00fcvistatud k\u00e4epidemeks.<\/p>\n<p>See on valmistatud malmist, mille v\u00e4limus on retro, vananenud ja patineeritud.<\/p>\n<\/p>\n<p>V\u00e4lisr\u00f5nga l\u00e4bim\u00f5\u00f5t &#8211; 55 mm<\/p>\n<p>alumise osa l\u00e4bim\u00f5\u00f5t, v\u00e4line &#8211; 45 mm<\/p>\n<p>  Sisemine l\u00e4bim\u00f5\u00f5t &amp; nbsp; &amp; nbsp; &amp; nbsp; &amp; nbsp; &amp; nbsp; &amp; nbsp; &amp; nbsp; &amp; nbsp; &amp; nbsp; &amp; nbsp; &amp; nbsp; &amp; nbsp; &amp; nbsp; &amp; nbsp; &amp; nbsp; &amp; nbsp; &amp; nbsp; &amp; nbsp; &amp; nbsp; &amp; nbsp; &amp; nbsp; &amp; nbsp; &amp; nbsp; &amp; nbsp; &amp; nbsp; &amp; nbsp; &amp; nbsp; &amp; nbsp; &amp; nbsp; &amp; nbsp; &amp; nbsp; &amp; nbsp; &amp; nbsp; &amp; nbsp &#8211; 40 mm<\/p>\n<p>\u00dcldk\u00f5rgus sp; &#8211; 23 mm<\/p>\n<p>Sisemine k\u00f5rgus &#8211; 20 mm<\/p>\n<\/div>\n","protected":false},"excerpt":{"rendered":"<p>Mudel 70.828.AI..50 EAN. 5905369919848 Materjal Ketus \u00dcldine k\u00f5rgus (cm) 2,3 \u00dcldine laius (cm) 5,5 V\u00e4rv teras K\u00fc\u00fcnlajalg T-LIGHT See on<\/p>\n","protected":false},"featured_media":79740,"comment_status":"open","ping_status":"closed","template":"","meta":{"_acf_changed":false,"pmpro_default_level":""},"product_brand":[],"product_cat":[24187],"product_tag":[],"class_list":{"0":"post-139752","1":"product","2":"type-product","3":"status-publish","4":"has-post-thumbnail","6":"product_cat-tostetavad-kuunlajalad","7":"pmpro-has-access","9":"first","10":"instock","11":"shipping-taxable","12":"purchasable","13":"product-type-simple"},"acf":[],"yoast_head":"<!-- This site is optimized with the Yoast SEO plugin v24.9 - https:\/\/yoast.com\/wordpress\/plugins\/seo\/ -->\n<title>S\u00fcvistatud malmist k\u00fc\u00fcnlajalg T-LIGHT - MetalTale.com<\/title>\n<meta name=\"robots\" content=\"index, follow, max-snippet:-1, max-image-preview:large, max-video-preview:-1\" \/>\n<link rel=\"canonical\" href=\"https:\/\/metaltale.com\/et\/toode\/suvistatud-malmist-kuunlajalg-t-light\/\" \/>\n<meta property=\"og:locale\" content=\"et_EE\" \/>\n<meta property=\"og:type\" content=\"article\" \/>\n<meta property=\"og:title\" content=\"S\u00fcvistatud malmist k\u00fc\u00fcnlajalg T-LIGHT - MetalTale.com\" \/>\n<meta property=\"og:description\" content=\"Mudel 70.828.AI..50 EAN. 5905369919848 Materjal Ketus \u00dcldine k\u00f5rgus (cm) 2,3 \u00dcldine laius (cm) 5,5 V\u00e4rv teras K\u00fc\u00fcnlajalg T-LIGHT See on\" \/>\n<meta property=\"og:url\" content=\"https:\/\/metaltale.com\/et\/toode\/suvistatud-malmist-kuunlajalg-t-light\/\" \/>\n<meta property=\"og:site_name\" content=\"MetalTale.com\" \/>\n<meta name=\"twitter:card\" content=\"summary_large_image\" \/>\n<meta name=\"twitter:label1\" content=\"Est. reading time\" \/>\n\t<meta name=\"twitter:data1\" content=\"1 minut\" \/>\n<script type=\"application\/ld+json\" class=\"yoast-schema-graph\">{\"@context\":\"https:\/\/schema.org\",\"@graph\":[{\"@type\":\"WebPage\",\"@id\":\"https:\/\/metaltale.com\/et\/toode\/suvistatud-malmist-kuunlajalg-t-light\/\",\"url\":\"https:\/\/metaltale.com\/et\/toode\/suvistatud-malmist-kuunlajalg-t-light\/\",\"name\":\"S\u00fcvistatud malmist k\u00fc\u00fcnlajalg T-LIGHT - MetalTale.com\",\"isPartOf\":{\"@id\":\"https:\/\/metaltale.com\/et\/#website\"},\"primaryImageOfPage\":{\"@id\":\"https:\/\/metaltale.com\/et\/toode\/suvistatud-malmist-kuunlajalg-t-light\/#primaryimage\"},\"image\":{\"@id\":\"https:\/\/metaltale.com\/et\/toode\/suvistatud-malmist-kuunlajalg-t-light\/#primaryimage\"},\"thumbnailUrl\":\"https:\/\/metaltale.com\/wp-content\/uploads\/2023\/10\/Mortise-x17Evakidx117-T-LIGHT.jpg\",\"datePublished\":\"2024-02-13T11:41:39+00:00\",\"breadcrumb\":{\"@id\":\"https:\/\/metaltale.com\/et\/toode\/suvistatud-malmist-kuunlajalg-t-light\/#breadcrumb\"},\"inLanguage\":\"et\",\"potentialAction\":[{\"@type\":\"ReadAction\",\"target\":[\"https:\/\/metaltale.com\/et\/toode\/suvistatud-malmist-kuunlajalg-t-light\/\"]}]},{\"@type\":\"ImageObject\",\"inLanguage\":\"et\",\"@id\":\"https:\/\/metaltale.com\/et\/toode\/suvistatud-malmist-kuunlajalg-t-light\/#primaryimage\",\"url\":\"https:\/\/metaltale.com\/wp-content\/uploads\/2023\/10\/Mortise-x17Evakidx117-T-LIGHT.jpg\",\"contentUrl\":\"https:\/\/metaltale.com\/wp-content\/uploads\/2023\/10\/Mortise-x17Evakidx117-T-LIGHT.jpg\",\"width\":800,\"height\":800},{\"@type\":\"BreadcrumbList\",\"@id\":\"https:\/\/metaltale.com\/et\/toode\/suvistatud-malmist-kuunlajalg-t-light\/#breadcrumb\",\"itemListElement\":[{\"@type\":\"ListItem\",\"position\":1,\"name\":\"Home\",\"item\":\"https:\/\/metaltale.com\/et\/kodu\/\"},{\"@type\":\"ListItem\",\"position\":2,\"name\":\"Kauplus\",\"item\":\"https:\/\/metaltale.com\/et\/shop\/\"},{\"@type\":\"ListItem\",\"position\":3,\"name\":\"S\u00fcvistatud malmist k\u00fc\u00fcnlajalg T-LIGHT\"}]},{\"@type\":\"WebSite\",\"@id\":\"https:\/\/metaltale.com\/et\/#website\",\"url\":\"https:\/\/metaltale.com\/et\/\",\"name\":\"Metaltale.com\",\"description\":\"\",\"potentialAction\":[{\"@type\":\"SearchAction\",\"target\":{\"@type\":\"EntryPoint\",\"urlTemplate\":\"https:\/\/metaltale.com\/et\/?s={search_term_string}\"},\"query-input\":{\"@type\":\"PropertyValueSpecification\",\"valueRequired\":true,\"valueName\":\"search_term_string\"}}],\"inLanguage\":\"et\"}]}<\/script>\n<!-- \/ Yoast SEO plugin. -->","yoast_head_json":{"title":"S\u00fcvistatud malmist k\u00fc\u00fcnlajalg T-LIGHT - MetalTale.com","robots":{"index":"index","follow":"follow","max-snippet":"max-snippet:-1","max-image-preview":"max-image-preview:large","max-video-preview":"max-video-preview:-1"},"canonical":"https:\/\/metaltale.com\/et\/toode\/suvistatud-malmist-kuunlajalg-t-light\/","og_locale":"et_EE","og_type":"article","og_title":"S\u00fcvistatud malmist k\u00fc\u00fcnlajalg T-LIGHT - MetalTale.com","og_description":"Mudel 70.828.AI..50 EAN. 5905369919848 Materjal Ketus \u00dcldine k\u00f5rgus (cm) 2,3 \u00dcldine laius (cm) 5,5 V\u00e4rv teras K\u00fc\u00fcnlajalg T-LIGHT See on","og_url":"https:\/\/metaltale.com\/et\/toode\/suvistatud-malmist-kuunlajalg-t-light\/","og_site_name":"MetalTale.com","twitter_card":"summary_large_image","twitter_misc":{"Est. reading time":"1 minut"},"schema":{"@context":"https:\/\/schema.org","@graph":[{"@type":"WebPage","@id":"https:\/\/metaltale.com\/et\/toode\/suvistatud-malmist-kuunlajalg-t-light\/","url":"https:\/\/metaltale.com\/et\/toode\/suvistatud-malmist-kuunlajalg-t-light\/","name":"S\u00fcvistatud malmist k\u00fc\u00fcnlajalg T-LIGHT - MetalTale.com","isPartOf":{"@id":"https:\/\/metaltale.com\/et\/#website"},"primaryImageOfPage":{"@id":"https:\/\/metaltale.com\/et\/toode\/suvistatud-malmist-kuunlajalg-t-light\/#primaryimage"},"image":{"@id":"https:\/\/metaltale.com\/et\/toode\/suvistatud-malmist-kuunlajalg-t-light\/#primaryimage"},"thumbnailUrl":"https:\/\/metaltale.com\/wp-content\/uploads\/2023\/10\/Mortise-x17Evakidx117-T-LIGHT.jpg","datePublished":"2024-02-13T11:41:39+00:00","breadcrumb":{"@id":"https:\/\/metaltale.com\/et\/toode\/suvistatud-malmist-kuunlajalg-t-light\/#breadcrumb"},"inLanguage":"et","potentialAction":[{"@type":"ReadAction","target":["https:\/\/metaltale.com\/et\/toode\/suvistatud-malmist-kuunlajalg-t-light\/"]}]},{"@type":"ImageObject","inLanguage":"et","@id":"https:\/\/metaltale.com\/et\/toode\/suvistatud-malmist-kuunlajalg-t-light\/#primaryimage","url":"https:\/\/metaltale.com\/wp-content\/uploads\/2023\/10\/Mortise-x17Evakidx117-T-LIGHT.jpg","contentUrl":"https:\/\/metaltale.com\/wp-content\/uploads\/2023\/10\/Mortise-x17Evakidx117-T-LIGHT.jpg","width":800,"height":800},{"@type":"BreadcrumbList","@id":"https:\/\/metaltale.com\/et\/toode\/suvistatud-malmist-kuunlajalg-t-light\/#breadcrumb","itemListElement":[{"@type":"ListItem","position":1,"name":"Home","item":"https:\/\/metaltale.com\/et\/kodu\/"},{"@type":"ListItem","position":2,"name":"Kauplus","item":"https:\/\/metaltale.com\/et\/shop\/"},{"@type":"ListItem","position":3,"name":"S\u00fcvistatud malmist k\u00fc\u00fcnlajalg T-LIGHT"}]},{"@type":"WebSite","@id":"https:\/\/metaltale.com\/et\/#website","url":"https:\/\/metaltale.com\/et\/","name":"Metaltale.com","description":"","potentialAction":[{"@type":"SearchAction","target":{"@type":"EntryPoint","urlTemplate":"https:\/\/metaltale.com\/et\/?s={search_term_string}"},"query-input":{"@type":"PropertyValueSpecification","valueRequired":true,"valueName":"search_term_string"}}],"inLanguage":"et"}]}},"_links":{"self":[{"href":"https:\/\/metaltale.com\/et\/wp-json\/wp\/v2\/product\/139752","targetHints":{"allow":["GET"]}}],"collection":[{"href":"https:\/\/metaltale.com\/et\/wp-json\/wp\/v2\/product"}],"about":[{"href":"https:\/\/metaltale.com\/et\/wp-json\/wp\/v2\/types\/product"}],"replies":[{"embeddable":true,"href":"https:\/\/metaltale.com\/et\/wp-json\/wp\/v2\/comments?post=139752"}],"version-history":[{"count":0,"href":"https:\/\/metaltale.com\/et\/wp-json\/wp\/v2\/product\/139752\/revisions"}],"wp:featuredmedia":[{"embeddable":true,"href":"https:\/\/metaltale.com\/et\/wp-json\/wp\/v2\/media\/79740"}],"wp:attachment":[{"href":"https:\/\/metaltale.com\/et\/wp-json\/wp\/v2\/media?parent=139752"}],"wp:term":[{"taxonomy":"product_brand","embeddable":true,"href":"https:\/\/metaltale.com\/et\/wp-json\/wp\/v2\/product_brand?post=139752"},{"taxonomy":"product_cat","embeddable":true,"href":"https:\/\/metaltale.com\/et\/wp-json\/wp\/v2\/product_cat?post=139752"},{"taxonomy":"product_tag","embeddable":true,"href":"https:\/\/metaltale.com\/et\/wp-json\/wp\/v2\/product_tag?post=139752"}],"curies":[{"name":"wp","href":"https:\/\/api.w.org\/{rel}","templated":true}]}}